{"id":4250,"date":"2016-06-24T13:31:21","date_gmt":"2016-06-24T13:31:21","guid":{"rendered":"https:\/\/slotenmaker-denhaag.nl\/cs\/bedrijfsgegevens\/"},"modified":"2023-01-25T16:01:56","modified_gmt":"2023-01-25T15:01:56","slug":"informace-o-spolecnosti","status":"publish","type":"page","link":"https:\/\/slotenmaker-denhaag.nl\/cs\/informace-o-spolecnosti\/","title":{"rendered":"Informace o spole\u010dnosti | Z\u00e1me\u010dn\u00edk Haag"},"content":{"rendered":"<div class=\"contact_info\">\n<div class=\"contact_info_item icon-zins-telephone\">\n<p><strong>Telefon<\/strong><\/p>\n<div class=\"contact_info_phone\"><a href=\"tel:0652333817\">06 52 333 817<\/a><\/div>\n<\/div>\n<div class=\"contact_info_item icon-mail\">\n<p><strong>E-mail &amp; Webov\u00e9 str\u00e1nky<\/strong><\/p>\n<p><span style=\"color: #ffffff;\"><strong>info@slotenmaker-denhaag.nl<\/strong><br \/>\n<a style=\"color: #ffffff;\" href=\"https:\/\/slotenmaker-denhaag.nl\/\">www.slotenmaker-denhaag.nl<\/a><\/span><\/p>\n<\/div>\n<div class=\"contact_info_item icon-zins-location\"><strong>Adresa kancel\u00e1\u0159e<\/strong><\/p>\n<p>Mient 66<br \/>\n2564KP Den Haag<\/p>\n<\/div>\n<div class=\"contact_info_item\"><strong>Bankovn\u00ed &amp; Da\u0148ov\u00e9 informace<\/strong><\/p>\n<p>Bank: IBAN NL04KNAB0256980381<br \/>\nK.v.k: 65587537<br \/>\nBTW nr: NL002440902B30<\/p>\n<\/div>\n<div class=\"contact_info_item\"><span style=\"color: #ffffff;\"><a style=\"color: #ffffff;\" href=\"https:\/\/slotenmaker-denhaag.nl\/wp-content\/uploads\/Slotenmaker-Den-Haag-SDH.vcf\">St\u00e1hnout vCard a p\u0159idejte se k n\u00e1m ke sv\u00fdm kontakt\u016fm<\/a><\/span><br \/>\n<strong><span style=\"color: #ffffff;\"><a style=\"color: #ffffff;\" href=\"https:\/\/slotenmaker-denhaag.nl\/algemene-voorwaarden\/\">Pravidla &amp; Podm\u00ednky<br \/>\n<\/a><a style=\"color: #ffffff;\" href=\"https:\/\/slotenmaker-denhaag.nl\/contact\/\"><br \/>\nKontaktn\u00ed formul\u00e1\u0159<br \/>\n<\/a><a style=\"color: #ffffff;\" href=\"https:\/\/slotenmaker-denhaag.nl\/opdracht-bevestiging\/\"><br \/>\nObjedn\u00e1vka<\/a><\/span><\/strong><\/p>\n<p><em>Ve\u0161ker\u00e9 informace aktualizovan\u00e1 od 25. kv\u011btna 2016<\/em><\/p>\n<\/div>\n<\/div>\n","protected":false},"excerpt":{"rendered":"<p>Telefon 06 52 333 817 E-mail &amp; Webov\u00e9 str\u00e1nky info@slotenmaker-denhaag.nl www.slotenmaker-denhaag.nl Adresa kancel\u00e1\u0159e Mient 66 2564KP Den Haag Bankovn\u00ed &amp; Da\u0148ov\u00e9 informace Bank: IBAN NL04KNAB0256980381 K.v.k: 65587537 BTW nr: NL002440902B30 St\u00e1hnout vCard a p\u0159idejte se k n\u00e1m ke sv\u00fdm kontakt\u016fm Pravidla &amp; Podm\u00ednky Kontaktn\u00ed formul\u00e1\u0159 Objedn\u00e1vka Ve\u0161ker\u00e9 informace aktualizovan\u00e1 od 25. kv\u011btna 2016<\/p>\n","protected":false},"author":12,"featured_media":0,"parent":0,"menu_order":0,"comment_status":"closed","ping_status":"closed","template":"","meta":{"_acf_changed":false,"om_disable_all_campaigns":false,"footnotes":"","_wordproof_timestamp":false},"class_list":["post-4250","page","type-page","status-publish","hentry"],"acf":[],"_links":{"self":[{"href":"https:\/\/slotenmaker-denhaag.nl\/cs\/wp-json\/wp\/v2\/pages\/4250","targetHints":{"allow":["GET"]}}],"collection":[{"href":"https:\/\/slotenmaker-denhaag.nl\/cs\/wp-json\/wp\/v2\/pages"}],"about":[{"href":"https:\/\/slotenmaker-denhaag.nl\/cs\/wp-json\/wp\/v2\/types\/page"}],"author":[{"embeddable":true,"href":"https:\/\/slotenmaker-denhaag.nl\/cs\/wp-json\/wp\/v2\/users\/12"}],"replies":[{"embeddable":true,"href":"https:\/\/slotenmaker-denhaag.nl\/cs\/wp-json\/wp\/v2\/comments?post=4250"}],"version-history":[{"count":3,"href":"https:\/\/slotenmaker-denhaag.nl\/cs\/wp-json\/wp\/v2\/pages\/4250\/revisions"}],"predecessor-version":[{"id":30296,"href":"https:\/\/slotenmaker-denhaag.nl\/cs\/wp-json\/wp\/v2\/pages\/4250\/revisions\/30296"}],"wp:attachment":[{"href":"https:\/\/slotenmaker-denhaag.nl\/cs\/wp-json\/wp\/v2\/media?parent=4250"}],"curies":[{"name":"wp","href":"https:\/\/api.w.org\/{rel}","templated":true}]}}