{"id":874,"date":"2016-04-19T11:26:42","date_gmt":"2016-04-19T11:26:42","guid":{"rendered":"https:\/\/slotenmaker-denhaag.nl\/cs\/locked-out-burglary-repairs-or-other-security-issues\/"},"modified":"2020-03-29T21:17:10","modified_gmt":"2020-03-29T19:17:10","slug":"jsi-uzamcen-vloupani-opravy-ztracene-klice-zlepsete-svou-zabezpeceni","status":"publish","type":"page","link":"https:\/\/slotenmaker-denhaag.nl\/cs\/","title":{"rendered":"Jsi uzam\u010den? Vloup\u00e1n\u00ed? Opravy? Ztracen\u00e9 kl\u00ed\u010de? Zlep\u0161ete svou zabezpe\u010den\u00ed?"},"content":{"rendered":"<h2><span class=\"ez-toc-section\" id=\"Slotenmaker_Den_Haag_SDH_%E2%80%93_Zamecnik_Haag_Rychleji_nez_kterakoli_jina_sluzba_v_Haagu_Uzamcen_Zadny_problem_Budeme_tam_za_30_minut_%E2%80%A6\"><\/span><span style=\"color: #ff6600;\"><strong>Slotenmaker Den Haag (SDH) &#8211; <em>Z\u00e1me\u010dn\u00edk Haag:<br \/>\nRychleji ne\u017e kter\u00e1koli jin\u00e1 slu\u017eba v Haagu!<br \/>\nUzam\u010den? \u017d\u00e1dn\u00fd probl\u00e9m! Budeme tam za 30 minut &#8230;<br \/>\n<\/em><\/strong><\/span><span class=\"ez-toc-section-end\"><\/span><\/h2>\n<p>Lockout (uzam\u010den\u00ed) a hled\u00e1 spolehliv\u00e9ho Z\u00e1me\u010dn\u00edk v Haagu \/ Den Haag? Na\u0161e d\u00edlna je otev\u0159ena 24 hodin denn\u011b, 7 dn\u00ed v t\u00fddnu (24\/7). Na\u0161e z\u00e1me\u010dnick\u00e1 slu\u017eba je v\u017edy k dispozici pro ka\u017ed\u00fd typ mimo\u0159\u00e1dn\u00e9 ud\u00e1losti:<\/p>\n<ul>\n<li><em>Okam\u017eit\u00e9 otev\u00edr\u00e1n\u00ed byt\u016f a provozoven \u2713<\/em><\/li>\n<li><em>Otev\u00edr\u00e1n\u00ed trezor\u016f \u2713<\/em><\/li>\n<li><em>V\u00fdm\u011bna vlo\u017eek a kov\u00e1n\u00ed v\u0161ech typ\u016f \u2713<\/em><\/li>\n<li><em>P\u0159estavby a sjednocen\u00ed vlo\u017eek \u2713<\/em><\/li>\n<li><em>Opravy po vloup\u00e1n\u00ed \u2713<\/em><\/li>\n<li><em>Nouzov\u00e9 \u010di fin\u00e1ln\u00ed zabezpe\u010den\u00ed objektu \u2713<\/em><\/li>\n<li><em>Osazen\u00ed, oprava, v\u00fdroba m\u0159\u00ed\u017e\u00ed \u2713<\/em><\/li>\n<li><em>Okam\u017eit\u00e9 otev\u00edr\u00e1n\u00ed v\u0161ech typ\u016f vozidel \u2713<\/em><\/li>\n<li><em>Mont\u00e1\u017ee bezpe\u010dnostn\u00edch panc\u00e9\u0159ov\u00fdch dve\u0159\u00ed \u2713<\/em><\/li>\n<li><em>V\u00fdm\u011bny z\u00e1mk\u016f a sp\u00ednac\u00edch sk\u0159\u00edn\u00ed \u2713<\/em><\/li>\n<li><em>V\u00fdm\u011bna vstupn\u00edch dve\u0159\u00ed v\u010detn\u011b z\u00e1mk\u016f \u2713<\/em><\/li>\n<li><em>Oprava vstupn\u00edch dve\u0159\u00ed v\u010detn\u011b z\u00e1mk\u016f \u2713<\/em><\/li>\n<li><em>Dr\u00e1t\u011bn\u00e9 a bezpe\u010dnostn\u00ed sklo v\u010detn\u011b prac\u00ed \u2713<\/em><\/li>\n<li><em>Bezpe\u010dnostn\u00ed n\u00e1t\u011bry jednotliv\u00fdch prvk\u016f a konstrukc\u00ed \u2713<\/em><\/li>\n<li><em>\u0158ez\u00e1n\u00ed plamenem, sv\u00e1\u0159en\u00ed plamenem a obloukem \u2713<\/em><\/li>\n<li><em>A mnoh\u00e9 dal\u0161\u00ed z\u00e1me\u010dnick\u00e9 pr\u00e1ce \u2713<\/em><\/li>\n<\/ul>\n<h3><span class=\"ez-toc-section\" id=\"Uzamcen_Nepropadejte_panice\"><\/span>Uzam\u010den? Nepropadejte panice!<span class=\"ez-toc-section-end\"><\/span><\/h3>\n<p><a href=\"https:\/\/slotenmaker-denhaag.nl\/wp-content\/uploads\/2016\/06\/Buitengesloten-buitensluiting-Slotenmaker-Den-Haag.jpg\"><img decoding=\"async\" class=\"responsive alignleft wp-image-2174 size-medium\" style=\"border: 2px solid #ff5206;\" src=\"https:\/\/slotenmaker-denhaag.nl\/wp-content\/uploads\/2016\/06\/Buitengesloten-buitensluiting-Slotenmaker-Den-Haag-300x245.jpg\" alt=\"Z\u00e1me\u010dn\u00edk haga | Slotenmaker Den Haag\" width=\"300\" height=\"245\" title=\"slotenmaker den haag\" srcset=\"https:\/\/slotenmaker-denhaag.nl\/wp-content\/uploads\/2016\/06\/Buitengesloten-buitensluiting-Slotenmaker-Den-Haag-300x245.jpg 300w, https:\/\/slotenmaker-denhaag.nl\/wp-content\/uploads\/2016\/06\/Buitengesloten-buitensluiting-Slotenmaker-Den-Haag.jpg 490w\" sizes=\"(max-width: 300px) 100vw, 300px\" \/><\/a>U\u017e jste ztratili kl\u00ed\u010de nebo zapomn\u011bl uvnit\u0159? Se dve\u0159e zabouchly na v\u00e1s? Je uzam\u010den\u00ed zlomen\u00e9, zaseknut\u00fd nebo nefunguje spr\u00e1vn\u011b? M\u016f\u017eete se spolehnout na n\u00e1s, aby v\u00e1s rychle a profesion\u00e1ln\u011b pomoci kdykoliv b\u011bhem dne nebo v noci, za ka\u017ed\u00e9ho po\u010das\u00ed, o v\u00edkendech a sv\u00e1tc\u00edch. Na\u0161i technici jsou vysoce kvalifikovan\u00ed a opravdu r\u00e1di svou pr\u00e1ci, a to zejm\u00e9na technickou v\u00fdzvu! Budeme rychle otev\u0159\u00edt jak\u00e9koliv dve\u0159e a \/ nebo vym\u011bnit z\u00e1mky, v\u00e1lc\u016f nebo kl\u00ed\u010de. M\u016f\u017eeme prov\u00e1d\u011bt opravy p\u0159\u00edmo na m\u00edst\u011b a domluvit sch\u016fzky nebo rychle a efektivn\u011b p\u0159ij\u00edmat rozkazy. V\u0161ichni na\u0161i technici mluv\u00ed anglicky. Krom\u011b toho jsme se ujistil, na\u0161i zam\u011bstnanci jsou dob\u0159e \u017eiven\u00e9 a dostatek sp\u00e1nku, tak\u017ee budou ve st\u0159ehu a zam\u011b\u0159il se na pr\u00e1ci!<\/p>\n<h4><span class=\"ez-toc-section\" id=\"Jak_dlouho_bude_trvat_nez_technik_aby_se_dospelo\"><\/span><strong>Jak dlouho bude trvat, ne\u017e technik, aby se dosp\u011blo?<\/strong><span class=\"ez-toc-section-end\"><\/span><\/h4>\n<p><strong>V p\u0159\u00edpad\u011b v\u00fdluky n\u00e1\u0161 technik m\u016f\u017ee dostat k v\u00e1m do 30 minut nebo m\u00e9n\u011b!<\/strong> Pot\u0159ebuj\u00ed, abychom okam\u017eit\u011b p\u0159ij\u00edt? Zavolejte n\u00e1m p\u0159\u00edm\u00fd nebo pou\u017eijte n\u00e1\u0161 kontaktn\u00ed formul\u00e1\u0159. Na\u0161e servisn\u00ed,&nbsp;<em>Z\u00e1me\u010dn\u00edk Haga<\/em>, \u010d\u00edslo je:<\/p>\n<h6><span class=\"ez-toc-section\" id=\"mobilni_06_52_333_817\"><\/span><span style=\"color: #000000;\"><strong>mobiln\u00ed: <\/strong><\/span><span style=\"color: #ff6600;\"><a style=\"color: #ff6600;\" href=\"tel:0652333817\">06 52 333 817<\/a><\/span><span class=\"ez-toc-section-end\"><\/span><\/h6>\n<h6><span class=\"ez-toc-section\" id=\"pevna_linka_070-2603817\"><\/span><span style=\"color: #000000;\"><strong>pevn\u00e1 linka: <\/strong><\/span><span style=\"color: #ff6600;\"><a style=\"color: #ff6600;\" href=\"tel:0702603817\">070-2603817<\/a><\/span><span class=\"ez-toc-section-end\"><\/span><\/h6>\n<h4><span class=\"ez-toc-section\" id=\"Nabizime_rychle_a_spolehlive_sluzby_a_neuctujeme_pro_navstevy\"><\/span>Nab\u00edz\u00edme rychl\u00e9 a spolehliv\u00e9 slu\u017eby a ne\u00fa\u010dtujeme pro n\u00e1v\u0161t\u011bvy!<span class=\"ez-toc-section-end\"><\/span><\/h4>\n<p>Nab\u00edz\u00edme jasn\u00e9, stru\u010dn\u00e9 ceny. \u017d\u00e1dn\u00fd poplatek noci, o v\u00edkendech a sv\u00e1tc\u00edch! M\u016f\u017eete platit v hotovosti nebo pomoc\u00ed kreditn\u00ed karty. <em><span style=\"text-decoration: underline;\">Pokud se na\u0161i technici nepoda\u0159\u00ed otev\u0159\u00edt dve\u0159e nebo opravit z\u00e1mek, budete platit nic!<\/span><\/em><\/p>\n<h4><span class=\"ez-toc-section\" id=\"Zamecnik_Hag_5_roku_100_zaruka_na_vsechny_produkty_a_sluzby\"><\/span><strong>Z\u00e1me\u010dn\u00edk Hag: 5 rok\u016f, 100% z\u00e1ruka na v\u0161echny produkty a slu\u017eby<\/strong><span class=\"ez-toc-section-end\"><\/span><\/h4>\n<p>Na\u0161i technici jsou certifikov\u00e1ny profesion\u00e1ln\u00ed z\u00e1me\u010dn\u00edky. Budou odborn\u011b otev\u0159\u00edt v\u0161echny dve\u0159e bez zbyte\u010dn\u00e9ho po\u0161kozen\u00ed. * Standardn\u00ed otev\u00edr\u00e1n\u00ed dve\u0159\u00ed (bez po\u0161kozen\u00ed a bez v\u00fdm\u011bny nebo opravy) bude st\u00e1t kolem \u20ac85,- v\u010detn\u011b DPH. Kdy\u017e ud\u011bl\u00e1te sch\u016fzku, pros\u00edm, v\u017edy po\u017e\u00e1dat o odhad, aby nedo\u0161lo k p\u0159ekvapen\u00ed! <strong>Slotenmaker Den Haag (SDH)<\/strong> je v\u0161estrann\u00fd z\u00e1me\u010dnick\u00e9 firmy a d\u011bl\u00e1me v\u00edce ne\u017e jen otev\u0159\u00edt dve\u0159e a nahradit v\u00e1lce. M\u016f\u017eeme tak\u00e9 um\u00edstit nov\u00e9 z\u00e1mky a v\u00e1lce, ty\u010de na oknech, navrhnout \u0159adu bezpe\u010dnostn\u00edch opat\u0159en\u00ed a postavit jim sami, nepr\u016fst\u0159eln\u00e9 dve\u0159e a prov\u00e1d\u011bt v\u0161echny druhy bezpe\u010dnostn\u00edch opat\u0159en\u00ed, kter\u00e1 v\u00fdrazn\u011b zlep\u0161\u00ed va\u0161i bezpe\u010dnost.<\/p>\n<h4><span class=\"ez-toc-section\" id=\"Zeptejte_se_o_odhad_nebo_domluvit_schuzku_06_52_333_817\"><\/span><strong>Zeptejte se o odhad, nebo domluvit sch\u016fzku: <a href=\"tel: 0652333817\">06 52 333 817<\/a><\/strong><span class=\"ez-toc-section-end\"><\/span><\/h4>\n<p>Vzhledem k rostouc\u00edmu po\u010dtu kr\u00e1de\u017e\u00ed vloup\u00e1n\u00edm, break-ins, loupe\u017ee a zlo\u010diny v Haagu dost\u00e1v\u00e1me spoustu ot\u00e1zek o prevenci a bezpe\u010dnost. Jste si v\u011bdom toho, \u017ee uveden\u00ed nov\u00e9 bezpe\u010dnostn\u00ed z\u00e1mky a v\u00e1lce s SKG *** certifik\u00e1t m\u016f\u017ee v\u00fdrazn\u011b sn\u00ed\u017eit pravd\u011bpodobnost vloup\u00e1n\u00ed t\u00e9m\u011b\u0159 o 90%? <strong>Slotenmaker Den Haag (SDH)<\/strong> m\u016f\u017ee poskytovat \u0161irokou \u0161k\u00e1lu z\u00e1mk\u016f a v\u00e1lc\u016f s SKG *** bezpe\u010dnostn\u00edho certifik\u00e1tu. V\u00edme, jak, aby se ve\u0161ly tyto materi\u00e1ly profesion\u00e1ln\u011b, tak\u017ee vy a va\u0161e cennosti jsou v bezpe\u010d\u00ed. Chcete v\u011bd\u011bt, jak zv\u00fd\u0161it bezpe\u010dnost va\u0161eho domova \u010di kancel\u00e1\u0159e? Pod\u00edvejte se na na\u0161e str\u00e1nky o opat\u0159en\u00ed, si m\u016f\u017eete vz\u00edt na prevenci nebo minimalizaci rizik. Cht\u011bli byste v\u011bd\u011bt, jak\u00e9 jsou mo\u017enosti ve va\u0161\u00ed situaci? Dotaz na zcela voln\u00e9ho hodnocen\u00ed va\u0161\u00ed nemovitosti:<\/p>\n<ul>\n<li><em>Slotenmaker Den Haag \/ Z\u00e1me\u010dn\u00edk Haga<\/em><\/li>\n<li><em>Otev\u0159eno 7 dn\u00ed v t\u00fddnu, 24\/7<\/em><\/li>\n<li><em>Nejrychlej\u0161\u00ed servis v p\u0159\u00edpad\u011b v\u00fdluky!<\/em><\/li>\n<li><em>Nepropadejte panice! Budeme s v\u00e1mi b\u011bhem 30 minut!<\/em><\/li>\n<li><em>Po\u0161lete n\u00e1m (text) zpr\u00e1vu: <a href=\"tel:0652333817\">06 52 333 817<\/a><\/em><\/li>\n<li><em>Obra\u0165te se na n\u00e1s p\u0159\u00edmo: <a href=\"tel:0652333817\">06 52 333 817<\/a><\/em><\/li>\n<li><em>Kontaktujte n\u00e1s pomoc\u00ed <span style=\"color: #99cc00;\">WhatsApp &#8230;<\/span><\/em><\/li>\n<li><em>Pou\u017eijte n\u00e1\u0161 kontaktn\u00ed formul\u00e1\u0159 pro odesl\u00e1n\u00ed fotografi\u00ed nebo domluvit sch\u016fzku<\/em><\/li>\n<\/ul>\n<p>&nbsp;<\/p>\n<div id=\"ez-toc-container\" class=\"ez-toc-v2_0_76 counter-hierarchy ez-toc-counter ez-toc-grey ez-toc-container-direction\">\n<div class=\"ez-toc-title-container\">\n<p class=\"ez-toc-title\" style=\"cursor:inherit\">Inhoudsopgave<\/p>\n<span class=\"ez-toc-title-toggle\"><a href=\"#\" class=\"ez-toc-pull-right ez-toc-btn ez-toc-btn-xs ez-toc-btn-default ez-toc-toggle\" aria-label=\"Toggle Table of Content\"><span class=\"ez-toc-js-icon-con\"><span class=\"\"><span class=\"eztoc-hide\" style=\"display:none;\">Toggle<\/span><span class=\"ez-toc-icon-toggle-span\"><svg style=\"fill: #999;color:#999\" xmlns=\"http:\/\/www.w3.org\/2000\/svg\" class=\"list-377408\" width=\"20px\" height=\"20px\" viewBox=\"0 0 24 24\" fill=\"none\"><path d=\"M6 6H4v2h2V6zm14 0H8v2h12V6zM4 11h2v2H4v-2zm16 0H8v2h12v-2zM4 16h2v2H4v-2zm16 0H8v2h12v-2z\" fill=\"currentColor\"><\/path><\/svg><svg style=\"fill: #999;color:#999\" class=\"arrow-unsorted-368013\" xmlns=\"http:\/\/www.w3.org\/2000\/svg\" width=\"10px\" height=\"10px\" viewBox=\"0 0 24 24\" version=\"1.2\" baseProfile=\"tiny\"><path d=\"M18.2 9.3l-6.2-6.3-6.2 6.3c-.2.2-.3.4-.3.7s.1.5.3.7c.2.2.4.3.7.3h11c.3 0 .5-.1.7-.3.2-.2.3-.5.3-.7s-.1-.5-.3-.7zM5.8 14.7l6.2 6.3 6.2-6.3c.2-.2.3-.5.3-.7s-.1-.5-.3-.7c-.2-.2-.4-.3-.7-.3h-11c-.3 0-.5.1-.7.3-.2.2-.3.5-.3.7s.1.5.3.7z\"\/><\/svg><\/span><\/span><\/span><\/a><\/span><\/div>\n<nav><ul class='ez-toc-list ez-toc-list-level-1 eztoc-toggle-hide-by-default' ><li class='ez-toc-page-1 ez-toc-heading-level-2'><a class=\"ez-toc-link ez-toc-heading-1\" href=\"https:\/\/slotenmaker-denhaag.nl\/cs\/#Slotenmaker_Den_Haag_SDH_%E2%80%93_Zamecnik_Haag_Rychleji_nez_kterakoli_jina_sluzba_v_Haagu_Uzamcen_Zadny_problem_Budeme_tam_za_30_minut_%E2%80%A6\" >Slotenmaker Den Haag (SDH) &#8211; Z\u00e1me\u010dn\u00edk Haag: \nRychleji ne\u017e kter\u00e1koli jin\u00e1 slu\u017eba v Haagu! \nUzam\u010den? \u017d\u00e1dn\u00fd probl\u00e9m! Budeme tam za 30 minut &#8230;<\/a><ul class='ez-toc-list-level-3' ><li class='ez-toc-heading-level-3'><a class=\"ez-toc-link ez-toc-heading-2\" href=\"https:\/\/slotenmaker-denhaag.nl\/cs\/#Uzamcen_Nepropadejte_panice\" >Uzam\u010den? Nepropadejte panice!<\/a><ul class='ez-toc-list-level-4' ><li class='ez-toc-heading-level-4'><a class=\"ez-toc-link ez-toc-heading-3\" href=\"https:\/\/slotenmaker-denhaag.nl\/cs\/#Jak_dlouho_bude_trvat_nez_technik_aby_se_dospelo\" >Jak dlouho bude trvat, ne\u017e technik, aby se dosp\u011blo?<\/a><ul class='ez-toc-list-level-6' ><li class='ez-toc-heading-level-6'><ul class='ez-toc-list-level-6' ><li class='ez-toc-heading-level-6'><a class=\"ez-toc-link ez-toc-heading-4\" href=\"https:\/\/slotenmaker-denhaag.nl\/cs\/#mobilni_06_52_333_817\" >mobiln\u00ed: 06 52 333 817<\/a><\/li><li class='ez-toc-page-1 ez-toc-heading-level-6'><a class=\"ez-toc-link ez-toc-heading-5\" href=\"https:\/\/slotenmaker-denhaag.nl\/cs\/#pevna_linka_070-2603817\" >pevn\u00e1 linka: 070-2603817<\/a><\/li><\/ul><\/li><\/ul><\/li><li class='ez-toc-page-1 ez-toc-heading-level-4'><a class=\"ez-toc-link ez-toc-heading-6\" href=\"https:\/\/slotenmaker-denhaag.nl\/cs\/#Nabizime_rychle_a_spolehlive_sluzby_a_neuctujeme_pro_navstevy\" >Nab\u00edz\u00edme rychl\u00e9 a spolehliv\u00e9 slu\u017eby a ne\u00fa\u010dtujeme pro n\u00e1v\u0161t\u011bvy!<\/a><\/li><li class='ez-toc-page-1 ez-toc-heading-level-4'><a class=\"ez-toc-link ez-toc-heading-7\" href=\"https:\/\/slotenmaker-denhaag.nl\/cs\/#Zamecnik_Hag_5_roku_100_zaruka_na_vsechny_produkty_a_sluzby\" >Z\u00e1me\u010dn\u00edk Hag: 5 rok\u016f, 100% z\u00e1ruka na v\u0161echny produkty a slu\u017eby<\/a><\/li><li class='ez-toc-page-1 ez-toc-heading-level-4'><a class=\"ez-toc-link ez-toc-heading-8\" href=\"https:\/\/slotenmaker-denhaag.nl\/cs\/#Zeptejte_se_o_odhad_nebo_domluvit_schuzku_06_52_333_817\" >Zeptejte se o odhad, nebo domluvit sch\u016fzku: 06 52 333 817<\/a><\/li><\/ul><\/li><\/ul><\/li><\/ul><\/nav><\/div>\n","protected":false},"excerpt":{"rendered":"<p>Slotenmaker Den Haag (SDH) &#8211; Z\u00e1me\u010dn\u00edk Haag: Rychleji ne\u017e kter\u00e1koli jin\u00e1 slu\u017eba v Haagu! Uzam\u010den? \u017d\u00e1dn\u00fd probl\u00e9m! Budeme tam za 30 minut &#8230; Lockout (uzam\u010den\u00ed) a hled\u00e1 spolehliv\u00e9ho Z\u00e1me\u010dn\u00edk v Haagu \/ Den Haag? Na\u0161e d\u00edlna je otev\u0159ena 24 hodin denn\u011b, 7 dn\u00ed v t\u00fddnu (24\/7). Na\u0161e z\u00e1me\u010dnick\u00e1 slu\u017eba je v\u017edy k dispozici pro ka\u017ed\u00fd [&hellip;]<\/p>\n","protected":false},"author":12,"featured_media":0,"parent":0,"menu_order":1,"comment_status":"closed","ping_status":"closed","template":"","meta":{"_acf_changed":false,"om_disable_all_campaigns":false,"footnotes":"","_wordproof_timestamp":false},"class_list":["post-874","page","type-page","status-publish","hentry"],"acf":[],"_links":{"self":[{"href":"https:\/\/slotenmaker-denhaag.nl\/cs\/wp-json\/wp\/v2\/pages\/874","targetHints":{"allow":["GET"]}}],"collection":[{"href":"https:\/\/slotenmaker-denhaag.nl\/cs\/wp-json\/wp\/v2\/pages"}],"about":[{"href":"https:\/\/slotenmaker-denhaag.nl\/cs\/wp-json\/wp\/v2\/types\/page"}],"author":[{"embeddable":true,"href":"https:\/\/slotenmaker-denhaag.nl\/cs\/wp-json\/wp\/v2\/users\/12"}],"replies":[{"embeddable":true,"href":"https:\/\/slotenmaker-denhaag.nl\/cs\/wp-json\/wp\/v2\/comments?post=874"}],"version-history":[{"count":0,"href":"https:\/\/slotenmaker-denhaag.nl\/cs\/wp-json\/wp\/v2\/pages\/874\/revisions"}],"wp:attachment":[{"href":"https:\/\/slotenmaker-denhaag.nl\/cs\/wp-json\/wp\/v2\/media?parent=874"}],"curies":[{"name":"wp","href":"https:\/\/api.w.org\/{rel}","templated":true}]}}