{"id":4395,"date":"2016-04-19T12:31:19","date_gmt":"2016-04-19T12:31:19","guid":{"rendered":"https:\/\/slotenmaker-denhaag.nl\/de\/buitengesloten-buitensluiting\/"},"modified":"2025-04-04T09:22:15","modified_gmt":"2025-04-04T07:22:15","slug":"schluesselnotdienst-zugefallene-tur","status":"publish","type":"page","link":"https:\/\/slotenmaker-denhaag.nl\/de\/schluesselnotdienst-zugefallene-tur\/","title":{"rendered":"Schl\u00fcsselnotdienst | Zugefallene T\u00fcr ?"},"content":{"rendered":"<h2><span class=\"ez-toc-section\" id=\"Zugefallene_Tuer_Sperre_kaputt_oder_blockiert_Schluessel_verloren\"><\/span>Zugefallene T\u00fcr? Sperre kaputt oder blockiert? Schl\u00fcssel verloren?<span class=\"ez-toc-section-end\"><\/span><\/h2>\n<p style=\"text-align: left;\">Eine zugefallene T\u00fcr ist meist nicht geplant. Es passiert in den meisten F\u00e4llen genau dann, wenn man sowieso schon in Eile ist. Da ist dann Schnelligkeit. Als ortsans\u00e4ssiger Schl\u00fcsseldienst Den Haag (Slotenmaker Den Haag SDH) sind wir da gegen\u00fcber den \u00fcberregionalen Zentralen klar im Vorteil. Wir sind bereits vor Ort und kommen so schneller zum Einsatzort. Im Normalfall sind wir bereits 15-30 Minuten nach Ihrem Anruf bei Ihnen.<\/p>\n<h3><span class=\"ez-toc-section\" id=\"Wie_lange_wird_es_dauern_bis_der_Techniker_ankommt\"><\/span><strong>Wie lange wird es dauern, bis der Techniker ankommt?<\/strong><span class=\"ez-toc-section-end\"><\/span><\/h3>\n<p><a href=\"https:\/\/slotenmaker-denhaag.nl\/wp-content\/uploads\/2016\/04\/Slotenmaker-Den-Haag.jpg\"><img decoding=\"async\" class=\"responsive alignleft wp-image-3202 size-medium\" style=\"border: 2px solid #ff5206;\" src=\"https:\/\/slotenmaker-denhaag.nl\/wp-content\/uploads\/2016\/04\/Slotenmaker-Den-Haag-300x297.jpg\" alt=\"Schl\u00fcsselnotdienst | Zugefallene T\u00fcr | Slotenmaker Den Haag SDH | tel:0652333817\" width=\"300\" height=\"297\" title=\"slotenmaker den haag\" srcset=\"https:\/\/slotenmaker-denhaag.nl\/wp-content\/uploads\/2016\/04\/Slotenmaker-Den-Haag-300x297.jpg 300w, https:\/\/slotenmaker-denhaag.nl\/wp-content\/uploads\/2016\/04\/Slotenmaker-Den-Haag-150x150.jpg 150w, https:\/\/slotenmaker-denhaag.nl\/wp-content\/uploads\/2016\/04\/Slotenmaker-Den-Haag.jpg 486w\" sizes=\"(max-width: 300px) 100vw, 300px\" \/><\/a>Als lokaler Schlossnotdienst in Den Haag wollen wir uns vor allem eines: <em>Uns von den ber\u00fcchtigten schwarzen Schafen unter den T\u00fcrnotdiensten abgrenzen.<\/em> Wir verstehen uns in erster Linie als Helfer in der Not und halten nichts davon, die Notlage unserer Kunden auszunutzen. Deshalb setzen wir als Schl\u00fcsseldienst konsequent auf Festpreise, die offen und bereits im Voraus kommuniziert werden. <span id=\"result_box\" class=\"short_text\" lang=\"de\" tabindex=\"-1\">Mit anderen Worten<\/span>, keine versteckten Kosten oder Lockvogelpreise. Auch keine komplizierten Abrechnungssysteme.<\/p>\n<h4><span class=\"ez-toc-section\" id=\"Wir_reagieren_schneller_auf_Notfaelle\"><\/span>Wir reagieren schneller auf Notf\u00e4lle!<span class=\"ez-toc-section-end\"><\/span><\/h4>\n<p>Im Gegensatz zu den \u00fcberregionalen Firmen sparen wir uns teure Kosten f\u00fcr Callcenter und Werbung in den Branchenb\u00fcchern. Wir halten daf\u00fcr lieber unsere T\u00fcr\u00f6ffnungspreise fair und g\u00fcnstig. Au\u00dferdem k\u00f6nnen wir Dank unserer Pr\u00e4senz in der Hauptstadt schneller auf Notf\u00e4lle reagieren. Sie werden direkt zum diensthabenden Monteur durchgestelt. Dieser kann Ihnen bereits am Telefon sagen, wielange er zum Einsatzort brauchen wird bzw. wo in Den haag er gerade unterwegs ist. Im Gegensatz zu Callcenterangaben bekommen Sie so verl\u00e4ssliche Informationen \u00fcber die vorraussichtliche Wartezeit.<\/p>\n<h4><span class=\"ez-toc-section\" id=\"Schlosser_Den_Haag_direkt_anrufen\"><\/span><strong>Schlosser Den Haag direkt anrufen: <\/strong><span class=\"ez-toc-section-end\"><\/span><\/h4>\n<h6><span class=\"ez-toc-section\" id=\"Handi_06_52_333_817\"><\/span><strong>Handi: <a href=\"tel:0652333817\">06 52 333 817<\/a><\/strong><span class=\"ez-toc-section-end\"><\/span><\/h6>\n<h6><span class=\"ez-toc-section\" id=\"Festnetz_070-3450273\"><\/span>Festnetz: <a href=\"tel: 0703450273\">070-3450273<\/a><span class=\"ez-toc-section-end\"><\/span><\/h6>\n<p><strong> Slotenmaker Den Haag SDH<\/strong> ist der einzige lokale Schlosserdienst, der unter diesem Namen registriert ist. <a title=\"Kamer van Koophandel registratie Slotenmaker Den Haag\" href=\"https:\/\/www.kvk.nl\/bestellen\/#\/65587537000034298509?origin=search\" target=\"_blank\" rel=\"noopener\">Folgen Sie einfach diesem Link!<\/a> Alle unsere Mitarbeiter sind aus Den Haag. Das ist, warum sie Sie schnell erreichen k\u00f6nnen im Falle eines Notfalls. Und warum wir nie im Verkehr gefangen sind und immer p\u00fcnktlich &#8230;<\/p>\n<h4><span class=\"ez-toc-section\" id=\"Innerhalb_von_30_minuten_bei_Ihnen\"><\/span><strong>Innerhalb von 30 minuten bei Ihnen!<br \/>\n<\/strong><span class=\"ez-toc-section-end\"><\/span><\/h4>\n<p>Unsere Techniker benutzen Motorr\u00e4der. Das ist, warum wir zu Ihnen fr\u00fcher als unsere Konkurrenten erhalten. Eine Kombination von cleverer Planung und Technologie erm\u00f6glicht es uns, Service schnell und effizient, wo immer Sie sind, und was auch immer die Situation.<\/p>\n<p>Unsere Werkstatt im Zentrum von Den Haag ist immer ge\u00f6ffnet. Wir bieten 24\/7 Hilfe f\u00fcr alle Arten von Notf\u00e4llen.<\/p>\n<p>Wir unterst\u00fctzen Polizei und Feuerwehr und beraten Botschaften und internationale Organisationen einschlie\u00dflich des Internationalen Strafgerichtshofs.<\/p>\n<p><strong>Reduzierte preise f\u00fcr \u00d6ffnung unverschlossener T\u00fcren und ersatz zylindern<br \/>\n<\/strong><\/p>\n<div class=\"tg-wrap\">\n<table width=\"100%\">\n<tbody>\n<tr>\n<th style=\"text-align: left;\">\u00d6ffnung unverschlossener T\u00fcr<br \/>\nSchl\u00fcssel im Schloss abgebrochen<br \/>\nErsatzzylinder SKG**<br \/>\nFals Stornierung*<\/th>\n<th style=\"text-align: left;\">\u20ac 85,-<br \/>\n\u20ac 65,-<br \/>\n\u20ac 35,-<br \/>\n75%<\/th>\n<\/tr>\n<\/tbody>\n<\/table>\n<\/div>\n<p><em>*Fals Sie einen Termin nicht 30 Minuten vor Anreise stornieren, kann der Techniker bis 75% der Standardgeb\u00fchr berechnen! Fragen Sie bitte einen Kostenvoranschlag bevor Sie einen Termin vereinbaren!<\/em><\/p>\n<p><a href=\"https:\/\/slotenmaker-denhaag.nl\/de\/preise\/\">Besuchen Sie unsere Preis-Seite f\u00fcr weitere Informationen<\/a><\/p>\n<p><strong>Schl\u00fcsselw\u00f6rter: <\/strong>T\u00fcrnotdienst, Schl\u00fcsselnotdienst, Schlosser Den Haag, Zugefallene T\u00fcr, Sperre kaputt, Sperre blockiert, Schl\u00fcssel verloren, Zylinder wechseln, Ersatz zylinder<\/p>\n<div id=\"ez-toc-container\" class=\"ez-toc-v2_0_76 counter-hierarchy ez-toc-counter ez-toc-grey ez-toc-container-direction\">\n<div class=\"ez-toc-title-container\">\n<p class=\"ez-toc-title\" style=\"cursor:inherit\">Inhoudsopgave<\/p>\n<span class=\"ez-toc-title-toggle\"><a href=\"#\" class=\"ez-toc-pull-right ez-toc-btn ez-toc-btn-xs ez-toc-btn-default ez-toc-toggle\" aria-label=\"Toggle Table of Content\"><span class=\"ez-toc-js-icon-con\"><span class=\"\"><span class=\"eztoc-hide\" style=\"display:none;\">Toggle<\/span><span class=\"ez-toc-icon-toggle-span\"><svg style=\"fill: #999;color:#999\" xmlns=\"http:\/\/www.w3.org\/2000\/svg\" class=\"list-377408\" width=\"20px\" height=\"20px\" viewBox=\"0 0 24 24\" fill=\"none\"><path d=\"M6 6H4v2h2V6zm14 0H8v2h12V6zM4 11h2v2H4v-2zm16 0H8v2h12v-2zM4 16h2v2H4v-2zm16 0H8v2h12v-2z\" fill=\"currentColor\"><\/path><\/svg><svg style=\"fill: #999;color:#999\" class=\"arrow-unsorted-368013\" xmlns=\"http:\/\/www.w3.org\/2000\/svg\" width=\"10px\" height=\"10px\" viewBox=\"0 0 24 24\" version=\"1.2\" baseProfile=\"tiny\"><path d=\"M18.2 9.3l-6.2-6.3-6.2 6.3c-.2.2-.3.4-.3.7s.1.5.3.7c.2.2.4.3.7.3h11c.3 0 .5-.1.7-.3.2-.2.3-.5.3-.7s-.1-.5-.3-.7zM5.8 14.7l6.2 6.3 6.2-6.3c.2-.2.3-.5.3-.7s-.1-.5-.3-.7c-.2-.2-.4-.3-.7-.3h-11c-.3 0-.5.1-.7.3-.2.2-.3.5-.3.7s.1.5.3.7z\"\/><\/svg><\/span><\/span><\/span><\/a><\/span><\/div>\n<nav><ul class='ez-toc-list ez-toc-list-level-1 eztoc-toggle-hide-by-default' ><li class='ez-toc-page-1 ez-toc-heading-level-2'><a class=\"ez-toc-link ez-toc-heading-1\" href=\"https:\/\/slotenmaker-denhaag.nl\/de\/schluesselnotdienst-zugefallene-tur\/#Zugefallene_Tuer_Sperre_kaputt_oder_blockiert_Schluessel_verloren\" >Zugefallene T\u00fcr? Sperre kaputt oder blockiert? Schl\u00fcssel verloren?<\/a><ul class='ez-toc-list-level-3' ><li class='ez-toc-heading-level-3'><a class=\"ez-toc-link ez-toc-heading-2\" href=\"https:\/\/slotenmaker-denhaag.nl\/de\/schluesselnotdienst-zugefallene-tur\/#Wie_lange_wird_es_dauern_bis_der_Techniker_ankommt\" >Wie lange wird es dauern, bis der Techniker ankommt?<\/a><ul class='ez-toc-list-level-4' ><li class='ez-toc-heading-level-4'><a class=\"ez-toc-link ez-toc-heading-3\" href=\"https:\/\/slotenmaker-denhaag.nl\/de\/schluesselnotdienst-zugefallene-tur\/#Wir_reagieren_schneller_auf_Notfaelle\" >Wir reagieren schneller auf Notf\u00e4lle!<\/a><\/li><li class='ez-toc-page-1 ez-toc-heading-level-4'><a class=\"ez-toc-link ez-toc-heading-4\" href=\"https:\/\/slotenmaker-denhaag.nl\/de\/schluesselnotdienst-zugefallene-tur\/#Schlosser_Den_Haag_direkt_anrufen\" >Schlosser Den Haag direkt anrufen:<\/a><ul class='ez-toc-list-level-6' ><li class='ez-toc-heading-level-6'><ul class='ez-toc-list-level-6' ><li class='ez-toc-heading-level-6'><a class=\"ez-toc-link ez-toc-heading-5\" href=\"https:\/\/slotenmaker-denhaag.nl\/de\/schluesselnotdienst-zugefallene-tur\/#Handi_06_52_333_817\" >Handi: 06 52 333 817<\/a><\/li><li class='ez-toc-page-1 ez-toc-heading-level-6'><a class=\"ez-toc-link ez-toc-heading-6\" href=\"https:\/\/slotenmaker-denhaag.nl\/de\/schluesselnotdienst-zugefallene-tur\/#Festnetz_070-3450273\" >Festnetz: 070-3450273<\/a><\/li><\/ul><\/li><\/ul><\/li><li class='ez-toc-page-1 ez-toc-heading-level-4'><a class=\"ez-toc-link ez-toc-heading-7\" href=\"https:\/\/slotenmaker-denhaag.nl\/de\/schluesselnotdienst-zugefallene-tur\/#Innerhalb_von_30_minuten_bei_Ihnen\" >Innerhalb von 30 minuten bei Ihnen!<\/a><\/li><\/ul><\/li><\/ul><\/li><\/ul><\/nav><\/div>\n","protected":false},"excerpt":{"rendered":"<p>Zugefallene T\u00fcr? Sperre kaputt oder blockiert? Schl\u00fcssel verloren? Eine zugefallene T\u00fcr ist meist nicht geplant. Es passiert in den meisten F\u00e4llen genau dann, wenn man sowieso schon in Eile ist. Da ist dann Schnelligkeit. Als ortsans\u00e4ssiger Schl\u00fcsseldienst Den Haag (Slotenmaker Den Haag SDH) sind wir da gegen\u00fcber den \u00fcberregionalen Zentralen klar im Vorteil. Wir sind [&hellip;]<\/p>\n","protected":false},"author":12,"featured_media":0,"parent":0,"menu_order":0,"comment_status":"closed","ping_status":"closed","template":"","meta":{"_acf_changed":false,"om_disable_all_campaigns":false,"footnotes":"","_wordproof_timestamp":false},"class_list":["post-4395","page","type-page","status-publish","hentry"],"acf":[],"_links":{"self":[{"href":"https:\/\/slotenmaker-denhaag.nl\/de\/wp-json\/wp\/v2\/pages\/4395","targetHints":{"allow":["GET"]}}],"collection":[{"href":"https:\/\/slotenmaker-denhaag.nl\/de\/wp-json\/wp\/v2\/pages"}],"about":[{"href":"https:\/\/slotenmaker-denhaag.nl\/de\/wp-json\/wp\/v2\/types\/page"}],"author":[{"embeddable":true,"href":"https:\/\/slotenmaker-denhaag.nl\/de\/wp-json\/wp\/v2\/users\/12"}],"replies":[{"embeddable":true,"href":"https:\/\/slotenmaker-denhaag.nl\/de\/wp-json\/wp\/v2\/comments?post=4395"}],"version-history":[{"count":1,"href":"https:\/\/slotenmaker-denhaag.nl\/de\/wp-json\/wp\/v2\/pages\/4395\/revisions"}],"predecessor-version":[{"id":31254,"href":"https:\/\/slotenmaker-denhaag.nl\/de\/wp-json\/wp\/v2\/pages\/4395\/revisions\/31254"}],"wp:attachment":[{"href":"https:\/\/slotenmaker-denhaag.nl\/de\/wp-json\/wp\/v2\/media?parent=4395"}],"curies":[{"name":"wp","href":"https:\/\/api.w.org\/{rel}","templated":true}]}}