{"id":5308,"date":"2016-11-04T09:05:02","date_gmt":"2016-11-04T09:05:02","guid":{"rendered":"https:\/\/slotenmaker-denhaag.nl\/de\/?page_id=5308"},"modified":"2017-04-14T12:18:17","modified_gmt":"2017-04-14T12:18:17","slug":"bewertungen","status":"publish","type":"page","link":"https:\/\/slotenmaker-denhaag.nl\/de\/bewertungen\/","title":{"rendered":"Bewertungen | Google+"},"content":{"rendered":"<h2><span class=\"ez-toc-section\" id=\"Ihre_Bewertung_fuer_Slotenmaker_Den_Haag_SDH_Schlosser_Den_Haag_auf_Google\"><\/span>Ihre Bewertung f\u00fcr Slotenmaker Den Haag SDH (Schlosser Den Haag) auf Google+<span class=\"ez-toc-section-end\"><\/span><\/h2>\n<p>Kleine lokale Unternehmen k\u00f6nnen von guten Bewertungen auf Google+ profitieren.<\/p>\n<h3><span class=\"ez-toc-section\" id=\"Einige_Vorteile_von_guten_Bewertungen\"><\/span><strong>Einige Vorteile von guten Bewertungen:<\/strong><span class=\"ez-toc-section-end\"><\/span><\/h3>\n<ul>\n<li><em>Verbesserte Sichtbarkeit auf Suchmaschinen wie Google und Yahoo<\/em><\/li>\n<li><em>\u00d6ffentlichkeit \u00fcber unsere Leistungen informiert<\/em><\/li>\n<li><em>Kunden eine Vorstellung davon, ob sie professionell behandelt werden<\/em><\/li>\n<li><em>Sie k\u00f6nnen sehen, ob Unternehmen ihr Wort ehren<\/em><\/li>\n<li><em>Ob Garantien vorgesehen sind<\/em><\/li>\n<li><em>Ob Techniker rechtzeitig ankommen (innerhalb von 30 Minuten)<\/em><\/li>\n<li><em>Ob hochwertige Materialien verwendet werden<\/em><\/li>\n<li><em>Ob die Preise angemessen sind<\/em><\/li>\n<\/ul>\n<p>Kurz gesagt, Ihre \u00dcberpr\u00fcfung auf <strong>Google+<\/strong> kann einen gro\u00dfen Unterschied machen. Verwenden Sie den unten stehenden Link, um uns eine Bewertung zu schreiben.<br \/>\n<strong>Achtung:<\/strong> <em>M\u00f6glicherweise m\u00fcssen Sie sich zuerst bei Ihrem Google-Konto anmelden!<\/em><\/p>\n<p><a href=\"https:\/\/www.google.nl\/search?q=Slotenmaker+Den+Haag&amp;ludocid=18317472283228005463&amp;gws_rd=cr&amp;ei=MILvWNfoA8m-aJSgjpAK\" target=\"_blank\" rel=\"noopener\"><img decoding=\"async\" class=\"alignleft wp-image-5361 size-full\" src=\"https:\/\/slotenmaker-denhaag.nl\/wp-content\/uploads\/Rezension_03.jpg\" alt=\"Sclosser Den Haag Slotenmaker Den Haag Bewertungen auf Google+\" width=\"30%\" title=\"slotenmaker den haag\"><\/a><br \/>\n&nbsp;<\/p>\n<div class=\"google-maps\"><iframe style=\"border: 0;\" src=\"https:\/\/www.google.com\/maps\/embed?pb=!1m18!1m12!1m3!1d2907.9025009626635!2d2!3d3!2m3!1f0!2f0!3f0!3m2!1i1024!2i768!4f13.1!3m3!1m2!1s0x0%3A0xfe34bbfdd0de6457!2z0J_QmNCm0JjQmtCQ0KLQng!5e0!3m2!1sbg!2sus!4v1448115192914\" width=\"600\" height=\"450\" frameborder=\"0\" allowfullscreen=\"allowfullscreen\"><\/iframe><\/div>\n<p>&nbsp;<\/p>\n<div id=\"ez-toc-container\" class=\"ez-toc-v2_0_76 counter-hierarchy ez-toc-counter ez-toc-grey ez-toc-container-direction\">\n<div class=\"ez-toc-title-container\">\n<p class=\"ez-toc-title\" style=\"cursor:inherit\">Inhoudsopgave<\/p>\n<span class=\"ez-toc-title-toggle\"><a href=\"#\" class=\"ez-toc-pull-right ez-toc-btn ez-toc-btn-xs ez-toc-btn-default ez-toc-toggle\" aria-label=\"Toggle Table of Content\"><span class=\"ez-toc-js-icon-con\"><span class=\"\"><span class=\"eztoc-hide\" style=\"display:none;\">Toggle<\/span><span class=\"ez-toc-icon-toggle-span\"><svg style=\"fill: #999;color:#999\" xmlns=\"http:\/\/www.w3.org\/2000\/svg\" class=\"list-377408\" width=\"20px\" height=\"20px\" viewBox=\"0 0 24 24\" fill=\"none\"><path d=\"M6 6H4v2h2V6zm14 0H8v2h12V6zM4 11h2v2H4v-2zm16 0H8v2h12v-2zM4 16h2v2H4v-2zm16 0H8v2h12v-2z\" fill=\"currentColor\"><\/path><\/svg><svg style=\"fill: #999;color:#999\" class=\"arrow-unsorted-368013\" xmlns=\"http:\/\/www.w3.org\/2000\/svg\" width=\"10px\" height=\"10px\" viewBox=\"0 0 24 24\" version=\"1.2\" baseProfile=\"tiny\"><path d=\"M18.2 9.3l-6.2-6.3-6.2 6.3c-.2.2-.3.4-.3.7s.1.5.3.7c.2.2.4.3.7.3h11c.3 0 .5-.1.7-.3.2-.2.3-.5.3-.7s-.1-.5-.3-.7zM5.8 14.7l6.2 6.3 6.2-6.3c.2-.2.3-.5.3-.7s-.1-.5-.3-.7c-.2-.2-.4-.3-.7-.3h-11c-.3 0-.5.1-.7.3-.2.2-.3.5-.3.7s.1.5.3.7z\"\/><\/svg><\/span><\/span><\/span><\/a><\/span><\/div>\n<nav><ul class='ez-toc-list ez-toc-list-level-1 eztoc-toggle-hide-by-default' ><li class='ez-toc-page-1 ez-toc-heading-level-2'><a class=\"ez-toc-link ez-toc-heading-1\" href=\"https:\/\/slotenmaker-denhaag.nl\/de\/bewertungen\/#Ihre_Bewertung_fuer_Slotenmaker_Den_Haag_SDH_Schlosser_Den_Haag_auf_Google\" >Ihre Bewertung f\u00fcr Slotenmaker Den Haag SDH (Schlosser Den Haag) auf Google+<\/a><ul class='ez-toc-list-level-3' ><li class='ez-toc-heading-level-3'><a class=\"ez-toc-link ez-toc-heading-2\" href=\"https:\/\/slotenmaker-denhaag.nl\/de\/bewertungen\/#Einige_Vorteile_von_guten_Bewertungen\" >Einige Vorteile von guten Bewertungen:<\/a><\/li><\/ul><\/li><\/ul><\/nav><\/div>\n","protected":false},"excerpt":{"rendered":"<p>Ihre Bewertung f\u00fcr Slotenmaker Den Haag SDH (Schlosser Den Haag) auf Google+ Kleine lokale Unternehmen k\u00f6nnen von guten Bewertungen auf Google+ profitieren. Einige Vorteile von guten Bewertungen: Verbesserte Sichtbarkeit auf Suchmaschinen wie Google und Yahoo \u00d6ffentlichkeit \u00fcber unsere Leistungen informiert Kunden eine Vorstellung davon, ob sie professionell behandelt werden Sie k\u00f6nnen sehen, ob Unternehmen ihr [&hellip;]<\/p>\n","protected":false},"author":12,"featured_media":0,"parent":0,"menu_order":0,"comment_status":"closed","ping_status":"closed","template":"","meta":{"_acf_changed":false,"om_disable_all_campaigns":false,"footnotes":"","_wordproof_timestamp":false},"class_list":["post-5308","page","type-page","status-publish","hentry"],"acf":[],"_links":{"self":[{"href":"https:\/\/slotenmaker-denhaag.nl\/de\/wp-json\/wp\/v2\/pages\/5308","targetHints":{"allow":["GET"]}}],"collection":[{"href":"https:\/\/slotenmaker-denhaag.nl\/de\/wp-json\/wp\/v2\/pages"}],"about":[{"href":"https:\/\/slotenmaker-denhaag.nl\/de\/wp-json\/wp\/v2\/types\/page"}],"author":[{"embeddable":true,"href":"https:\/\/slotenmaker-denhaag.nl\/de\/wp-json\/wp\/v2\/users\/12"}],"replies":[{"embeddable":true,"href":"https:\/\/slotenmaker-denhaag.nl\/de\/wp-json\/wp\/v2\/comments?post=5308"}],"version-history":[{"count":0,"href":"https:\/\/slotenmaker-denhaag.nl\/de\/wp-json\/wp\/v2\/pages\/5308\/revisions"}],"wp:attachment":[{"href":"https:\/\/slotenmaker-denhaag.nl\/de\/wp-json\/wp\/v2\/media?parent=5308"}],"curies":[{"name":"wp","href":"https:\/\/api.w.org\/{rel}","templated":true}]}}