{"id":4247,"date":"2016-06-24T13:31:21","date_gmt":"2016-06-24T13:31:21","guid":{"rendered":"https:\/\/slotenmaker-denhaag.nl\/es\/bedrijfsgegevens\/"},"modified":"2023-01-25T15:58:40","modified_gmt":"2023-01-25T14:58:40","slug":"direccion-datos","status":"publish","type":"page","link":"https:\/\/slotenmaker-denhaag.nl\/es\/direccion-datos\/","title":{"rendered":"Direcci\u00f3n e Datos"},"content":{"rendered":"<div class=\"contact_info\">\n<div class=\"contact_info_item icon-zins-telephone\">\n<p><strong>Tel\u00e9fono<\/strong><\/p>\n<div class=\"contact_info_phone\"><a href=\"tel:0652333817\">06 52 333 817<\/a><\/div>\n<\/div>\n<div class=\"contact_info_item icon-mail\">\n<p><strong>Email y p\u00e1gina web<\/strong><\/p>\n<p><span style=\"color: #ffffff;\"><a style=\"color: #ffffff;\" href=\"https:\/\/slotenmaker-denhaag.nl\/es\/contacto\/\">info@slotenmaker-denhaag.nl<\/a><br \/>\n<a style=\"color: #ffffff;\" href=\"https:\/\/slotenmaker-denhaag.nl\/\">www.slotenmaker-denhaag.nl<\/a><\/span><\/p>\n<\/div>\n<div class=\"contact_info_item icon-zins-location\"><strong>Direcci\u00f3n de la oficina<\/strong><\/p>\n<p>Mient 66<br \/>\n2564KP Den Haag<\/p>\n<\/div>\n<div class=\"contact_info_item\"><strong>Detalles bancarios y fiscales<\/strong><\/p>\n<p>Bank: IBAN NL04KNAB0256980381<br \/>\nK.v.k: 65587537<br \/>\nBTW nr: NL002440902B30<\/p>\n<\/div>\n<p><strong><a style=\"color: #ffffff;\" href=\"https:\/\/slotenmaker-denhaag.nl\/algemene-voorwaarden\/\">T\u00e9rminos y Condiciones<br \/>\n<\/a><a style=\"color: #ffffff;\" href=\"https:\/\/slotenmaker-denhaag.nl\/contact\/\"><br \/>\nFormulario de contacto<br \/>\n<\/a><a style=\"color: #ffffff;\" href=\"https:\/\/slotenmaker-denhaag.nl\/opdracht-bevestiging\/\"><br \/>\nFormulario de pedido<\/a><\/strong><\/p>\n<p><em>Toda informaci\u00f3n correcta desde el 26 mayo, 2016.<\/em><\/p>\n<\/div>\n","protected":false},"excerpt":{"rendered":"<p>Tel\u00e9fono 06 52 333 817 Email y p\u00e1gina web info@slotenmaker-denhaag.nl www.slotenmaker-denhaag.nl Direcci\u00f3n de la oficina Mient 66 2564KP Den Haag Detalles bancarios y fiscales Bank: IBAN NL04KNAB0256980381 K.v.k: 65587537 BTW nr: NL002440902B30 T\u00e9rminos y Condiciones Formulario de contacto Formulario de pedido Toda informaci\u00f3n correcta desde el 26 mayo, 2016.<\/p>\n","protected":false},"author":12,"featured_media":0,"parent":0,"menu_order":0,"comment_status":"closed","ping_status":"closed","template":"","meta":{"_acf_changed":false,"om_disable_all_campaigns":false,"footnotes":"","_wordproof_timestamp":false},"class_list":["post-4247","page","type-page","status-publish","hentry"],"acf":[],"_links":{"self":[{"href":"https:\/\/slotenmaker-denhaag.nl\/es\/wp-json\/wp\/v2\/pages\/4247","targetHints":{"allow":["GET"]}}],"collection":[{"href":"https:\/\/slotenmaker-denhaag.nl\/es\/wp-json\/wp\/v2\/pages"}],"about":[{"href":"https:\/\/slotenmaker-denhaag.nl\/es\/wp-json\/wp\/v2\/types\/page"}],"author":[{"embeddable":true,"href":"https:\/\/slotenmaker-denhaag.nl\/es\/wp-json\/wp\/v2\/users\/12"}],"replies":[{"embeddable":true,"href":"https:\/\/slotenmaker-denhaag.nl\/es\/wp-json\/wp\/v2\/comments?post=4247"}],"version-history":[{"count":9,"href":"https:\/\/slotenmaker-denhaag.nl\/es\/wp-json\/wp\/v2\/pages\/4247\/revisions"}],"predecessor-version":[{"id":30293,"href":"https:\/\/slotenmaker-denhaag.nl\/es\/wp-json\/wp\/v2\/pages\/4247\/revisions\/30293"}],"wp:attachment":[{"href":"https:\/\/slotenmaker-denhaag.nl\/es\/wp-json\/wp\/v2\/media?parent=4247"}],"curies":[{"name":"wp","href":"https:\/\/api.w.org\/{rel}","templated":true}]}}