{"id":5317,"date":"2016-11-04T09:05:02","date_gmt":"2016-11-04T09:05:02","guid":{"rendered":"https:\/\/slotenmaker-denhaag.nl\/es\/recensies\/"},"modified":"2017-04-14T12:18:19","modified_gmt":"2017-04-14T12:18:19","slug":"resena","status":"publish","type":"page","link":"https:\/\/slotenmaker-denhaag.nl\/es\/resena\/","title":{"rendered":"Rese\u00f1a | Google+"},"content":{"rendered":"<h2><span class=\"ez-toc-section\" id=\"Tu_resena_de_Slotenmaker_Den_Haag_SDH_Cerrajero_La_Haya_en_Google\"><\/span>Tu rese\u00f1a de Slotenmaker Den Haag SDH (Cerrajero La Haya) en Google+<span class=\"ez-toc-section-end\"><\/span><\/h2>\n<p>Las peque\u00f1as empresas locales pueden beneficiarse enormemente de sus buenas cr\u00edticas (rese\u00f1a) en Google+<\/p>\n<h3><span class=\"ez-toc-section\" id=\"Algunos_beneficios_de_una_buena_resena\"><\/span>Algunos beneficios de una buena rese\u00f1a:<span class=\"ez-toc-section-end\"><\/span><\/h3>\n<ul>\n<li><em>Mejor visibilidad en los motores de b\u00fasqueda como Google y Yahoo \u2713<\/em><\/li>\n<li><em>P\u00fablico sobre nuestro desempe\u00f1o \u2713<\/em><\/li>\n<li><em>Los clientes tienen una idea de si ser\u00e1n tratados profesionalmente \u2713<\/em><\/li>\n<li><em>Pueden ver si las empresas honran su palabra \u2713<\/em><\/li>\n<li><em>Si se proporcionan garant\u00edas \u2713<\/em><\/li>\n<li><em>Si los t\u00e9cnicos llegan a tiempo (dentro de 30 minutos) \u2713<\/em><\/li>\n<li><em>Si se utilizan materiales de buena calidad \u2713<\/em><\/li>\n<li><em>Si los precios son razonables \u2713<\/em><\/li>\n<\/ul>\n<p>En resumen, su revisi\u00f3n en <strong>Google<\/strong>+ puede marcar una gran diferencia. Utiliza el siguiente enlace para escribirnos un comentario.<\/p>\n<p><a href=\"https:\/\/www.google.nl\/search?q=Slotenmaker+Den+Haag&amp;ludocid=18317472283228005463&amp;gws_rd=cr&amp;ei=MILvWNfoA8m-aJSgjpAK\" target=\"_blank\" rel=\"noopener\"><img decoding=\"async\" class=\"alignleft wp-image-5362 size-medium\" src=\"https:\/\/slotenmaker-denhaag.nl\/wp-content\/uploads\/Valorar_03-300x80.jpg\" alt=\"Serrajeria La Haya Slotenmaker Den Haag Rese\u00f1a Google+\" width=\"30%\" title=\"slotenmaker den haag\" srcset=\"https:\/\/slotenmaker-denhaag.nl\/wp-content\/uploads\/Valorar_03-300x80.jpg 300w, https:\/\/slotenmaker-denhaag.nl\/wp-content\/uploads\/Valorar_03.jpg 314w\" sizes=\"(max-width: 300px) 100vw, 300px\" \/><\/a><strong>Atenci\u00f3n:<\/strong><em> es posible que necesites iniciar sesi\u00f3n en tu cuenta de Google primero.<\/em><br \/>\n&nbsp;<\/p>\n<div class=\"google-maps\"><iframe style=\"border: 0;\" src=\"https:\/\/www.google.com\/maps\/embed?pb=!1m18!1m12!1m3!1d2907.9025009626635!2d2!3d3!2m3!1f0!2f0!3f0!3m2!1i1024!2i768!4f13.1!3m3!1m2!1s0x0%3A0xfe34bbfdd0de6457!2z0J_QmNCm0JjQmtCQ0KLQng!5e0!3m2!1sbg!2sus!4v1448115192914\" width=\"600\" height=\"450\" frameborder=\"0\" allowfullscreen=\"allowfullscreen\"><\/iframe><\/div>\n<p>&nbsp;<\/p>\n<div id=\"ez-toc-container\" class=\"ez-toc-v2_0_76 counter-hierarchy ez-toc-counter ez-toc-grey ez-toc-container-direction\">\n<div class=\"ez-toc-title-container\">\n<p class=\"ez-toc-title\" style=\"cursor:inherit\">Inhoudsopgave<\/p>\n<span class=\"ez-toc-title-toggle\"><a href=\"#\" class=\"ez-toc-pull-right ez-toc-btn ez-toc-btn-xs ez-toc-btn-default ez-toc-toggle\" aria-label=\"Toggle Table of Content\"><span class=\"ez-toc-js-icon-con\"><span class=\"\"><span class=\"eztoc-hide\" style=\"display:none;\">Toggle<\/span><span class=\"ez-toc-icon-toggle-span\"><svg style=\"fill: #999;color:#999\" xmlns=\"http:\/\/www.w3.org\/2000\/svg\" class=\"list-377408\" width=\"20px\" height=\"20px\" viewBox=\"0 0 24 24\" fill=\"none\"><path d=\"M6 6H4v2h2V6zm14 0H8v2h12V6zM4 11h2v2H4v-2zm16 0H8v2h12v-2zM4 16h2v2H4v-2zm16 0H8v2h12v-2z\" fill=\"currentColor\"><\/path><\/svg><svg style=\"fill: #999;color:#999\" class=\"arrow-unsorted-368013\" xmlns=\"http:\/\/www.w3.org\/2000\/svg\" width=\"10px\" height=\"10px\" viewBox=\"0 0 24 24\" version=\"1.2\" baseProfile=\"tiny\"><path d=\"M18.2 9.3l-6.2-6.3-6.2 6.3c-.2.2-.3.4-.3.7s.1.5.3.7c.2.2.4.3.7.3h11c.3 0 .5-.1.7-.3.2-.2.3-.5.3-.7s-.1-.5-.3-.7zM5.8 14.7l6.2 6.3 6.2-6.3c.2-.2.3-.5.3-.7s-.1-.5-.3-.7c-.2-.2-.4-.3-.7-.3h-11c-.3 0-.5.1-.7.3-.2.2-.3.5-.3.7s.1.5.3.7z\"\/><\/svg><\/span><\/span><\/span><\/a><\/span><\/div>\n<nav><ul class='ez-toc-list ez-toc-list-level-1 eztoc-toggle-hide-by-default' ><li class='ez-toc-page-1 ez-toc-heading-level-2'><a class=\"ez-toc-link ez-toc-heading-1\" href=\"https:\/\/slotenmaker-denhaag.nl\/es\/resena\/#Tu_resena_de_Slotenmaker_Den_Haag_SDH_Cerrajero_La_Haya_en_Google\" >Tu rese\u00f1a de Slotenmaker Den Haag SDH (Cerrajero La Haya) en Google+<\/a><ul class='ez-toc-list-level-3' ><li class='ez-toc-heading-level-3'><a class=\"ez-toc-link ez-toc-heading-2\" href=\"https:\/\/slotenmaker-denhaag.nl\/es\/resena\/#Algunos_beneficios_de_una_buena_resena\" >Algunos beneficios de una buena rese\u00f1a:<\/a><\/li><\/ul><\/li><\/ul><\/nav><\/div>\n","protected":false},"excerpt":{"rendered":"<p>Tu rese\u00f1a de Slotenmaker Den Haag SDH (Cerrajero La Haya) en Google+ Las peque\u00f1as empresas locales pueden beneficiarse enormemente de sus buenas cr\u00edticas (rese\u00f1a) en Google+ Algunos beneficios de una buena rese\u00f1a: Mejor visibilidad en los motores de b\u00fasqueda como Google y Yahoo \u2713 P\u00fablico sobre nuestro desempe\u00f1o \u2713 Los clientes tienen una idea de [&hellip;]<\/p>\n","protected":false},"author":12,"featured_media":0,"parent":0,"menu_order":0,"comment_status":"closed","ping_status":"closed","template":"","meta":{"_acf_changed":false,"om_disable_all_campaigns":false,"footnotes":"","_wordproof_timestamp":false},"class_list":["post-5317","page","type-page","status-publish","hentry"],"acf":[],"_links":{"self":[{"href":"https:\/\/slotenmaker-denhaag.nl\/es\/wp-json\/wp\/v2\/pages\/5317","targetHints":{"allow":["GET"]}}],"collection":[{"href":"https:\/\/slotenmaker-denhaag.nl\/es\/wp-json\/wp\/v2\/pages"}],"about":[{"href":"https:\/\/slotenmaker-denhaag.nl\/es\/wp-json\/wp\/v2\/types\/page"}],"author":[{"embeddable":true,"href":"https:\/\/slotenmaker-denhaag.nl\/es\/wp-json\/wp\/v2\/users\/12"}],"replies":[{"embeddable":true,"href":"https:\/\/slotenmaker-denhaag.nl\/es\/wp-json\/wp\/v2\/comments?post=5317"}],"version-history":[{"count":0,"href":"https:\/\/slotenmaker-denhaag.nl\/es\/wp-json\/wp\/v2\/pages\/5317\/revisions"}],"wp:attachment":[{"href":"https:\/\/slotenmaker-denhaag.nl\/es\/wp-json\/wp\/v2\/media?parent=5317"}],"curies":[{"name":"wp","href":"https:\/\/api.w.org\/{rel}","templated":true}]}}