{"id":687,"date":"2016-04-19T12:30:10","date_gmt":"2016-04-19T12:30:10","guid":{"rendered":"https:\/\/slotenmaker-denhaag.nl\/es\/24-uurs-service\/"},"modified":"2017-04-14T12:22:33","modified_gmt":"2017-04-14T12:22:33","slug":"servicio-24-horas","status":"publish","type":"page","link":"https:\/\/slotenmaker-denhaag.nl\/es\/servicio-24-horas\/","title":{"rendered":"Servicio 24 Horas"},"content":{"rendered":"<h2><span class=\"ez-toc-section\" id=\"Los_primeiros_expertos_de_cerraduras_y_llaves_en_La_Haya_Oferecemos_Servicio_24_Horas_Podemos_estar_contigo_en_30_minutos\"><\/span>Los primeiros expertos de cerraduras y llaves en La Haya | Oferecemos Servicio 24 Horas | Podemos estar contigo en 30 minutos!<span class=\"ez-toc-section-end\"><\/span><\/h2>\n<p><a href=\"https:\/\/slotenmaker-denhaag.nl\/wp-content\/uploads\/2016\/04\/Contact-met-Slotenmaker-Den-Haag.jpg\"><img decoding=\"async\" class=\"responsive alignleft wp-image-3956 size-medium\" src=\"https:\/\/slotenmaker-denhaag.nl\/wp-content\/uploads\/2016\/04\/Contact-met-Slotenmaker-Den-Haag-300x124.jpg\" alt=\"Servicio 24 horas | Cerrajero La Haya | Slotenmaker Den Haag\" width=\"300\" height=\"124\" title=\"slotenmaker den haag\" srcset=\"https:\/\/slotenmaker-denhaag.nl\/wp-content\/uploads\/2016\/04\/Contact-met-Slotenmaker-Den-Haag-300x124.jpg 300w, https:\/\/slotenmaker-denhaag.nl\/wp-content\/uploads\/2016\/04\/Contact-met-Slotenmaker-Den-Haag.jpg 678w\" sizes=\"(max-width: 300px) 100vw, 300px\" \/><\/a>Oferecemos Servicio 24 Horas: Cerrajeros expertos, asesoramiento profesional y la cerraduras y llaves de servicio m\u00e1s r\u00e1pido en la Haya. Usted puede confiar en nosotros para toda su seguridad!<\/p>\n<h3><span class=\"ez-toc-section\" id=\"Ofrecemos_servicio_247\"><\/span><strong>Ofrecemos servicio 24\/7!<\/strong><span class=\"ez-toc-section-end\"><\/span><\/h3>\n<hr \/>\n<h4><span class=\"ez-toc-section\" id=\"Damos_servicio_a_los_siguientes_distritos\"><\/span><strong>Damos servicio a los siguientes distritos:<\/strong><span class=\"ez-toc-section-end\"><\/span><\/h4>\n<div class=\"tg-wrap\">\n<table width=\"100%\">\n<tbody>\n<tr>\n<th>\n<ul>\n<li style=\"text-align: left;\">Archipelbuurt<\/li>\n<li style=\"text-align: left;\">Belgisch Park<\/li>\n<li style=\"text-align: left;\">Benoordenhout<\/li>\n<li style=\"text-align: left;\">Bezuidenhout<\/li>\n<li style=\"text-align: left;\">Binkhorst<\/li>\n<li style=\"text-align: left;\">Bloemenbuurt<\/li>\n<li style=\"text-align: left;\">Bohemen<\/li>\n<li style=\"text-align: left;\">Bomenbuurt<\/li>\n<li style=\"text-align: left;\">Bouwlust<\/li>\n<li style=\"text-align: left;\">Centrum<\/li>\n<li style=\"text-align: left;\">Duindorp<\/li>\n<li style=\"text-align: left;\">Duinoord<\/li>\n<li style=\"text-align: left;\">Geuzekwartier<\/li>\n<li style=\"text-align: left;\">Stationskwartier<\/li>\n<li style=\"text-align: left;\">Haagse Bos<\/li>\n<li style=\"text-align: left;\">Kijkduin<\/li>\n<li style=\"text-align: left;\">Kraaijenstein<\/li>\n<li style=\"text-align: left;\">Laakkwartier<\/li>\n<li style=\"text-align: left;\">Leijenburg<\/li>\n<li style=\"text-align: left;\">Loosduinen<\/li>\n<li style=\"text-align: left;\">Mariahoeve<\/li>\n<li style=\"text-align: left;\">Marlot<\/li>\n<li style=\"text-align: left;\">Moerwijk<\/li>\n<\/ul>\n<\/th>\n<th>\n<ul>\n<li style=\"text-align: left;\">Ockenburg<\/li>\n<li style=\"text-align: left;\">Oostbroek<\/li>\n<li style=\"text-align: left;\">Oostduinen<\/li>\n<li style=\"text-align: left;\">Regentessekwartier<\/li>\n<li style=\"text-align: left;\">Rustenburg<\/li>\n<li style=\"text-align: left;\">Scheveningen<\/li>\n<li style=\"text-align: left;\">Schilderswijk<\/li>\n<li style=\"text-align: left;\">Spoorwijk<\/li>\n<li style=\"text-align: left;\">Stationsbuurt<\/li>\n<li style=\"text-align: left;\">Transvaal<\/li>\n<li style=\"text-align: left;\">Valkenboskwartier<\/li>\n<li style=\"text-align: left;\">Van Stolkpark<\/li>\n<li style=\"text-align: left;\">Vogelwijk<\/li>\n<li style=\"text-align: left;\">Vrederust<\/li>\n<li style=\"text-align: left;\">Vruchtenbuurt<\/li>\n<li style=\"text-align: left;\">Waldeck<\/li>\n<li style=\"text-align: left;\">Wateringse Veld<\/li>\n<li style=\"text-align: left;\">West Broekpark<\/li>\n<li style=\"text-align: left;\">Willemspark<\/li>\n<li style=\"text-align: left;\">Ypenburg<\/li>\n<li style=\"text-align: left;\">Zeeheldenkwartier<\/li>\n<li style=\"text-align: left;\">Zorgvliet<\/li>\n<li style=\"text-align: left;\">Zuiderpark<\/li>\n<\/ul>\n<\/th>\n<\/tr>\n<\/tbody>\n<\/table>\n<\/div>\n<h4><span class=\"ez-toc-section\" id=\"Bloqueado_Perdio_las_llaves_Cerradura_rota_Roto_clave_Hurto\"><\/span><strong>Bloqueado? Perdi\u00f3 las llaves? Cerradura rota? Roto clave? Hurto? <\/strong><span class=\"ez-toc-section-end\"><\/span><\/h4>\n<h4><span class=\"ez-toc-section\" id=\"Nuestros_expertos_cerrajeros_pueden_abrir_cualquier_puerta_en_30_minutos\"><\/span><strong>Nuestros expertos cerrajeros pueden abrir cualquier puerta en 30 minutos! <\/strong><span class=\"ez-toc-section-end\"><\/span><\/h4>\n<h4><span class=\"ez-toc-section\" id=\"Apertura_sin_dano\"><\/span><strong>Apertura sin da\u00f1o!<br \/>\n<\/strong><span class=\"ez-toc-section-end\"><\/span><\/h4>\n<ul>\n<li><em>Las reparaciones de ubicaci\u00f3n<\/em><\/li>\n<li><em>Cambio de una cerradura o cilindro en 30 minutos!<\/em><\/li>\n<li><em>Apertura de cajas fuertes<\/em><\/li>\n<li><em>Servicio de 24 horas dia y la noche, tambi\u00e9n los fines de semana y d\u00edas festivos.<\/em><\/li>\n<li><em>Indicaciones para la seguridad de su hogar<\/em><\/li>\n<li><em>Materiales de nuestro propio taller Hecha a la medida en el centro de La Haya<\/em><\/li>\n<li><em>Ninguna carga extra por llamadas de noche o fin de semana de pago<\/em><\/li>\n<li><em>Declaraciones claras sobre los precios<\/em><\/li>\n<li><em>Materiales certificados<\/em><\/li>\n<li><em>Cilindros certificadas<\/em><\/li>\n<li><em>5 a\u00f1os de garant\u00eda en materiales y trabajo<\/em><\/li>\n<li><em>&#8220;De Sluitkom\u2122&#8221; una medida <span class=\"hps atn\">anti-robo \u00fanica hecha a la medida en nuestro taller<\/span><\/em><\/li>\n<li><em>Reciclaje: ofrecemos descuentos para las cerraduras y llaves antiguas<\/em><\/li>\n<\/ul>\n<hr \/>\n<p><strong>Ayuda mas r\u00e1pida en caso de robo:<\/strong><\/p>\n<p>Nuestros t\u00e9cnicos casi siempre llegan en 30 minutos! Los t\u00e9cnicos hacen sus propias citas y le dar\u00e1n una estimaci\u00f3n antes de que te visiten. <span id=\"result_box\" class=\"\" lang=\"es\" tabindex=\"-1\">Ofrecemos servicios de emergencia en caso de robo y hurto. Tambi\u00e9n proporcionamos un impuesto profesional para prop\u00f3sitos de seguro. Adem\u00e1s, ofrecemos materiales especialmente dise\u00f1ados y construidos en nuestro propio taller. Cuando arreglamos tus cerraduras, nunca m\u00e1s tendr\u00e1s que preocuparte por un robo.<\/span><\/p>\n<p><strong>Descuentos especiales de hasta 15% en los siguientes distritos:<\/strong><\/p>\n<table width=\"100%\">\n<tbody>\n<tr>\n<td>\n<ul>\n<li><a title=\"Archipelbuurt\" href=\"https:\/\/www.google.com\/maps\/place\/Archipelbuurt,+Den+Haag,+The+Netherlands\/@52.0924694,4.303229,15z\/data=!3m1!4b1!4m2!3m1!1s0x47c5b749f629e043:0x6b1987da69c97021?dg=dbrw&amp;newdg=1\" target=\"_blank\" rel=\"noopener\">Archipelbuurt<\/a><\/li>\n<li><a title=\"Bomenbuurt\" href=\"https:\/\/www.google.com\/maps\/place\/Bomenbuurt,+Den+Haag,+The+Netherlands\/@52.0804555,4.2712969,16z\/data=!3m1!4b1!4m2!3m1!1s0x47c5b0dd1a408e13:0x8fea6e538eb18249?dg=dbrw&amp;newdg=1\" target=\"_blank\" rel=\"noopener\">Bomen<\/a> en <a title=\"Bloemenbuurt\" href=\"https:\/\/www.google.com\/maps\/place\/Bloemenbuurt-Oost,+Den+Haag,+The+Netherlands\/@52.077486,4.260968,15z\/data=!3m1!4b1!4m2!3m1!1s0x47c5b0e39ad7c867:0xfe53c7029d50327?dg=dbrw&amp;newdg=1\" target=\"_blank\" rel=\"noopener\">Bloemenbuurt<\/a><\/li>\n<li><a title=\"Den Haag Centrum\" href=\"https:\/\/www.google.com\/maps\/place\/The+Hague+Center,+The+Hague,+The+Netherlands\/@52.076598,4.3106734,13z\/data=!3m1!4b1!4m2!3m1!1s0x47c5b72c4e1fc797:0x3187c309df606953?dg=dbrw&amp;newdg=1\" target=\"_blank\" rel=\"noopener\">Centrum<\/a><\/li>\n<li><a title=\"Duinoord\" href=\"https:\/\/www.google.com\/maps\/place\/Duinoord,+Den+Haag,+The+Netherlands\/@52.0832789,4.2836446,16z\/data=!3m1!4b1!4m2!3m1!1s0x47c5b0cf9447852f:0xf7a773f5dff88805?dg=dbrw&amp;newdg=1\" target=\"_blank\" rel=\"noopener\">Duinoord<\/a><\/li>\n<li><a title=\"Regentessekwartier\" href=\"https:\/\/www.google.com\/maps\/search\/Regentessekwartier,+Den+Haag\/@52.074813,4.2973885,15z\/data=!3m1!4b1?dg=dbrw&amp;newdg=1\" target=\"_blank\" rel=\"noopener\">Regentessekwartier<\/a><\/li>\n<\/ul>\n<\/td>\n<td>\n<ul>\n<li><a title=\"Valkenboskwartier\" href=\"https:\/\/www.google.com\/maps\/place\/Valkenboskwartier,+Den+Haag,+The+Netherlands\/@52.0736899,4.276357,15z\/data=!3m1!4b1!4m2!3m1!1s0x47c5b0d8e3f94d71:0x422c4290490653c5?dg=dbrw&amp;newdg=1\" target=\"_blank\" rel=\"noopener\">Valkenboskwartier<\/a><\/li>\n<li><a title=\"Vruchtenbuurt\" href=\"https:\/\/www.google.com\/maps\/place\/Vruchtenbuurt,+2564+Den+Haag,+The+Netherlands\/@52.069051,4.2555609,16z\/data=!3m1!4b1!4m2!3m1!1s0x47c5b11cf491328f:0xbd6bd92c482a6642?dg=dbrw&amp;newdg=1\" target=\"_blank\" rel=\"noopener\">Vruchtenbuurt<\/a><\/li>\n<li><a title=\"Willemspark\" href=\"https:\/\/www.google.com\/maps\/place\/Willemspark,+Den+Haag,+The+Netherlands\/@52.0868189,4.308377,16z\/data=!3m1!4b1!4m2!3m1!1s0x47c5b731213e81c9:0xa7b212303542b7c?dg=dbrw&amp;newdg=1\" target=\"_blank\" rel=\"noopener\">Willemspark<\/a><\/li>\n<li><a title=\"Zeeheldenkwartier\" href=\"https:\/\/www.google.com\/maps\/place\/Zeeheldenkwartier,+Den+Haag,+The+Netherlands\/@52.0815759,4.2959465,15z\/data=!3m1!4b1!4m2!3m1!1s0x47c5b732a674cd11:0x2f60dc6190f0d0?dg=dbrw&amp;newdg=1\" target=\"_blank\" rel=\"noopener\">Zeeheldenkwartier<\/a><\/li>\n<li><a title=\"Zorgvliet\" href=\"https:\/\/www.google.com\/maps\/place\/Zorgvliet\/@52.0862924,4.2895832,15z\/data=!4m2!3m1!1s0x47c5b0c999788aed:0x1800612dede09607?dg=dbrw&amp;newdg=1\" target=\"_blank\" rel=\"noopener\">Zorgvliet<\/a><\/li>\n<\/ul>\n<\/td>\n<\/tr>\n<\/tbody>\n<\/table>\n<p>&nbsp;<\/p>\n<div id=\"ez-toc-container\" class=\"ez-toc-v2_0_76 counter-hierarchy ez-toc-counter ez-toc-grey ez-toc-container-direction\">\n<div class=\"ez-toc-title-container\">\n<p class=\"ez-toc-title\" style=\"cursor:inherit\">Inhoudsopgave<\/p>\n<span class=\"ez-toc-title-toggle\"><a href=\"#\" class=\"ez-toc-pull-right ez-toc-btn ez-toc-btn-xs ez-toc-btn-default ez-toc-toggle\" aria-label=\"Toggle Table of Content\"><span class=\"ez-toc-js-icon-con\"><span class=\"\"><span class=\"eztoc-hide\" style=\"display:none;\">Toggle<\/span><span class=\"ez-toc-icon-toggle-span\"><svg style=\"fill: #999;color:#999\" xmlns=\"http:\/\/www.w3.org\/2000\/svg\" class=\"list-377408\" width=\"20px\" height=\"20px\" viewBox=\"0 0 24 24\" fill=\"none\"><path d=\"M6 6H4v2h2V6zm14 0H8v2h12V6zM4 11h2v2H4v-2zm16 0H8v2h12v-2zM4 16h2v2H4v-2zm16 0H8v2h12v-2z\" fill=\"currentColor\"><\/path><\/svg><svg style=\"fill: #999;color:#999\" class=\"arrow-unsorted-368013\" xmlns=\"http:\/\/www.w3.org\/2000\/svg\" width=\"10px\" height=\"10px\" viewBox=\"0 0 24 24\" version=\"1.2\" baseProfile=\"tiny\"><path d=\"M18.2 9.3l-6.2-6.3-6.2 6.3c-.2.2-.3.4-.3.7s.1.5.3.7c.2.2.4.3.7.3h11c.3 0 .5-.1.7-.3.2-.2.3-.5.3-.7s-.1-.5-.3-.7zM5.8 14.7l6.2 6.3 6.2-6.3c.2-.2.3-.5.3-.7s-.1-.5-.3-.7c-.2-.2-.4-.3-.7-.3h-11c-.3 0-.5.1-.7.3-.2.2-.3.5-.3.7s.1.5.3.7z\"\/><\/svg><\/span><\/span><\/span><\/a><\/span><\/div>\n<nav><ul class='ez-toc-list ez-toc-list-level-1 eztoc-toggle-hide-by-default' ><li class='ez-toc-page-1 ez-toc-heading-level-2'><a class=\"ez-toc-link ez-toc-heading-1\" href=\"https:\/\/slotenmaker-denhaag.nl\/es\/servicio-24-horas\/#Los_primeiros_expertos_de_cerraduras_y_llaves_en_La_Haya_Oferecemos_Servicio_24_Horas_Podemos_estar_contigo_en_30_minutos\" >Los primeiros expertos de cerraduras y llaves en La Haya | Oferecemos Servicio 24 Horas | Podemos estar contigo en 30 minutos!<\/a><ul class='ez-toc-list-level-3' ><li class='ez-toc-heading-level-3'><a class=\"ez-toc-link ez-toc-heading-2\" href=\"https:\/\/slotenmaker-denhaag.nl\/es\/servicio-24-horas\/#Ofrecemos_servicio_247\" >Ofrecemos servicio 24\/7!<\/a><ul class='ez-toc-list-level-4' ><li class='ez-toc-heading-level-4'><a class=\"ez-toc-link ez-toc-heading-3\" href=\"https:\/\/slotenmaker-denhaag.nl\/es\/servicio-24-horas\/#Damos_servicio_a_los_siguientes_distritos\" >Damos servicio a los siguientes distritos:<\/a><\/li><li class='ez-toc-page-1 ez-toc-heading-level-4'><a class=\"ez-toc-link ez-toc-heading-4\" href=\"https:\/\/slotenmaker-denhaag.nl\/es\/servicio-24-horas\/#Bloqueado_Perdio_las_llaves_Cerradura_rota_Roto_clave_Hurto\" >Bloqueado? Perdi\u00f3 las llaves? Cerradura rota? Roto clave? Hurto?<\/a><\/li><li class='ez-toc-page-1 ez-toc-heading-level-4'><a class=\"ez-toc-link ez-toc-heading-5\" href=\"https:\/\/slotenmaker-denhaag.nl\/es\/servicio-24-horas\/#Nuestros_expertos_cerrajeros_pueden_abrir_cualquier_puerta_en_30_minutos\" >Nuestros expertos cerrajeros pueden abrir cualquier puerta en 30 minutos!<\/a><\/li><li class='ez-toc-page-1 ez-toc-heading-level-4'><a class=\"ez-toc-link ez-toc-heading-6\" href=\"https:\/\/slotenmaker-denhaag.nl\/es\/servicio-24-horas\/#Apertura_sin_dano\" >Apertura sin da\u00f1o!<\/a><\/li><\/ul><\/li><\/ul><\/li><\/ul><\/nav><\/div>\n","protected":false},"excerpt":{"rendered":"<p>Los primeiros expertos de cerraduras y llaves en La Haya | Oferecemos Servicio 24 Horas | Podemos estar contigo en 30 minutos! Oferecemos Servicio 24 Horas: Cerrajeros expertos, asesoramiento profesional y la cerraduras y llaves de servicio m\u00e1s r\u00e1pido en la Haya. Usted puede confiar en nosotros para toda su seguridad! Ofrecemos servicio 24\/7! Damos [&hellip;]<\/p>\n","protected":false},"author":12,"featured_media":0,"parent":0,"menu_order":0,"comment_status":"closed","ping_status":"closed","template":"","meta":{"_acf_changed":false,"om_disable_all_campaigns":false,"footnotes":"","_wordproof_timestamp":false},"class_list":["post-687","page","type-page","status-publish","hentry"],"acf":[],"_links":{"self":[{"href":"https:\/\/slotenmaker-denhaag.nl\/es\/wp-json\/wp\/v2\/pages\/687","targetHints":{"allow":["GET"]}}],"collection":[{"href":"https:\/\/slotenmaker-denhaag.nl\/es\/wp-json\/wp\/v2\/pages"}],"about":[{"href":"https:\/\/slotenmaker-denhaag.nl\/es\/wp-json\/wp\/v2\/types\/page"}],"author":[{"embeddable":true,"href":"https:\/\/slotenmaker-denhaag.nl\/es\/wp-json\/wp\/v2\/users\/12"}],"replies":[{"embeddable":true,"href":"https:\/\/slotenmaker-denhaag.nl\/es\/wp-json\/wp\/v2\/comments?post=687"}],"version-history":[{"count":0,"href":"https:\/\/slotenmaker-denhaag.nl\/es\/wp-json\/wp\/v2\/pages\/687\/revisions"}],"wp:attachment":[{"href":"https:\/\/slotenmaker-denhaag.nl\/es\/wp-json\/wp\/v2\/media?parent=687"}],"curies":[{"name":"wp","href":"https:\/\/api.w.org\/{rel}","templated":true}]}}