{"id":696,"date":"2016-05-02T12:48:47","date_gmt":"2016-05-02T12:48:47","guid":{"rendered":"https:\/\/slotenmaker-denhaag.nl\/es\/?page_id=696"},"modified":"2025-04-04T09:22:07","modified_gmt":"2025-04-04T07:22:07","slug":"esta-bloqueado","status":"publish","type":"page","link":"https:\/\/slotenmaker-denhaag.nl\/es\/esta-bloqueado\/","title":{"rendered":"\u00bfEst\u00e1 bloqueado?"},"content":{"rendered":"<h2><span class=\"ez-toc-section\" id=\"%C2%BFEsta_bloqueado_Llaves_perdidas_Cerrado_a_cabo_%C2%BFEsta_roto_el_bloqueo_Hurto\"><\/span>\u00bfEst\u00e1 bloqueado? Llaves perdidas? Cerrado a cabo? \u00bfEst\u00e1 roto el bloqueo? Hurto?<span class=\"ez-toc-section-end\"><\/span><\/h2>\n<p><strong>\u00bf Bloqueado ? \u00bfCu\u00e1nto tiempo se necesita un cerrajero para abrir mi puerta y cu\u00e1nto costar\u00e1?<\/strong><\/p>\n<p><a href=\"https:\/\/slotenmaker-denhaag.nl\/wp-content\/uploads\/Airbnb-buitengesloten-Slotenmaker-Den-Haag.jpg\"><img decoding=\"async\" class=\"responsive alignleft wp-image-5473 size-medium\" src=\"https:\/\/slotenmaker-denhaag.nl\/wp-content\/uploads\/Airbnb-buitengesloten-Slotenmaker-Den-Haag-300x225.jpg\" alt=\"Bloqueado? Llaves perdidas en La Haya? Cerrajero La Haya Slotenmaker Den Haag\" width=\"300\" height=\"225\" title=\"slotenmaker den haag\" srcset=\"https:\/\/slotenmaker-denhaag.nl\/wp-content\/uploads\/Airbnb-buitengesloten-Slotenmaker-Den-Haag-300x225.jpg 300w, https:\/\/slotenmaker-denhaag.nl\/wp-content\/uploads\/Airbnb-buitengesloten-Slotenmaker-Den-Haag-768x576.jpg 768w, https:\/\/slotenmaker-denhaag.nl\/wp-content\/uploads\/Airbnb-buitengesloten-Slotenmaker-Den-Haag-1024x768.jpg 1024w, https:\/\/slotenmaker-denhaag.nl\/wp-content\/uploads\/Airbnb-buitengesloten-Slotenmaker-Den-Haag.jpg 800w\" sizes=\"(max-width: 300px) 100vw, 300px\" \/><\/a>Le puede pasar a cualquiera: salir de la casa y cierras la puerta, y mientras que usted est\u00e1 cerrando la puerta te das cuenta que has olvidado las llaves a dentro. No se preocupe, la ayuda est\u00e1 a mano! Nuestros t\u00e9cnicos estar\u00e1n con usted pronto! Nosotros s\u00f3lo trabajamos con cerrajeros que viven en La Haya. Ellos conocen bien la ciudad y pueden moverse por todas las calles de sentido \u00fanico y obras viales. En nuestras scooters podemos llegar en 30 minutos. Slotenmaker Den Haag: los cerrajeros en que puede confiar.<\/p>\n<h3 style=\"text-align: left;\"><span class=\"ez-toc-section\" id=\"Tel_0652333817\"><\/span>Tel: <a href=\"tel:0652333817\">0652333817<\/a><span class=\"ez-toc-section-end\"><\/span><\/h3>\n<p>Muchos de nuestros competidores usan el t\u00e9rmino de b\u00fasqueda &#8220;Slotenmaker Den Haag&#8221; o &#8220;Cerrajero La Haya&#8221;, pero somos la \u00fanica registrada en la C\u00e1mara de Comercio con ese nombre. <a title=\"C\u00e1mara de Comercio\" href=\"https:\/\/www.kvk.nl\/bestellen\/#\/65587537000034298509?origin=search\" target=\"_blank\" rel=\"noopener\">Desc\u00fabrelo por ti mismo!<\/a> La mayor\u00eda de nuestros competidores vienen de fuera de la ciudad. Es por eso que su promesa de ayudarle a los 30 minutos no es cierto.<\/p>\n<h4><span class=\"ez-toc-section\" id=\"%C2%BF_Bloqueado_en_La_Haya_Podemos_llegar_a_los_30_minutos\"><\/span><strong><span id=\"result_box\" class=\"short_text\" lang=\"es\" tabindex=\"-1\">\u00bf Bloqueado en La Haya ? Podemos llegar a los 30 minutos<\/span><\/strong><span class=\"ez-toc-section-end\"><\/span><\/h4>\n<p>Nuestros t\u00e9cnicos hacen su camino alrededor de la ciudad en scooters. No utilizamos los coches o furgonetas y as\u00ed es como damos servicio a toda la zona de La Haya en 30 minutos. Incluso los Cerrajeros de La Haya que utilizan los coches o furgonetas no pueden llegar a usted tan r\u00e1pido: siempre pierden el tiempo luchando con los cierres de carreteras, calles de sentido \u00fanico y la falta de espacio de estacionamiento. Somos la \u00fanica empresa que le puede ayudar en 30 minutos!<\/p>\n<h4><span class=\"ez-toc-section\" id=\"%C2%BFCual_sera_el_precio_de_abrir_mi_puerta_o_reemplazar_una_cerradura\"><\/span><strong>\u00bfCu\u00e1l ser\u00e1 el precio de abrir mi puerta o reemplazar una cerradura?<\/strong><span class=\"ez-toc-section-end\"><\/span><\/h4>\n<p><a title=\"Precios\" href=\"https:\/\/slotenmaker-denhaag.nl\/es\/precios\/\">Haga clic aqu\u00ed para ver nuestros precios.<\/a><\/p>\n<hr \/>\n<p style=\"text-align: left;\"><strong>Ofrecemos hasta 15% descuento en los siguientes barrios**<\/strong><\/p>\n<table style=\"height: 125px;\" width=\"850\">\n<tbody>\n<tr>\n<td>\n<ul>\n<li><a title=\"Archipelbuurt\" href=\"https:\/\/www.google.com\/maps\/place\/Archipelbuurt,+Den+Haag,+The+Netherlands\/@52.0924694,4.303229,15z\/data=!3m1!4b1!4m2!3m1!1s0x47c5b749f629e043:0x6b1987da69c97021?dg=dbrw&amp;newdg=1\" target=\"_blank\" rel=\"noopener\">Archipelbuurt<\/a><\/li>\n<li><a title=\"Bomenbuurt\" href=\"https:\/\/www.google.com\/maps\/place\/Bomenbuurt,+Den+Haag,+The+Netherlands\/@52.0804555,4.2712969,16z\/data=!3m1!4b1!4m2!3m1!1s0x47c5b0dd1a408e13:0x8fea6e538eb18249?dg=dbrw&amp;newdg=1\" target=\"_blank\" rel=\"noopener\">Bomen<\/a> en <a title=\"Bloemenbuurt\" href=\"https:\/\/www.google.com\/maps\/place\/Bloemenbuurt-Oost,+Den+Haag,+The+Netherlands\/@52.077486,4.260968,15z\/data=!3m1!4b1!4m2!3m1!1s0x47c5b0e39ad7c867:0xfe53c7029d50327?dg=dbrw&amp;newdg=1\" target=\"_blank\" rel=\"noopener\">Bloemenbuurt<\/a><\/li>\n<li><a title=\"Den Haag Centrum\" href=\"https:\/\/www.google.com\/maps\/place\/The+Hague+Center,+The+Hague,+The+Netherlands\/@52.076598,4.3106734,13z\/data=!3m1!4b1!4m2!3m1!1s0x47c5b72c4e1fc797:0x3187c309df606953?dg=dbrw&amp;newdg=1\" target=\"_blank\" rel=\"noopener\">Centrum<\/a><\/li>\n<li><a title=\"Duinoord\" href=\"https:\/\/www.google.com\/maps\/place\/Duinoord,+Den+Haag,+The+Netherlands\/@52.0832789,4.2836446,16z\/data=!3m1!4b1!4m2!3m1!1s0x47c5b0cf9447852f:0xf7a773f5dff88805?dg=dbrw&amp;newdg=1\" target=\"_blank\" rel=\"noopener\">Duinoord<\/a><\/li>\n<li><a title=\"Regentessekwartier\" href=\"https:\/\/www.google.com\/maps\/search\/Regentessekwartier,+Den+Haag\/@52.074813,4.2973885,15z\/data=!3m1!4b1?dg=dbrw&amp;newdg=1\" target=\"_blank\" rel=\"noopener\">Regentessekwartier<\/a><\/li>\n<\/ul>\n<\/td>\n<td>\n<ul>\n<li><a title=\"Valkenboskwartier\" href=\"https:\/\/www.google.com\/maps\/place\/Valkenboskwartier,+Den+Haag,+The+Netherlands\/@52.0736899,4.276357,15z\/data=!3m1!4b1!4m2!3m1!1s0x47c5b0d8e3f94d71:0x422c4290490653c5?dg=dbrw&amp;newdg=1\" target=\"_blank\" rel=\"noopener\">Valkenboskwartier<\/a><\/li>\n<li><a title=\"Vruchtenbuurt\" href=\"https:\/\/www.google.com\/maps\/place\/Vruchtenbuurt,+2564+Den+Haag,+The+Netherlands\/@52.069051,4.2555609,16z\/data=!3m1!4b1!4m2!3m1!1s0x47c5b11cf491328f:0xbd6bd92c482a6642?dg=dbrw&amp;newdg=1\" target=\"_blank\" rel=\"noopener\">Vruchtenbuurt<\/a><\/li>\n<li><a title=\"Willemspark\" href=\"https:\/\/www.google.com\/maps\/place\/Willemspark,+Den+Haag,+The+Netherlands\/@52.0868189,4.308377,16z\/data=!3m1!4b1!4m2!3m1!1s0x47c5b731213e81c9:0xa7b212303542b7c?dg=dbrw&amp;newdg=1\" target=\"_blank\" rel=\"noopener\">Willemspark<\/a><\/li>\n<li><a title=\"Zeeheldenkwartier\" href=\"https:\/\/www.google.com\/maps\/place\/Zeeheldenkwartier,+Den+Haag,+The+Netherlands\/@52.0815759,4.2959465,15z\/data=!3m1!4b1!4m2!3m1!1s0x47c5b732a674cd11:0x2f60dc6190f0d0?dg=dbrw&amp;newdg=1\" target=\"_blank\" rel=\"noopener\">Zeeheldenkwartier<\/a><\/li>\n<li><a title=\"Zorgvliet\" href=\"https:\/\/www.google.com\/maps\/place\/Zorgvliet\/@52.0862924,4.2895832,15z\/data=!4m2!3m1!1s0x47c5b0c999788aed:0x1800612dede09607?dg=dbrw&amp;newdg=1\" target=\"_blank\" rel=\"noopener\">Zorgvliet<\/a><\/li>\n<\/ul>\n<\/td>\n<\/tr>\n<\/tbody>\n<\/table>\n<hr \/>\n<p><strong>Palabras clave<\/strong>: cierre patronal, bloqueado, llave, llave rota, cerradura rota, la sustituci\u00f3n de bloqueo perdido, bloqueado cilindro, el reemplazo, robo, entrar, robo, de 30 minutos, el servicio, de d\u00eda y de noche, fin de semana, vacaciones, Den Haag, La Haya, cerrajer\u00eda, servicio de cerradura, llave, cerradura, emergencia, tel: 0652333817<\/p>\n<div id=\"ez-toc-container\" class=\"ez-toc-v2_0_76 counter-hierarchy ez-toc-counter ez-toc-grey ez-toc-container-direction\">\n<div class=\"ez-toc-title-container\">\n<p class=\"ez-toc-title\" style=\"cursor:inherit\">Inhoudsopgave<\/p>\n<span class=\"ez-toc-title-toggle\"><a href=\"#\" class=\"ez-toc-pull-right ez-toc-btn ez-toc-btn-xs ez-toc-btn-default ez-toc-toggle\" aria-label=\"Toggle Table of Content\"><span class=\"ez-toc-js-icon-con\"><span class=\"\"><span class=\"eztoc-hide\" style=\"display:none;\">Toggle<\/span><span class=\"ez-toc-icon-toggle-span\"><svg style=\"fill: #999;color:#999\" xmlns=\"http:\/\/www.w3.org\/2000\/svg\" class=\"list-377408\" width=\"20px\" height=\"20px\" viewBox=\"0 0 24 24\" fill=\"none\"><path d=\"M6 6H4v2h2V6zm14 0H8v2h12V6zM4 11h2v2H4v-2zm16 0H8v2h12v-2zM4 16h2v2H4v-2zm16 0H8v2h12v-2z\" fill=\"currentColor\"><\/path><\/svg><svg style=\"fill: #999;color:#999\" class=\"arrow-unsorted-368013\" xmlns=\"http:\/\/www.w3.org\/2000\/svg\" width=\"10px\" height=\"10px\" viewBox=\"0 0 24 24\" version=\"1.2\" baseProfile=\"tiny\"><path d=\"M18.2 9.3l-6.2-6.3-6.2 6.3c-.2.2-.3.4-.3.7s.1.5.3.7c.2.2.4.3.7.3h11c.3 0 .5-.1.7-.3.2-.2.3-.5.3-.7s-.1-.5-.3-.7zM5.8 14.7l6.2 6.3 6.2-6.3c.2-.2.3-.5.3-.7s-.1-.5-.3-.7c-.2-.2-.4-.3-.7-.3h-11c-.3 0-.5.1-.7.3-.2.2-.3.5-.3.7s.1.5.3.7z\"\/><\/svg><\/span><\/span><\/span><\/a><\/span><\/div>\n<nav><ul class='ez-toc-list ez-toc-list-level-1 eztoc-toggle-hide-by-default' ><li class='ez-toc-page-1 ez-toc-heading-level-2'><a class=\"ez-toc-link ez-toc-heading-1\" href=\"https:\/\/slotenmaker-denhaag.nl\/es\/esta-bloqueado\/#%C2%BFEsta_bloqueado_Llaves_perdidas_Cerrado_a_cabo_%C2%BFEsta_roto_el_bloqueo_Hurto\" >\u00bfEst\u00e1 bloqueado? Llaves perdidas? Cerrado a cabo? \u00bfEst\u00e1 roto el bloqueo? Hurto?<\/a><ul class='ez-toc-list-level-3' ><li class='ez-toc-heading-level-3'><a class=\"ez-toc-link ez-toc-heading-2\" href=\"https:\/\/slotenmaker-denhaag.nl\/es\/esta-bloqueado\/#Tel_0652333817\" >Tel: 0652333817<\/a><ul class='ez-toc-list-level-4' ><li class='ez-toc-heading-level-4'><a class=\"ez-toc-link ez-toc-heading-3\" href=\"https:\/\/slotenmaker-denhaag.nl\/es\/esta-bloqueado\/#%C2%BF_Bloqueado_en_La_Haya_Podemos_llegar_a_los_30_minutos\" >\u00bf Bloqueado en La Haya ? Podemos llegar a los 30 minutos<\/a><\/li><li class='ez-toc-page-1 ez-toc-heading-level-4'><a class=\"ez-toc-link ez-toc-heading-4\" href=\"https:\/\/slotenmaker-denhaag.nl\/es\/esta-bloqueado\/#%C2%BFCual_sera_el_precio_de_abrir_mi_puerta_o_reemplazar_una_cerradura\" >\u00bfCu\u00e1l ser\u00e1 el precio de abrir mi puerta o reemplazar una cerradura?<\/a><\/li><\/ul><\/li><\/ul><\/li><\/ul><\/nav><\/div>\n","protected":false},"excerpt":{"rendered":"<p>\u00bfEst\u00e1 bloqueado? Llaves perdidas? Cerrado a cabo? \u00bfEst\u00e1 roto el bloqueo? Hurto? \u00bf Bloqueado ? \u00bfCu\u00e1nto tiempo se necesita un cerrajero para abrir mi puerta y cu\u00e1nto costar\u00e1? Le puede pasar a cualquiera: salir de la casa y cierras la puerta, y mientras que usted est\u00e1 cerrando la puerta te das cuenta que has olvidado [&hellip;]<\/p>\n","protected":false},"author":12,"featured_media":0,"parent":0,"menu_order":0,"comment_status":"closed","ping_status":"closed","template":"","meta":{"_acf_changed":false,"om_disable_all_campaigns":false,"footnotes":"","_wordproof_timestamp":false},"class_list":["post-696","page","type-page","status-publish","hentry"],"acf":[],"_links":{"self":[{"href":"https:\/\/slotenmaker-denhaag.nl\/es\/wp-json\/wp\/v2\/pages\/696","targetHints":{"allow":["GET"]}}],"collection":[{"href":"https:\/\/slotenmaker-denhaag.nl\/es\/wp-json\/wp\/v2\/pages"}],"about":[{"href":"https:\/\/slotenmaker-denhaag.nl\/es\/wp-json\/wp\/v2\/types\/page"}],"author":[{"embeddable":true,"href":"https:\/\/slotenmaker-denhaag.nl\/es\/wp-json\/wp\/v2\/users\/12"}],"replies":[{"embeddable":true,"href":"https:\/\/slotenmaker-denhaag.nl\/es\/wp-json\/wp\/v2\/comments?post=696"}],"version-history":[{"count":1,"href":"https:\/\/slotenmaker-denhaag.nl\/es\/wp-json\/wp\/v2\/pages\/696\/revisions"}],"predecessor-version":[{"id":31250,"href":"https:\/\/slotenmaker-denhaag.nl\/es\/wp-json\/wp\/v2\/pages\/696\/revisions\/31250"}],"wp:attachment":[{"href":"https:\/\/slotenmaker-denhaag.nl\/es\/wp-json\/wp\/v2\/media?parent=696"}],"curies":[{"name":"wp","href":"https:\/\/api.w.org\/{rel}","templated":true}]}}