{"id":871,"date":"2016-04-19T11:26:42","date_gmt":"2016-04-19T11:26:42","guid":{"rendered":"https:\/\/slotenmaker-denhaag.nl\/es\/locked-out-burglary-repairs-or-other-security-issues\/"},"modified":"2020-03-29T21:20:42","modified_gmt":"2020-03-29T19:20:42","slug":"bloqueado-robo-llave-perdida-reparaciones-otros-problemas-seguridad","status":"publish","type":"page","link":"https:\/\/slotenmaker-denhaag.nl\/es\/","title":{"rendered":"\u00bfBloqueado? \u00bfRobo? Llave perdida? Reparaciones, u otros problemas de seguridad?"},"content":{"rendered":"<h2><span class=\"ez-toc-section\" id=\"Cerrajeria_La_Haya_Slotenmaker_Den_Haag_SDH_mas_rapido_que_cualquier_otro_servicio_en_La_Haya\"><\/span><strong>Cerrajeria La Haya | Slotenmaker Den Haag (SDH):<\/strong> <em>m\u00e1s r\u00e1pido que cualquier otro servicio en La Haya!<\/em><span class=\"ez-toc-section-end\"><\/span><\/h2>\n<p><a href=\"https:\/\/slotenmaker-denhaag.nl\/wp-content\/uploads\/2016\/06\/Buitengesloten-buitensluiting-Slotenmaker-Den-Haag.jpg\"><img decoding=\"async\" class=\"responsive alignleft wp-image-2174 size-medium\" style=\"border: 2px solid #ff5206;\" src=\"https:\/\/slotenmaker-denhaag.nl\/wp-content\/uploads\/2016\/06\/Buitengesloten-buitensluiting-Slotenmaker-Den-Haag-300x245.jpg\" alt=\"Bloqueado en La Haya? Llamenos ahora: tel: 0652333817\" width=\"300\" height=\"245\" title=\"slotenmaker den haag\" srcset=\"https:\/\/slotenmaker-denhaag.nl\/wp-content\/uploads\/2016\/06\/Buitengesloten-buitensluiting-Slotenmaker-Den-Haag-300x245.jpg 300w, https:\/\/slotenmaker-denhaag.nl\/wp-content\/uploads\/2016\/06\/Buitengesloten-buitensluiting-Slotenmaker-Den-Haag.jpg 490w\" sizes=\"(max-width: 300px) 100vw, 300px\" \/><\/a>Bloqueado? \u00bfEstas buscando un cerrajero fiable y muy rapido en La Haya \/ Den Haag? \u00bfHa perdido sus llaves o olvidado ellos en el interior? Ha dado con la puerta en su vida? Su puedan confiar, en cualquier momento del d\u00eda o de la noche, en todo tiempo, en los fines de semana y d\u00edas festivos. Nuestro taller est\u00e1 abierto 24 horas al d\u00eda, 7 d\u00edas a la semana (24\/7). Nuestros servicios estan siempre disponibles para cualquier tipo de emergencia:<\/p>\n<ul>\n<li><em>Cierres patronales<\/em><\/li>\n<li><em>Abrir las puertas<\/em><\/li>\n<li><em>Apertura de cajas fuertes<\/em><\/li>\n<li><em>Cerraduras y cilindros quebrados o atascados<\/em><\/li>\n<li><em>Cambio de llaves o cilindros<\/em><\/li>\n<li><em>Soluciones a medida para su seguridad<\/em><\/li>\n<\/ul>\n<h3><span class=\"ez-toc-section\" id=\"%C2%BF_Bloqueado_%C2%BF_Cuanto_tiempo_tomara_para_que_el_tecnico_llegue\"><\/span><strong>\u00bf Bloqueado ? \u00bf Cu\u00e1nto tiempo tomar\u00e1 para que el t\u00e9cnico llegue ?<\/strong><span class=\"ez-toc-section-end\"><\/span><\/h3>\n<p>Nuestros t\u00e9cnicos estan con usted <em>en 30 minutos o menos! <\/em><span id=\"result_box\" class=\"\" tabindex=\"-1\" lang=\"es\">Si ha bloqueado a ti mismo, podemos abrir su puerta en pocos minutos!<\/span> Ll\u00e1menos directamente o utilizar nuestro formulario de contacto. Nuestro tel\u00e9fono de atenci\u00f3n es:<\/p>\n<h6><span class=\"ez-toc-section\" id=\"celular_06_52_333_817\"><\/span><span style=\"color: #000000;\"><strong>celular: <\/strong><\/span><span style=\"color: #ff6600;\"><a style=\"color: #ff6600;\" href=\"tel:0652333817\">06 52 333 817<\/a><\/span><span class=\"ez-toc-section-end\"><\/span><\/h6>\n<h6><span class=\"ez-toc-section\" id=\"telefono_fijo_070-2603817\"><\/span><span style=\"color: #000000;\"><strong>tel\u00e9fono fijo: <\/strong><\/span><span style=\"color: #ff6600;\"><a style=\"color: #ff6600;\" href=\"tel:0702603817\">070-2603817<\/a><\/span><span class=\"ez-toc-section-end\"><\/span><\/h6>\n<p>&nbsp;<\/p>\n<h4><span class=\"ez-toc-section\" id=\"Ofrecemos_un_servicio_muy_rapido_y_sin_cargo_para_llamadas_de_socorro\"><\/span><strong>Ofrecemos un servicio muy r\u00e1pido y sin cargo para llamadas de socorro!<\/strong><span class=\"ez-toc-section-end\"><\/span><\/h4>\n<p>Ofrecemos precios y tarifas claras. No hay cargos adicionales para las noches, fines de semana o d\u00edas festivos! Puede pagar en efectivo o usar su tarjeta de cr\u00e9dito. Si nuestros t\u00e9cnicos no consiguen abrir su puerta o reparar su bloqueo, no se le cobrar\u00e1!<\/p>\n<h4><span class=\"ez-toc-section\" id=\"5_anos_y_100_de_garantia_en_todos_productos_y_servicios_%E2%80%A6\"><\/span><strong>5 <span id=\"result_box\" class=\"short_text\" tabindex=\"-1\" lang=\"es\"><span class=\"\">a\u00f1os<\/span><\/span> y 100% de garant\u00eda en todos productos y servicios &#8230;<br \/>\n<\/strong><span class=\"ez-toc-section-end\"><\/span><\/h4>\n<p>Nuestros t\u00e9cnicos est\u00e1n certificados cerrajeros profesionales y expertos. Ellos van a abrir todas las puertas sin da\u00f1arlos indebidamente. Una abertura est\u00e1ndar sin da\u00f1os y sin sustituciones o reparaciones costar\u00e1 alrededor de \u20ac85.- (IVA incluido).<\/p>\n<p><strong><span id=\"result_box\" class=\"\" tabindex=\"-1\" lang=\"es\">Para evitar sorpresas, pedi siempre una estimaci\u00f3n!<\/span><\/strong><\/p>\n<p><strong>Slotenmaker Den Haag (SDH)<\/strong> es una empresa de cerrajer\u00eda integral y que hacer algo m\u00e1s que abrir las puertas y reemplazar los cilindros. Tambi\u00e9n podemos colocar nuevas cerraduras y cilindros, barras en las ventanas, el dise\u00f1o de una variedad de medidas de seguridad y les construir nosotros mismos, puertas a prueba de balas y poner en pr\u00e1ctica todo tipo de medidas de seguridad que mejoran notablemente su seguridad.<\/p>\n<h4><span class=\"ez-toc-section\" id=\"Solicitar_un_presupuesto_o_hacer_una_cita_06_52_333_817\"><\/span><strong>Solicitar un presupuesto o hacer una cita: <a href=\"tel:0652333817\">06 52 333 817<\/a><\/strong><span class=\"ez-toc-section-end\"><\/span><\/h4>\n<p>Debido al creciente n\u00famero de robos, robos, robos y cr\u00edmenes en La Haya tenemos una gran cantidad de preguntas acerca de la prevenci\u00f3n y la seguridad. \u00bfSabe usted que la colocaci\u00f3n de nuevas cerraduras de seguridad y cilindros con el certificado SKG *** puede reducir significativamente las posibilidades de un robo en casi un 90%?<\/p>\n<p>Ofrecemos una amplia gama de cerraduras y cilindros con el SKG *** certificado de seguridad y sabemos c\u00f3mo encajar estos materiales profesionalmente para asegurarse de que usted y sus objetos de valor est\u00e1n a salvo.<\/p>\n<p>\u00bfQuieres saber c\u00f3mo mejorar la seguridad de su hogar u oficina? Consulte nuestra p\u00e1gina sobre las medidas que puede tomar para prevenir o minimizar los riesgos. \u00bfLe gustar\u00eda saber cu\u00e1les son las posibilidades en su situaci\u00f3n? Pedir una evaluaci\u00f3n completamente libre de su propiedad:<\/p>\n<ul>\n<li><em>Slotenmaker Den Haag \/ Cerrajero La Haya<\/em><\/li>\n<li><em>Abierto 7 d\u00edas a la semana, 24\/7<\/em><\/li>\n<li><em>No se asuste! Estaremos con usted dentro de 30 minutos!<\/em><\/li>\n<li><em>Env\u00edenos un mensaje (texto): <a href=\"tel:0652333817\">06 52 333 817<\/a><\/em><\/li>\n<li><em>Hablar con nosotros directamente: <a href=\"tel:0652333817\">06 52 333 817<\/a><\/em><\/li>\n<li><em>P\u00f3ngase en contacto con nosotros en <span style=\"color: #99cc00;\">WhatsApp<\/span> &#8230;<\/em><\/li>\n<li><em>Utilice nuestro formulario de contacto para enviar fotos o hacer una cita<\/em><\/li>\n<\/ul>\n<div id=\"ez-toc-container\" class=\"ez-toc-v2_0_76 counter-hierarchy ez-toc-counter ez-toc-grey ez-toc-container-direction\">\n<div class=\"ez-toc-title-container\">\n<p class=\"ez-toc-title\" style=\"cursor:inherit\">Inhoudsopgave<\/p>\n<span class=\"ez-toc-title-toggle\"><a href=\"#\" class=\"ez-toc-pull-right ez-toc-btn ez-toc-btn-xs ez-toc-btn-default ez-toc-toggle\" aria-label=\"Toggle Table of Content\"><span class=\"ez-toc-js-icon-con\"><span class=\"\"><span class=\"eztoc-hide\" style=\"display:none;\">Toggle<\/span><span class=\"ez-toc-icon-toggle-span\"><svg style=\"fill: #999;color:#999\" xmlns=\"http:\/\/www.w3.org\/2000\/svg\" class=\"list-377408\" width=\"20px\" height=\"20px\" viewBox=\"0 0 24 24\" fill=\"none\"><path d=\"M6 6H4v2h2V6zm14 0H8v2h12V6zM4 11h2v2H4v-2zm16 0H8v2h12v-2zM4 16h2v2H4v-2zm16 0H8v2h12v-2z\" fill=\"currentColor\"><\/path><\/svg><svg style=\"fill: #999;color:#999\" class=\"arrow-unsorted-368013\" xmlns=\"http:\/\/www.w3.org\/2000\/svg\" width=\"10px\" height=\"10px\" viewBox=\"0 0 24 24\" version=\"1.2\" baseProfile=\"tiny\"><path d=\"M18.2 9.3l-6.2-6.3-6.2 6.3c-.2.2-.3.4-.3.7s.1.5.3.7c.2.2.4.3.7.3h11c.3 0 .5-.1.7-.3.2-.2.3-.5.3-.7s-.1-.5-.3-.7zM5.8 14.7l6.2 6.3 6.2-6.3c.2-.2.3-.5.3-.7s-.1-.5-.3-.7c-.2-.2-.4-.3-.7-.3h-11c-.3 0-.5.1-.7.3-.2.2-.3.5-.3.7s.1.5.3.7z\"\/><\/svg><\/span><\/span><\/span><\/a><\/span><\/div>\n<nav><ul class='ez-toc-list ez-toc-list-level-1 eztoc-toggle-hide-by-default' ><li class='ez-toc-page-1 ez-toc-heading-level-2'><a class=\"ez-toc-link ez-toc-heading-1\" href=\"https:\/\/slotenmaker-denhaag.nl\/es\/#Cerrajeria_La_Haya_Slotenmaker_Den_Haag_SDH_mas_rapido_que_cualquier_otro_servicio_en_La_Haya\" >Cerrajeria La Haya | Slotenmaker Den Haag (SDH): m\u00e1s r\u00e1pido que cualquier otro servicio en La Haya!<\/a><ul class='ez-toc-list-level-3' ><li class='ez-toc-heading-level-3'><a class=\"ez-toc-link ez-toc-heading-2\" href=\"https:\/\/slotenmaker-denhaag.nl\/es\/#%C2%BF_Bloqueado_%C2%BF_Cuanto_tiempo_tomara_para_que_el_tecnico_llegue\" >\u00bf Bloqueado ? \u00bf Cu\u00e1nto tiempo tomar\u00e1 para que el t\u00e9cnico llegue ?<\/a><ul class='ez-toc-list-level-6' ><li class='ez-toc-heading-level-6'><ul class='ez-toc-list-level-6' ><li class='ez-toc-heading-level-6'><ul class='ez-toc-list-level-6' ><li class='ez-toc-heading-level-6'><a class=\"ez-toc-link ez-toc-heading-3\" href=\"https:\/\/slotenmaker-denhaag.nl\/es\/#celular_06_52_333_817\" >celular: 06 52 333 817<\/a><\/li><li class='ez-toc-page-1 ez-toc-heading-level-6'><a class=\"ez-toc-link ez-toc-heading-4\" href=\"https:\/\/slotenmaker-denhaag.nl\/es\/#telefono_fijo_070-2603817\" >tel\u00e9fono fijo: 070-2603817<\/a><\/li><\/ul><\/li><\/ul><\/li><li class='ez-toc-page-1 ez-toc-heading-level-4'><a class=\"ez-toc-link ez-toc-heading-5\" href=\"https:\/\/slotenmaker-denhaag.nl\/es\/#Ofrecemos_un_servicio_muy_rapido_y_sin_cargo_para_llamadas_de_socorro\" >Ofrecemos un servicio muy r\u00e1pido y sin cargo para llamadas de socorro!<\/a><\/li><li class='ez-toc-page-1 ez-toc-heading-level-4'><a class=\"ez-toc-link ez-toc-heading-6\" href=\"https:\/\/slotenmaker-denhaag.nl\/es\/#5_anos_y_100_de_garantia_en_todos_productos_y_servicios_%E2%80%A6\" >5 a\u00f1os y 100% de garant\u00eda en todos productos y servicios &#8230;<\/a><\/li><li class='ez-toc-page-1 ez-toc-heading-level-4'><a class=\"ez-toc-link ez-toc-heading-7\" href=\"https:\/\/slotenmaker-denhaag.nl\/es\/#Solicitar_un_presupuesto_o_hacer_una_cita_06_52_333_817\" >Solicitar un presupuesto o hacer una cita: 06 52 333 817<\/a><\/li><\/ul><\/li><\/ul><\/li><\/ul><\/nav><\/div>\n","protected":false},"excerpt":{"rendered":"<p>Cerrajeria La Haya | Slotenmaker Den Haag (SDH): m\u00e1s r\u00e1pido que cualquier otro servicio en La Haya! Bloqueado? \u00bfEstas buscando un cerrajero fiable y muy rapido en La Haya \/ Den Haag? \u00bfHa perdido sus llaves o olvidado ellos en el interior? Ha dado con la puerta en su vida? Su puedan confiar, en cualquier [&hellip;]<\/p>\n","protected":false},"author":12,"featured_media":0,"parent":0,"menu_order":1,"comment_status":"closed","ping_status":"closed","template":"","meta":{"_acf_changed":false,"om_disable_all_campaigns":false,"footnotes":"","_wordproof_timestamp":false},"class_list":["post-871","page","type-page","status-publish","hentry"],"acf":[],"_links":{"self":[{"href":"https:\/\/slotenmaker-denhaag.nl\/es\/wp-json\/wp\/v2\/pages\/871","targetHints":{"allow":["GET"]}}],"collection":[{"href":"https:\/\/slotenmaker-denhaag.nl\/es\/wp-json\/wp\/v2\/pages"}],"about":[{"href":"https:\/\/slotenmaker-denhaag.nl\/es\/wp-json\/wp\/v2\/types\/page"}],"author":[{"embeddable":true,"href":"https:\/\/slotenmaker-denhaag.nl\/es\/wp-json\/wp\/v2\/users\/12"}],"replies":[{"embeddable":true,"href":"https:\/\/slotenmaker-denhaag.nl\/es\/wp-json\/wp\/v2\/comments?post=871"}],"version-history":[{"count":0,"href":"https:\/\/slotenmaker-denhaag.nl\/es\/wp-json\/wp\/v2\/pages\/871\/revisions"}],"wp:attachment":[{"href":"https:\/\/slotenmaker-denhaag.nl\/es\/wp-json\/wp\/v2\/media?parent=871"}],"curies":[{"name":"wp","href":"https:\/\/api.w.org\/{rel}","templated":true}]}}