{"id":3766,"date":"2016-05-02T11:16:34","date_gmt":"2016-05-02T11:16:34","guid":{"rendered":"https:\/\/slotenmaker-denhaag.nl\/fr\/tarieven-prijzen\/"},"modified":"2017-04-14T12:07:44","modified_gmt":"2017-04-14T12:07:44","slug":"serrurier-la-haye-tarifs-prix","status":"publish","type":"page","link":"https:\/\/slotenmaker-denhaag.nl\/fr\/serrurier-la-haye-tarifs-prix\/","title":{"rendered":"Tarifs &#038; Prix | Serrurier La Haye\u2122"},"content":{"rendered":"<h2><span class=\"ez-toc-section\" id=\"Notre_Tarifs_Prix_Serrurier_La_Haye%E2%84%A2\"><\/span><span style=\"color: #ff6600;\">Notre Tarifs &amp; Prix | Serrurier La Haye\u2122<br \/>\n<\/span><span class=\"ez-toc-section-end\"><\/span><\/h2>\n<p style=\"padding-left: 30px;\"><span id=\"result_box\" class=\"\" lang=\"fr\" tabindex=\"-1\"><span class=\"\">Pour comprendre nos tarifs \/ prix il ya quelques choses que vous devez savoir:<\/span> <span class=\"\">chez <strong>Serrurier La Haye\u2122<\/strong>, nous comprenons le besoin de transparence.<\/span> <span class=\"\">Vous, notre estim\u00e9 client, avez le droit de savoir comment nous d\u00e9terminons les prix que nous facturons.<\/span> <span class=\"\">Et vous devez savoir afin de faire un choix \u00e9clair\u00e9.<\/span> <span class=\"\">Mais il n&#8217;est pas toujours facile de vous donner une estimation pr\u00e9cise &#8230;<\/span><br \/>\n<\/span><\/p>\n<h3><span class=\"ez-toc-section\" id=\"Distance_Temps\"><\/span>Distance &amp; Temps<span id=\"result_box\" class=\"\" lang=\"fr\" tabindex=\"-1\"><\/span><br \/>\n<span id=\"result_box\" class=\"\" lang=\"fr\" tabindex=\"-1\"><\/span><span class=\"ez-toc-section-end\"><\/span><\/h3>\n<p style=\"padding-left: 30px;\"><a href=\"https:\/\/slotenmaker-denhaag.nl\/wp-content\/uploads\/Serrurier-La-Haye-Locksmith-The-Hague-Prix-Tarifs.jpg\"><img decoding=\"async\" class=\"responsive alignleft wp-image-6837 size-medium\" src=\"https:\/\/slotenmaker-denhaag.nl\/wp-content\/uploads\/Serrurier-La-Haye-Locksmith-The-Hague-Prix-Tarifs-300x164.jpg\" alt=\"Serrurier La Haye Locksmith The Hague Prix Tarifs\" width=\"300\" height=\"164\" title=\"slotenmaker den haag\" srcset=\"https:\/\/slotenmaker-denhaag.nl\/wp-content\/uploads\/Serrurier-La-Haye-Locksmith-The-Hague-Prix-Tarifs-300x164.jpg 300w, https:\/\/slotenmaker-denhaag.nl\/wp-content\/uploads\/Serrurier-La-Haye-Locksmith-The-Hague-Prix-Tarifs.jpg 600w\" sizes=\"(max-width: 300px) 100vw, 300px\" \/><\/a><span id=\"result_box\" class=\"\" lang=\"fr\" tabindex=\"-1\"><span class=\"\">Les prix peuvent varier<\/span> consid\u00e9rablement en fonction de la distance que le m\u00e9canicien <span class=\"\">de venir avec<\/span> vous et l&#8217;heure du jour ou de la nuit: il suffit de penser le cauchemar <span class=\"\">des embouteillages<\/span> et les travaux routiers qui rendent difficile dans le promis 30 minutes <span class=\"\">pour vous<\/span>. <\/span><span class=\"\">Afin d&#8217;\u00eatre<\/span> en mesure d&#8217;obtenir, nous pr\u00e9f\u00e9rons travailler autant que possible <span class=\"\">sur le plan local<\/span> dans le temps nomm\u00e9 \u00e0 un client. Les clients dans des endroits o\u00f9 nous <span class=\"\">ne sommes pas<\/span> en mesure d&#8217;arriver dans les 30 minutes vis\u00e9es \u00e0 des coll\u00e8gues. Pour cette raison, nous offrons jusqu&#8217;\u00e0 15% dans certaines r\u00e9gions.<em>\u00a0<\/em><a href=\"#Korting\"><span id=\"result_box\" class=\"\" lang=\"fr\" tabindex=\"-1\">Voyez si vous \u00eates admissible \u00e0 un droit d&#8217;escompte<\/span> &#8230;<\/a><\/p>\n<h4><span class=\"ez-toc-section\" id=\"Qualite_des_Materiaux\"><\/span><span id=\"result_box\" class=\"short_text\" lang=\"fr\" tabindex=\"-1\">Qualit\u00e9 des Mat\u00e9riaux<\/span><span class=\"ez-toc-section-end\"><\/span><\/h4>\n<p style=\"padding-left: 30px;\"><span id=\"result_box\" class=\"\" lang=\"fr\" tabindex=\"-1\">Le prix des mati\u00e8res peut varier consid\u00e9rablement en fonction de la qualit\u00e9 et l&#8217;apparence (par exemple anodis\u00e9 garnitures de portes \/ acier inoxydable \/ laiton). SKG approuv\u00e9 cylindres profil\u00e9s sont disponibles en diff\u00e9rentes longueurs et de la qualit\u00e9 <span class=\"\">(indiqu\u00e9e par<\/span> SKG *, **, ***), et nous pouvons aussi vous fournir des <span class=\"\">bouteilles certifi\u00e9es<\/span> <span class=\"\">que les cl\u00e9s<\/span> ne peuvent \u00eatre copi\u00e9s par le titulaire de la carte. <\/span>Un SKG <span class=\"\">standard<\/span> <span class=\"\">**<\/span> cylindre \u00e0 partir de \u20ac 35, &#8211; (DOM Oxloc) et un cylindre de certificat co\u00fbte Assa-Abloy<span class=\"\">, en moyenne<\/span> \u20ac 285, &#8211; Il est pas surprenant que les clients voient <span class=\"\">d&#8217;\u00e9normes diff\u00e9rences dans<\/span> les offres d&#8217;entre eux obtenir diff\u00e9rents serruriers. Il est ennuyeux qu&#8217;il ya <span class=\"\">tellement de choix<\/span> que les clients pour les arbres pour voir la for\u00eat.<\/p>\n<h4><span class=\"ez-toc-section\" id=\"Toujours_demander_a_lavance_pour_un_prix\"><\/span><span id=\"result_box\" class=\"short_text\" lang=\"fr\" tabindex=\"-1\">Toujours demander \u00e0 l&#8217;avance pour un prix!<\/span><span class=\"ez-toc-section-end\"><\/span><\/h4>\n<p style=\"padding-left: 30px;\"><span id=\"result_box\" class=\"\" lang=\"fr\" tabindex=\"-1\">Nos ing\u00e9nieurs donnent aussi loin que possible \u00e0 l&#8217;avance une estimation des co\u00fbts. C&#8217;est beaucoup plus facile si vous pouvez nous fournir des informations claires sur le type de serrure \/ cylindre \/ porte et la situation dans son ensemble. Sur la base de photographies, nous pouvons mieux et plus rapidement former une image claire de ce que vous avez besoin, o\u00f9 vous \u00eates et ce que nous pouvons faire pour vous. Ce que vous pouvez utiliser notre formulaire de contact.<\/span><\/p>\n<h4><span class=\"ez-toc-section\" id=\"Les_tarifs_prix_de_Serrurier_La_Haye\"><\/span>Les tarifs \/ prix de Serrurier La Haye:<span class=\"ez-toc-section-end\"><\/span><\/h4>\n<table class=\"blue\">\n<thead>\n<tr>\n<th style=\"text-align: center;\">MATERIAUX \/ TRAVAIL<\/th>\n<th style=\"text-align: center;\">\u00b1 TARIFS \/ <span id=\"result_box\" class=\"short_text\" lang=\"fr\" tabindex=\"-1\">PRIX MOYEN (INDICATIVE)<\/span><\/th>\n<\/tr>\n<\/thead>\n<tbody>\n<tr>\n<td><span id=\"result_box\" class=\"short_text\" lang=\"fr\" tabindex=\"-1\">Ouverture de porte<\/span><\/td>\n<td>\u20ac 85.- \/ \u20ac 105.-<\/td>\n<\/tr>\n<tr>\n<td><span id=\"result_box\" class=\"short_text\" lang=\"fr\" tabindex=\"-1\">Nouveau cylindre<\/span><\/td>\n<td>\u20ac 45.- \/ \u20ac 125.- (s<span id=\"result_box\" class=\"short_text\" lang=\"fr\" tabindex=\"-1\">elon la taille et la qualit\u00e9<\/span>)<\/td>\n<\/tr>\n<tr>\n<td>YALE serrure<\/td>\n<td>\u20ac 125.- \/ \u20ac 145.- (+ <span id=\"result_box\" class=\"short_text\" lang=\"fr\" tabindex=\"-1\">en cas d&#8217;am\u00e9liorations<\/span>)<\/td>\n<\/tr>\n<tr>\n<td>LIPS serrure<\/td>\n<td>\u20ac 245.- \/ \u20ac 295.-<\/td>\n<\/tr>\n<tr>\n<td>Serrure &#8220;Penslot&#8221; remplacement<\/td>\n<td>\u20ac 45.- (1x)<\/td>\n<\/tr>\n<tr>\n<td>Penslot nouveau<\/td>\n<td>\u20ac 85.-<\/td>\n<\/tr>\n<tr>\n<td><span id=\"result_box\" class=\"short_text\" lang=\"fr\" tabindex=\"-1\">Frais d&#8217;appel<\/span>*<\/td>\n<td>\u20ac 65.- (v<span id=\"result_box\" class=\"short_text\" lang=\"fr\" tabindex=\"-1\">oir conditions g\u00e9n\u00e9rales<\/span>)<\/td>\n<\/tr>\n<tr>\n<td><span id=\"result_box\" class=\"short_text\" lang=\"fr\" tabindex=\"-1\">R\u00e9paration sur site<\/span><\/td>\n<td>\u20ac 65.- \/ \u20ac 85.-<\/td>\n<\/tr>\n<tr>\n<td><span id=\"result_box\" class=\"short_text\" lang=\"fr\" tabindex=\"-1\">Haute s\u00e9curit\u00e9<\/span> &#8220;Kerntrekbeveiliging&#8221; SKG<\/td>\n<td>\u20ac 65.- \/ \u20ac 95.- (m<span id=\"result_box\" class=\"short_text\" lang=\"fr\" tabindex=\"-1\">od\u00e8les sp\u00e9ciaux plus chers<\/span>)<\/td>\n<\/tr>\n<tr>\n<td>De Sluitkom\u2122<\/td>\n<td>\u20ac 225.- \u20ac 245 (dependant situation)<\/td>\n<\/tr>\n<tr>\n<td>Ouverture de V\u00e9lo<\/td>\n<td>\u20ac 45.- (Centre de Ville)<\/td>\n<\/tr>\n<tr>\n<td style=\"background-color: #c2d1f0;\" colspan=\"2\">\n<h5><span class=\"ez-toc-section\" id=\"Les_tarifs_prix_mentionnes_ci-dessus_et_ceux_dailleurs_sur_ce_site_sont_donnees_qua_titre_indicatif_Prix_et_Aucun_droit_ne_peut_etre_tire_Les_prix_peuvent_varier_en_fonction_de_la_situation_locale_A_la_discretion_de_lingenieur_Nous_allons_en_tout_cas_tout_notre_possible_pour_maintenir_nos_prix_cibles_Tous_les_prix_incluent_la_TVA_21_le_travail_et_5_ans_de_garantie_Dans_les_cas_tres_urgents_pourraient_augmenter_les_prix_dependent_de_la_foule_Cela_est_clairement_indique_a_lavance_par_le_technicien_Toutes_les_reunions_les_accords_verbaux_sur_le_telephone_sont_valides_et_executoires_Peut_appeler_au_large_mais_au_moins_30_minutes_a_lavance_les_frais_appelez-out_sont_calcules_differemment_voir_conditions_sur_le_site\"><\/span><strong><span id=\"result_box\" class=\"\" lang=\"fr\" tabindex=\"-1\">Les tarifs \/ prix mentionn\u00e9s ci-dessus et ceux d&#8217;ailleurs sur ce site sont donn\u00e9es qu&#8217;\u00e0 titre indicatif. Prix et Aucun droit ne peut \u00eatre tir\u00e9! Les prix peuvent varier en fonction de la situation locale. \u00c0 la discr\u00e9tion de l&#8217;ing\u00e9nieur. Nous allons en tout cas tout notre possible pour maintenir nos prix cibles. Tous les prix incluent la TVA (21%), le travail et 5 ans de garantie. Dans les cas tr\u00e8s urgents pourraient augmenter les prix d\u00e9pendent de la foule. Cela est clairement indiqu\u00e9 \u00e0 l&#8217;avance par le technicien. <span class=\"\">Toutes les r\u00e9unions<\/span>, les accords verbaux sur le t\u00e9l\u00e9phone, sont valides et ex\u00e9cutoires. Peut appeler <span class=\"\">au large<\/span><span class=\"\">, mais<\/span> <span class=\"\">au moins 30 minutes<\/span> <span class=\"\">\u00e0 l&#8217;avance<\/span><span class=\"\">, les frais<\/span> appelez-out sont calcul\u00e9s diff\u00e9remment (<a href=\"https:\/\/slotenmaker-denhaag.nl\/fr\/conditions-generales\/\">voir conditions sur le site.<\/a>)<\/span><\/strong><span class=\"ez-toc-section-end\"><\/span><\/h5>\n<\/td>\n<\/tr>\n<\/tbody>\n<\/table>\n<p><a name=\"Korting\"><\/a><\/p>\n<table class=\"standaard\">\n<tbody>\n<tr>\n<th style=\"text-align: center;\" colspan=\"2\"><strong><span id=\"result_box\" class=\"short_text\" lang=\"fr\" tabindex=\"-1\">Dans certaines r\u00e9gions, jusqu&#8217;\u00e0 15% de r\u00e9duction!<\/span><\/strong><\/th>\n<\/tr>\n<tr>\n<td style=\"text-align: center;\"><a href=\"https:\/\/www.google.com\/maps\/place\/Archipelbuurt,+Den+Haag,+The+Netherlands\/@52.0924694,4.303229,15z\/data=!3m1!4b1!4m2!3m1!1s0x47c5b749f629e043:0x6b1987da69c97021?dg=dbrw&amp;newdg=1\" target=\"_blank\" rel=\"noopener\">Archipelbuurt<\/a><\/td>\n<td style=\"text-align: center;\"><a title=\"Regentessekwartier\" href=\"https:\/\/www.google.com\/maps\/search\/Regentessekwartier,+Den+Haag\/@52.074813,4.2973885,15z\/data=!3m1!4b1?dg=dbrw&amp;newdg=1\" target=\"_blank\" rel=\"noopener\">Regentessekwartier<\/a><\/td>\n<\/tr>\n<tr>\n<td style=\"text-align: center;\"><a title=\"Bomenbuurt\" href=\"https:\/\/www.google.com\/maps\/place\/Bomenbuurt,+Den+Haag,+The+Netherlands\/@52.0804555,4.2712969,16z\/data=!3m1!4b1!4m2!3m1!1s0x47c5b0dd1a408e13:0x8fea6e538eb18249?dg=dbrw&amp;newdg=1\" target=\"_blank\" rel=\"noopener\">Bomenbuurt<\/a><\/td>\n<td style=\"text-align: center;\"><a title=\"Valkenboskwartier\" href=\"https:\/\/www.google.com\/maps\/place\/Valkenboskwartier,+Den+Haag,+The+Netherlands\/@52.0736899,4.276357,15z\/data=!3m1!4b1!4m2!3m1!1s0x47c5b0d8e3f94d71:0x422c4290490653c5?dg=dbrw&amp;newdg=1\" target=\"_blank\" rel=\"noopener\">Valkenboskwartier<\/a><\/td>\n<\/tr>\n<tr>\n<td style=\"text-align: center;\"><a title=\"Bloemenbuurt\" href=\"https:\/\/www.google.com\/maps\/place\/Bloemenbuurt-Oost,+Den+Haag,+The+Netherlands\/@52.077486,4.260968,15z\/data=!3m1!4b1!4m2!3m1!1s0x47c5b0e39ad7c867:0xfe53c7029d50327?dg=dbrw&amp;newdg=1\" target=\"_blank\" rel=\"noopener\">Bloemenbuurt<\/a><\/td>\n<td style=\"text-align: center;\"><a title=\"Vruchtenbuurt\" href=\"https:\/\/www.google.com\/maps\/place\/Vruchtenbuurt,+2564+Den+Haag,+The+Netherlands\/@52.069051,4.2555609,16z\/data=!3m1!4b1!4m2!3m1!1s0x47c5b11cf491328f:0xbd6bd92c482a6642?dg=dbrw&amp;newdg=1\" target=\"_blank\" rel=\"noopener\">Vruchtenbuurt<\/a><\/td>\n<\/tr>\n<tr>\n<td style=\"text-align: center;\"><a title=\"Den Haag Centrum\" href=\"https:\/\/www.google.com\/maps\/place\/The+Hague+Center,+The+Hague,+The+Netherlands\/@52.076598,4.3106734,13z\/data=!3m1!4b1!4m2!3m1!1s0x47c5b72c4e1fc797:0x3187c309df606953?dg=dbrw&amp;newdg=1\" target=\"_blank\" rel=\"noopener\">Centrum<\/a><\/td>\n<td style=\"text-align: center;\"><a title=\"Willemspark\" href=\"https:\/\/www.google.com\/maps\/place\/Willemspark,+Den+Haag,+The+Netherlands\/@52.0868189,4.308377,16z\/data=!3m1!4b1!4m2!3m1!1s0x47c5b731213e81c9:0xa7b212303542b7c?dg=dbrw&amp;newdg=1\" target=\"_blank\" rel=\"noopener\">Willemspark<\/a><\/td>\n<\/tr>\n<tr>\n<td style=\"text-align: center;\"><a title=\"Duinoord\" href=\"https:\/\/www.google.com\/maps\/place\/Duinoord,+Den+Haag,+The+Netherlands\/@52.0832789,4.2836446,16z\/data=!3m1!4b1!4m2!3m1!1s0x47c5b0cf9447852f:0xf7a773f5dff88805?dg=dbrw&amp;newdg=1\" target=\"_blank\" rel=\"noopener\">Duinoord<\/a><\/td>\n<td style=\"text-align: center;\"><a title=\"Zeeheldenkwartier\" href=\"https:\/\/www.google.com\/maps\/place\/Zeeheldenkwartier,+Den+Haag,+The+Netherlands\/@52.0815759,4.2959465,15z\/data=!3m1!4b1!4m2!3m1!1s0x47c5b732a674cd11:0x2f60dc6190f0d0?dg=dbrw&amp;newdg=1\" target=\"_blank\" rel=\"noopener\">Zeeheldenkwartier<\/a><\/td>\n<\/tr>\n<tr>\n<td style=\"text-align: center;\"><a title=\"Houtwijk\" href=\"https:\/\/www.google.nl\/maps\/place\/Houtwijk,+The+Hague\/@52.0532542,4.2330419,14z\/data=!3m1!4b1!4m5!3m4!1s0x47c5b10d09c2a6a5:0x6b726c3a79147064!8m2!3d52.0550363!4d4.2503105?hl=en&amp;shorturl=1&amp;dg=dbrw&amp;newdg=1\" target=\"_blank\" rel=\"noopener\">Houtwijk<\/a><\/td>\n<td style=\"text-align: center;\"><a title=\"Zorgvliet\" href=\"https:\/\/www.google.com\/maps\/place\/Zorgvliet\/@52.0862924,4.2895832,15z\/data=!4m2!3m1!1s0x47c5b0c999788aed:0x1800612dede09607?dg=dbrw&amp;newdg=1\" target=\"_blank\" rel=\"noopener\">Zorgvliet<\/a><\/td>\n<\/tr>\n<tr>\n<td style=\"background-color: #fddfca;\" colspan=\"2\">\n<h5><span class=\"ez-toc-section\" id=\"Important_en_offrant_des_rabais_dans_les_domaines_ci-dessus_nous_esperons_encourager_le_patronage_local_Ainsi_on_raccourcit_les_distances_parcourues_par_nos_techniciens_Ainsi_nous_economisons_lenvironnement_Nous_abregeons_aussi_des_moments_aanrijd_Voir_ici_pour_notre_politique_environnementale\"><\/span><strong><span style=\"color: #ff6600;\"><span id=\"result_box\" class=\"\" lang=\"fr\" tabindex=\"-1\">Important: en offrant des rabais dans les domaines ci-dessus, nous esp\u00e9rons encourager le patronage local. Ainsi, on raccourcit les distances parcourues par nos techniciens. Ainsi, nous \u00e9conomisons l&#8217;environnement. Nous abr\u00e9geons aussi des moments aanrijd.<\/span><span id=\"result_box\" class=\"\" lang=\"fr\" tabindex=\"-1\"> <\/span><a style=\"color: #ff6600;\" href=\"https:\/\/slotenmaker-denhaag.nl\/milieu-recycling-hergebruik\/\"><em><span id=\"result_box\" class=\"\" lang=\"fr\" tabindex=\"-1\"><\/span><span id=\"result_box\" class=\"\" lang=\"fr\" tabindex=\"-1\">Voir ici pour notre politique environnementale.<\/span><\/em><\/a><\/span><\/strong><span class=\"ez-toc-section-end\"><\/span><\/h5>\n<\/td>\n<\/tr>\n<\/tbody>\n<\/table>\n<p>&nbsp;<\/p>\n<div id=\"ez-toc-container\" class=\"ez-toc-v2_0_76 counter-hierarchy ez-toc-counter ez-toc-grey ez-toc-container-direction\">\n<div class=\"ez-toc-title-container\">\n<p class=\"ez-toc-title\" style=\"cursor:inherit\">Inhoudsopgave<\/p>\n<span class=\"ez-toc-title-toggle\"><a href=\"#\" class=\"ez-toc-pull-right ez-toc-btn ez-toc-btn-xs ez-toc-btn-default ez-toc-toggle\" aria-label=\"Toggle Table of Content\"><span class=\"ez-toc-js-icon-con\"><span class=\"\"><span class=\"eztoc-hide\" style=\"display:none;\">Toggle<\/span><span class=\"ez-toc-icon-toggle-span\"><svg style=\"fill: #999;color:#999\" xmlns=\"http:\/\/www.w3.org\/2000\/svg\" class=\"list-377408\" width=\"20px\" height=\"20px\" viewBox=\"0 0 24 24\" fill=\"none\"><path d=\"M6 6H4v2h2V6zm14 0H8v2h12V6zM4 11h2v2H4v-2zm16 0H8v2h12v-2zM4 16h2v2H4v-2zm16 0H8v2h12v-2z\" fill=\"currentColor\"><\/path><\/svg><svg style=\"fill: #999;color:#999\" class=\"arrow-unsorted-368013\" xmlns=\"http:\/\/www.w3.org\/2000\/svg\" width=\"10px\" height=\"10px\" viewBox=\"0 0 24 24\" version=\"1.2\" baseProfile=\"tiny\"><path d=\"M18.2 9.3l-6.2-6.3-6.2 6.3c-.2.2-.3.4-.3.7s.1.5.3.7c.2.2.4.3.7.3h11c.3 0 .5-.1.7-.3.2-.2.3-.5.3-.7s-.1-.5-.3-.7zM5.8 14.7l6.2 6.3 6.2-6.3c.2-.2.3-.5.3-.7s-.1-.5-.3-.7c-.2-.2-.4-.3-.7-.3h-11c-.3 0-.5.1-.7.3-.2.2-.3.5-.3.7s.1.5.3.7z\"\/><\/svg><\/span><\/span><\/span><\/a><\/span><\/div>\n<nav><ul class='ez-toc-list ez-toc-list-level-1 eztoc-toggle-hide-by-default' ><li class='ez-toc-page-1 ez-toc-heading-level-2'><a class=\"ez-toc-link ez-toc-heading-1\" href=\"https:\/\/slotenmaker-denhaag.nl\/fr\/serrurier-la-haye-tarifs-prix\/#Notre_Tarifs_Prix_Serrurier_La_Haye%E2%84%A2\" >Notre Tarifs &amp; Prix | Serrurier La Haye\u2122<\/a><ul class='ez-toc-list-level-3' ><li class='ez-toc-heading-level-3'><a class=\"ez-toc-link ez-toc-heading-2\" href=\"https:\/\/slotenmaker-denhaag.nl\/fr\/serrurier-la-haye-tarifs-prix\/#Distance_Temps\" >Distance &amp; Temps<\/a><ul class='ez-toc-list-level-4' ><li class='ez-toc-heading-level-4'><a class=\"ez-toc-link ez-toc-heading-3\" href=\"https:\/\/slotenmaker-denhaag.nl\/fr\/serrurier-la-haye-tarifs-prix\/#Qualite_des_Materiaux\" >Qualit\u00e9 des Mat\u00e9riaux<\/a><\/li><li class='ez-toc-page-1 ez-toc-heading-level-4'><a class=\"ez-toc-link ez-toc-heading-4\" href=\"https:\/\/slotenmaker-denhaag.nl\/fr\/serrurier-la-haye-tarifs-prix\/#Toujours_demander_a_lavance_pour_un_prix\" >Toujours demander \u00e0 l&#8217;avance pour un prix!<\/a><\/li><li class='ez-toc-page-1 ez-toc-heading-level-4'><a class=\"ez-toc-link ez-toc-heading-5\" href=\"https:\/\/slotenmaker-denhaag.nl\/fr\/serrurier-la-haye-tarifs-prix\/#Les_tarifs_prix_de_Serrurier_La_Haye\" >Les tarifs \/ prix de Serrurier La Haye:<\/a><ul class='ez-toc-list-level-5' ><li class='ez-toc-heading-level-5'><a class=\"ez-toc-link ez-toc-heading-6\" href=\"https:\/\/slotenmaker-denhaag.nl\/fr\/serrurier-la-haye-tarifs-prix\/#Les_tarifs_prix_mentionnes_ci-dessus_et_ceux_dailleurs_sur_ce_site_sont_donnees_qua_titre_indicatif_Prix_et_Aucun_droit_ne_peut_etre_tire_Les_prix_peuvent_varier_en_fonction_de_la_situation_locale_A_la_discretion_de_lingenieur_Nous_allons_en_tout_cas_tout_notre_possible_pour_maintenir_nos_prix_cibles_Tous_les_prix_incluent_la_TVA_21_le_travail_et_5_ans_de_garantie_Dans_les_cas_tres_urgents_pourraient_augmenter_les_prix_dependent_de_la_foule_Cela_est_clairement_indique_a_lavance_par_le_technicien_Toutes_les_reunions_les_accords_verbaux_sur_le_telephone_sont_valides_et_executoires_Peut_appeler_au_large_mais_au_moins_30_minutes_a_lavance_les_frais_appelez-out_sont_calcules_differemment_voir_conditions_sur_le_site\" >Les tarifs \/ prix mentionn\u00e9s ci-dessus et ceux d&#8217;ailleurs sur ce site sont donn\u00e9es qu&#8217;\u00e0 titre indicatif. Prix et Aucun droit ne peut \u00eatre tir\u00e9! Les prix peuvent varier en fonction de la situation locale. \u00c0 la discr\u00e9tion de l&#8217;ing\u00e9nieur. Nous allons en tout cas tout notre possible pour maintenir nos prix cibles. Tous les prix incluent la TVA (21%), le travail et 5 ans de garantie. Dans les cas tr\u00e8s urgents pourraient augmenter les prix d\u00e9pendent de la foule. Cela est clairement indiqu\u00e9 \u00e0 l&#8217;avance par le technicien. Toutes les r\u00e9unions, les accords verbaux sur le t\u00e9l\u00e9phone, sont valides et ex\u00e9cutoires. Peut appeler au large, mais au moins 30 minutes \u00e0 l&#8217;avance, les frais appelez-out sont calcul\u00e9s diff\u00e9remment (voir conditions sur le site.)<\/a><\/li><li class='ez-toc-page-1 ez-toc-heading-level-5'><a class=\"ez-toc-link ez-toc-heading-7\" href=\"https:\/\/slotenmaker-denhaag.nl\/fr\/serrurier-la-haye-tarifs-prix\/#Important_en_offrant_des_rabais_dans_les_domaines_ci-dessus_nous_esperons_encourager_le_patronage_local_Ainsi_on_raccourcit_les_distances_parcourues_par_nos_techniciens_Ainsi_nous_economisons_lenvironnement_Nous_abregeons_aussi_des_moments_aanrijd_Voir_ici_pour_notre_politique_environnementale\" >Important: en offrant des rabais dans les domaines ci-dessus, nous esp\u00e9rons encourager le patronage local. Ainsi, on raccourcit les distances parcourues par nos techniciens. Ainsi, nous \u00e9conomisons l&#8217;environnement. Nous abr\u00e9geons aussi des moments aanrijd. Voir ici pour notre politique environnementale.<\/a><\/li><\/ul><\/li><\/ul><\/li><\/ul><\/li><\/ul><\/nav><\/div>\n","protected":false},"excerpt":{"rendered":"<p>Notre Tarifs &amp; Prix | Serrurier La Haye\u2122 Pour comprendre nos tarifs \/ prix il ya quelques choses que vous devez savoir: chez Serrurier La Haye\u2122, nous comprenons le besoin de transparence. Vous, notre estim\u00e9 client, avez le droit de savoir comment nous d\u00e9terminons les prix que nous facturons. Et vous devez savoir afin de [&hellip;]<\/p>\n","protected":false},"author":12,"featured_media":0,"parent":0,"menu_order":0,"comment_status":"closed","ping_status":"closed","template":"","meta":{"_acf_changed":false,"om_disable_all_campaigns":false,"footnotes":"","_wordproof_timestamp":false},"class_list":["post-3766","page","type-page","status-publish","hentry"],"acf":[],"_links":{"self":[{"href":"https:\/\/slotenmaker-denhaag.nl\/fr\/wp-json\/wp\/v2\/pages\/3766","targetHints":{"allow":["GET"]}}],"collection":[{"href":"https:\/\/slotenmaker-denhaag.nl\/fr\/wp-json\/wp\/v2\/pages"}],"about":[{"href":"https:\/\/slotenmaker-denhaag.nl\/fr\/wp-json\/wp\/v2\/types\/page"}],"author":[{"embeddable":true,"href":"https:\/\/slotenmaker-denhaag.nl\/fr\/wp-json\/wp\/v2\/users\/12"}],"replies":[{"embeddable":true,"href":"https:\/\/slotenmaker-denhaag.nl\/fr\/wp-json\/wp\/v2\/comments?post=3766"}],"version-history":[{"count":0,"href":"https:\/\/slotenmaker-denhaag.nl\/fr\/wp-json\/wp\/v2\/pages\/3766\/revisions"}],"wp:attachment":[{"href":"https:\/\/slotenmaker-denhaag.nl\/fr\/wp-json\/wp\/v2\/media?parent=3766"}],"curies":[{"name":"wp","href":"https:\/\/api.w.org\/{rel}","templated":true}]}}