{"id":4243,"date":"2016-06-24T13:31:21","date_gmt":"2016-06-24T13:31:21","guid":{"rendered":"https:\/\/slotenmaker-denhaag.nl\/fr\/bedrijfsgegevens\/"},"modified":"2023-01-25T15:48:27","modified_gmt":"2023-01-25T14:48:27","slug":"adresse-information","status":"publish","type":"page","link":"https:\/\/slotenmaker-denhaag.nl\/fr\/adresse-information\/","title":{"rendered":"Serrurier La Haye | Adresse &#038; Information"},"content":{"rendered":"<div class=\"contact_info\">\n<div class=\"contact_info_item icon-zins-telephone\">\n<p><strong>T\u00e9l\u00e9phone<\/strong><\/p>\n<div class=\"contact_info_phone\"><a href=\"tel:0652333817\">06 52 333 817<\/a><\/div>\n<\/div>\n<div class=\"contact_info_item icon-mail\">\n<p><strong>E-mail &amp; Website<\/strong><\/p>\n<p><span style=\"color: #ffffff;\"><strong>info@slotenmaker-denhaag.nl<\/strong><br \/>\n<a style=\"color: #ffffff;\" href=\"https:\/\/slotenmaker-denhaag.nl\/\">www.slotenmaker-denhaag.nl<\/a><\/span><\/p>\n<\/div>\n<div class=\"contact_info_item icon-zins-location\"><strong>Adresse d&#8217;affaires<\/strong><\/p>\n<p>Mient 66<br \/>\n2564KP Den Haag<\/p>\n<\/div>\n<div class=\"contact_info_item\"><strong>Banque &amp; Tax d\u00e9tails<\/strong><\/p>\n<p>Bank: IBAN NL04KNAB0256980381<br \/>\nK.v.k: 65587537<br \/>\nBTW nr: NL002440902B30<\/p>\n<\/div>\n<div class=\"contact_info_item\"><span style=\"color: #ffffff;\"><a style=\"color: #ffffff;\" href=\"https:\/\/slotenmaker-denhaag.nl\/wp-content\/uploads\/Slotenmaker-Den-Haag-SDH.vcf\">T\u00e9l\u00e9charger une vCard et nous ajouter \u00e0 vos contacts<\/a><\/span><br \/>\n<strong><span style=\"color: #ffffff;\"><a style=\"color: #ffffff;\" href=\"https:\/\/slotenmaker-denhaag.nl\/algemene-voorwaarden\/\">Termes &amp; Conditions<\/a><a style=\"color: #ffffff;\" href=\"https:\/\/slotenmaker-denhaag.nl\/contact\/\"><br \/>\nFormulaire de Contact<\/a><a style=\"color: #ffffff;\" href=\"https:\/\/slotenmaker-denhaag.nl\/opdracht-bevestiging\/\"><br \/>\nBon de Commande<\/a><\/span><\/strong><\/p>\n<p><em>Toutes les informations actualis\u00e9 par 25 Mai, 2016.<\/em><\/p>\n<\/div>\n<\/div>\n","protected":false},"excerpt":{"rendered":"<p>T\u00e9l\u00e9phone 06 52 333 817 E-mail &amp; Website info@slotenmaker-denhaag.nl www.slotenmaker-denhaag.nl Adresse d&#8217;affaires Mient 66 2564KP Den Haag Banque &amp; Tax d\u00e9tails Bank: IBAN NL04KNAB0256980381 K.v.k: 65587537 BTW nr: NL002440902B30 T\u00e9l\u00e9charger une vCard et nous ajouter \u00e0 vos contacts Termes &amp; Conditions Formulaire de Contact Bon de Commande Toutes les informations actualis\u00e9 par 25 Mai, 2016.<\/p>\n","protected":false},"author":12,"featured_media":0,"parent":0,"menu_order":0,"comment_status":"closed","ping_status":"closed","template":"","meta":{"_acf_changed":false,"om_disable_all_campaigns":false,"footnotes":"","_wordproof_timestamp":false},"class_list":["post-4243","page","type-page","status-publish","hentry"],"acf":[],"_links":{"self":[{"href":"https:\/\/slotenmaker-denhaag.nl\/fr\/wp-json\/wp\/v2\/pages\/4243","targetHints":{"allow":["GET"]}}],"collection":[{"href":"https:\/\/slotenmaker-denhaag.nl\/fr\/wp-json\/wp\/v2\/pages"}],"about":[{"href":"https:\/\/slotenmaker-denhaag.nl\/fr\/wp-json\/wp\/v2\/types\/page"}],"author":[{"embeddable":true,"href":"https:\/\/slotenmaker-denhaag.nl\/fr\/wp-json\/wp\/v2\/users\/12"}],"replies":[{"embeddable":true,"href":"https:\/\/slotenmaker-denhaag.nl\/fr\/wp-json\/wp\/v2\/comments?post=4243"}],"version-history":[{"count":4,"href":"https:\/\/slotenmaker-denhaag.nl\/fr\/wp-json\/wp\/v2\/pages\/4243\/revisions"}],"predecessor-version":[{"id":30286,"href":"https:\/\/slotenmaker-denhaag.nl\/fr\/wp-json\/wp\/v2\/pages\/4243\/revisions\/30286"}],"wp:attachment":[{"href":"https:\/\/slotenmaker-denhaag.nl\/fr\/wp-json\/wp\/v2\/media?parent=4243"}],"curies":[{"name":"wp","href":"https:\/\/api.w.org\/{rel}","templated":true}]}}