{"id":5316,"date":"2016-11-04T09:05:02","date_gmt":"2016-11-04T09:05:02","guid":{"rendered":"https:\/\/slotenmaker-denhaag.nl\/fr\/recensies\/"},"modified":"2017-04-14T12:18:18","modified_gmt":"2017-04-14T12:18:18","slug":"resume-des-avis","status":"publish","type":"page","link":"https:\/\/slotenmaker-denhaag.nl\/fr\/resume-des-avis\/","title":{"rendered":"R\u00e9sum\u00e9 des Avis | Google+"},"content":{"rendered":"<h2><span class=\"ez-toc-section\" id=\"Slotenmaker_Den_Haag_SDH_Serrurier_La_Haye_sur_Google\"><\/span>Slotenmaker Den Haag SDH (Serrurier La Haye) sur Google+<span class=\"ez-toc-section-end\"><\/span><\/h2>\n<p>Les petites entreprises locales peuvent b\u00e9n\u00e9ficier de votre bonnes critiques (avis) sur Google+<\/p>\n<h3><span class=\"ez-toc-section\" id=\"Quelques_avantages_des_bonnes_avis\"><\/span>Quelques avantages des bonnes avis:<span class=\"ez-toc-section-end\"><\/span><\/h3>\n<ul>\n<li><em>Une meilleure visibilit\u00e9 sur les moteurs de recherche comme Google et Yahoo<\/em><\/li>\n<li><em>Public au sujet de notre performance<\/em><\/li>\n<li><em>Les clients obtiennent une id\u00e9e de savoir s&#8217;ils seront trait\u00e9s professionnellement<\/em><\/li>\n<li><em>Ils peuvent voir si les entreprises honorent leur parole<\/em><\/li>\n<li><em>Si des garanties sont fournies<\/em><\/li>\n<li><em>Si les techniciens arrivent \u00e0 l&#8217;heure (dans les 30 minutes)<\/em><\/li>\n<li><em>Si des mat\u00e9riaux de bonne qualit\u00e9 sont utilis\u00e9s<\/em><\/li>\n<li><em>Si les prix sont raisonnables<\/em><\/li>\n<\/ul>\n<p>En bref, votre commentaire sur <strong>Google+<\/strong> peut faire une grande diff\u00e9rence. Utilisez le lien ci-dessous pour nous \u00e9crire un commentaire.<\/p>\n<p><a href=\"https:\/\/www.google.nl\/search?q=Slotenmaker+Den+Haag&amp;ludocid=18317472283228005463&amp;gws_rd=cr&amp;ei=MILvWNfoA8m-aJSgjpAK\" target=\"_blank\" rel=\"noopener\"><img decoding=\"async\" class=\"alignleft wp-image-5360 size-full\" src=\"https:\/\/slotenmaker-denhaag.nl\/wp-content\/uploads\/Note-et-Avis_03.jpg\" alt=\"Note et avis Serrurier La Haye Slotenmaker Den Haag en Google+\" width=\"30%\" title=\"slotenmaker den haag\"><\/a><strong>Attention:<\/strong> <em>vous devrez peut-\u00eatre vous connecter \u00e0 votre compte Google en premier!<\/em><br \/>\n&nbsp;<\/p>\n<div class=\"google-maps\"><iframe style=\"border: 0;\" src=\"https:\/\/www.google.com\/maps\/embed?pb=!1m18!1m12!1m3!1d2907.9025009626635!2d2!3d3!2m3!1f0!2f0!3f0!3m2!1i1024!2i768!4f13.1!3m3!1m2!1s0x0%3A0xfe34bbfdd0de6457!2z0J_QmNCm0JjQmtCQ0KLQng!5e0!3m2!1sbg!2sus!4v1448115192914\" width=\"600\" height=\"450\" frameborder=\"0\" allowfullscreen=\"allowfullscreen\"><\/iframe><\/div>\n<p>&nbsp;<\/p>\n<div id=\"ez-toc-container\" class=\"ez-toc-v2_0_76 counter-hierarchy ez-toc-counter ez-toc-grey ez-toc-container-direction\">\n<div class=\"ez-toc-title-container\">\n<p class=\"ez-toc-title\" style=\"cursor:inherit\">Inhoudsopgave<\/p>\n<span class=\"ez-toc-title-toggle\"><a href=\"#\" class=\"ez-toc-pull-right ez-toc-btn ez-toc-btn-xs ez-toc-btn-default ez-toc-toggle\" aria-label=\"Toggle Table of Content\"><span class=\"ez-toc-js-icon-con\"><span class=\"\"><span class=\"eztoc-hide\" style=\"display:none;\">Toggle<\/span><span class=\"ez-toc-icon-toggle-span\"><svg style=\"fill: #999;color:#999\" xmlns=\"http:\/\/www.w3.org\/2000\/svg\" class=\"list-377408\" width=\"20px\" height=\"20px\" viewBox=\"0 0 24 24\" fill=\"none\"><path d=\"M6 6H4v2h2V6zm14 0H8v2h12V6zM4 11h2v2H4v-2zm16 0H8v2h12v-2zM4 16h2v2H4v-2zm16 0H8v2h12v-2z\" fill=\"currentColor\"><\/path><\/svg><svg style=\"fill: #999;color:#999\" class=\"arrow-unsorted-368013\" xmlns=\"http:\/\/www.w3.org\/2000\/svg\" width=\"10px\" height=\"10px\" viewBox=\"0 0 24 24\" version=\"1.2\" baseProfile=\"tiny\"><path d=\"M18.2 9.3l-6.2-6.3-6.2 6.3c-.2.2-.3.4-.3.7s.1.5.3.7c.2.2.4.3.7.3h11c.3 0 .5-.1.7-.3.2-.2.3-.5.3-.7s-.1-.5-.3-.7zM5.8 14.7l6.2 6.3 6.2-6.3c.2-.2.3-.5.3-.7s-.1-.5-.3-.7c-.2-.2-.4-.3-.7-.3h-11c-.3 0-.5.1-.7.3-.2.2-.3.5-.3.7s.1.5.3.7z\"\/><\/svg><\/span><\/span><\/span><\/a><\/span><\/div>\n<nav><ul class='ez-toc-list ez-toc-list-level-1 eztoc-toggle-hide-by-default' ><li class='ez-toc-page-1 ez-toc-heading-level-2'><a class=\"ez-toc-link ez-toc-heading-1\" href=\"https:\/\/slotenmaker-denhaag.nl\/fr\/resume-des-avis\/#Slotenmaker_Den_Haag_SDH_Serrurier_La_Haye_sur_Google\" >Slotenmaker Den Haag SDH (Serrurier La Haye) sur Google+<\/a><ul class='ez-toc-list-level-3' ><li class='ez-toc-heading-level-3'><a class=\"ez-toc-link ez-toc-heading-2\" href=\"https:\/\/slotenmaker-denhaag.nl\/fr\/resume-des-avis\/#Quelques_avantages_des_bonnes_avis\" >Quelques avantages des bonnes avis:<\/a><\/li><\/ul><\/li><\/ul><\/nav><\/div>\n","protected":false},"excerpt":{"rendered":"<p>Slotenmaker Den Haag SDH (Serrurier La Haye) sur Google+ Les petites entreprises locales peuvent b\u00e9n\u00e9ficier de votre bonnes critiques (avis) sur Google+ Quelques avantages des bonnes avis: Une meilleure visibilit\u00e9 sur les moteurs de recherche comme Google et Yahoo Public au sujet de notre performance Les clients obtiennent une id\u00e9e de savoir s&#8217;ils seront trait\u00e9s [&hellip;]<\/p>\n","protected":false},"author":12,"featured_media":0,"parent":0,"menu_order":0,"comment_status":"closed","ping_status":"closed","template":"","meta":{"_acf_changed":false,"om_disable_all_campaigns":false,"footnotes":"","_wordproof_timestamp":false},"class_list":["post-5316","page","type-page","status-publish","hentry"],"acf":[],"_links":{"self":[{"href":"https:\/\/slotenmaker-denhaag.nl\/fr\/wp-json\/wp\/v2\/pages\/5316","targetHints":{"allow":["GET"]}}],"collection":[{"href":"https:\/\/slotenmaker-denhaag.nl\/fr\/wp-json\/wp\/v2\/pages"}],"about":[{"href":"https:\/\/slotenmaker-denhaag.nl\/fr\/wp-json\/wp\/v2\/types\/page"}],"author":[{"embeddable":true,"href":"https:\/\/slotenmaker-denhaag.nl\/fr\/wp-json\/wp\/v2\/users\/12"}],"replies":[{"embeddable":true,"href":"https:\/\/slotenmaker-denhaag.nl\/fr\/wp-json\/wp\/v2\/comments?post=5316"}],"version-history":[{"count":0,"href":"https:\/\/slotenmaker-denhaag.nl\/fr\/wp-json\/wp\/v2\/pages\/5316\/revisions"}],"wp:attachment":[{"href":"https:\/\/slotenmaker-denhaag.nl\/fr\/wp-json\/wp\/v2\/media?parent=5316"}],"curies":[{"name":"wp","href":"https:\/\/api.w.org\/{rel}","templated":true}]}}