{"id":665,"date":"2016-04-19T12:30:10","date_gmt":"2016-04-19T12:30:10","guid":{"rendered":"https:\/\/slotenmaker-denhaag.nl\/fr\/24-uurs-service\/"},"modified":"2017-04-14T12:07:27","modified_gmt":"2017-04-14T12:07:27","slug":"service-24-heures","status":"publish","type":"page","link":"https:\/\/slotenmaker-denhaag.nl\/fr\/service-24-heures\/","title":{"rendered":"Service 24 heures"},"content":{"rendered":"<h3><span class=\"ez-toc-section\" id=\"Slotenmaker_Den_Haag_Serrurier_La_Haye_Service_24_heures_Les_premier_specialistes_de_la_serrure_dans_La_Haye\"><\/span>Slotenmaker Den Haag \/ Serrurier La Haye: <em>Service 24 heures! Les<\/em><em> premier sp\u00e9cialistes de la serrure dans La Haye <\/em><span class=\"ez-toc-section-end\"><\/span><\/h3>\n<p><a href=\"https:\/\/slotenmaker-denhaag.nl\/wp-content\/uploads\/2016\/05\/SDH-toets.jpg\"><img decoding=\"async\" class=\"responsive alignleft wp-image-2372 size-medium\" src=\"https:\/\/slotenmaker-denhaag.nl\/wp-content\/uploads\/2016\/05\/SDH-toets-300x245.jpg\" alt=\"Service 24 heures | Serrurier La Haye | Slotenmaker Den Haag (SDH) bel: 0652333817\" width=\"300\" height=\"245\" title=\"slotenmaker den haag\" srcset=\"https:\/\/slotenmaker-denhaag.nl\/wp-content\/uploads\/2016\/05\/SDH-toets-300x245.jpg 300w, https:\/\/slotenmaker-denhaag.nl\/wp-content\/uploads\/2016\/05\/SDH-toets.jpg 490w\" sizes=\"(max-width: 300px) 100vw, 300px\" \/><\/a>Besoin d&#8217;un Service 24 heures? Vous recherchez une entreprise de serrurerie comp\u00e9tente sur La Haye? Slotenmaker Den Haag vous propose \u00e9galement des prestations de qualit\u00e9 en mati\u00e8re de travaux d\u2019installation ou de r\u00e9paration en serrurerie. Techniciens experts, de bons conseils qui am\u00e9liore vraiment votre s\u00e9curit\u00e9 et vous permet d&#8217;\u00e9conomiser de l&#8217;argent, et le service le plus rapide pour manques et touches \u00e0 La Haye. Vous pouvez compter sur nous!<\/p>\n<h3><span class=\"ez-toc-section\" id=\"Nous_ouvrons_des_portes_dans_30_minutes_ou_moins\"><\/span>Nous ouvrons des portes dans 30 minutes ou moins!<span class=\"ez-toc-section-end\"><\/span><\/h3>\n<p><strong>25 heures de service! C&#8217;est toujours une heure de plus que la concurrence!<\/strong><\/p>\n<h4><span class=\"ez-toc-section\" id=\"Pourquoi_faire_appel_a_un_professionnel_pour_une_ouverture_de_porte\"><\/span>Pourquoi faire appel \u00e0 un professionnel pour une ouverture de porte ?<span class=\"ez-toc-section-end\"><\/span><\/h4>\n<p>A cause de l\u2019usure ou d\u2019une mauvaise installation, nos portes ou nos fen\u00eatres sont bloqu\u00e9es et ne veulent plus s\u2019ouvrir. Cela peut venir d\u2019un dysfonctionnement de la serrure, de la charni\u00e8re ou des paumelles. Pour les portes ext\u00e9rieures comme celle d\u2019un garage ou d\u2019un abri de jardin, les intemp\u00e9ries sont souvent sources de probl\u00e8me car elles sont expos\u00e9es au soleil et \u00e0 l\u2019humidit\u00e9. Mais quelles que soient les raisons de blocage d\u2019une porte, il est indispensable de faire appel \u00e0 un expert pour l\u2019ouvrir. Arm\u00e9 de ses ann\u00e9es d\u2019exp\u00e9riences, le sp\u00e9cialiste poss\u00e8de toutes les comp\u00e9tences n\u00e9cessaires pour \u00e9valuer les d\u00e9g\u00e2ts et, ensuite, trouver des solutions adapt\u00e9es.<\/p>\n<h4><span class=\"ez-toc-section\" id=\"Notre_zone_de_travail\"><\/span><strong>Notre zone de travail:<\/strong><span class=\"ez-toc-section-end\"><\/span><\/h4>\n<div class=\"tg-wrap\">\n<table width=\"100%\">\n<tbody>\n<tr>\n<th>\n<ul>\n<li style=\"text-align: left;\">Archipelbuurt<\/li>\n<li style=\"text-align: left;\">Belgisch Park<\/li>\n<li style=\"text-align: left;\">Benoordenhout<\/li>\n<li style=\"text-align: left;\">Bezuidenhout<\/li>\n<li style=\"text-align: left;\">Binkhorst<\/li>\n<li style=\"text-align: left;\">Bloemenbuurt<\/li>\n<li style=\"text-align: left;\">Bohemen<\/li>\n<li style=\"text-align: left;\">Bomenbuurt<\/li>\n<li style=\"text-align: left;\">Bouwlust<\/li>\n<li style=\"text-align: left;\">Centrum<\/li>\n<li style=\"text-align: left;\">Duindorp<\/li>\n<li style=\"text-align: left;\">Duinoord<\/li>\n<li style=\"text-align: left;\">Geuzekwartier<\/li>\n<li style=\"text-align: left;\">Stationskwartier<\/li>\n<li style=\"text-align: left;\">Haagse Bos<\/li>\n<li style=\"text-align: left;\">Kijkduin<\/li>\n<li style=\"text-align: left;\">Kraaijenstein<\/li>\n<li style=\"text-align: left;\">Laakkwartier<\/li>\n<li style=\"text-align: left;\">Leijenburg<\/li>\n<li style=\"text-align: left;\">Loosduinen<\/li>\n<li style=\"text-align: left;\">Mariahoeve<\/li>\n<li style=\"text-align: left;\">Marlot<\/li>\n<li style=\"text-align: left;\">Moerwijk<\/li>\n<\/ul>\n<\/th>\n<th>\n<ul>\n<li style=\"text-align: left;\">Ockenburg<\/li>\n<li style=\"text-align: left;\">Oostbroek<\/li>\n<li style=\"text-align: left;\">Oostduinen<\/li>\n<li style=\"text-align: left;\">Regentessekwartier<\/li>\n<li style=\"text-align: left;\">Rustenburg<\/li>\n<li style=\"text-align: left;\">Scheveningen<\/li>\n<li style=\"text-align: left;\">Schilderswijk<\/li>\n<li style=\"text-align: left;\">Spoorwijk<\/li>\n<li style=\"text-align: left;\">Stationsbuurt<\/li>\n<li style=\"text-align: left;\">Transvaal<\/li>\n<li style=\"text-align: left;\">Valkenboskwartier<\/li>\n<li style=\"text-align: left;\">Van Stolkpark<\/li>\n<li style=\"text-align: left;\">Vogelwijk<\/li>\n<li style=\"text-align: left;\">Vrederust<\/li>\n<li style=\"text-align: left;\">Vruchtenbuurt<\/li>\n<li style=\"text-align: left;\">Waldeck<\/li>\n<li style=\"text-align: left;\">Wateringse Veld<\/li>\n<li style=\"text-align: left;\">West Broekpark<\/li>\n<li style=\"text-align: left;\">Willemspark<\/li>\n<li style=\"text-align: left;\">Ypenburg<\/li>\n<li style=\"text-align: left;\">Zeeheldenkwartier<\/li>\n<li style=\"text-align: left;\">Zorgvliet<\/li>\n<li style=\"text-align: left;\">Zuiderpark<\/li>\n<\/ul>\n<\/th>\n<\/tr>\n<\/tbody>\n<\/table>\n<\/div>\n<h4><span class=\"ez-toc-section\" id=\"Service_24_heures_Cles_perdues_Porte_claquee_avec_cles_a_linterieur_Serrure_fracturee_Slotenmaker_Den_Haag_intervient_dans_la_demi-heure_suivant_votre_appel\"><\/span><strong>Service 24 heures: Cl\u00e9s perdues? Porte claqu\u00e9e avec cl\u00e9s \u00e0 l\u2019int\u00e9rieur? Serrure fractur\u00e9e? <em>Slotenmaker Den Haag intervient dans la demi-heure suivant votre appel! <\/em><\/strong><span class=\"ez-toc-section-end\"><\/span><\/h4>\n<h4><span class=\"ez-toc-section\" id=\"Notre_serruriers_experts_peuvent_ouvrir_une_porte_en_moins_de_30_minutes\"><\/span><strong>Notre serruriers experts peuvent ouvrir une porte <em>en moins de 30 minutes!<\/em><\/strong><span class=\"ez-toc-section-end\"><\/span><\/h4>\n<ul>\n<li><em>Service 24 heures<\/em><\/li>\n<li><em>D\u00e9pannage serrures<\/em><\/li>\n<li><em>Ouverture de portes<\/em><\/li>\n<li><em>D\u00e9blocage de portes<\/em><\/li>\n<li><em>Remplacement de serrures en urgence<\/em><\/li>\n<li><em>Crochetage de serrure<\/em><\/li>\n<li><em>R\u00e9paration de serrures toutes marques<\/em><\/li>\n<li><em>Installation de cylindre<\/em><\/li>\n<li><em>Pose de portes blind\u00e9es aux normes de s\u00e9curit\u00e9 incendie<\/em><\/li>\n<li><em>Installation de blindage de portes<\/em><\/li>\n<li><em>Pose de serrures 5 points<\/em><\/li>\n<li><em>Pose de serrures 3 points<\/em><\/li>\n<li><em>Pose de cylindres<\/em><\/li>\n<li><em>Pose de verrous<\/em><\/li>\n<li><em>Remplacement et pose de verrous<\/em><\/li>\n<li><em>Vente de pi\u00e8ces d\u00e9tach\u00e9es<\/em><\/li>\n<li><em>R\u00e9parations sur place<\/em><\/li>\n<li><em>Modification d&#8217;une serrure ou d&#8217;un cylindre dans les 30 minutes!<\/em><\/li>\n<li><em>Ouverture des coffre-forts<\/em><\/li>\n<li><em>Service de 24 heures au jour et nuit, memsi le week-end et les jours f\u00e9ri\u00e9s.<\/em><\/li>\n<li><em>Conseils sur la s\u00e9curisation de votre maison<\/em><\/li>\n<li><em>Construction des mat\u00e9riaux de notre propre atelier dans le centre de La Haye<\/em><\/li>\n<li><em>Aucun appel \u00e0 la charge ou de la nuit ou de week-end en suppl\u00e9ment<\/em><\/li>\n<li><em>Des estimations claires<\/em><\/li>\n<li><em>Mat\u00e9riaux certifi\u00e9s<\/em><\/li>\n<li><em>Cylindres certifi\u00e9es<\/em><\/li>\n<li><em>5 ans de garantie sur mat\u00e9riel et travail<\/em><\/li>\n<li><em>&#8220;De Sluitkom\u2122&#8221; \u2014 une mesure anti-cambriolage unique, construit en notre atelier<\/em><\/li>\n<li><em>Recyclage: nous offrons des remises pour les anciennes serrures et cylindres<\/em><\/li>\n<\/ul>\n<hr \/>\n<p><strong>Aide <em>rapide<\/em> en cas de cambriolage:<\/strong><\/p>\n<p>Nos techniciens arrivent presque toujours dans les 30 minutes! Les techniciens font leurs propres rendez-vous et vous donnera une estimation <em>avant<\/em> qu&#8217;ils ne vous visiter.<\/p>\n<h4><span class=\"ez-toc-section\" id=\"Des_rabais_speciaux_15_dans_les_districts_suivants\"><\/span><strong>Des rabais sp\u00e9ciaux (15%) dans les districts suivants:<\/strong><span class=\"ez-toc-section-end\"><\/span><\/h4>\n<table width=\"100%\">\n<tbody>\n<tr>\n<td>\n<ul>\n<li><a title=\"Archipelbuurt\" href=\"https:\/\/www.google.com\/maps\/place\/Archipelbuurt,+Den+Haag,+The+Netherlands\/@52.0924694,4.303229,15z\/data=!3m1!4b1!4m2!3m1!1s0x47c5b749f629e043:0x6b1987da69c97021?dg=dbrw&amp;newdg=1\" target=\"_blank\" rel=\"noopener\">Archipelbuurt<\/a><\/li>\n<li><a title=\"Bomenbuurt\" href=\"https:\/\/www.google.com\/maps\/place\/Bomenbuurt,+Den+Haag,+The+Netherlands\/@52.0804555,4.2712969,16z\/data=!3m1!4b1!4m2!3m1!1s0x47c5b0dd1a408e13:0x8fea6e538eb18249?dg=dbrw&amp;newdg=1\" target=\"_blank\" rel=\"noopener\">Bomen<\/a> en <a title=\"Bloemenbuurt\" href=\"https:\/\/www.google.com\/maps\/place\/Bloemenbuurt-Oost,+Den+Haag,+The+Netherlands\/@52.077486,4.260968,15z\/data=!3m1!4b1!4m2!3m1!1s0x47c5b0e39ad7c867:0xfe53c7029d50327?dg=dbrw&amp;newdg=1\" target=\"_blank\" rel=\"noopener\">Bloemenbuurt<\/a><\/li>\n<li><a title=\"Den Haag Centrum\" href=\"https:\/\/www.google.com\/maps\/place\/The+Hague+Center,+The+Hague,+The+Netherlands\/@52.076598,4.3106734,13z\/data=!3m1!4b1!4m2!3m1!1s0x47c5b72c4e1fc797:0x3187c309df606953?dg=dbrw&amp;newdg=1\" target=\"_blank\" rel=\"noopener\">Centrum<\/a><\/li>\n<li><a title=\"Duinoord\" href=\"https:\/\/www.google.com\/maps\/place\/Duinoord,+Den+Haag,+The+Netherlands\/@52.0832789,4.2836446,16z\/data=!3m1!4b1!4m2!3m1!1s0x47c5b0cf9447852f:0xf7a773f5dff88805?dg=dbrw&amp;newdg=1\" target=\"_blank\" rel=\"noopener\">Duinoord<\/a><\/li>\n<li><a title=\"Regentessekwartier\" href=\"https:\/\/www.google.com\/maps\/search\/Regentessekwartier,+Den+Haag\/@52.074813,4.2973885,15z\/data=!3m1!4b1?dg=dbrw&amp;newdg=1\" target=\"_blank\" rel=\"noopener\">Regentessekwartier<\/a><\/li>\n<\/ul>\n<\/td>\n<td>\n<ul>\n<li><a title=\"Valkenboskwartier\" href=\"https:\/\/www.google.com\/maps\/place\/Valkenboskwartier,+Den+Haag,+The+Netherlands\/@52.0736899,4.276357,15z\/data=!3m1!4b1!4m2!3m1!1s0x47c5b0d8e3f94d71:0x422c4290490653c5?dg=dbrw&amp;newdg=1\" target=\"_blank\" rel=\"noopener\">Valkenboskwartier<\/a><\/li>\n<li><a title=\"Vruchtenbuurt\" href=\"https:\/\/www.google.com\/maps\/place\/Vruchtenbuurt,+2564+Den+Haag,+The+Netherlands\/@52.069051,4.2555609,16z\/data=!3m1!4b1!4m2!3m1!1s0x47c5b11cf491328f:0xbd6bd92c482a6642?dg=dbrw&amp;newdg=1\" target=\"_blank\" rel=\"noopener\">Vruchtenbuurt<\/a><\/li>\n<li><a title=\"Willemspark\" href=\"https:\/\/www.google.com\/maps\/place\/Willemspark,+Den+Haag,+The+Netherlands\/@52.0868189,4.308377,16z\/data=!3m1!4b1!4m2!3m1!1s0x47c5b731213e81c9:0xa7b212303542b7c?dg=dbrw&amp;newdg=1\" target=\"_blank\" rel=\"noopener\">Willemspark<\/a><\/li>\n<li><a title=\"Zeeheldenkwartier\" href=\"https:\/\/www.google.com\/maps\/place\/Zeeheldenkwartier,+Den+Haag,+The+Netherlands\/@52.0815759,4.2959465,15z\/data=!3m1!4b1!4m2!3m1!1s0x47c5b732a674cd11:0x2f60dc6190f0d0?dg=dbrw&amp;newdg=1\" target=\"_blank\" rel=\"noopener\">Zeeheldenkwartier<\/a><\/li>\n<li><a title=\"Zorgvliet\" href=\"https:\/\/www.google.com\/maps\/place\/Zorgvliet\/@52.0862924,4.2895832,15z\/data=!4m2!3m1!1s0x47c5b0c999788aed:0x1800612dede09607?dg=dbrw&amp;newdg=1\" target=\"_blank\" rel=\"noopener\">Zorgvliet<\/a><\/li>\n<\/ul>\n<\/td>\n<\/tr>\n<\/tbody>\n<\/table>\n<p>&nbsp;<\/p>\n<div id=\"ez-toc-container\" class=\"ez-toc-v2_0_76 counter-hierarchy ez-toc-counter ez-toc-grey ez-toc-container-direction\">\n<div class=\"ez-toc-title-container\">\n<p class=\"ez-toc-title\" style=\"cursor:inherit\">Inhoudsopgave<\/p>\n<span class=\"ez-toc-title-toggle\"><a href=\"#\" class=\"ez-toc-pull-right ez-toc-btn ez-toc-btn-xs ez-toc-btn-default ez-toc-toggle\" aria-label=\"Toggle Table of Content\"><span class=\"ez-toc-js-icon-con\"><span class=\"\"><span class=\"eztoc-hide\" style=\"display:none;\">Toggle<\/span><span class=\"ez-toc-icon-toggle-span\"><svg style=\"fill: #999;color:#999\" xmlns=\"http:\/\/www.w3.org\/2000\/svg\" class=\"list-377408\" width=\"20px\" height=\"20px\" viewBox=\"0 0 24 24\" fill=\"none\"><path d=\"M6 6H4v2h2V6zm14 0H8v2h12V6zM4 11h2v2H4v-2zm16 0H8v2h12v-2zM4 16h2v2H4v-2zm16 0H8v2h12v-2z\" fill=\"currentColor\"><\/path><\/svg><svg style=\"fill: #999;color:#999\" class=\"arrow-unsorted-368013\" xmlns=\"http:\/\/www.w3.org\/2000\/svg\" width=\"10px\" height=\"10px\" viewBox=\"0 0 24 24\" version=\"1.2\" baseProfile=\"tiny\"><path d=\"M18.2 9.3l-6.2-6.3-6.2 6.3c-.2.2-.3.4-.3.7s.1.5.3.7c.2.2.4.3.7.3h11c.3 0 .5-.1.7-.3.2-.2.3-.5.3-.7s-.1-.5-.3-.7zM5.8 14.7l6.2 6.3 6.2-6.3c.2-.2.3-.5.3-.7s-.1-.5-.3-.7c-.2-.2-.4-.3-.7-.3h-11c-.3 0-.5.1-.7.3-.2.2-.3.5-.3.7s.1.5.3.7z\"\/><\/svg><\/span><\/span><\/span><\/a><\/span><\/div>\n<nav><ul class='ez-toc-list ez-toc-list-level-1 eztoc-toggle-hide-by-default' ><li class='ez-toc-page-1 ez-toc-heading-level-3'><a class=\"ez-toc-link ez-toc-heading-1\" href=\"https:\/\/slotenmaker-denhaag.nl\/fr\/service-24-heures\/#Slotenmaker_Den_Haag_Serrurier_La_Haye_Service_24_heures_Les_premier_specialistes_de_la_serrure_dans_La_Haye\" >Slotenmaker Den Haag \/ Serrurier La Haye: Service 24 heures! Les premier sp\u00e9cialistes de la serrure dans La Haye<\/a><\/li><li class='ez-toc-page-1 ez-toc-heading-level-3'><a class=\"ez-toc-link ez-toc-heading-2\" href=\"https:\/\/slotenmaker-denhaag.nl\/fr\/service-24-heures\/#Nous_ouvrons_des_portes_dans_30_minutes_ou_moins\" >Nous ouvrons des portes dans 30 minutes ou moins!<\/a><ul class='ez-toc-list-level-4' ><li class='ez-toc-heading-level-4'><a class=\"ez-toc-link ez-toc-heading-3\" href=\"https:\/\/slotenmaker-denhaag.nl\/fr\/service-24-heures\/#Pourquoi_faire_appel_a_un_professionnel_pour_une_ouverture_de_porte\" >Pourquoi faire appel \u00e0 un professionnel pour une ouverture de porte ?<\/a><\/li><li class='ez-toc-page-1 ez-toc-heading-level-4'><a class=\"ez-toc-link ez-toc-heading-4\" href=\"https:\/\/slotenmaker-denhaag.nl\/fr\/service-24-heures\/#Notre_zone_de_travail\" >Notre zone de travail:<\/a><\/li><li class='ez-toc-page-1 ez-toc-heading-level-4'><a class=\"ez-toc-link ez-toc-heading-5\" href=\"https:\/\/slotenmaker-denhaag.nl\/fr\/service-24-heures\/#Service_24_heures_Cles_perdues_Porte_claquee_avec_cles_a_linterieur_Serrure_fracturee_Slotenmaker_Den_Haag_intervient_dans_la_demi-heure_suivant_votre_appel\" >Service 24 heures: Cl\u00e9s perdues? Porte claqu\u00e9e avec cl\u00e9s \u00e0 l\u2019int\u00e9rieur? Serrure fractur\u00e9e? Slotenmaker Den Haag intervient dans la demi-heure suivant votre appel!<\/a><\/li><li class='ez-toc-page-1 ez-toc-heading-level-4'><a class=\"ez-toc-link ez-toc-heading-6\" href=\"https:\/\/slotenmaker-denhaag.nl\/fr\/service-24-heures\/#Notre_serruriers_experts_peuvent_ouvrir_une_porte_en_moins_de_30_minutes\" >Notre serruriers experts peuvent ouvrir une porte en moins de 30 minutes!<\/a><\/li><li class='ez-toc-page-1 ez-toc-heading-level-4'><a class=\"ez-toc-link ez-toc-heading-7\" href=\"https:\/\/slotenmaker-denhaag.nl\/fr\/service-24-heures\/#Des_rabais_speciaux_15_dans_les_districts_suivants\" >Des rabais sp\u00e9ciaux (15%) dans les districts suivants:<\/a><\/li><\/ul><\/li><\/ul><\/nav><\/div>\n","protected":false},"excerpt":{"rendered":"<p>Slotenmaker Den Haag \/ Serrurier La Haye: Service 24 heures! Les premier sp\u00e9cialistes de la serrure dans La Haye Besoin d&#8217;un Service 24 heures? Vous recherchez une entreprise de serrurerie comp\u00e9tente sur La Haye? Slotenmaker Den Haag vous propose \u00e9galement des prestations de qualit\u00e9 en mati\u00e8re de travaux d\u2019installation ou de r\u00e9paration en serrurerie. Techniciens [&hellip;]<\/p>\n","protected":false},"author":12,"featured_media":0,"parent":0,"menu_order":0,"comment_status":"closed","ping_status":"closed","template":"","meta":{"_acf_changed":false,"om_disable_all_campaigns":false,"footnotes":"","_wordproof_timestamp":false},"class_list":["post-665","page","type-page","status-publish","hentry"],"acf":[],"_links":{"self":[{"href":"https:\/\/slotenmaker-denhaag.nl\/fr\/wp-json\/wp\/v2\/pages\/665","targetHints":{"allow":["GET"]}}],"collection":[{"href":"https:\/\/slotenmaker-denhaag.nl\/fr\/wp-json\/wp\/v2\/pages"}],"about":[{"href":"https:\/\/slotenmaker-denhaag.nl\/fr\/wp-json\/wp\/v2\/types\/page"}],"author":[{"embeddable":true,"href":"https:\/\/slotenmaker-denhaag.nl\/fr\/wp-json\/wp\/v2\/users\/12"}],"replies":[{"embeddable":true,"href":"https:\/\/slotenmaker-denhaag.nl\/fr\/wp-json\/wp\/v2\/comments?post=665"}],"version-history":[{"count":0,"href":"https:\/\/slotenmaker-denhaag.nl\/fr\/wp-json\/wp\/v2\/pages\/665\/revisions"}],"wp:attachment":[{"href":"https:\/\/slotenmaker-denhaag.nl\/fr\/wp-json\/wp\/v2\/media?parent=665"}],"curies":[{"name":"wp","href":"https:\/\/api.w.org\/{rel}","templated":true}]}}