{"id":690,"date":"2016-05-02T12:44:11","date_gmt":"2016-05-02T12:44:11","guid":{"rendered":"https:\/\/slotenmaker-denhaag.nl\/fr\/?page_id=690"},"modified":"2025-04-04T09:22:05","modified_gmt":"2025-04-04T07:22:05","slug":"depannage","status":"publish","type":"page","link":"https:\/\/slotenmaker-denhaag.nl\/fr\/depannage\/","title":{"rendered":"Depannage? Lock-out? Non acc\u00e8s? Cambriolage? Cl\u00e9 cass\u00e9e ou cl\u00e9 perdue?"},"content":{"rendered":"<h2><span class=\"ez-toc-section\" id=\"Depannage_Serrure_brisee_Non_acces_Les_cles_perdues_Lock-out_Que_puis-je_faire\"><\/span>Depannage? Serrure bris\u00e9e? Non acc\u00e8s? Les cl\u00e9s perdues? Lock-out? Que puis-je faire?<span class=\"ez-toc-section-end\"><\/span><\/h2>\n<p><a href=\"https:\/\/slotenmaker-denhaag.nl\/wp-content\/uploads\/2016\/06\/2963338858-64f62485.jpg\"><img decoding=\"async\" class=\"responsive alignleft wp-image-3367 size-medium\" src=\"https:\/\/slotenmaker-denhaag.nl\/wp-content\/uploads\/2016\/06\/2963338858-64f62485-300x158.jpg\" alt=\"Depannage? Cambriolage? Serrurier La Haye | Slotenmaker Den Haag tel: 0652333817\" width=\"300\" height=\"158\" title=\"slotenmaker den haag\" srcset=\"https:\/\/slotenmaker-denhaag.nl\/wp-content\/uploads\/2016\/06\/2963338858-64f62485-300x158.jpg 300w, https:\/\/slotenmaker-denhaag.nl\/wp-content\/uploads\/2016\/06\/2963338858-64f62485-768x403.jpg 768w, https:\/\/slotenmaker-denhaag.nl\/wp-content\/uploads\/2016\/06\/2963338858-64f62485-1024x538.jpg 1024w, https:\/\/slotenmaker-denhaag.nl\/wp-content\/uploads\/2016\/06\/2963338858-64f62485.jpg 800w\" sizes=\"(max-width: 300px) 100vw, 300px\" \/><\/a>En cas de cambriolage, depannage, de cl\u00e9 cass\u00e9e dans la serrure, ou de cl\u00e9 perdue, vous devez faire appel \u00e0 un serrurier professionnel pour vous d\u00e9panner en urgence. Dans ce moment souvent synonyme de stress, comment choisir avec s\u00e9r\u00e9nit\u00e9 le professionnel qui saura r\u00e9pondre \u00e0 vos attentes? Contacter Serrurier La Haye (Slotenmaker Den Haag) qui interviendra chez vous <em>en moins de 30 minutes,<\/em> 7J\/7 et 24H\/24 sur La Haye et tout environs.<\/p>\n<h3><span class=\"ez-toc-section\" id=\"Ouverture_de_porte_2424\"><\/span>Ouverture de porte 24\/24<span class=\"ez-toc-section-end\"><\/span><\/h3>\n<p>En faisant appel \u00e0 Serrurier La Haye, vous faites le choix de la qualit\u00e9 et du professionnalisme au meilleur prix dans le domaine de la serrurerie. Depuis plus de 15 ans notre Serrurerie r\u00e9ponds aux attentes de ses clients et satisfait leurs demandes en urgence. Le domaine de la serrurerie est en constante \u00e9volution, avec des syst\u00e8mes de plus en plus sophistiqu\u00e9s et complexes. Nos techniciens se doivent donc d\u2019\u00eatre constamment au courant des derni\u00e8res technologies afin de pouvoir r\u00e9pondre \u00e0 toutes les demandes de nos clients.<\/p>\n<p>Depannage? Il peut arriver \u00e0 n&#8217;importe qui: vous quittez la maison et fermez votre porte, et alors que vous fermez, vous r\u00e9alisez que vous avez oubli\u00e9 vos clefs \u00e0 l&#8217;int\u00e9rieur. Ne vous inqui\u00e9tez pas, l&#8217;aide est \u00e0 port\u00e9e de main! Nos techniciens seront avec vous bient\u00f4t! Nous travaillons seulement avec des serruriers qui vivent \u00e0 La Haye. Ils conaissez bien la ville et peut se d\u00e9placer dans toutes les rues et les lieux de travail. Sur nos scooters nous pouvons vous joindre dans 30 minutes. Slotenmaker Den Haag: les serruriers vous pouvez compter.<\/p>\n<h6 style=\"text-align: left;\"><span class=\"ez-toc-section\" id=\"Tel_0652333817\"><\/span>Tel: <a href=\"tel:0652333817\">0652333817<\/a><span class=\"ez-toc-section-end\"><\/span><\/h6>\n<p>&nbsp;<br \/>\nBeaucoup de nos concurrents utilisent le terme <span class=\"hps atn\">de recherche &#8220;Slotenmaker Den Haag<span class=\"atn\">\u00bb ou \u00abSerrurier La Haye\u00bb, mais nous sommes le seul de si\u00e8ge \u00e0 la Chambre de Commerce sous ce nom. <a title=\"Inscription \u00e0 la Chambre de Commerce\" href=\"https:\/\/www.kvk.nl\/bestellen\/#\/65587537000034298509?origin=search\" target=\"_blank\" rel=\"noopener\">Voyez vous-m\u00eame!<\/a> La plupart de nos concurrents viennent de l&#8217;ext\u00e9rieur de la ville. Voil\u00e0 pourquoi leur promesse de vous aider dans les 30 minutes qui ne d\u00e9tient pas vrai.<\/span><\/span><\/p>\n<p><strong>Combien de temps faut-il pour un serrurier pour ouvrir la porte, et combien \u00e7a co\u00fbte?<br \/>\n<\/strong><\/p>\n<p>Notre techniciens font leur chemin autour de la ville sur des scooters. Nous ne utilisons voitures ou de camionnettes et qui est de savoir comment nous desservons toute la r\u00e9gion de La Haye dans les 30 minutes. M\u00eame Serruriers de La Haye qui utilisent des voitures ou des camionnettes ne peuvent pas vous atteindre aussi vite: ils perdent toujours du temps aux prises avec les fermetures de routes, les rues \u00e0 sens unique et le manque d&#8217;espace de stationnement. Nous sommes la seule entreprise qui peut vous atteindre en 30 minutes our moins!<\/p>\n<p>M\u00eame si nous sommes uniques pour fournir le service le plus rapide \u00e0 La Haye, nous ne facturons pas de frais excessifs! Une ouverture de la porte vous co\u00fbtera \u20ac85, &#8211; \u00e0 \u20ac 105,- euro. Mais il n&#8217;y a pas de frais suppl\u00e9mentaires pour le travail de nuit!<\/p>\n<p><strong>Depannage? Quel sera le co\u00fbt pour ouvrir ma porte ou remplacer une serrure?<\/strong><\/p>\n<p>Pour savoir plus sur nos prix s&#8217;il vous pla\u00eet utiliser ce lien, ou appelez-nous.<\/p>\n<p><a title=\"Prix\" href=\"\/fr\/serrurier-la-haye-tarifs-prix\/\">Cliquez ici pour nos prix.<\/a><\/p>\n<p style=\"text-align: left;\"><strong>Nous offrons jusqu&#8217;\u00e0 15% de r\u00e9duction dans les districts suivants**<\/strong><\/p>\n<div class=\"tg-wrap\">\n<table width=\"100%\">\n<tbody>\n<tr>\n<th>\n<ul>\n<li style=\"text-align: left;\"><a title=\"Archipelbuurt\" href=\"https:\/\/www.google.com\/maps\/place\/Archipelbuurt,+Den+Haag,+The+Netherlands\/@52.0924694,4.303229,15z\/data=!3m1!4b1!4m2!3m1!1s0x47c5b749f629e043:0x6b1987da69c97021?dg=dbrw&amp;newdg=1\" target=\"_blank\" rel=\"noopener\">Archipelbuurt<\/a><\/li>\n<li style=\"text-align: left;\"><a title=\"Bomenbuurt\" href=\"https:\/\/www.google.com\/maps\/place\/Bomenbuurt,+Den+Haag,+The+Netherlands\/@52.0804555,4.2712969,16z\/data=!3m1!4b1!4m2!3m1!1s0x47c5b0dd1a408e13:0x8fea6e538eb18249?dg=dbrw&amp;newdg=1\" target=\"_blank\" rel=\"noopener\">Bomen<\/a> en <a title=\"Bloemenbuurt\" href=\"https:\/\/www.google.com\/maps\/place\/Bloemenbuurt-Oost,+Den+Haag,+The+Netherlands\/@52.077486,4.260968,15z\/data=!3m1!4b1!4m2!3m1!1s0x47c5b0e39ad7c867:0xfe53c7029d50327?dg=dbrw&amp;newdg=1\" target=\"_blank\" rel=\"noopener\">Bloemenbuurt<\/a><\/li>\n<li style=\"text-align: left;\"><a title=\"Den Haag Centrum\" href=\"https:\/\/www.google.com\/maps\/place\/The+Hague+Center,+The+Hague,+The+Netherlands\/@52.076598,4.3106734,13z\/data=!3m1!4b1!4m2!3m1!1s0x47c5b72c4e1fc797:0x3187c309df606953?dg=dbrw&amp;newdg=1\" target=\"_blank\" rel=\"noopener\">Centrum<\/a><\/li>\n<li style=\"text-align: left;\"><a title=\"Duinoord\" href=\"https:\/\/www.google.com\/maps\/place\/Duinoord,+Den+Haag,+The+Netherlands\/@52.0832789,4.2836446,16z\/data=!3m1!4b1!4m2!3m1!1s0x47c5b0cf9447852f:0xf7a773f5dff88805?dg=dbrw&amp;newdg=1\" target=\"_blank\" rel=\"noopener\">Duinoord<\/a><\/li>\n<li style=\"text-align: left;\"><a title=\"Regentessekwartier\" href=\"https:\/\/www.google.com\/maps\/search\/Regentessekwartier,+Den+Haag\/@52.074813,4.2973885,15z\/data=!3m1!4b1?dg=dbrw&amp;newdg=1\" target=\"_blank\" rel=\"noopener\">Regentessekwartier<\/a><\/li>\n<\/ul>\n<\/th>\n<th>\n<ul>\n<li style=\"text-align: left;\"><a title=\"Valkenboskwartier\" href=\"https:\/\/www.google.com\/maps\/place\/Valkenboskwartier,+Den+Haag,+The+Netherlands\/@52.0736899,4.276357,15z\/data=!3m1!4b1!4m2!3m1!1s0x47c5b0d8e3f94d71:0x422c4290490653c5?dg=dbrw&amp;newdg=1\" target=\"_blank\" rel=\"noopener\">Valkenboskwartier<\/a><\/li>\n<li style=\"text-align: left;\"><a title=\"Vruchtenbuurt\" href=\"https:\/\/www.google.com\/maps\/place\/Vruchtenbuurt,+2564+Den+Haag,+The+Netherlands\/@52.069051,4.2555609,16z\/data=!3m1!4b1!4m2!3m1!1s0x47c5b11cf491328f:0xbd6bd92c482a6642?dg=dbrw&amp;newdg=1\" target=\"_blank\" rel=\"noopener\">Vruchtenbuurt<\/a><\/li>\n<li style=\"text-align: left;\"><a title=\"Willemspark\" href=\"https:\/\/www.google.com\/maps\/place\/Willemspark,+Den+Haag,+The+Netherlands\/@52.0868189,4.308377,16z\/data=!3m1!4b1!4m2!3m1!1s0x47c5b731213e81c9:0xa7b212303542b7c?dg=dbrw&amp;newdg=1\" target=\"_blank\" rel=\"noopener\">Willemspark<\/a><\/li>\n<li style=\"text-align: left;\"><a title=\"Zeeheldenkwartier\" href=\"https:\/\/www.google.com\/maps\/place\/Zeeheldenkwartier,+Den+Haag,+The+Netherlands\/@52.0815759,4.2959465,15z\/data=!3m1!4b1!4m2!3m1!1s0x47c5b732a674cd11:0x2f60dc6190f0d0?dg=dbrw&amp;newdg=1\" target=\"_blank\" rel=\"noopener\">Zeeheldenkwartier<\/a><\/li>\n<li style=\"text-align: left;\"><a title=\"Zorgvliet\" href=\"https:\/\/www.google.com\/maps\/place\/Zorgvliet\/@52.0862924,4.2895832,15z\/data=!4m2!3m1!1s0x47c5b0c999788aed:0x1800612dede09607?dg=dbrw&amp;newdg=1\" target=\"_blank\" rel=\"noopener\">Zorgvliet<\/a><\/li>\n<\/ul>\n<\/th>\n<\/tr>\n<\/tbody>\n<\/table>\n<\/div>\n<hr \/>\n<p><strong>Mots-cl\u00e9s:<\/strong> lock-out, cl\u00e9, cl\u00e9 cass\u00e9e, serrure cass\u00e9e, remplacement serrure perdu, bloqu\u00e9 cylindre, remplacement, cambriolage, enfreindre, vol, 30 minutes, service, jour et nuit, week-end, vacances, Den Haag, La Haye, serrurier, service de serrure, serrure, d&#8217;urgence, tel: <a href=\"tel:0652333817\">0652333817<\/a><\/p>\n<div id=\"ez-toc-container\" class=\"ez-toc-v2_0_76 counter-hierarchy ez-toc-counter ez-toc-grey ez-toc-container-direction\">\n<div class=\"ez-toc-title-container\">\n<p class=\"ez-toc-title\" style=\"cursor:inherit\">Inhoudsopgave<\/p>\n<span class=\"ez-toc-title-toggle\"><a href=\"#\" class=\"ez-toc-pull-right ez-toc-btn ez-toc-btn-xs ez-toc-btn-default ez-toc-toggle\" aria-label=\"Toggle Table of Content\"><span class=\"ez-toc-js-icon-con\"><span class=\"\"><span class=\"eztoc-hide\" style=\"display:none;\">Toggle<\/span><span class=\"ez-toc-icon-toggle-span\"><svg style=\"fill: #999;color:#999\" xmlns=\"http:\/\/www.w3.org\/2000\/svg\" class=\"list-377408\" width=\"20px\" height=\"20px\" viewBox=\"0 0 24 24\" fill=\"none\"><path d=\"M6 6H4v2h2V6zm14 0H8v2h12V6zM4 11h2v2H4v-2zm16 0H8v2h12v-2zM4 16h2v2H4v-2zm16 0H8v2h12v-2z\" fill=\"currentColor\"><\/path><\/svg><svg style=\"fill: #999;color:#999\" class=\"arrow-unsorted-368013\" xmlns=\"http:\/\/www.w3.org\/2000\/svg\" width=\"10px\" height=\"10px\" viewBox=\"0 0 24 24\" version=\"1.2\" baseProfile=\"tiny\"><path d=\"M18.2 9.3l-6.2-6.3-6.2 6.3c-.2.2-.3.4-.3.7s.1.5.3.7c.2.2.4.3.7.3h11c.3 0 .5-.1.7-.3.2-.2.3-.5.3-.7s-.1-.5-.3-.7zM5.8 14.7l6.2 6.3 6.2-6.3c.2-.2.3-.5.3-.7s-.1-.5-.3-.7c-.2-.2-.4-.3-.7-.3h-11c-.3 0-.5.1-.7.3-.2.2-.3.5-.3.7s.1.5.3.7z\"\/><\/svg><\/span><\/span><\/span><\/a><\/span><\/div>\n<nav><ul class='ez-toc-list ez-toc-list-level-1 eztoc-toggle-hide-by-default' ><li class='ez-toc-page-1 ez-toc-heading-level-2'><a class=\"ez-toc-link ez-toc-heading-1\" href=\"https:\/\/slotenmaker-denhaag.nl\/fr\/depannage\/#Depannage_Serrure_brisee_Non_acces_Les_cles_perdues_Lock-out_Que_puis-je_faire\" >Depannage? Serrure bris\u00e9e? Non acc\u00e8s? Les cl\u00e9s perdues? Lock-out? Que puis-je faire?<\/a><ul class='ez-toc-list-level-3' ><li class='ez-toc-heading-level-3'><a class=\"ez-toc-link ez-toc-heading-2\" href=\"https:\/\/slotenmaker-denhaag.nl\/fr\/depannage\/#Ouverture_de_porte_2424\" >Ouverture de porte 24\/24<\/a><ul class='ez-toc-list-level-6' ><li class='ez-toc-heading-level-6'><ul class='ez-toc-list-level-6' ><li class='ez-toc-heading-level-6'><ul class='ez-toc-list-level-6' ><li class='ez-toc-heading-level-6'><a class=\"ez-toc-link ez-toc-heading-3\" href=\"https:\/\/slotenmaker-denhaag.nl\/fr\/depannage\/#Tel_0652333817\" >Tel: 0652333817<\/a><\/li><\/ul><\/li><\/ul><\/li><\/ul><\/li><\/ul><\/li><\/ul><\/nav><\/div>\n","protected":false},"excerpt":{"rendered":"<p>Depannage? Serrure bris\u00e9e? Non acc\u00e8s? Les cl\u00e9s perdues? Lock-out? Que puis-je faire? En cas de cambriolage, depannage, de cl\u00e9 cass\u00e9e dans la serrure, ou de cl\u00e9 perdue, vous devez faire appel \u00e0 un serrurier professionnel pour vous d\u00e9panner en urgence. Dans ce moment souvent synonyme de stress, comment choisir avec s\u00e9r\u00e9nit\u00e9 le professionnel qui saura [&hellip;]<\/p>\n","protected":false},"author":12,"featured_media":0,"parent":0,"menu_order":0,"comment_status":"closed","ping_status":"closed","template":"","meta":{"_acf_changed":false,"om_disable_all_campaigns":false,"footnotes":"","_wordproof_timestamp":false},"class_list":["post-690","page","type-page","status-publish","hentry"],"acf":[],"_links":{"self":[{"href":"https:\/\/slotenmaker-denhaag.nl\/fr\/wp-json\/wp\/v2\/pages\/690","targetHints":{"allow":["GET"]}}],"collection":[{"href":"https:\/\/slotenmaker-denhaag.nl\/fr\/wp-json\/wp\/v2\/pages"}],"about":[{"href":"https:\/\/slotenmaker-denhaag.nl\/fr\/wp-json\/wp\/v2\/types\/page"}],"author":[{"embeddable":true,"href":"https:\/\/slotenmaker-denhaag.nl\/fr\/wp-json\/wp\/v2\/users\/12"}],"replies":[{"embeddable":true,"href":"https:\/\/slotenmaker-denhaag.nl\/fr\/wp-json\/wp\/v2\/comments?post=690"}],"version-history":[{"count":1,"href":"https:\/\/slotenmaker-denhaag.nl\/fr\/wp-json\/wp\/v2\/pages\/690\/revisions"}],"predecessor-version":[{"id":31249,"href":"https:\/\/slotenmaker-denhaag.nl\/fr\/wp-json\/wp\/v2\/pages\/690\/revisions\/31249"}],"wp:attachment":[{"href":"https:\/\/slotenmaker-denhaag.nl\/fr\/wp-json\/wp\/v2\/media?parent=690"}],"curies":[{"name":"wp","href":"https:\/\/api.w.org\/{rel}","templated":true}]}}