{"id":729,"date":"2016-04-19T11:26:42","date_gmt":"2016-04-19T11:26:42","guid":{"rendered":"https:\/\/slotenmaker-denhaag.nl\/fr\/buitengesloten-braakschade-sleutel-kwijt-of-andere-problemen-met-uw-slot\/"},"modified":"2020-06-28T22:11:20","modified_gmt":"2020-06-28T20:11:20","slug":"lock-out-des-dommages-porte-claquee-cles-perdues-ameliorer-votre-securite","status":"publish","type":"page","link":"https:\/\/slotenmaker-denhaag.nl\/fr\/","title":{"rendered":"Lock-out? Des dommages? Porte claqu\u00e9e? Cl\u00e9s perdues? Am\u00e9liorer votre s\u00e9curit\u00e9?"},"content":{"rendered":"<h2><span class=\"ez-toc-section\" id=\"Slotenmaker_Den_Haag_SDH_Serrurier_La_Haye_Votre_artisan_Serrurier_plus_rapide_a_La_Haye\"><\/span><strong>Slotenmaker Den Haag (SDH) Serrurier La Haye: <\/strong><em>Votre artisan Serrurier plus rapide \u00e0 La Haye!<\/em><span class=\"ez-toc-section-end\"><\/span><\/h2>\n<h3><span class=\"ez-toc-section\" id=\"Urgence_Serrurerie\"><\/span>Urgence Serrurerie<span class=\"ez-toc-section-end\"><\/span><\/h3>\n<p><a href=\"https:\/\/slotenmaker-denhaag.nl\/wp-content\/uploads\/2016\/04\/Buitengesloten-24-uurs-Service-van-Slotenmaker-Den-Haag.jpg\"><img decoding=\"async\" class=\"responsive alignleft wp-image-3204 size-medium\" style=\"border: 2px solid #ff5206;\" src=\"https:\/\/slotenmaker-denhaag.nl\/wp-content\/uploads\/2016\/04\/Buitengesloten-24-uurs-Service-van-Slotenmaker-Den-Haag-300x224.jpg\" alt=\"Porte claqu\u00e9? Serrurier La Haye disponible 24 heure! Slotenmaker Den Haag\" width=\"300\" height=\"224\" title=\"slotenmaker den haag\" srcset=\"https:\/\/slotenmaker-denhaag.nl\/wp-content\/uploads\/2016\/04\/Buitengesloten-24-uurs-Service-van-Slotenmaker-Den-Haag-300x224.jpg 300w, https:\/\/slotenmaker-denhaag.nl\/wp-content\/uploads\/2016\/04\/Buitengesloten-24-uurs-Service-van-Slotenmaker-Den-Haag-768x574.jpg 768w, https:\/\/slotenmaker-denhaag.nl\/wp-content\/uploads\/2016\/04\/Buitengesloten-24-uurs-Service-van-Slotenmaker-Den-Haag-1024x765.jpg 1024w, https:\/\/slotenmaker-denhaag.nl\/wp-content\/uploads\/2016\/04\/Buitengesloten-24-uurs-Service-van-Slotenmaker-Den-Haag.jpg 800w\" sizes=\"(max-width: 300px) 100vw, 300px\" \/><\/a>Notre entreprise <strong>Serrurier La Haye<\/strong> propose des prestations abordables, mais assur\u00e9es par des sp\u00e9cialistes comp\u00e9tents et exp\u00e9riment\u00e9s. Notre \u00e9quipe est disponible 7 jours sur 7 et 24 heures sur 24. Nos artisans sont \u00e0 votre service et interviendront en 30mns en cas d&#8217;urgence. Dans notre \u00e9quipe, nous avons des professionnels exp\u00e9riment\u00e9s et surtout dipl\u00f4m\u00e9s. Nous ne recrutons que des artisans ayant suivi une formation ad\u00e9quate. Nous choisissons avec soin notre personnel afin d\u2019offrir \u00e0 nos clients des prestations de qualit\u00e9. Notre objectif est de vous satisfaire, voil\u00e0 pourquoi nous mettons \u00e0 votre disposition 7 jours sur 7 des artisans dipl\u00f4m\u00e9s et qualifi\u00e9s. Pour la r\u00e9solution rapide de vos soucis de syst\u00e8me de fermeture, faites appel \u00e0 nos experts.<\/p>\n<h4><span class=\"ez-toc-section\" id=\"Pourquoi_contacter_Serruriers_La_Haye\"><\/span>Pourquoi contacter Serruriers La Haye?<span class=\"ez-toc-section-end\"><\/span><\/h4>\n<h4><span class=\"ez-toc-section\" id=\"Depannages\"><\/span>D\u00e9pannages<span class=\"ez-toc-section-end\"><\/span><\/h4>\n<ul>\n<li><em>En cas de lock-out<\/em><\/li>\n<li><em>Ouverture de porte en 30 minutes!<\/em><\/li>\n<\/ul>\n<p>Dans la plupart des cas, une porte ne peut s\u2019ouvrir \u00e0 cause d\u2019une perte de cl\u00e9s, d\u2019une cl\u00e9 bris\u00e9e \u00e0 l\u2019int\u00e9rieur de son dispositif de fermeture ou d\u2019un dysfonctionnement ou niveau m\u00eame de son m\u00e9canisme de verrouillage, d\u2019une partie enfl\u00e9e. Si apr\u00e8s une effraction, une porte n\u2019est pas r\u00e9par\u00e9e par un professionnel, elle peut \u00eatre sujette \u00e0 des blocages.<\/p>\n<div class=\"one-third column\">\n<div class=\"person\">\n<h4 class=\"name\"><span class=\"ez-toc-section\" id=\"Travaux_Serrurerie_a_La_Haye\"><\/span>Travaux Serrurerie \u00e1 La Haye<span class=\"ez-toc-section-end\"><\/span><\/h4>\n<p>Si vous pr\u00e9voyez l&#8217;installation d&#8217;une serrure Bricard, la pose d&#8217;un nouveau coffre-fort ou des travaux de blindage de porte, vous pouvez nous solliciter \u00e9galement. Par ailleurs, nous nous occupons aussi des r\u00e9parations de volet roulant et de l&#8217;installation de syst\u00e8me groom. N&#8217;h\u00e9sitez pas \u00e0 nous contacter pour en savoir plus sur nos tarifs.<\/p>\n<ul>\n<li><em>Ouverture des portes claqu\u00e9e<\/em><\/li>\n<li><em>Ouverture des coffre-fort<\/em><\/li>\n<li><em>Remplacement des serrures et cylindres bris\u00e9s ou coinc\u00e9es<\/em><\/li>\n<li><em>Modification, reproduction ou remplacement des cl\u00e9s ou des cylindres<\/em><\/li>\n<li><em>Des solutions sur mesure pour votre s\u00e9curit\u00e9<\/em><\/li>\n<\/ul>\n<h4 class=\"name\"><span class=\"ez-toc-section\" id=\"Services_Serrurier_24_heur_a_La_Haye\"><\/span>Services Serrurier 24 heur \u00e1 La Haye<span class=\"ez-toc-section-end\"><\/span><\/h4>\n<p>Nous offrons nos services aussi bien pour les travaux de renforcement de s\u00e9curit\u00e9 que pour les d\u00e9pannages en urgence. En outre, nous pouvons nous charger de la confection de vos charpentes, de vos escaliers ainsi que de vos rampes d\u2019escalier. Vous avez besoin de l&#8217;intervention d&#8217;un artisan en urgence, contactez-nous, nous sommes \u00e0 votre disposition.<\/p>\n<p>Vous avez perdu vos cl\u00e9s ou oubli\u00e9s \u00e0 l&#8217;int\u00e9rieur? La porte a claqu\u00e9 sur vous? Vous pouvez compter sur notre service \u00e0 tout moment de la journ\u00e9e ou de la nuit, par tous les temps, les week-ends et jours f\u00e9ri\u00e9s.<\/p>\n<h4><span class=\"ez-toc-section\" id=\"Combien_de_temps_faut-il_pour_que_le_technicien_puisse_arriver\"><\/span><strong>Combien de temps faut-il pour que le technicien puisse arriver?<\/strong><span class=\"ez-toc-section-end\"><\/span><\/h4>\n<p>Nous aurons un technicien chez vous <em>dans 30 minutes ou moins!<\/em><\/p>\n<p>Appelez-nous directement ou utiliser notre <a href=\"https:\/\/slotenmaker-denhaag.nl\/fr\/contact-devis\/\">formulaire de contact.<\/a> Notre num\u00e9ro de t\u00e9l\u00e9phone de service est:<\/p>\n<h6><span class=\"ez-toc-section\" id=\"cellulaire_06_52_333_817\"><\/span><span style=\"color: #000000;\"><strong>cellulaire: <\/strong><\/span><span style=\"color: #ff6600;\"><a style=\"color: #ff6600;\" href=\"tel:0652333817\">06 52 333 817<\/a><\/span><span class=\"ez-toc-section-end\"><\/span><\/h6>\n<h6><span class=\"ez-toc-section\" id=\"tel_fixe_070-2603817\"><\/span><span style=\"color: #000000;\"><strong>t\u00e9l. fixe: <\/strong><\/span><span style=\"color: #ff6600;\"><a style=\"color: #ff6600;\" href=\"tel:0702603817\">070-2603817<\/a><\/span><span class=\"ez-toc-section-end\"><\/span><\/h6>\n<h4><span class=\"ez-toc-section\" id=\"Service_tres_rapide_et_sans_frais_pour_les_call-outs\"><\/span><strong>Service tr\u00e8s rapide et sans frais pour les call-outs!<\/strong><span class=\"ez-toc-section-end\"><\/span><\/h4>\n<p>Serrurier La Haye offre des prix honn\u00eates et clairs. Pas de frais suppl\u00e9mentaires pour les nuits, week-ends ou les jours f\u00e9ri\u00e9s! Vous pouvez payer en esp\u00e8ces ou utiliser votre carte de cr\u00e9dit. Si nos techniciens ne parviennent pas \u00e0 ouvrir votre porte ou de r\u00e9parer votre serrure, nous ne vous facturerons pas!<\/p>\n<h4><span class=\"ez-toc-section\" id=\"Garantie_5_ans_et_100_sur_tous_les_produits_et_services_%E2%80%A6\"><\/span><strong>Garantie 5 ans et 100% sur tous les produits et services &#8230;<\/strong><span class=\"ez-toc-section-end\"><\/span><\/h4>\n<p>Nos techniciens sont certifi\u00e9s serruriers professionnels et seront habilement ouvrir toutes les portes sans les endommager ind\u00fbment. * Une ouverture de porte standard (sans dommage et sans remplacement ou de r\u00e9paration) vous co\u00fbtera plus ou moins \u20ac 85.-<\/p>\n<p>Lorsque vous faites un rendez-vous, s&#8217;il vous pla\u00eet toujours demander un devis pour \u00e9viter les surprises!<\/p>\n<p><strong>Slotenmaker Den Haag (SDH)<\/strong> est une entreprise de serrurerie tous azimuts et nous faisons plus que des portes ouvertes et remplacer les cylindres. Nous pouvons \u00e9galement placer de nouvelles serrures et cylindres, barres sur les fen\u00eatres, concevoir une vari\u00e9t\u00e9 de mesures de s\u00e9curit\u00e9 et de les construire nous-m\u00eames, Portes blind\u00e9es et mettre en \u0153uvre toutes sortes de mesures de s\u00e9curit\u00e9 qui am\u00e9liorent consid\u00e9rablement votre s\u00e9curit\u00e9.<\/p>\n<h4><span class=\"ez-toc-section\" id=\"Demandez_tout_de_suite_un_devis_ou_prendre_rendez-vous\"><\/span>Demandez <b><span class=\"defTitle\" lang=\"fr\">tout de suite<\/span><\/b> un devis ou prendre rendez-vous:<span class=\"ez-toc-section-end\"><\/span><\/h4>\n<h6><span class=\"ez-toc-section\" id=\"cellulaire_06_52_333_817-2\"><\/span><span style=\"color: #000000;\"><strong>cellulaire: <\/strong><\/span><span style=\"color: #ff6600;\"><a style=\"color: #ff6600;\" href=\"tel:0652333817\">06 52 333 817<\/a><\/span><span class=\"ez-toc-section-end\"><\/span><\/h6>\n<p>En raison de l&#8217;augmentation du nombre de cambriolages, les cambriolages, les vols et les crimes \u00e0 La Haye nous recevons beaucoup de questions sur la pr\u00e9vention et la s\u00e9curit\u00e9. Savez-vous que placer de nouvelles serrures et cylindres s\u00e9curit\u00e9 avec le SKG *** certificat peut r\u00e9duire de mani\u00e8re significative les chances d&#8217;une effraction de pr\u00e8s de 90%?<\/p>\n<p>Nous offrons une large gamme de serrures et cylindres avec le *** certificat de s\u00e9curit\u00e9 SKG et nous savons comment adapter ces mat\u00e9riaux professionnellement pour vous assurer que vous et vos objets de valeur \u00eates en s\u00e9curit\u00e9.<\/p>\n<p>Voulez-vous savoir comment am\u00e9liorer la s\u00e9curit\u00e9 de votre maison ou au bureau? Consultez notre page sur les mesures que vous pouvez prendre pour pr\u00e9venir ou minimiser les risques. Voulez-vous savoir quelles sont les possibilit\u00e9s dans votre situation? Demandez une \u00e9valuation compl\u00e8tement gratuite de votre bien:<\/p>\n<ul>\n<li><em>Slotenmaker Den Haag \/ Serrurier La Haye<\/em><\/li>\n<li><em>Ouvert 7 jours par semaine, 24\/7<\/em><\/li>\n<li><em>Ne paniquez pas! Nous serons avec vous dans les 30 minutes!<\/em><\/li>\n<li><em>Envoyez-nous un (texte) message: <a href=\"tel: 0652333817\">06 52 333 817<\/a><\/em><\/li>\n<li><em>Parlez-nous directement: <a href=\"tel: 0652333817\">06 52 333 817<\/a><\/em><\/li>\n<li><em>Contactez-nous sur <span style=\"color: #99cc00;\">WhatsApp<\/span> &#8230;<\/em><\/li>\n<li><em>Utilisez notre formulaire de contact pour nous envoyer des photos ou prendre rendez-vous<\/em><\/li>\n<\/ul>\n<p><span style=\"color: #ff6600;\"><strong><a style=\"color: #ff6600;\" href=\"https:\/\/serrurier-lahaye.onepage.website\/\" target=\"_blank\" rel=\"noopener\"><span id=\"result_box\" class=\"short_text\" tabindex=\"-1\" lang=\"fr\">Lien a notre site Fran\u00e7aise<\/span><\/a><\/strong><\/span><\/p>\n<\/div>\n<\/div>\n<div id=\"ez-toc-container\" class=\"ez-toc-v2_0_76 counter-hierarchy ez-toc-counter ez-toc-grey ez-toc-container-direction\">\n<div class=\"ez-toc-title-container\">\n<p class=\"ez-toc-title\" style=\"cursor:inherit\">Inhoudsopgave<\/p>\n<span class=\"ez-toc-title-toggle\"><a href=\"#\" class=\"ez-toc-pull-right ez-toc-btn ez-toc-btn-xs ez-toc-btn-default ez-toc-toggle\" aria-label=\"Toggle Table of Content\"><span class=\"ez-toc-js-icon-con\"><span class=\"\"><span class=\"eztoc-hide\" style=\"display:none;\">Toggle<\/span><span class=\"ez-toc-icon-toggle-span\"><svg style=\"fill: #999;color:#999\" xmlns=\"http:\/\/www.w3.org\/2000\/svg\" class=\"list-377408\" width=\"20px\" height=\"20px\" viewBox=\"0 0 24 24\" fill=\"none\"><path d=\"M6 6H4v2h2V6zm14 0H8v2h12V6zM4 11h2v2H4v-2zm16 0H8v2h12v-2zM4 16h2v2H4v-2zm16 0H8v2h12v-2z\" fill=\"currentColor\"><\/path><\/svg><svg style=\"fill: #999;color:#999\" class=\"arrow-unsorted-368013\" xmlns=\"http:\/\/www.w3.org\/2000\/svg\" width=\"10px\" height=\"10px\" viewBox=\"0 0 24 24\" version=\"1.2\" baseProfile=\"tiny\"><path d=\"M18.2 9.3l-6.2-6.3-6.2 6.3c-.2.2-.3.4-.3.7s.1.5.3.7c.2.2.4.3.7.3h11c.3 0 .5-.1.7-.3.2-.2.3-.5.3-.7s-.1-.5-.3-.7zM5.8 14.7l6.2 6.3 6.2-6.3c.2-.2.3-.5.3-.7s-.1-.5-.3-.7c-.2-.2-.4-.3-.7-.3h-11c-.3 0-.5.1-.7.3-.2.2-.3.5-.3.7s.1.5.3.7z\"\/><\/svg><\/span><\/span><\/span><\/a><\/span><\/div>\n<nav><ul class='ez-toc-list ez-toc-list-level-1 eztoc-toggle-hide-by-default' ><li class='ez-toc-page-1 ez-toc-heading-level-2'><a class=\"ez-toc-link ez-toc-heading-1\" href=\"https:\/\/slotenmaker-denhaag.nl\/fr\/#Slotenmaker_Den_Haag_SDH_Serrurier_La_Haye_Votre_artisan_Serrurier_plus_rapide_a_La_Haye\" >Slotenmaker Den Haag (SDH) Serrurier La Haye: Votre artisan Serrurier plus rapide \u00e0 La Haye!<\/a><ul class='ez-toc-list-level-3' ><li class='ez-toc-heading-level-3'><a class=\"ez-toc-link ez-toc-heading-2\" href=\"https:\/\/slotenmaker-denhaag.nl\/fr\/#Urgence_Serrurerie\" >Urgence Serrurerie<\/a><ul class='ez-toc-list-level-4' ><li class='ez-toc-heading-level-4'><a class=\"ez-toc-link ez-toc-heading-3\" href=\"https:\/\/slotenmaker-denhaag.nl\/fr\/#Pourquoi_contacter_Serruriers_La_Haye\" >Pourquoi contacter Serruriers La Haye?<\/a><\/li><li class='ez-toc-page-1 ez-toc-heading-level-4'><a class=\"ez-toc-link ez-toc-heading-4\" href=\"https:\/\/slotenmaker-denhaag.nl\/fr\/#Depannages\" >D\u00e9pannages<\/a><\/li><li class='ez-toc-page-1 ez-toc-heading-level-4'><a class=\"ez-toc-link ez-toc-heading-5\" href=\"https:\/\/slotenmaker-denhaag.nl\/fr\/#Travaux_Serrurerie_a_La_Haye\" >Travaux Serrurerie \u00e1 La Haye<\/a><\/li><li class='ez-toc-page-1 ez-toc-heading-level-4'><a class=\"ez-toc-link ez-toc-heading-6\" href=\"https:\/\/slotenmaker-denhaag.nl\/fr\/#Services_Serrurier_24_heur_a_La_Haye\" >Services Serrurier 24 heur \u00e1 La Haye<\/a><\/li><li class='ez-toc-page-1 ez-toc-heading-level-4'><a class=\"ez-toc-link ez-toc-heading-7\" href=\"https:\/\/slotenmaker-denhaag.nl\/fr\/#Combien_de_temps_faut-il_pour_que_le_technicien_puisse_arriver\" >Combien de temps faut-il pour que le technicien puisse arriver?<\/a><ul class='ez-toc-list-level-6' ><li class='ez-toc-heading-level-6'><ul class='ez-toc-list-level-6' ><li class='ez-toc-heading-level-6'><a class=\"ez-toc-link ez-toc-heading-8\" href=\"https:\/\/slotenmaker-denhaag.nl\/fr\/#cellulaire_06_52_333_817\" >cellulaire: 06 52 333 817<\/a><\/li><li class='ez-toc-page-1 ez-toc-heading-level-6'><a class=\"ez-toc-link ez-toc-heading-9\" href=\"https:\/\/slotenmaker-denhaag.nl\/fr\/#tel_fixe_070-2603817\" >t\u00e9l. fixe: 070-2603817<\/a><\/li><\/ul><\/li><\/ul><\/li><li class='ez-toc-page-1 ez-toc-heading-level-4'><a class=\"ez-toc-link ez-toc-heading-10\" href=\"https:\/\/slotenmaker-denhaag.nl\/fr\/#Service_tres_rapide_et_sans_frais_pour_les_call-outs\" >Service tr\u00e8s rapide et sans frais pour les call-outs!<\/a><\/li><li class='ez-toc-page-1 ez-toc-heading-level-4'><a class=\"ez-toc-link ez-toc-heading-11\" href=\"https:\/\/slotenmaker-denhaag.nl\/fr\/#Garantie_5_ans_et_100_sur_tous_les_produits_et_services_%E2%80%A6\" >Garantie 5 ans et 100% sur tous les produits et services &#8230;<\/a><\/li><li class='ez-toc-page-1 ez-toc-heading-level-4'><a class=\"ez-toc-link ez-toc-heading-12\" href=\"https:\/\/slotenmaker-denhaag.nl\/fr\/#Demandez_tout_de_suite_un_devis_ou_prendre_rendez-vous\" >Demandez tout de suite un devis ou prendre rendez-vous:<\/a><ul class='ez-toc-list-level-6' ><li class='ez-toc-heading-level-6'><ul class='ez-toc-list-level-6' ><li class='ez-toc-heading-level-6'><a class=\"ez-toc-link ez-toc-heading-13\" href=\"https:\/\/slotenmaker-denhaag.nl\/fr\/#cellulaire_06_52_333_817-2\" >cellulaire: 06 52 333 817<\/a><\/li><\/ul><\/li><\/ul><\/li><\/ul><\/li><\/ul><\/li><\/ul><\/nav><\/div>\n","protected":false},"excerpt":{"rendered":"<p>Slotenmaker Den Haag (SDH) Serrurier La Haye: Votre artisan Serrurier plus rapide \u00e0 La Haye! Urgence Serrurerie Notre entreprise Serrurier La Haye propose des prestations abordables, mais assur\u00e9es par des sp\u00e9cialistes comp\u00e9tents et exp\u00e9riment\u00e9s. Notre \u00e9quipe est disponible 7 jours sur 7 et 24 heures sur 24. Nos artisans sont \u00e0 votre service et interviendront [&hellip;]<\/p>\n","protected":false},"author":12,"featured_media":0,"parent":0,"menu_order":1,"comment_status":"closed","ping_status":"closed","template":"","meta":{"_acf_changed":false,"om_disable_all_campaigns":false,"footnotes":"","_wordproof_timestamp":false},"class_list":["post-729","page","type-page","status-publish","hentry"],"acf":[],"_links":{"self":[{"href":"https:\/\/slotenmaker-denhaag.nl\/fr\/wp-json\/wp\/v2\/pages\/729","targetHints":{"allow":["GET"]}}],"collection":[{"href":"https:\/\/slotenmaker-denhaag.nl\/fr\/wp-json\/wp\/v2\/pages"}],"about":[{"href":"https:\/\/slotenmaker-denhaag.nl\/fr\/wp-json\/wp\/v2\/types\/page"}],"author":[{"embeddable":true,"href":"https:\/\/slotenmaker-denhaag.nl\/fr\/wp-json\/wp\/v2\/users\/12"}],"replies":[{"embeddable":true,"href":"https:\/\/slotenmaker-denhaag.nl\/fr\/wp-json\/wp\/v2\/comments?post=729"}],"version-history":[{"count":0,"href":"https:\/\/slotenmaker-denhaag.nl\/fr\/wp-json\/wp\/v2\/pages\/729\/revisions"}],"wp:attachment":[{"href":"https:\/\/slotenmaker-denhaag.nl\/fr\/wp-json\/wp\/v2\/media?parent=729"}],"curies":[{"name":"wp","href":"https:\/\/api.w.org\/{rel}","templated":true}]}}