{"id":831,"date":"2016-05-02T08:18:35","date_gmt":"2016-05-02T08:18:35","guid":{"rendered":"https:\/\/slotenmaker-denhaag.nl\/fr\/cookies-policy\/"},"modified":"2017-04-13T13:06:10","modified_gmt":"2017-04-13T13:06:10","slug":"politique-de-cookies","status":"publish","type":"page","link":"https:\/\/slotenmaker-denhaag.nl\/fr\/politique-de-cookies\/","title":{"rendered":"Politique de Cookies"},"content":{"rendered":"<h2><span class=\"ez-toc-section\" id=\"Cookies_strictement_necessaires_a_lutilisation_du_service_demande\"><\/span>Cookies strictement n\u00e9cessaires \u00e0 l\u2019utilisation du service demand\u00e9.<span class=\"ez-toc-section-end\"><\/span><\/h2>\n<p>Ils permettent l\u2019utilisation des principales fonctionnalit\u00e9s du site, comme le cas \u00e9ch\u00e9ant l\u2019acc\u00e8s \u00e0 votre compte personnel, ou encore de m\u00e9moriser les pr\u00e9f\u00e9rences d&#8217;affichage de votre terminal (langue, param\u00e8tres d&#8217;affichage) et d&#8217;en tenir compte lors de vos visites, selon la charte graphique et les logiciels de visualisation ou de lecture de votre terminal. Ils peuvent inclure des cookies de r\u00e9seaux sociaux lorsque vous interagissez avec ces derniers. Ils nous permettent aussi de lier entre elles les diff\u00e9rentes pages consult\u00e9es pour vous assurer une navigation fluide.<\/p>\n<h3><span class=\"ez-toc-section\" id=\"Pour_parametrer\"><\/span>Pour param\u00e9trer:<span class=\"ez-toc-section-end\"><\/span><\/h3>\n<p>Vous pouvez d\u00e9sactiver compl\u00e8tement les cookies dans votre navigateur. Dans ce cas notre site ne fonctionnera plus normalement mais vous pourrez quand m\u00eame effectuer des actions basiques.<\/p>\n<h4><span class=\"ez-toc-section\" id=\"1_si_vous_utilisez_le_navigateur_Internet_Explorer\"><\/span>1\/ si vous utilisez le navigateur Internet Explorer<span class=\"ez-toc-section-end\"><\/span><\/h4>\n<ul>\n<li>Dans Internet Explorer, cliquez sur le bouton \u00ab Outils \u00bb, puis sur \u00ab Options Internet \u00bb.<\/li>\n<li>Sous l\u2019onglet Confidentialit\u00e9 d\u00e9placez le curseur vers le haut pour bloquer tous les cookies ou vers le bas pour autoriser tous les cookies, puis cliquez sur OK.<\/li>\n<\/ul>\n<h4><span class=\"ez-toc-section\" id=\"2_si_vous_utilisez_le_navigateur_Firefox\"><\/span>2\/ si vous utilisez le navigateur Firefox<span class=\"ez-toc-section-end\"><\/span><\/h4>\n<ul>\n<li>Allez dans le menu \u00ab Outils \u00bb du navigateur puis s\u00e9lectionnez le menu \u00ab Options \u00bb<\/li>\n<li>Cliquez sur l\u2019onglet \u00ab vie priv\u00e9e \u00bb, d\u00e9cochez la case \u00ab Accepter les cookies \u00bb puis cliquez sur OK.<\/li>\n<\/ul>\n<h4><span class=\"ez-toc-section\" id=\"3_si_vous_utilisez_le_navigateur_Safari\"><\/span>3\/ si vous utilisez le navigateur Safari<span class=\"ez-toc-section-end\"><\/span><\/h4>\n<ul>\n<li>Dans votre navigateur, choisissez le menu \u00ab \u00c9dition \u00bb puis s\u00e9lectionnez \u00ab Pr\u00e9f\u00e9rences \u00bb.<\/li>\n<li>Cliquez sur \u00ab Confidentialit\u00e9 \u00bb.<\/li>\n<li>Positionnez le r\u00e9glage \u00ab Bloquer les cookies \u00bb sur \u00ab Toujours \u00bb puis cliquez sur OK.<\/li>\n<\/ul>\n<h4><span class=\"ez-toc-section\" id=\"4_si_vous_utilisez_le_navigateur_Google_Chrome\"><\/span>4\/ si vous utilisez le navigateur Google Chrome<span class=\"ez-toc-section-end\"><\/span><\/h4>\n<ul>\n<li>Cliquez sur le menu Chrome dans la barre d&#8217;outils du navigateur.<\/li>\n<li>S\u00e9lectionnez \u00ab Param\u00e8tres \u00bb.<\/li>\n<li>Cliquez sur \u00ab Afficher les param\u00e8tres avanc\u00e9s \u00bb.<\/li>\n<li>Dans la section \u00ab Confidentialit\u00e9 \u00bb, cliquez sur le bouton \u00ab Param\u00e8tres de contenu \u00bb.<\/li>\n<li>Dans la section \u00ab Cookies \u00bb, s\u00e9lectionnez \u00ab Interdire \u00e0 tous les sites de stocker des donn\u00e9es \u00bb et cochez la case \u00ab Bloquer les cookies et les donn\u00e9es de site tiers \u00bb, puis cliquez sur OK.<\/li>\n<\/ul>\n<h4><span class=\"ez-toc-section\" id=\"Cookies_de_mesure_daudience_et_de_statistiques\"><\/span>Cookies de mesure d\u2019audience et de statistiques.<span class=\"ez-toc-section-end\"><\/span><\/h4>\n<p>Ils nous permettent de faire vivre le site et d\u2019\u00e9tablir des statistiques et comptages de fr\u00e9quentation et d&#8217;utilisation de ses rubriques et contenus, pour r\u00e9aliser des \u00e9tudes afin d\u2019am\u00e9liorer le contenu (mesure du nombre de visites, de pages vues ou encore de l&#8217;activit\u00e9 des visiteurs sur le site et de leur fr\u00e9quence de retour). Ils nous permettent \u00e9galement d\u2019analyser la navigation des internautes afin d\u2019am\u00e9liorer notre service ou de d\u00e9tecter des dysfonctionnements.<\/p>\n<h4><span class=\"ez-toc-section\" id=\"Cookies_publicitaires_de_societes_partenaires\"><\/span>Cookies publicitaires de soci\u00e9t\u00e9s partenaires.<span class=\"ez-toc-section-end\"><\/span><\/h4>\n<p>Ils sont susceptibles d\u2019\u00eatre plac\u00e9s dans votre terminal, afin d\u2019identifier vos centres d\u2019int\u00e9r\u00eat au travers des produits consult\u00e9s sur notre site et de collecter des donn\u00e9es de navigation afin de personnaliser l\u2019offre publicitaire qui vous est adress\u00e9e sur et en dehors de nos sites. :<\/p>\n<h4><span class=\"ez-toc-section\" id=\"Pour_parametrer-2\"><\/span>Pour param\u00e9trer :<span class=\"ez-toc-section-end\"><\/span><\/h4>\n<p>Vous pouvez vous opposer \u00e0 l\u2019usage de vos donn\u00e9es de navigation par les partenaires suivants :<\/p>\n<ul>\n<li>AppNexus: https:\/\/www.appnexus.com\/fr<\/li>\n<li>DTS: https:\/\/client.adhslx.com\/privacy.html<\/li>\n<\/ul>\n<p>Vous pouvez \u00e9galement vous opposer \u00e0 tous les cookies tiers depuis votre navigateur :<\/p>\n<p>1\/ si vous utilisez le navigateur Internet Explorer<\/p>\n<p>Dans Internet Explorer, cliquez sur le bouton \u00ab Outils \u00bb, puis sur \u00ab Options Internet \u00bb. Sous l\u2019onglet Confidentialit\u00e9, sous Cookies, activez l\u2019option Bloquer tous les cookies tiers, puis cliquez sur OK.<\/p>\n<p>2\/ si vous utilisez le navigateur Firefox<\/p>\n<ul>\n<li>Allez dans le menu \u00ab Outils \u00bb du navigateur puis s\u00e9lectionnez \u00ab Options \u00bb<\/li>\n<li>Cliquez sur l\u2019onglet \u00ab vie priv\u00e9e \u00bb, passez le param\u00e8tre \u00ab Accepter les cookies tiers \u00bb \u00e0 \u00ab jamais \u00bb, puis cliquez sur OK.<\/li>\n<\/ul>\n<p>3\/ si vous utilisez le navigateur Safari<\/p>\n<ul>\n<li>Dans votre navigateur, choisissez le menu \u00ab \u00c9dition \u00bb puis s\u00e9lectionnez \u00ab Pr\u00e9f\u00e9rences \u00bb.<\/li>\n<li>Cliquez sur \u00ab Confidentialit\u00e9 \u00bb.<\/li>\n<li>Positionnez le r\u00e9glage \u00ab Bloquer les cookies sur \u00ab Des tierces parties et des annonceurs \u00bb puis cliquez sur OK.<\/li>\n<\/ul>\n<p>4\/ si vous utilisez le navigateur Google Chrome<\/p>\n<ul>\n<li>Cliquez sur le menu Chrome dans la barre d&#8217;outils du navigateur.<\/li>\n<li>S\u00e9lectionnez \u00ab Param\u00e8tres \u00bb.<\/li>\n<li>Cliquez sur \u00ab Afficher les param\u00e8tres avanc\u00e9s \u00bb.<\/li>\n<li>Dans la section \u00ab Confidentialit\u00e9 \u00bb, cliquez sur le bouton \u00ab Param\u00e8tres de contenu \u00bb.<\/li>\n<li>Dans la section \u00ab Cookies \u00bb, cochez la case \u00ab Bloquer les cookies et les donn\u00e9es de site tiers \u00bb, puis cliquez sur OK.<\/li>\n<\/ul>\n<p>Si vous rencontrez des probl\u00e8mes inattendus utilisant ce site, ou pensez que vous avez identifi\u00e9 un risque de s\u00e9curit\u00e9, s&#8217;il vous pla\u00eet ne pas h\u00e9siter \u00e0 nous contacter!<\/p>\n<div id=\"ez-toc-container\" class=\"ez-toc-v2_0_76 counter-hierarchy ez-toc-counter ez-toc-grey ez-toc-container-direction\">\n<div class=\"ez-toc-title-container\">\n<p class=\"ez-toc-title\" style=\"cursor:inherit\">Inhoudsopgave<\/p>\n<span class=\"ez-toc-title-toggle\"><a href=\"#\" class=\"ez-toc-pull-right ez-toc-btn ez-toc-btn-xs ez-toc-btn-default ez-toc-toggle\" aria-label=\"Toggle Table of Content\"><span class=\"ez-toc-js-icon-con\"><span class=\"\"><span class=\"eztoc-hide\" style=\"display:none;\">Toggle<\/span><span class=\"ez-toc-icon-toggle-span\"><svg style=\"fill: #999;color:#999\" xmlns=\"http:\/\/www.w3.org\/2000\/svg\" class=\"list-377408\" width=\"20px\" height=\"20px\" viewBox=\"0 0 24 24\" fill=\"none\"><path d=\"M6 6H4v2h2V6zm14 0H8v2h12V6zM4 11h2v2H4v-2zm16 0H8v2h12v-2zM4 16h2v2H4v-2zm16 0H8v2h12v-2z\" fill=\"currentColor\"><\/path><\/svg><svg style=\"fill: #999;color:#999\" class=\"arrow-unsorted-368013\" xmlns=\"http:\/\/www.w3.org\/2000\/svg\" width=\"10px\" height=\"10px\" viewBox=\"0 0 24 24\" version=\"1.2\" baseProfile=\"tiny\"><path d=\"M18.2 9.3l-6.2-6.3-6.2 6.3c-.2.2-.3.4-.3.7s.1.5.3.7c.2.2.4.3.7.3h11c.3 0 .5-.1.7-.3.2-.2.3-.5.3-.7s-.1-.5-.3-.7zM5.8 14.7l6.2 6.3 6.2-6.3c.2-.2.3-.5.3-.7s-.1-.5-.3-.7c-.2-.2-.4-.3-.7-.3h-11c-.3 0-.5.1-.7.3-.2.2-.3.5-.3.7s.1.5.3.7z\"\/><\/svg><\/span><\/span><\/span><\/a><\/span><\/div>\n<nav><ul class='ez-toc-list ez-toc-list-level-1 eztoc-toggle-hide-by-default' ><li class='ez-toc-page-1 ez-toc-heading-level-2'><a class=\"ez-toc-link ez-toc-heading-1\" href=\"https:\/\/slotenmaker-denhaag.nl\/fr\/politique-de-cookies\/#Cookies_strictement_necessaires_a_lutilisation_du_service_demande\" >Cookies strictement n\u00e9cessaires \u00e0 l\u2019utilisation du service demand\u00e9.<\/a><ul class='ez-toc-list-level-3' ><li class='ez-toc-heading-level-3'><a class=\"ez-toc-link ez-toc-heading-2\" href=\"https:\/\/slotenmaker-denhaag.nl\/fr\/politique-de-cookies\/#Pour_parametrer\" >Pour param\u00e9trer:<\/a><ul class='ez-toc-list-level-4' ><li class='ez-toc-heading-level-4'><a class=\"ez-toc-link ez-toc-heading-3\" href=\"https:\/\/slotenmaker-denhaag.nl\/fr\/politique-de-cookies\/#1_si_vous_utilisez_le_navigateur_Internet_Explorer\" >1\/ si vous utilisez le navigateur Internet Explorer<\/a><\/li><li class='ez-toc-page-1 ez-toc-heading-level-4'><a class=\"ez-toc-link ez-toc-heading-4\" href=\"https:\/\/slotenmaker-denhaag.nl\/fr\/politique-de-cookies\/#2_si_vous_utilisez_le_navigateur_Firefox\" >2\/ si vous utilisez le navigateur Firefox<\/a><\/li><li class='ez-toc-page-1 ez-toc-heading-level-4'><a class=\"ez-toc-link ez-toc-heading-5\" href=\"https:\/\/slotenmaker-denhaag.nl\/fr\/politique-de-cookies\/#3_si_vous_utilisez_le_navigateur_Safari\" >3\/ si vous utilisez le navigateur Safari<\/a><\/li><li class='ez-toc-page-1 ez-toc-heading-level-4'><a class=\"ez-toc-link ez-toc-heading-6\" href=\"https:\/\/slotenmaker-denhaag.nl\/fr\/politique-de-cookies\/#4_si_vous_utilisez_le_navigateur_Google_Chrome\" >4\/ si vous utilisez le navigateur Google Chrome<\/a><\/li><li class='ez-toc-page-1 ez-toc-heading-level-4'><a class=\"ez-toc-link ez-toc-heading-7\" href=\"https:\/\/slotenmaker-denhaag.nl\/fr\/politique-de-cookies\/#Cookies_de_mesure_daudience_et_de_statistiques\" >Cookies de mesure d\u2019audience et de statistiques.<\/a><\/li><li class='ez-toc-page-1 ez-toc-heading-level-4'><a class=\"ez-toc-link ez-toc-heading-8\" href=\"https:\/\/slotenmaker-denhaag.nl\/fr\/politique-de-cookies\/#Cookies_publicitaires_de_societes_partenaires\" >Cookies publicitaires de soci\u00e9t\u00e9s partenaires.<\/a><\/li><li class='ez-toc-page-1 ez-toc-heading-level-4'><a class=\"ez-toc-link ez-toc-heading-9\" href=\"https:\/\/slotenmaker-denhaag.nl\/fr\/politique-de-cookies\/#Pour_parametrer-2\" >Pour param\u00e9trer :<\/a><\/li><\/ul><\/li><\/ul><\/li><\/ul><\/nav><\/div>\n","protected":false},"excerpt":{"rendered":"<p>Cookies strictement n\u00e9cessaires \u00e0 l\u2019utilisation du service demand\u00e9. Ils permettent l\u2019utilisation des principales fonctionnalit\u00e9s du site, comme le cas \u00e9ch\u00e9ant l\u2019acc\u00e8s \u00e0 votre compte personnel, ou encore de m\u00e9moriser les pr\u00e9f\u00e9rences d&#8217;affichage de votre terminal (langue, param\u00e8tres d&#8217;affichage) et d&#8217;en tenir compte lors de vos visites, selon la charte graphique et les logiciels de visualisation [&hellip;]<\/p>\n","protected":false},"author":12,"featured_media":0,"parent":0,"menu_order":0,"comment_status":"closed","ping_status":"closed","template":"","meta":{"_acf_changed":false,"om_disable_all_campaigns":false,"footnotes":"","_wordproof_timestamp":false},"class_list":["post-831","page","type-page","status-publish","hentry"],"acf":[],"_links":{"self":[{"href":"https:\/\/slotenmaker-denhaag.nl\/fr\/wp-json\/wp\/v2\/pages\/831","targetHints":{"allow":["GET"]}}],"collection":[{"href":"https:\/\/slotenmaker-denhaag.nl\/fr\/wp-json\/wp\/v2\/pages"}],"about":[{"href":"https:\/\/slotenmaker-denhaag.nl\/fr\/wp-json\/wp\/v2\/types\/page"}],"author":[{"embeddable":true,"href":"https:\/\/slotenmaker-denhaag.nl\/fr\/wp-json\/wp\/v2\/users\/12"}],"replies":[{"embeddable":true,"href":"https:\/\/slotenmaker-denhaag.nl\/fr\/wp-json\/wp\/v2\/comments?post=831"}],"version-history":[{"count":0,"href":"https:\/\/slotenmaker-denhaag.nl\/fr\/wp-json\/wp\/v2\/pages\/831\/revisions"}],"wp:attachment":[{"href":"https:\/\/slotenmaker-denhaag.nl\/fr\/wp-json\/wp\/v2\/media?parent=831"}],"curies":[{"name":"wp","href":"https:\/\/api.w.org\/{rel}","templated":true}]}}