{"id":4252,"date":"2016-06-24T13:31:21","date_gmt":"2016-06-24T13:31:21","guid":{"rendered":"https:\/\/slotenmaker-denhaag.nl\/pl\/bedrijfsgegevens\/"},"modified":"2023-01-25T15:43:57","modified_gmt":"2023-01-25T14:43:57","slug":"informacje-o-firmie","status":"publish","type":"page","link":"https:\/\/slotenmaker-denhaag.nl\/pl\/informacje-o-firmie\/","title":{"rendered":"Informacje o Firmie | \u015alusarz Haga Hadze | Slotenmaker Den Haag"},"content":{"rendered":"<div class=\"contact_info\">\n<div class=\"contact_info_item icon-zins-telephone\">\n<p><strong>Telefon<\/strong><\/p>\n<div class=\"contact_info_phone\"><a href=\"tel:0652333817\">06 52 333 817<\/a><\/div>\n<\/div>\n<div class=\"contact_info_item icon-mail\">\n<p><strong>E-mail &amp; Internet<\/strong><\/p>\n<p><span style=\"color: #ffffff;\"><strong>info@slotenmaker-denhaag.nl<\/strong><br \/>\n<a style=\"color: #ffffff;\" href=\"https:\/\/slotenmaker-denhaag.nl\/\">www.slotenmaker-denhaag.nl<\/a><\/span><\/p>\n<\/div>\n<div class=\"contact_info_item icon-zins-location\"><strong>Adres pocztowy<\/strong><\/p>\n<p>Mient 66<br \/>\n2564KP Den Haag<\/p>\n<\/div>\n<div class=\"contact_info_item\"><strong>Bankowe &amp; Podatkowe szczeg\u00f3\u0142y<\/strong><\/p>\n<p>Bank: IBAN NL04KNAB0256980381<br \/>\nK.v.k: 65587537<br \/>\nBTW nr: NL002440902B30<\/p>\n<\/div>\n<div class=\"contact_info_item\"><span style=\"color: #ffffff;\"><a style=\"color: #ffffff;\" href=\"https:\/\/slotenmaker-denhaag.nl\/wp-content\/uploads\/Slotenmaker-Den-Haag-SDH.vcf\">Pobierz vCard i dodaj nas do kontakt\u00f3w<\/a><\/span><\/p>\n<p><strong><span style=\"color: #ffffff;\"><a style=\"color: #ffffff;\" href=\"https:\/\/slotenmaker-denhaag.nl\/algemene-voorwaarden\/\">Zasady i Warunki<br \/>\n<\/a><a style=\"color: #ffffff;\" href=\"https:\/\/slotenmaker-denhaag.nl\/contact\/\">Formularz kontaktowy<br \/>\n<\/a><a style=\"color: #ffffff;\" href=\"https:\/\/slotenmaker-denhaag.nl\/opdracht-bevestiging\/\">Formularz zam\u00f3wienia<\/a><\/span><\/strong><\/p>\n<p><em>Wszystkie informacje sprawdzone 25 Maj, 2016.<\/em><\/p>\n<\/div>\n<\/div>\n<p><a href=\"https:\/\/slotenmaker-denhaag.nl\/wp-content\/uploads\/white.png\"><img decoding=\"async\" class=\"alignnone size-full wp-image-6538\" src=\"https:\/\/slotenmaker-denhaag.nl\/wp-content\/uploads\/white.png\" alt=\"Informacje \u015alusarz Haga Hadze Slotenmaker Den Haag\" width=\"42\" height=\"42\" title=\"slotenmaker den haag\"><\/a><\/p>\n","protected":false},"excerpt":{"rendered":"<p>Telefon 06 52 333 817 E-mail &amp; Internet info@slotenmaker-denhaag.nl www.slotenmaker-denhaag.nl Adres pocztowy Mient 66 2564KP Den Haag Bankowe &amp; Podatkowe szczeg\u00f3\u0142y Bank: IBAN NL04KNAB0256980381 K.v.k: 65587537 BTW nr: NL002440902B30 Pobierz vCard i dodaj nas do kontakt\u00f3w Zasady i Warunki Formularz kontaktowy Formularz zam\u00f3wienia Wszystkie informacje sprawdzone 25 Maj, 2016.<\/p>\n","protected":false},"author":12,"featured_media":0,"parent":0,"menu_order":0,"comment_status":"closed","ping_status":"closed","template":"","meta":{"_acf_changed":false,"om_disable_all_campaigns":false,"footnotes":"","_wordproof_timestamp":false},"class_list":["post-4252","page","type-page","status-publish","hentry"],"acf":[],"_links":{"self":[{"href":"https:\/\/slotenmaker-denhaag.nl\/pl\/wp-json\/wp\/v2\/pages\/4252","targetHints":{"allow":["GET"]}}],"collection":[{"href":"https:\/\/slotenmaker-denhaag.nl\/pl\/wp-json\/wp\/v2\/pages"}],"about":[{"href":"https:\/\/slotenmaker-denhaag.nl\/pl\/wp-json\/wp\/v2\/types\/page"}],"author":[{"embeddable":true,"href":"https:\/\/slotenmaker-denhaag.nl\/pl\/wp-json\/wp\/v2\/users\/12"}],"replies":[{"embeddable":true,"href":"https:\/\/slotenmaker-denhaag.nl\/pl\/wp-json\/wp\/v2\/comments?post=4252"}],"version-history":[{"count":4,"href":"https:\/\/slotenmaker-denhaag.nl\/pl\/wp-json\/wp\/v2\/pages\/4252\/revisions"}],"predecessor-version":[{"id":30282,"href":"https:\/\/slotenmaker-denhaag.nl\/pl\/wp-json\/wp\/v2\/pages\/4252\/revisions\/30282"}],"wp:attachment":[{"href":"https:\/\/slotenmaker-denhaag.nl\/pl\/wp-json\/wp\/v2\/media?parent=4252"}],"curies":[{"name":"wp","href":"https:\/\/api.w.org\/{rel}","templated":true}]}}