{"id":4591,"date":"2016-05-02T11:16:34","date_gmt":"2016-05-02T11:16:34","guid":{"rendered":"https:\/\/slotenmaker-denhaag.nl\/pl\/tarieven-prijzen\/"},"modified":"2017-04-14T12:22:20","modified_gmt":"2017-04-14T12:22:20","slug":"ceny","status":"publish","type":"page","link":"https:\/\/slotenmaker-denhaag.nl\/pl\/ceny\/","title":{"rendered":"Ceny | \u015alusarz Haga Hadze | Slotenmaker Den Haag"},"content":{"rendered":"<h2><span class=\"ez-toc-section\" id=\"Ceny_Wyjasnienie_cen_%E2%80%A6\"><\/span><span style=\"color: #ff6600;\">Ceny | Wyja\u015bnienie cen &#8230; <\/span><span class=\"ez-toc-section-end\"><\/span><\/h2>\n<p style=\"padding-left: 30px;\"><strong>Ceny za otwieranie drzwi, naprawa, wymiana zamk\u00f3w i cylindr\u00f3w mo\u017ce si\u0119 r\u00f3\u017cni\u0107 do\u015b\u0107 znacznie mi\u0119dzy r\u00f3\u017cnymi \u015blusarzy. Na tej stronie wyja\u015bniamy, w jaki spos\u00f3b ustali\u0107 nasze ceny i czego nale\u017cy si\u0119 spodziewa\u0107, aby zap\u0142aci\u0107 za najcz\u0119stszych us\u0142ug i \/ lub materia\u0142\u00f3w. <\/strong><\/p>\n<p style=\"padding-left: 30px;\"><a href=\"#Prijzen\"> Przewi\u0144 w d\u00f3\u0142 do cennika &#8230;<\/a><\/p>\n<h3><span class=\"ez-toc-section\" id=\"Czas_odleglosc\"><\/span>Czas &amp; odleg\u0142o\u015b\u0107<span class=\"ez-toc-section-end\"><\/span><\/h3>\n<p style=\"padding-left: 30px;\"><a href=\"https:\/\/slotenmaker-denhaag.nl\/wp-content\/uploads\/2016\/06\/Kaart-Van-Den-Haag_03.png\"><img decoding=\"async\" class=\"responsive alignleft wp-image-3511 size-medium\" style=\"border: 2px solid #ff5206;\" src=\"https:\/\/slotenmaker-denhaag.nl\/wp-content\/uploads\/2016\/06\/Kaart-Van-Den-Haag_03-300x223.png\" alt=\"Ceny s\u0105 uzale\u017cnione od odleg\u0142o\u015bci i czasu. \u015alusarz Haga\" width=\"300\" height=\"223\" title=\"slotenmaker den haag\" srcset=\"https:\/\/slotenmaker-denhaag.nl\/wp-content\/uploads\/2016\/06\/Kaart-Van-Den-Haag_03-300x223.png 300w, https:\/\/slotenmaker-denhaag.nl\/wp-content\/uploads\/2016\/06\/Kaart-Van-Den-Haag_03.png 614w\" sizes=\"(max-width: 300px) 100vw, 300px\" \/><\/a>Ceny mog\u0105 si\u0119 r\u00f3\u017cni\u0107 w zale\u017cno\u015bci od odleg\u0142o\u015bci technik musi podr\u00f3\u017cowa\u0107 aby dosta\u0107 si\u0119 do ciebie i czas potrzebny do Ciebie. Niekt\u00f3re \u015blusarze dodatkowo za odwiedzenie ci\u0119 po godzinach, w nocy, w weekendy, a nawet w z\u0142ych warunkach pogodowych! Ponadto, \u015blusarze, podobnie jak wielu innych s\u0142u\u017cb ratunkowych, borykaj\u0105 si\u0119 z ruchu w godzinach szczytu, rob\u00f3t drogowych i problem\u00f3w z parkowaniem. Wszystko to mo\u017ce sprawi\u0107, \u017ce bardzo trudno jest dotrze\u0107 do ciebie w czasie 30 minut obiecanej. Wi\u0119kszo\u015b\u0107 \u015blusarzy w Hadze po prostu nie s\u0105 w stanie tego zrobi\u0107! Jeste\u015bmy i b\u0119dziemy! Ale jest cena za bardzo szybk\u0105 obs\u0142ug\u0119.<\/p>\n<p style=\"padding-left: 30px;\">Aby dotrze\u0107 do naszych klient\u00f3w w wyznaczonym czasie wolimy pracowa\u0107 z lokalnych technik\u00f3w. Lokalne technicy mog\u0105 dotrze\u0107 do naszych klient\u00f3w szybko i \u0142atwo. Klienci, kt\u00f3rzy mieszkaj\u0105 poza obszarami, kt\u00f3re mo\u017cemy osi\u0105gn\u0105\u0107 w ci\u0105gu 30 minut okre\u015blane s\u0105 niezawodne us\u0142ugi w swoim s\u0105siedztwie. <em>To dlatego oferujemy 15% zni\u017cki dla klient\u00f3w w dzielnicach w strefie 30 minut. <\/em><a href=\"#Korting\"> Sprawd\u017a, czy masz prawo do ulgowych &#8230;<\/a><\/p>\n<h4><span class=\"ez-toc-section\" id=\"Jakosc_materialow\"><\/span>Jako\u015b\u0107 materia\u0142\u00f3w<span class=\"ez-toc-section-end\"><\/span><\/h4>\n<p style=\"padding-left: 30px;\">Ceny materia\u0142\u00f3w, takich jak zamki, cylindry, klucze itp mog\u0105 si\u0119 r\u00f3\u017cni\u0107 do\u015b\u0107 znacznie. Wiele \u015blusarze pracy z biednych jako\u015bci materia\u0142\u00f3w, cho\u0107 nie b\u0119dzie poinformowa\u0107, \u017ce jest to przypadek. Nawet materia\u0142y certyfikowane mog\u0105 by\u0107 bardzo z\u0142ej jako\u015bci, \u0142atwe do wiercenia, z\u0142amanie lub uszkodzenie. Cylindry maj\u0105 r\u00f3\u017cne w\u0142a\u015bciwo\u015bci, a cena nie jest dobr\u0105 miar\u0105 jako\u015bci! 24\/7 us\u0142ugi s\u0105 bardzo konkurencyjne i b\u0119d\u0105 m\u00f3wi\u0107 i robi\u0107 wszystko, aby zdoby\u0107 klient\u00f3w. Niestety nie jest to po prostu nie da si\u0119 stwierdzi\u0107, czy \u015blusarz jest wiarygodne, czy nie. Ani to istnieje prosty spos\u00f3b ustali\u0107, czy materia\u0142y takie jak zamki, cylindry i tak dalej s\u0105 bardzo dobrej jako\u015bci, czy te\u017c po prostu dobrze wygl\u0105da\u0107 i kosztuje du\u017co pieni\u0119dzy.<\/p>\n<p style=\"padding-left: 30px;\">Standardowa, uniwersalna SKG ** Cylinder wk\u0142adk\u0119 (30\/30) nie powinna kosztowa\u0107 wi\u0119cej ni\u017c \u20ac 35, &#8211; (DOM, Oxloc), ale sprawdzonym, zabezpieczone przed kopiowaniem wk\u0142adk\u0119 butli z Assa-Abloy mo\u017ce kosztowa\u0107 nawet \u20ac 285, &#8211; Przy takiej osza\u0142amiaj\u0105cej r\u00f3\u017cnorodno\u015bci i jako\u015bci produkt\u00f3w na rynku trudno si\u0119 dziwi\u0107, \u017ce klienci si\u0119 nadp\u0142ata.<\/p>\n<h4><span class=\"ez-toc-section\" id=\"Zadzwon_do_oszacowania_%E2%80%A6\"><\/span>Zadzwo\u0144 do <span class=\"\">oszacowania &#8230; <\/span><span class=\"ez-toc-section-end\"><\/span><\/h4>\n<p style=\"padding-left: 30px;\">Nasi technicy zapewni Ci uczciwy oszacowanie na ile to mo\u017cliwe, zanim ci\u0119 odwiedzi\u0107. Mo\u017cesz pom\u00f3c zrobi\u0107 dobre oszacowanie poprzez dostarczenie nam informacji dotycz\u0105cych swoj\u0105 obecn\u0105 sytuacj\u0119. Jaki rodzaj zamk\u00f3w masz? Jakie rodzaje cylindr\u00f3w? Co naprawd\u0119 chcesz lub potrzebujesz? Musimy r\u00f3wnie\u017c informacje na temat og\u00f3lnej sytuacji i warunk\u00f3w na miejscu. Czy mia\u0142e\u015b w\u0142amanie lub w\u0142amanie? Czy drzwi lub zamek zosta\u0142 uszkodzony? Jaka pod\u0142oga jeste\u015b stronie? Czy jeste\u015b w bloku mieszkalnym lub tradycji domu (Herenhuis)?<\/p>\n<p style=\"padding-left: 30px;\">Je\u015bli mo\u017cesz dostarczy\u0107 nam z fotografiami b\u0119dzie to o wiele \u0142atwiejsze dla nas, aby oceni\u0107 sytuacj\u0119 i ustali\u0107, co trzeba. Mo\u017cesz wys\u0142a\u0107 nam, fotografie za pomoc\u0105 <a href=\"https:\/\/slotenmaker-denhaag.nl\/pl\/formularz-kontaktowy\/\">formularza kontaktowego.<\/a><\/p>\n<h4><span class=\"ez-toc-section\" id=\"Bardziej_szczegolowe_informacje_podasz_tym_lepiej_bedziemy_w_stanie_zapewnic_Ci_dobra_ocene\"><\/span>Bardziej szczeg\u00f3\u0142owe informacje podasz, tym lepiej b\u0119dziemy w stanie zapewni\u0107 Ci dobr\u0105 ocen\u0119!<span class=\"ez-toc-section-end\"><\/span><\/h4>\n<table class=\"blue\">\n<thead>\n<tr>\n<th>POZYCJA \/ PRACA<\/th>\n<th>\u00b1 \u015aREDNIA CENA<\/th>\n<\/tr>\n<\/thead>\n<tbody>\n<tr>\n<td>Otwieranie drzwi<\/td>\n<td>\u20ac 85.- \/ \u20ac 105.-<\/td>\n<\/tr>\n<tr>\n<td>Nowy cylinder<\/td>\n<td>\u20ac 45.- \/ \u20ac 125.- (w zale\u017cno\u015bci od wielko\u015bci i jako\u015bci)<\/td>\n<\/tr>\n<tr>\n<td>YALE zamek<\/td>\n<td>\u20ac 125.- \/ \u20ac 145.- (wi\u0119cej, je\u015bli potrzeba usprawnienia)<\/td>\n<\/tr>\n<tr>\n<td>LIPS zamek<\/td>\n<td>\u20ac 245.- \/ \u20ac 295.- (wy\u017csze koszty ochrony wi\u0119cej)<\/td>\n<\/tr>\n<tr>\n<td>Penslot wymiana<\/td>\n<td>\u20ac 45.- (1x)<\/td>\n<\/tr>\n<tr>\n<td>Penslot nowe miejsce docelowe<\/td>\n<td>\u20ac 85.-<\/td>\n<\/tr>\n<tr>\n<td>Wo\u0142a\u0107 op\u0142aty*<\/td>\n<td>\u20ac 65.- (patrz warunki)<\/td>\n<\/tr>\n<tr>\n<td>Naprawa na miejscu<\/td>\n<td>\u20ac 65.- \/ \u20ac 85.-<\/td>\n<\/tr>\n<tr>\n<td>Rdze\u0144 ochrony ci\u0105gn\u0105c SKG<\/td>\n<td>\u20ac 65.- \/ \u20ac 95.- (specjalne modele dro\u017csze)<\/td>\n<\/tr>\n<tr>\n<td>De Sluitkom\u2122<\/td>\n<td>\u20ac 225.- \u20ac 245 (sytuacja zale\u017cno\u015bci)<\/td>\n<\/tr>\n<tr>\n<td>Otwieranie zamka rower\u00f3w<\/td>\n<td>\u20ac 45.- (Centrum miasta)<\/td>\n<\/tr>\n<tr>\n<td style=\"background-color: #c2d1f0;\" colspan=\"2\">\n<h5><span class=\"ez-toc-section\" id=\"Powyzsze_ceny_i_tych_gdzie_indziej_na_tej_stronie_maja_charakter_wylacznie_orientacyjny_Ceny_oraz_brak_prawa_mozna_wyprowadzic_Ceny_moga_sie_roznic_w_zaleznosci_od_sytuacji_lokalnej_Wedlug_uznania_inzyniera_Bedziemy_w_kazdym_przypadku_wszelkich_staran_aby_nasze_ceny_docelowe_Wszystkie_ceny_zawieraja_podatek_VAT_21_robocizne_i_5_lat_gwarancji\"><\/span><strong>Powy\u017csze ceny i tych, gdzie indziej na tej stronie maj\u0105 charakter wy\u0142\u0105cznie orientacyjny. Ceny oraz brak prawa mo\u017cna wyprowadzi\u0107! Ceny mog\u0105 si\u0119 r\u00f3\u017cni\u0107 w zale\u017cno\u015bci od sytuacji lokalnej. Wed\u0142ug uznania in\u017cyniera. B\u0119dziemy w ka\u017cdym przypadku wszelkich stara\u0144, aby nasze ceny docelowe. Wszystkie ceny zawieraj\u0105 podatek VAT (21%), robocizn\u0119 i 5 lat gwarancji.<\/strong><span class=\"ez-toc-section-end\"><\/span><\/h5>\n<\/td>\n<\/tr>\n<\/tbody>\n<\/table>\n<p>&nbsp;<\/p>\n<p><strong> Wa\u017cny! <\/strong><\/p>\n<ul>\n<li><em>W bardzo pilnych przypadkach lub gdy jest bardzo zaj\u0119ty, mo\u017cemy naliczy\u0107 dodatkowe &#8230;<\/em><\/li>\n<li><em>Nasi technicy poinformuje Ci\u0119, czy nie ma dodatkowych op\u0142at wszelkiego rodzaju<\/em><\/li>\n<li><em>Wszystkie umowy ustne s\u0105 prawnie wi\u0105\u017c\u0105ce<\/em><\/li>\n<li><em>Rezygnacja jest mo\u017cliwa, ale nale\u017cy to zrobi\u0107 co najmniej 30 minuty przed spotkanie, inaczej technik mo\u017ce legalnie pobiera\u0107 ci\u0119 a\u017c do 75% op\u0142aty za po\u0142\u0105czenia-out. (Patrz: <a href=\"https:\/\/slotenmaker-denhaag.nl\/pl\/regulamin\/\">Regulamin<\/a>) *<\/em><\/li>\n<li><em>Wszystkie ceny zawieraj\u0105 podatek VAT i szacunki (21%) i 5-letni\u0105 gwarancj\u0119. Nawet poza limitem 5 lat b\u0119dziemy robi\u0107 wszystko, co w naszej mocy, aby pom\u00f3c, je\u015bli jakiekolwiek materia\u0142y podali\u015bmy przerw\u0119 lub nie funkcjonuj\u0105 prawid\u0142owo.<\/em><\/li>\n<\/ul>\n<h4><span class=\"ez-toc-section\" id=\"Rabat\"><\/span>Rabat!<span class=\"ez-toc-section-end\"><\/span><\/h4>\n<table class=\"standaard\">\n<tbody>\n<tr>\n<th style=\"text-align: center;\" colspan=\"2\"><strong>Do 15% zni\u017cki w niekt\u00f3rych obszarach:<\/strong><\/th>\n<\/tr>\n<tr>\n<td style=\"text-align: center;\"><a href=\"https:\/\/www.google.com\/maps\/place\/Archipelbuurt,+Den+Haag,+The+Netherlands\/@52.0924694,4.303229,15z\/data=!3m1!4b1!4m2!3m1!1s0x47c5b749f629e043:0x6b1987da69c97021?dg=dbrw&amp;newdg=1\" target=\"_blank\" rel=\"noopener\">Archipelbuurt<\/a><\/td>\n<td style=\"text-align: center;\"><a title=\"Regentessekwartier\" href=\"https:\/\/www.google.com\/maps\/search\/Regentessekwartier,+Den+Haag\/@52.074813,4.2973885,15z\/data=!3m1!4b1?dg=dbrw&amp;newdg=1\" target=\"_blank\" rel=\"noopener\">Regentessekwartier<\/a><\/td>\n<\/tr>\n<tr>\n<td style=\"text-align: center;\"><a title=\"Bomenbuurt\" href=\"https:\/\/www.google.com\/maps\/place\/Bomenbuurt,+Den+Haag,+The+Netherlands\/@52.0804555,4.2712969,16z\/data=!3m1!4b1!4m2!3m1!1s0x47c5b0dd1a408e13:0x8fea6e538eb18249?dg=dbrw&amp;newdg=1\" target=\"_blank\" rel=\"noopener\">Bomenbuurt<\/a><\/td>\n<td style=\"text-align: center;\"><a title=\"Valkenboskwartier\" href=\"https:\/\/www.google.com\/maps\/place\/Valkenboskwartier,+Den+Haag,+The+Netherlands\/@52.0736899,4.276357,15z\/data=!3m1!4b1!4m2!3m1!1s0x47c5b0d8e3f94d71:0x422c4290490653c5?dg=dbrw&amp;newdg=1\" target=\"_blank\" rel=\"noopener\">Valkenboskwartier<\/a><\/td>\n<\/tr>\n<tr>\n<td style=\"text-align: center;\"><a title=\"Bloemenbuurt\" href=\"https:\/\/www.google.com\/maps\/place\/Bloemenbuurt-Oost,+Den+Haag,+The+Netherlands\/@52.077486,4.260968,15z\/data=!3m1!4b1!4m2!3m1!1s0x47c5b0e39ad7c867:0xfe53c7029d50327?dg=dbrw&amp;newdg=1\" target=\"_blank\" rel=\"noopener\">Bloemenbuurt<\/a><\/td>\n<td style=\"text-align: center;\"><a title=\"Vruchtenbuurt\" href=\"https:\/\/www.google.com\/maps\/place\/Vruchtenbuurt,+2564+Den+Haag,+The+Netherlands\/@52.069051,4.2555609,16z\/data=!3m1!4b1!4m2!3m1!1s0x47c5b11cf491328f:0xbd6bd92c482a6642?dg=dbrw&amp;newdg=1\" target=\"_blank\" rel=\"noopener\">Vruchtenbuurt<\/a><\/td>\n<\/tr>\n<tr>\n<td style=\"text-align: center;\"><a title=\"Den Haag Centrum\" href=\"https:\/\/www.google.com\/maps\/place\/The+Hague+Center,+The+Hague,+The+Netherlands\/@52.076598,4.3106734,13z\/data=!3m1!4b1!4m2!3m1!1s0x47c5b72c4e1fc797:0x3187c309df606953?dg=dbrw&amp;newdg=1\" target=\"_blank\" rel=\"noopener\">Centrum<\/a><\/td>\n<td style=\"text-align: center;\"><a title=\"Willemspark\" href=\"https:\/\/www.google.com\/maps\/place\/Willemspark,+Den+Haag,+The+Netherlands\/@52.0868189,4.308377,16z\/data=!3m1!4b1!4m2!3m1!1s0x47c5b731213e81c9:0xa7b212303542b7c?dg=dbrw&amp;newdg=1\" target=\"_blank\" rel=\"noopener\">Willemspark<\/a><\/td>\n<\/tr>\n<tr>\n<td style=\"text-align: center;\"><a title=\"Duinoord\" href=\"https:\/\/www.google.com\/maps\/place\/Duinoord,+Den+Haag,+The+Netherlands\/@52.0832789,4.2836446,16z\/data=!3m1!4b1!4m2!3m1!1s0x47c5b0cf9447852f:0xf7a773f5dff88805?dg=dbrw&amp;newdg=1\" target=\"_blank\" rel=\"noopener\">Duinoord<\/a><\/td>\n<td style=\"text-align: center;\"><a title=\"Zeeheldenkwartier\" href=\"https:\/\/www.google.com\/maps\/place\/Zeeheldenkwartier,+Den+Haag,+The+Netherlands\/@52.0815759,4.2959465,15z\/data=!3m1!4b1!4m2!3m1!1s0x47c5b732a674cd11:0x2f60dc6190f0d0?dg=dbrw&amp;newdg=1\" target=\"_blank\" rel=\"noopener\">Zeeheldenkwartier<\/a><\/td>\n<\/tr>\n<tr>\n<td style=\"text-align: center;\"><a title=\"Houtwijk\" href=\"https:\/\/www.google.nl\/maps\/place\/Houtwijk,+The+Hague\/@52.0532542,4.2330419,14z\/data=!3m1!4b1!4m5!3m4!1s0x47c5b10d09c2a6a5:0x6b726c3a79147064!8m2!3d52.0550363!4d4.2503105?hl=en&amp;shorturl=1&amp;dg=dbrw&amp;newdg=1\" target=\"_blank\" rel=\"noopener\">Houtwijk<\/a><\/td>\n<td style=\"text-align: center;\"><a title=\"Zorgvliet\" href=\"https:\/\/www.google.com\/maps\/place\/Zorgvliet\/@52.0862924,4.2895832,15z\/data=!4m2!3m1!1s0x47c5b0c999788aed:0x1800612dede09607?dg=dbrw&amp;newdg=1\" target=\"_blank\" rel=\"noopener\">Zorgvliet<\/a><\/td>\n<\/tr>\n<tr>\n<td style=\"background-color: #fddfca;\" colspan=\"2\">\n<h5><span class=\"ez-toc-section\" id=\"Wazne_oferujemy_specjalne_znizki_w_niektorych_obszarach_Hadze_W_ten_sposob_mamy_nadzieje_ze_skrocenie_odleglosci_miedzy_naszych_technikow_i_naszych_klientow_To_jest_dobre_dla_srodowiska_i_pozwala_nam_utrzymac_konkurencyjne_ceny\"><\/span><span style=\"color: #ff6600;\"><strong>Wa\u017cne: oferujemy specjalne zni\u017cki w niekt\u00f3rych obszarach Hadze. W ten spos\u00f3b mamy nadziej\u0119, \u017ce skr\u00f3cenie odleg\u0142o\u015bci mi\u0119dzy naszych technik\u00f3w i naszych klient\u00f3w. To jest dobre dla \u015brodowiska i pozwala nam utrzyma\u0107 konkurencyjne ceny.<\/strong><\/em><\/a><\/span><span class=\"ez-toc-section-end\"><\/span><\/h5>\n<\/td>\n<\/tr>\n<\/tbody>\n<\/table>\n<p>&nbsp;<\/p>\n<div id=\"ez-toc-container\" class=\"ez-toc-v2_0_76 counter-hierarchy ez-toc-counter ez-toc-grey ez-toc-container-direction\">\n<div class=\"ez-toc-title-container\">\n<p class=\"ez-toc-title\" style=\"cursor:inherit\">Inhoudsopgave<\/p>\n<span class=\"ez-toc-title-toggle\"><a href=\"#\" class=\"ez-toc-pull-right ez-toc-btn ez-toc-btn-xs ez-toc-btn-default ez-toc-toggle\" aria-label=\"Prze\u0142\u0105cznik Spisu Tre\u015bci\"><span class=\"ez-toc-js-icon-con\"><span class=\"\"><span class=\"eztoc-hide\" style=\"display:none;\">Toggle<\/span><span class=\"ez-toc-icon-toggle-span\"><svg style=\"fill: #999;color:#999\" xmlns=\"http:\/\/www.w3.org\/2000\/svg\" class=\"list-377408\" width=\"20px\" height=\"20px\" viewBox=\"0 0 24 24\" fill=\"none\"><path d=\"M6 6H4v2h2V6zm14 0H8v2h12V6zM4 11h2v2H4v-2zm16 0H8v2h12v-2zM4 16h2v2H4v-2zm16 0H8v2h12v-2z\" fill=\"currentColor\"><\/path><\/svg><svg style=\"fill: #999;color:#999\" class=\"arrow-unsorted-368013\" xmlns=\"http:\/\/www.w3.org\/2000\/svg\" width=\"10px\" height=\"10px\" viewBox=\"0 0 24 24\" version=\"1.2\" baseProfile=\"tiny\"><path d=\"M18.2 9.3l-6.2-6.3-6.2 6.3c-.2.2-.3.4-.3.7s.1.5.3.7c.2.2.4.3.7.3h11c.3 0 .5-.1.7-.3.2-.2.3-.5.3-.7s-.1-.5-.3-.7zM5.8 14.7l6.2 6.3 6.2-6.3c.2-.2.3-.5.3-.7s-.1-.5-.3-.7c-.2-.2-.4-.3-.7-.3h-11c-.3 0-.5.1-.7.3-.2.2-.3.5-.3.7s.1.5.3.7z\"\/><\/svg><\/span><\/span><\/span><\/a><\/span><\/div>\n<nav><ul class='ez-toc-list ez-toc-list-level-1 eztoc-toggle-hide-by-default' ><li class='ez-toc-page-1 ez-toc-heading-level-2'><a class=\"ez-toc-link ez-toc-heading-1\" href=\"https:\/\/slotenmaker-denhaag.nl\/pl\/ceny\/#Ceny_Wyjasnienie_cen_%E2%80%A6\" >Ceny | Wyja\u015bnienie cen &#8230;<\/a><ul class='ez-toc-list-level-3' ><li class='ez-toc-heading-level-3'><a class=\"ez-toc-link ez-toc-heading-2\" href=\"https:\/\/slotenmaker-denhaag.nl\/pl\/ceny\/#Czas_odleglosc\" >Czas &amp; odleg\u0142o\u015b\u0107<\/a><ul class='ez-toc-list-level-4' ><li class='ez-toc-heading-level-4'><a class=\"ez-toc-link ez-toc-heading-3\" href=\"https:\/\/slotenmaker-denhaag.nl\/pl\/ceny\/#Jakosc_materialow\" >Jako\u015b\u0107 materia\u0142\u00f3w<\/a><\/li><li class='ez-toc-page-1 ez-toc-heading-level-4'><a class=\"ez-toc-link ez-toc-heading-4\" href=\"https:\/\/slotenmaker-denhaag.nl\/pl\/ceny\/#Zadzwon_do_oszacowania_%E2%80%A6\" >Zadzwo\u0144 do oszacowania &#8230;<\/a><\/li><li class='ez-toc-page-1 ez-toc-heading-level-4'><a class=\"ez-toc-link ez-toc-heading-5\" href=\"https:\/\/slotenmaker-denhaag.nl\/pl\/ceny\/#Bardziej_szczegolowe_informacje_podasz_tym_lepiej_bedziemy_w_stanie_zapewnic_Ci_dobra_ocene\" >Bardziej szczeg\u00f3\u0142owe informacje podasz, tym lepiej b\u0119dziemy w stanie zapewni\u0107 Ci dobr\u0105 ocen\u0119!<\/a><ul class='ez-toc-list-level-5' ><li class='ez-toc-heading-level-5'><a class=\"ez-toc-link ez-toc-heading-6\" href=\"https:\/\/slotenmaker-denhaag.nl\/pl\/ceny\/#Powyzsze_ceny_i_tych_gdzie_indziej_na_tej_stronie_maja_charakter_wylacznie_orientacyjny_Ceny_oraz_brak_prawa_mozna_wyprowadzic_Ceny_moga_sie_roznic_w_zaleznosci_od_sytuacji_lokalnej_Wedlug_uznania_inzyniera_Bedziemy_w_kazdym_przypadku_wszelkich_staran_aby_nasze_ceny_docelowe_Wszystkie_ceny_zawieraja_podatek_VAT_21_robocizne_i_5_lat_gwarancji\" >Powy\u017csze ceny i tych, gdzie indziej na tej stronie maj\u0105 charakter wy\u0142\u0105cznie orientacyjny. Ceny oraz brak prawa mo\u017cna wyprowadzi\u0107! Ceny mog\u0105 si\u0119 r\u00f3\u017cni\u0107 w zale\u017cno\u015bci od sytuacji lokalnej. Wed\u0142ug uznania in\u017cyniera. B\u0119dziemy w ka\u017cdym przypadku wszelkich stara\u0144, aby nasze ceny docelowe. Wszystkie ceny zawieraj\u0105 podatek VAT (21%), robocizn\u0119 i 5 lat gwarancji.<\/a><\/li><\/ul><\/li><li class='ez-toc-page-1 ez-toc-heading-level-4'><a class=\"ez-toc-link ez-toc-heading-7\" href=\"https:\/\/slotenmaker-denhaag.nl\/pl\/ceny\/#Rabat\" >Rabat!<\/a><ul class='ez-toc-list-level-5' ><li class='ez-toc-heading-level-5'><a class=\"ez-toc-link ez-toc-heading-8\" href=\"https:\/\/slotenmaker-denhaag.nl\/pl\/ceny\/#Wazne_oferujemy_specjalne_znizki_w_niektorych_obszarach_Hadze_W_ten_sposob_mamy_nadzieje_ze_skrocenie_odleglosci_miedzy_naszych_technikow_i_naszych_klientow_To_jest_dobre_dla_srodowiska_i_pozwala_nam_utrzymac_konkurencyjne_ceny\" >Wa\u017cne: oferujemy specjalne zni\u017cki w niekt\u00f3rych obszarach Hadze. W ten spos\u00f3b mamy nadziej\u0119, \u017ce skr\u00f3cenie odleg\u0142o\u015bci mi\u0119dzy naszych technik\u00f3w i naszych klient\u00f3w. To jest dobre dla \u015brodowiska i pozwala nam utrzyma\u0107 konkurencyjne ceny.<\/a><\/li><\/ul><\/li><\/ul><\/li><\/ul><\/li><\/ul><\/nav><\/div>\n","protected":false},"excerpt":{"rendered":"<p>Ceny | Wyja\u015bnienie cen &#8230; Ceny za otwieranie drzwi, naprawa, wymiana zamk\u00f3w i cylindr\u00f3w mo\u017ce si\u0119 r\u00f3\u017cni\u0107 do\u015b\u0107 znacznie mi\u0119dzy r\u00f3\u017cnymi \u015blusarzy. Na tej stronie wyja\u015bniamy, w jaki spos\u00f3b ustali\u0107 nasze ceny i czego nale\u017cy si\u0119 spodziewa\u0107, aby zap\u0142aci\u0107 za najcz\u0119stszych us\u0142ug i \/ lub materia\u0142\u00f3w. Przewi\u0144 w d\u00f3\u0142 do cennika &#8230; Czas &amp; odleg\u0142o\u015b\u0107 [&hellip;]<\/p>\n","protected":false},"author":12,"featured_media":0,"parent":0,"menu_order":0,"comment_status":"closed","ping_status":"closed","template":"","meta":{"_acf_changed":false,"om_disable_all_campaigns":false,"footnotes":"","_wordproof_timestamp":false},"class_list":["post-4591","page","type-page","status-publish","hentry"],"acf":[],"_links":{"self":[{"href":"https:\/\/slotenmaker-denhaag.nl\/pl\/wp-json\/wp\/v2\/pages\/4591","targetHints":{"allow":["GET"]}}],"collection":[{"href":"https:\/\/slotenmaker-denhaag.nl\/pl\/wp-json\/wp\/v2\/pages"}],"about":[{"href":"https:\/\/slotenmaker-denhaag.nl\/pl\/wp-json\/wp\/v2\/types\/page"}],"author":[{"embeddable":true,"href":"https:\/\/slotenmaker-denhaag.nl\/pl\/wp-json\/wp\/v2\/users\/12"}],"replies":[{"embeddable":true,"href":"https:\/\/slotenmaker-denhaag.nl\/pl\/wp-json\/wp\/v2\/comments?post=4591"}],"version-history":[{"count":0,"href":"https:\/\/slotenmaker-denhaag.nl\/pl\/wp-json\/wp\/v2\/pages\/4591\/revisions"}],"wp:attachment":[{"href":"https:\/\/slotenmaker-denhaag.nl\/pl\/wp-json\/wp\/v2\/media?parent=4591"}],"curies":[{"name":"wp","href":"https:\/\/api.w.org\/{rel}","templated":true}]}}