{"id":5318,"date":"2016-11-04T09:05:02","date_gmt":"2016-11-04T09:05:02","guid":{"rendered":"https:\/\/slotenmaker-denhaag.nl\/pl\/recensies\/"},"modified":"2017-04-14T12:18:19","modified_gmt":"2017-04-14T12:18:19","slug":"opinii","status":"publish","type":"page","link":"https:\/\/slotenmaker-denhaag.nl\/pl\/opinii\/","title":{"rendered":"Opinii | Google+"},"content":{"rendered":"<h2><span class=\"ez-toc-section\" id=\"Przeglad_Slotenmaker_Den_Haag_SDH_Slusarz_Haga_w_Google\"><\/span>Przegl\u0105d Slotenmaker Den Haag SDH (\u015alusarz Haga) w Google+<span class=\"ez-toc-section-end\"><\/span><\/h2>\n<p>Ma\u0142e lokalne firmy mog\u0105 wiele skorzysta\u0107 z dobrych opinii na Google+<\/p>\n<h3><span class=\"ez-toc-section\" id=\"Niektore_korzysci_z_pozytywnych_opinii\"><\/span><strong>Niekt\u00f3re korzy\u015bci z pozytywnych opinii:<\/strong><span class=\"ez-toc-section-end\"><\/span><\/h3>\n<ul>\n<li><em>Poprawie widoczno\u015bci w wyszukiwarkach takich jak Google i Yahoo<\/em><\/li>\n<li><em>Publicznego informowany o naszych wynik\u00f3w<\/em><\/li>\n<li><em>Klientom zorientowa\u0107 si\u0119, czy b\u0119d\u0105 one traktowane profesjonalnie&gt;<\/em><\/li>\n<li><em>Widz\u0105, czy firmy honorowa\u0107 swoje s\u0142owo<\/em><\/li>\n<li><em>Czy gwarancje przewidziane<\/em><\/li>\n<li><em>Czy technicy dotrze\u0107 na czas (w ci\u0105gu 30 minut)<\/em><\/li>\n<li><em>Czy dobre jako\u015bci materia\u0142y wykorzystywane s\u0105<\/em><\/li>\n<\/ul>\n<p>Kr\u00f3tko m\u00f3wi\u0105c, ocena <strong>Google+<\/strong> mo\u017ce mie\u0107 du\u017ce znaczenie. U\u017cyj poni\u017cszego linku, aby napisa\u0107 recenzj\u0119.<\/p>\n<p><strong>Uwaga:<\/strong><em> mo\u017ce by\u0107 konieczne, aby zalogowa\u0107 si\u0119 na swoje konto Google pierwszy!<\/em><\/p>\n<p><a href=\"https:\/\/www.google.nl\/search?q=Slotenmaker+Den+Haag&amp;ludocid=18317472283228005463&amp;gws_rd=cr&amp;ei=MILvWNfoA8m-aJSgjpAK\" target=\"_blank\" rel=\"noopener\"><img decoding=\"async\" class=\"alignleft wp-image-5310 size-full\" src=\"https:\/\/slotenmaker-denhaag.nl\/wp-content\/uploads\/Slotenmaker-Den-Haag-Recensies-Pools-Opinii-Polski.jpg\" alt=\"Slotenmaker Den Haag Google+ Podsumowanie opinii\" width=\"30%\" title=\"slotenmaker den haag\"><\/a><\/p>\n<div class=\"google-maps\"><iframe style=\"border: 0;\" src=\"https:\/\/www.google.com\/maps\/embed?pb=!1m18!1m12!1m3!1d2907.9025009626635!2d2!3d3!2m3!1f0!2f0!3f0!3m2!1i1024!2i768!4f13.1!3m3!1m2!1s0x0%3A0xfe34bbfdd0de6457!2z0J_QmNCm0JjQmtCQ0KLQng!5e0!3m2!1sbg!2sus!4v1448115192914\" width=\"600\" height=\"450\" frameborder=\"0\" allowfullscreen=\"allowfullscreen\"><\/iframe><\/div>\n<p>&nbsp;<\/p>\n<div id=\"ez-toc-container\" class=\"ez-toc-v2_0_76 counter-hierarchy ez-toc-counter ez-toc-grey ez-toc-container-direction\">\n<div class=\"ez-toc-title-container\">\n<p class=\"ez-toc-title\" style=\"cursor:inherit\">Inhoudsopgave<\/p>\n<span class=\"ez-toc-title-toggle\"><a href=\"#\" class=\"ez-toc-pull-right ez-toc-btn ez-toc-btn-xs ez-toc-btn-default ez-toc-toggle\" aria-label=\"Prze\u0142\u0105cznik Spisu Tre\u015bci\"><span class=\"ez-toc-js-icon-con\"><span class=\"\"><span class=\"eztoc-hide\" style=\"display:none;\">Toggle<\/span><span class=\"ez-toc-icon-toggle-span\"><svg style=\"fill: #999;color:#999\" xmlns=\"http:\/\/www.w3.org\/2000\/svg\" class=\"list-377408\" width=\"20px\" height=\"20px\" viewBox=\"0 0 24 24\" fill=\"none\"><path d=\"M6 6H4v2h2V6zm14 0H8v2h12V6zM4 11h2v2H4v-2zm16 0H8v2h12v-2zM4 16h2v2H4v-2zm16 0H8v2h12v-2z\" fill=\"currentColor\"><\/path><\/svg><svg style=\"fill: #999;color:#999\" class=\"arrow-unsorted-368013\" xmlns=\"http:\/\/www.w3.org\/2000\/svg\" width=\"10px\" height=\"10px\" viewBox=\"0 0 24 24\" version=\"1.2\" baseProfile=\"tiny\"><path d=\"M18.2 9.3l-6.2-6.3-6.2 6.3c-.2.2-.3.4-.3.7s.1.5.3.7c.2.2.4.3.7.3h11c.3 0 .5-.1.7-.3.2-.2.3-.5.3-.7s-.1-.5-.3-.7zM5.8 14.7l6.2 6.3 6.2-6.3c.2-.2.3-.5.3-.7s-.1-.5-.3-.7c-.2-.2-.4-.3-.7-.3h-11c-.3 0-.5.1-.7.3-.2.2-.3.5-.3.7s.1.5.3.7z\"\/><\/svg><\/span><\/span><\/span><\/a><\/span><\/div>\n<nav><ul class='ez-toc-list ez-toc-list-level-1 eztoc-toggle-hide-by-default' ><li class='ez-toc-page-1 ez-toc-heading-level-2'><a class=\"ez-toc-link ez-toc-heading-1\" href=\"https:\/\/slotenmaker-denhaag.nl\/pl\/opinii\/#Przeglad_Slotenmaker_Den_Haag_SDH_Slusarz_Haga_w_Google\" >Przegl\u0105d Slotenmaker Den Haag SDH (\u015alusarz Haga) w Google+<\/a><ul class='ez-toc-list-level-3' ><li class='ez-toc-heading-level-3'><a class=\"ez-toc-link ez-toc-heading-2\" href=\"https:\/\/slotenmaker-denhaag.nl\/pl\/opinii\/#Niektore_korzysci_z_pozytywnych_opinii\" >Niekt\u00f3re korzy\u015bci z pozytywnych opinii:<\/a><\/li><\/ul><\/li><\/ul><\/nav><\/div>\n","protected":false},"excerpt":{"rendered":"<p>Przegl\u0105d Slotenmaker Den Haag SDH (\u015alusarz Haga) w Google+ Ma\u0142e lokalne firmy mog\u0105 wiele skorzysta\u0107 z dobrych opinii na Google+ Niekt\u00f3re korzy\u015bci z pozytywnych opinii: Poprawie widoczno\u015bci w wyszukiwarkach takich jak Google i Yahoo Publicznego informowany o naszych wynik\u00f3w Klientom zorientowa\u0107 si\u0119, czy b\u0119d\u0105 one traktowane profesjonalnie&gt; Widz\u0105, czy firmy honorowa\u0107 swoje s\u0142owo Czy gwarancje [&hellip;]<\/p>\n","protected":false},"author":12,"featured_media":0,"parent":0,"menu_order":0,"comment_status":"closed","ping_status":"closed","template":"","meta":{"_acf_changed":false,"om_disable_all_campaigns":false,"footnotes":"","_wordproof_timestamp":false},"class_list":["post-5318","page","type-page","status-publish","hentry"],"acf":[],"_links":{"self":[{"href":"https:\/\/slotenmaker-denhaag.nl\/pl\/wp-json\/wp\/v2\/pages\/5318","targetHints":{"allow":["GET"]}}],"collection":[{"href":"https:\/\/slotenmaker-denhaag.nl\/pl\/wp-json\/wp\/v2\/pages"}],"about":[{"href":"https:\/\/slotenmaker-denhaag.nl\/pl\/wp-json\/wp\/v2\/types\/page"}],"author":[{"embeddable":true,"href":"https:\/\/slotenmaker-denhaag.nl\/pl\/wp-json\/wp\/v2\/users\/12"}],"replies":[{"embeddable":true,"href":"https:\/\/slotenmaker-denhaag.nl\/pl\/wp-json\/wp\/v2\/comments?post=5318"}],"version-history":[{"count":0,"href":"https:\/\/slotenmaker-denhaag.nl\/pl\/wp-json\/wp\/v2\/pages\/5318\/revisions"}],"wp:attachment":[{"href":"https:\/\/slotenmaker-denhaag.nl\/pl\/wp-json\/wp\/v2\/media?parent=5318"}],"curies":[{"name":"wp","href":"https:\/\/api.w.org\/{rel}","templated":true}]}}