{"id":698,"date":"2016-05-02T12:50:15","date_gmt":"2016-05-02T12:50:15","guid":{"rendered":"https:\/\/slotenmaker-denhaag.nl\/pl\/?page_id=698"},"modified":"2025-04-04T09:22:09","modified_gmt":"2025-04-04T07:22:09","slug":"zablokowane","status":"publish","type":"page","link":"https:\/\/slotenmaker-denhaag.nl\/pl\/zablokowane\/","title":{"rendered":"Zablokowane? Zablokowany? | \u015alusarz Haga Hadze"},"content":{"rendered":"<h2><span class=\"ez-toc-section\" id=\"Zablokowane_Zablokowany_Zepsuty_zamek\"><\/span><strong>Zablokowane? | <\/strong>Zablokowany? <strong>| Zepsuty zamek? <\/strong><span class=\"ez-toc-section-end\"><\/span><\/h2>\n<h3><span class=\"ez-toc-section\" id=\"Zgubione_klucze_Co_moge_zrobic\"><\/span><strong>Zgubione klucze? Co mog\u0119 zrobi\u0107?<\/strong><span class=\"ez-toc-section-end\"><\/span><\/h3>\n<p style=\"padding-left: 30px;\"><a href=\"https:\/\/slotenmaker-denhaag.nl\/wp-content\/uploads\/2016\/06\/Sleutel-Gebroken-Afgebroken-in-Slot--Slotenmaker-Den-Haag.jpg\"><img decoding=\"async\" class=\"responsive alignleft wp-image-2287 size-medium\" src=\"https:\/\/slotenmaker-denhaag.nl\/wp-content\/uploads\/2016\/06\/Sleutel-Gebroken-Afgebroken-in-Slot--Slotenmaker-Den-Haag-300x245.jpg\" alt=\"Zablokowane? \u015alusarz Haga \u015alusarz Den Haag \u015alusarz Hadze mo\u017ce pom\u00f3c! Niezawodna i szybka obs\u0142uga. Uczciwych cenach. Czynne 24 godziny na dob\u0119, 7 dni w tygodniu.\" width=\"300\" height=\"245\" title=\"slotenmaker den haag\" srcset=\"https:\/\/slotenmaker-denhaag.nl\/wp-content\/uploads\/2016\/06\/Sleutel-Gebroken-Afgebroken-in-Slot--Slotenmaker-Den-Haag-300x245.jpg 300w, https:\/\/slotenmaker-denhaag.nl\/wp-content\/uploads\/2016\/06\/Sleutel-Gebroken-Afgebroken-in-Slot--Slotenmaker-Den-Haag.jpg 490w\" sizes=\"(max-width: 300px) 100vw, 300px\" \/><\/a>Zablokowane? Jak d\u0142ugo potrwa do \u015blusarza, aby otworzy\u0107 moje drzwi i ile to b\u0119dzie kosztowa\u0107. To mo\u017ce zdarzy\u0107 si\u0119 ka\u017cdemu: wychodzisz z domu i zamkn\u0105\u0142 drzwi, a gdy jeste\u015b zamykania , zdajesz sobie spraw\u0119, \u017ce zapomnia\u0142 kluczy wewn\u0105trz. Nie martw si\u0119, pomoc jest w zasi\u0119gu r\u0119ki! Nasi technicy b\u0119d\u0105 z Ciebie! Pracujemy tylko z \u015blusarzy, kt\u00f3rzy mieszkaj\u0105 w Hadze. Znaj\u0105 dobrze miasta i mo\u017cna obej\u015b\u0107 wszystkie jedna ulice spos\u00f3b publicznych. Na naszych skuter\u00f3w mo\u017cemy dotrze\u0107 do Ciebie w ci\u0105gu 30 minut. Slotenmaker Den Haag: to \u015blusarzy mo\u017cna polega\u0107&#8230;<\/p>\n<h4><span class=\"ez-toc-section\" id=\"Prosze_pamietac_nie_mowimy_po_polsku_Anglicy_i_Holendrzy_sa_OK\"><\/span>Prosz\u0119 pami\u0119ta\u0107: nie m\u00f3wimy po polsku! Anglicy i Holendrzy s\u0105 OK<span class=\"ez-toc-section-end\"><\/span><\/h4>\n<h6 style=\"text-align: left; padding-left: 30px;\"><span class=\"ez-toc-section\" id=\"tel_0652333817\"><\/span>tel: <a style=\"color: #ff9900; text-decoration: underline;\" href=\"tel:0652333817\">0652333817<\/a><span class=\"ez-toc-section-end\"><\/span><\/h6>\n<p>&nbsp;<\/p>\n<p style=\"padding-left: 30px;\">Wielu z naszych konkurent\u00f3w u\u017cy\u0107 fraz\u0119 Slotenmaker Den Haag lub \u015alusarz Haga, ale jeste\u015bmy jedynym zarejestrowanych w Izbie Handlowej pod t\u0105 nazw\u0105. <a title=\"Izba Gospodarcza\" href=\"https:\/\/www.kvk.nl\/bestellen\/#\/65587537000034298509?origin=search\" target=\"_blank\" rel=\"noopener\"> Przekonaj si\u0119 sam!<\/a> Wi\u0119kszo\u015b\u0107 naszych konkurent\u00f3w pochodz\u0105 z poza miasta. Dlatego ich obietnica, aby pom\u00f3c Ci w ci\u0105gu 30 minut nie s\u0105 prawdziwe.<\/p>\n<h4><span class=\"ez-toc-section\" id=\"Z_toba_w_30_minuty\"><\/span><strong> Z tob\u0105 w 30 minuty <\/strong><span class=\"ez-toc-section-end\"><\/span><\/h4>\n<p style=\"padding-left: 30px;\">Nasi technicy udaj\u0105 si\u0119 po mie\u015bcie na skuterach. Nie u\u017cywamy samochody lub samochody dostawcze i to, jak obs\u0142ugiwa\u0107 ca\u0142y obszar haskiego w ci\u0105gu 30 minut . Nawet \u015alusarstwo z Hagi , kt\u00f3rzy u\u017cywaj\u0105 samochod\u00f3w i furgonetek nie mo\u017ce dotrze\u0107 , \u017ce szybko: zawsze traci\u0107 czasu zmaga si\u0119 z zamkni\u0119cia dr\u00f3g, ulic jednokierunkowych i brak parkingu. Jeste\u015bmy jedyn\u0105 firm\u0105, kt\u00f3ra mo\u017ce dotrze\u0107 mo\u017cna w 30 minut!<\/p>\n<h4><span class=\"ez-toc-section\" id=\"Ile_to_bedzie_kosztowac_aby_otworzyc_moje_drzwi_lub_wymienic_zamek\"><\/span><strong> Ile to b\u0119dzie kosztowa\u0107 , aby otworzy\u0107 moje drzwi lub wymieni\u0107 zamek?<\/strong><span class=\"ez-toc-section-end\"><\/span><\/h4>\n<p style=\"padding-left: 30px;\"><a title=\"Ceny\" href=\"https:\/\/slotenmaker-denhaag.nl\/pl\/ceny\/\">Kliknij tutaj, aby nasze ceny. <\/a><\/p>\n<hr \/>\n<h4><span class=\"ez-toc-section\" id=\"Oferujemy_do_15_znizki_w_nastepujacych_dzielnicach\"><\/span>Oferujemy do 15 % zni\u017cki w nast\u0119puj\u0105cych dzielnicach**<span class=\"ez-toc-section-end\"><\/span><\/h4>\n<ul>\n<li><a title=\"Archipelbuurt\" href=\"https:\/\/www.google.com\/maps\/place\/Archipelbuurt,+Den+Haag,+The+Netherlands\/@52.0924694,4.303229,15z\/data=!3m1!4b1!4m2!3m1!1s0x47c5b749f629e043:0x6b1987da69c97021?dg=dbrw&amp;newdg=1\" target=\"_blank\" rel=\"noopener\">Archipelbuurt<\/a><\/li>\n<li><a title=\"Bomenbuurt\" href=\"https:\/\/www.google.com\/maps\/place\/Bomenbuurt,+Den+Haag,+The+Netherlands\/@52.0804555,4.2712969,16z\/data=!3m1!4b1!4m2!3m1!1s0x47c5b0dd1a408e13:0x8fea6e538eb18249?dg=dbrw&amp;newdg=1\" target=\"_blank\" rel=\"noopener\">Bomen<\/a> en <a title=\"Bloemenbuurt\" href=\"https:\/\/www.google.com\/maps\/place\/Bloemenbuurt-Oost,+Den+Haag,+The+Netherlands\/@52.077486,4.260968,15z\/data=!3m1!4b1!4m2!3m1!1s0x47c5b0e39ad7c867:0xfe53c7029d50327?dg=dbrw&amp;newdg=1\" target=\"_blank\" rel=\"noopener\">Bloemenbuurt<\/a><\/li>\n<li><a title=\"Den Haag Centrum\" href=\"https:\/\/www.google.com\/maps\/place\/The+Hague+Center,+The+Hague,+The+Netherlands\/@52.076598,4.3106734,13z\/data=!3m1!4b1!4m2!3m1!1s0x47c5b72c4e1fc797:0x3187c309df606953?dg=dbrw&amp;newdg=1\" target=\"_blank\" rel=\"noopener\">Centrum<\/a><\/li>\n<li><a title=\"Duinoord\" href=\"https:\/\/www.google.com\/maps\/place\/Duinoord,+Den+Haag,+The+Netherlands\/@52.0832789,4.2836446,16z\/data=!3m1!4b1!4m2!3m1!1s0x47c5b0cf9447852f:0xf7a773f5dff88805?dg=dbrw&amp;newdg=1\" target=\"_blank\" rel=\"noopener\">Duinoord<\/a><\/li>\n<li><a title=\"Regentessekwartier\" href=\"https:\/\/www.google.com\/maps\/search\/Regentessekwartier,+Den+Haag\/@52.074813,4.2973885,15z\/data=!3m1!4b1?dg=dbrw&amp;newdg=1\" target=\"_blank\" rel=\"noopener\">Regentessekwartier<\/a><\/li>\n<li><a title=\"Valkenboskwartier\" href=\"https:\/\/www.google.com\/maps\/place\/Valkenboskwartier,+Den+Haag,+The+Netherlands\/@52.0736899,4.276357,15z\/data=!3m1!4b1!4m2!3m1!1s0x47c5b0d8e3f94d71:0x422c4290490653c5?dg=dbrw&amp;newdg=1\" target=\"_blank\" rel=\"noopener\">Valkenboskwartier<\/a><\/li>\n<li><a title=\"Vruchtenbuurt\" href=\"https:\/\/www.google.com\/maps\/place\/Vruchtenbuurt,+2564+Den+Haag,+The+Netherlands\/@52.069051,4.2555609,16z\/data=!3m1!4b1!4m2!3m1!1s0x47c5b11cf491328f:0xbd6bd92c482a6642?dg=dbrw&amp;newdg=1\" target=\"_blank\" rel=\"noopener\">Vruchtenbuurt<\/a><\/li>\n<li><a title=\"Willemspark\" href=\"https:\/\/www.google.com\/maps\/place\/Willemspark,+Den+Haag,+The+Netherlands\/@52.0868189,4.308377,16z\/data=!3m1!4b1!4m2!3m1!1s0x47c5b731213e81c9:0xa7b212303542b7c?dg=dbrw&amp;newdg=1\" target=\"_blank\" rel=\"noopener\">Willemspark<\/a><\/li>\n<li><a title=\"Zeeheldenkwartier\" href=\"https:\/\/www.google.com\/maps\/place\/Zeeheldenkwartier,+Den+Haag,+The+Netherlands\/@52.0815759,4.2959465,15z\/data=!3m1!4b1!4m2!3m1!1s0x47c5b732a674cd11:0x2f60dc6190f0d0?dg=dbrw&amp;newdg=1\" target=\"_blank\" rel=\"noopener\">Zeeheldenkwartier<\/a><\/li>\n<li><a title=\"Zorgvliet\" href=\"https:\/\/www.google.com\/maps\/place\/Zorgvliet\/@52.0862924,4.2895832,15z\/data=!4m2!3m1!1s0x47c5b0c999788aed:0x1800612dede09607?dg=dbrw&amp;newdg=1\" target=\"_blank\" rel=\"noopener\">Zorgvliet<\/a><\/li>\n<\/ul>\n<hr \/>\n<p style=\"padding-left: 30px;\"><span id=\"result_box\" class=\"\" lang=\"pl\" tabindex=\"-1\">Dla nas nie ma rzeczy niemo\u017cliwych. Co wi\u0119cej, mo\u017cemy podj\u0105\u0107 si\u0119 najtrudniejszych zada\u0144 w handlu \u015blusarz. Mamy otworzy\u0107 wszystkie zamki, zablokowane lub zniszczone. Podsumowuj\u0105c, mamy gwarancj\u0119, \u017ce nowa blokada zostanie prawid\u0142owo <span class=\"\">i bezpiecznie<\/span> <span class=\"\">zainstalowany.<\/span><\/span><\/p>\n<p style=\"padding-left: 30px;\"><strong>S\u0142owa kluczowe:<\/strong> zablokowa\u0107, zablokowana, klucz, klucz zagubiony zepsuty, zepsuty zamek, blokada wymiany, zablokowane cylinder, wymiana, w\u0142amanie, w\u0142ama\u0107, kradzie\u017cy, 30 minut, us\u0142ugi, dzie\u0144 i noc, weekend, wakacje, Den Haag, Haga, \u015blusarz, us\u0142uga Blokada, klucz, zamek, awaryjne, tel: <a href=\"tel:0652333817\">0652333817<\/a><\/p>\n<p>&nbsp;<\/p>\n<div id=\"ez-toc-container\" class=\"ez-toc-v2_0_76 counter-hierarchy ez-toc-counter ez-toc-grey ez-toc-container-direction\">\n<div class=\"ez-toc-title-container\">\n<p class=\"ez-toc-title\" style=\"cursor:inherit\">Inhoudsopgave<\/p>\n<span class=\"ez-toc-title-toggle\"><a href=\"#\" class=\"ez-toc-pull-right ez-toc-btn ez-toc-btn-xs ez-toc-btn-default ez-toc-toggle\" aria-label=\"Prze\u0142\u0105cznik Spisu Tre\u015bci\"><span class=\"ez-toc-js-icon-con\"><span class=\"\"><span class=\"eztoc-hide\" style=\"display:none;\">Toggle<\/span><span class=\"ez-toc-icon-toggle-span\"><svg style=\"fill: #999;color:#999\" xmlns=\"http:\/\/www.w3.org\/2000\/svg\" class=\"list-377408\" width=\"20px\" height=\"20px\" viewBox=\"0 0 24 24\" fill=\"none\"><path d=\"M6 6H4v2h2V6zm14 0H8v2h12V6zM4 11h2v2H4v-2zm16 0H8v2h12v-2zM4 16h2v2H4v-2zm16 0H8v2h12v-2z\" fill=\"currentColor\"><\/path><\/svg><svg style=\"fill: #999;color:#999\" class=\"arrow-unsorted-368013\" xmlns=\"http:\/\/www.w3.org\/2000\/svg\" width=\"10px\" height=\"10px\" viewBox=\"0 0 24 24\" version=\"1.2\" baseProfile=\"tiny\"><path d=\"M18.2 9.3l-6.2-6.3-6.2 6.3c-.2.2-.3.4-.3.7s.1.5.3.7c.2.2.4.3.7.3h11c.3 0 .5-.1.7-.3.2-.2.3-.5.3-.7s-.1-.5-.3-.7zM5.8 14.7l6.2 6.3 6.2-6.3c.2-.2.3-.5.3-.7s-.1-.5-.3-.7c-.2-.2-.4-.3-.7-.3h-11c-.3 0-.5.1-.7.3-.2.2-.3.5-.3.7s.1.5.3.7z\"\/><\/svg><\/span><\/span><\/span><\/a><\/span><\/div>\n<nav><ul class='ez-toc-list ez-toc-list-level-1 eztoc-toggle-hide-by-default' ><li class='ez-toc-page-1 ez-toc-heading-level-2'><a class=\"ez-toc-link ez-toc-heading-1\" href=\"https:\/\/slotenmaker-denhaag.nl\/pl\/zablokowane\/#Zablokowane_Zablokowany_Zepsuty_zamek\" >Zablokowane? | Zablokowany? | Zepsuty zamek?<\/a><ul class='ez-toc-list-level-3' ><li class='ez-toc-heading-level-3'><a class=\"ez-toc-link ez-toc-heading-2\" href=\"https:\/\/slotenmaker-denhaag.nl\/pl\/zablokowane\/#Zgubione_klucze_Co_moge_zrobic\" >Zgubione klucze? Co mog\u0119 zrobi\u0107?<\/a><ul class='ez-toc-list-level-4' ><li class='ez-toc-heading-level-4'><a class=\"ez-toc-link ez-toc-heading-3\" href=\"https:\/\/slotenmaker-denhaag.nl\/pl\/zablokowane\/#Prosze_pamietac_nie_mowimy_po_polsku_Anglicy_i_Holendrzy_sa_OK\" >Prosz\u0119 pami\u0119ta\u0107: nie m\u00f3wimy po polsku! Anglicy i Holendrzy s\u0105 OK<\/a><ul class='ez-toc-list-level-6' ><li class='ez-toc-heading-level-6'><ul class='ez-toc-list-level-6' ><li class='ez-toc-heading-level-6'><a class=\"ez-toc-link ez-toc-heading-4\" href=\"https:\/\/slotenmaker-denhaag.nl\/pl\/zablokowane\/#tel_0652333817\" >tel: 0652333817<\/a><\/li><\/ul><\/li><\/ul><\/li><li class='ez-toc-page-1 ez-toc-heading-level-4'><a class=\"ez-toc-link ez-toc-heading-5\" href=\"https:\/\/slotenmaker-denhaag.nl\/pl\/zablokowane\/#Z_toba_w_30_minuty\" >Z tob\u0105 w 30 minuty<\/a><\/li><li class='ez-toc-page-1 ez-toc-heading-level-4'><a class=\"ez-toc-link ez-toc-heading-6\" href=\"https:\/\/slotenmaker-denhaag.nl\/pl\/zablokowane\/#Ile_to_bedzie_kosztowac_aby_otworzyc_moje_drzwi_lub_wymienic_zamek\" >Ile to b\u0119dzie kosztowa\u0107 , aby otworzy\u0107 moje drzwi lub wymieni\u0107 zamek?<\/a><\/li><li class='ez-toc-page-1 ez-toc-heading-level-4'><a class=\"ez-toc-link ez-toc-heading-7\" href=\"https:\/\/slotenmaker-denhaag.nl\/pl\/zablokowane\/#Oferujemy_do_15_znizki_w_nastepujacych_dzielnicach\" >Oferujemy do 15 % zni\u017cki w nast\u0119puj\u0105cych dzielnicach**<\/a><\/li><\/ul><\/li><\/ul><\/li><\/ul><\/nav><\/div>\n","protected":false},"excerpt":{"rendered":"<p>Zablokowane? | Zablokowany? | Zepsuty zamek? Zgubione klucze? Co mog\u0119 zrobi\u0107? Zablokowane? Jak d\u0142ugo potrwa do \u015blusarza, aby otworzy\u0107 moje drzwi i ile to b\u0119dzie kosztowa\u0107. To mo\u017ce zdarzy\u0107 si\u0119 ka\u017cdemu: wychodzisz z domu i zamkn\u0105\u0142 drzwi, a gdy jeste\u015b zamykania , zdajesz sobie spraw\u0119, \u017ce zapomnia\u0142 kluczy wewn\u0105trz. Nie martw si\u0119, pomoc jest w [&hellip;]<\/p>\n","protected":false},"author":12,"featured_media":0,"parent":0,"menu_order":0,"comment_status":"closed","ping_status":"closed","template":"","meta":{"_acf_changed":false,"om_disable_all_campaigns":false,"footnotes":"","_wordproof_timestamp":false},"class_list":["post-698","page","type-page","status-publish","hentry"],"acf":[],"_links":{"self":[{"href":"https:\/\/slotenmaker-denhaag.nl\/pl\/wp-json\/wp\/v2\/pages\/698","targetHints":{"allow":["GET"]}}],"collection":[{"href":"https:\/\/slotenmaker-denhaag.nl\/pl\/wp-json\/wp\/v2\/pages"}],"about":[{"href":"https:\/\/slotenmaker-denhaag.nl\/pl\/wp-json\/wp\/v2\/types\/page"}],"author":[{"embeddable":true,"href":"https:\/\/slotenmaker-denhaag.nl\/pl\/wp-json\/wp\/v2\/users\/12"}],"replies":[{"embeddable":true,"href":"https:\/\/slotenmaker-denhaag.nl\/pl\/wp-json\/wp\/v2\/comments?post=698"}],"version-history":[{"count":1,"href":"https:\/\/slotenmaker-denhaag.nl\/pl\/wp-json\/wp\/v2\/pages\/698\/revisions"}],"predecessor-version":[{"id":31251,"href":"https:\/\/slotenmaker-denhaag.nl\/pl\/wp-json\/wp\/v2\/pages\/698\/revisions\/31251"}],"wp:attachment":[{"href":"https:\/\/slotenmaker-denhaag.nl\/pl\/wp-json\/wp\/v2\/media?parent=698"}],"curies":[{"name":"wp","href":"https:\/\/api.w.org\/{rel}","templated":true}]}}