{"id":747,"date":"2016-05-02T08:19:49","date_gmt":"2016-05-02T08:19:49","guid":{"rendered":"https:\/\/slotenmaker-denhaag.nl\/pl\/diensten\/"},"modified":"2020-04-01T14:38:03","modified_gmt":"2020-04-01T12:38:03","slug":"uslugi-slusarz-haga","status":"publish","type":"page","link":"https:\/\/slotenmaker-denhaag.nl\/pl\/uslugi-slusarz-haga\/","title":{"rendered":"Us\u0142ugi \u015alusarz Haga | \u015alusarz Den Haag"},"content":{"rendered":"<h2><span class=\"ez-toc-section\" id=\"Calodobowe_uslugi_typu_awaryjnego_otwarcia_mieszkan_firm_samochodow_kas_pancernych_naprawy_powlamaniowe\"><\/span>Ca\u0142odobowe us\u0142ugi typu awaryjnego otwarcia mieszka\u0144, firm, samochod\u00f3w, kas pancernych naprawy pow\u0142amaniowe<span class=\"ez-toc-section-end\"><\/span><\/h2>\n<p style=\"padding-left: 30px;\"><strong>Us\u0142ugi | Serwis Zamk\u00f3w Hag | \u015alusarz Haga | Slotenmaker Den Haag<\/strong><\/p>\n<h3><span class=\"ez-toc-section\" id=\"Jestesmy_do_Panstwa_dyspozycji_24h_%E2%80%93_7_dni_w_tygodniu\"><\/span>Jeste\u015bmy do Pa\u0144stwa dyspozycji 24h \u2013 7 dni w tygodniu<span class=\"ez-toc-section-end\"><\/span><\/h3>\n<ul>\n<li><em>24\/7 pogotowie zamkowe \u2013 Haga\/Den Haag<\/em><\/li>\n<li><em>24h Serwis drzwi antyw\u0142amaniowych<\/em><\/li>\n<li><em>Naprawa zamk\u00f3w 24h<br \/>\n<\/em><\/li>\n<li><em>24h monta\u017c zamk\u00f3w<\/em><\/li>\n<li><em>Wymiana zamk\u00f3w 24h<br \/>\n<\/em><\/li>\n<li><em>24h naprawy po w\u0142amaniowe<\/em><\/li>\n<li><em>Awaryjne otwieranie zamk\u00f3w<\/em><\/li>\n<li><em>Awaryjne otwieranie drzwi, r\u00f3wnie\u017c antyw\u0142amaniowych<\/em><\/li>\n<li><em>Dorabianie wk\u0142adek do istniej\u0105cego kodu<\/em><\/li>\n<li><em>Ujednolicanie wk\u0142adek, jednym kluczem otwieramy wiele wk\u0142adek<\/em><\/li>\n<li><em>Doradztwo techniczne w zakresie doboru zamk\u00f3w, drzwi, zabezpiecze\u0144 antyw\u0142amaniowych, wraz z mo\u017cliwo\u015bci\u0105 ich monta\u017cu pasowanie \/ regulacja \/ konserwacja zamk\u00f3w-drzwi<\/em><\/li>\n<\/ul>\n<h4><span class=\"ez-toc-section\" id=\"Zadzwon_aby_uzyskac_wiecej_informacji\"><\/span>Zadzwo\u0144 aby uzyska\u0107 wi\u0119cej informacji:<span class=\"ez-toc-section-end\"><\/span><\/h4>\n<table>\n<tbody>\n<tr>\n<td class=\"bel-orange\"><a href=\"tel:0652333817\">kom:<span style=\"color: #e94f1c;\">:<\/span>0652333817<\/a><\/td>\n<td class=\"bel-blue\"><a href=\"tel:0702603817\">tel:<span style=\"color: #094681;\">:<\/span>070<span style=\"color: #094681;\">.<\/span>2603817<\/a><\/td>\n<\/tr>\n<\/tbody>\n<\/table>\n<h4><span class=\"ez-toc-section\" id=\"Wyslij_do_nas_e-mail_lub_skorzystac_z_formularza_kontaktowego\"><\/span>Wy\u015blij do nas e-mail lub skorzysta\u0107 z formularza kontaktowego:<span class=\"ez-toc-section-end\"><\/span><\/h4>\n<table>\n<tbody>\n<tr>\n<td class=\"bel-orange\">e-mail<span style=\"color: #e94f1c;\">.<\/span>direct<\/td>\n<td class=\"bel-blue\"><a href=\"https:\/\/slotenmaker-denhaag.nl\/contact\/\">form.<span style=\"color: #094681;\">.<\/span>kontaktowy<\/a><\/td>\n<\/tr>\n<\/tbody>\n<\/table>\n<h4><span class=\"ez-toc-section\" id=\"Awaryjne_otwieranie_sejfow_%E2%80%93_Haga_Den_Haag\"><\/span>Awaryjne otwieranie sejf\u00f3w &#8211; Haga \/ Den Haag<span class=\"ez-toc-section-end\"><\/span><\/h4>\n<p style=\"padding-left: 30px;\"><a href=\"https:\/\/slotenmaker-denhaag.nl\/wp-content\/uploads\/Airbnb-buitengesloten-Slotenmaker-Den-Haag.jpg\"><img decoding=\"async\" class=\"responsive alignleft wp-image-5473 size-medium\" src=\"https:\/\/slotenmaker-denhaag.nl\/wp-content\/uploads\/Airbnb-buitengesloten-Slotenmaker-Den-Haag-300x225.jpg\" alt=\"\u015alusarz Haga, Slotenmaker Den Haag | Us\u0142ugi: Zamkni\u0119ty z domu?\" width=\"300\" height=\"225\" title=\"slotenmaker den haag\" srcset=\"https:\/\/slotenmaker-denhaag.nl\/wp-content\/uploads\/Airbnb-buitengesloten-Slotenmaker-Den-Haag-300x225.jpg 300w, https:\/\/slotenmaker-denhaag.nl\/wp-content\/uploads\/Airbnb-buitengesloten-Slotenmaker-Den-Haag-768x576.jpg 768w, https:\/\/slotenmaker-denhaag.nl\/wp-content\/uploads\/Airbnb-buitengesloten-Slotenmaker-Den-Haag-1024x768.jpg 1024w, https:\/\/slotenmaker-denhaag.nl\/wp-content\/uploads\/Airbnb-buitengesloten-Slotenmaker-Den-Haag.jpg 800w\" sizes=\"(max-width: 300px) 100vw, 300px\" \/><\/a>Twoje oszcz\u0119dno\u015bci i drogocenne rzeczy s\u0105 niezwykle wa\u017cne. Robimy wszystko, aby nie wpad\u0142y one w niepo\u017c\u0105dane r\u0119ce, zabezpieczaj\u0105c we wszelki mo\u017cliwy spos\u00f3b przed z\u0142odziejami. Coraz cz\u0119\u015bciej decydujemy si\u0119 na sejfy, doskonale skrywaj\u0105ce wszelkie kosztowno\u015bci. Problem pojawia si\u0119 jednak w\u00f3wczas, gdy sami stracimy dost\u0119p do drogocennych rzeczy. Utrata kluczyka czy kodu dost\u0119pu do sejfu nie nale\u017cy do rzadkich przypadk\u00f3w. Pojawia si\u0119 panika, kt\u00f3ra tylko utrudnia spraw\u0119. W takich momentach mo\u017cna liczy\u0107 na kompleksow\u0105 pomoc naszego \u015blusarza, kt\u00f3ry przywr\u00f3ci dost\u0119p do mienia ukrytego w sejfie.<\/p>\n<p style=\"padding-left: 30px;\">W ramach naszych us\u0142ug proponujemy awaryjne otwieranie sejf\u00f3w na terenie ca\u0142ej Haga \/ Den Haag. Ch\u0119tnie przekroczymy tak\u017ce granice stolicy, proponuj\u0105c us\u0142ug\u0119 otwierania sejf\u00f3w na najwy\u017cszym poziomie. Dla nas nie ma rzeczy niemo\u017cliwych, dlatego zrobimy co w naszej mocy, by nasi klienci jak najszybciej mogli ponownie cieszy\u0107 si\u0119 dost\u0119pem do w\u0142asnych oszcz\u0119dno\u015bci.<\/p>\n<h4><span class=\"ez-toc-section\" id=\"Bezpieczenstwo_i_poufnosc\"><\/span>Bezpiecze\u0144stwo i poufno\u015b\u0107<span class=\"ez-toc-section-end\"><\/span><\/h4>\n<p style=\"padding-left: 30px;\">Doskonale zdajemy sobie spraw\u0119, ze podstaw\u0105 us\u0142ugi awaryjnego otwierania sejf\u00f3w jest pe\u0142na dyskrecja, dlatego swoj\u0105 pomoc \u015bwiadczymy w oparciu o pe\u0142ne bezpiecze\u0144stwo. Stosujemy szereg zabezpiecze\u0144 by zachowa\u0107 poufno\u015b\u0107. Nasi klienci nie musz\u0105 si\u0119 martwi\u0107 o dyskrecj\u0119. My zawsze j\u0105 zapewniamy.<\/p>\n<h4><span class=\"ez-toc-section\" id=\"Kompleksowe_uslugi_slusarskie\"><\/span>Kompleksowe us\u0142ugi \u015blusarskie<span class=\"ez-toc-section-end\"><\/span><\/h4>\n<p style=\"padding-left: 30px;\">W ramach awaryjnego otwierania sejf\u00f3w proponujemy tak\u017ce inne prace, umo\u017cliwiaj\u0105ce odzyskanie dost\u0119pu do mienia, m.in.:<\/p>\n<ul>\n<li><em>Otwieranie drzwi skarbcowych, nawet tych posiadaj\u0105cych skomplikowane zabezpieczenia<\/em><\/li>\n<li><em>Mamy otworzy\u0107 i naprawi\u0107 wszystkie rodzaje zamk\u00f3w oraz sejf\u00f3w<\/em><\/li>\n<li><em>Otwieranie szaf pancernych oraz kas<\/em><\/li>\n<\/ul>\n<p style=\"padding-left: 30px;\">Stale si\u0119 rozwijamy, dlatego nowoczesne zabezpieczenia nie s\u0105 dla nas tajemnic\u0105. Staramy si\u0119 zawsze jak najmniej ingerowa\u0107 w ca\u0142o\u015b\u0107. Dzi\u0119ki naszym umiej\u0119tno\u015bciom jeste\u015bmy w stanie otworzy\u0107 sejf w bardzo kr\u00f3tkim czasie.<\/p>\n<h4><span class=\"ez-toc-section\" id=\"Wykwalifikowana_ekipa_profesjonalny_sprzet\"><\/span>Wykwalifikowana ekipa, profesjonalny sprz\u0119t<span class=\"ez-toc-section-end\"><\/span><\/h4>\n<p style=\"padding-left: 30px;\">Nasz\u0105 skuteczno\u015b\u0107 potwierdza liczba zadowolonych klient\u00f3w. Dzi\u0119ki fachowcom, kt\u00f3rzy tworz\u0105 nasz zesp\u00f3\u0142 zdobyli\u015bmy miano profesjonalnej ekipy od zada\u0144 specjalnych. Pojawiamy si\u0119 wsz\u0119dzie ta, gdzie potrzebna jest natychmiastowa i zdecydowana pomoc \u015blusarska. Dysponujemy sprz\u0119tem i umiej\u0119tno\u015bciami, kt\u00f3re pozwalaj\u0105 nam rozwi\u0105za\u0107 ka\u017cdy problem. Otwieramy nawet najbardziej skomplikowane sejfy, nieobce s\u0105 nam nowoczesne zabezpieczenia. Naszym g\u0142\u00f3wnym polem dzia\u0142ania jest ca\u0142a Warszawa, gdzie z przyjemno\u015bci\u0105 pomo\u017cemy odzyska\u0107 dost\u0119p do mienia ukrytego w sejfie.<\/p>\n<h4><span class=\"ez-toc-section\" id=\"Slusarz_od_zadan_specjalnych\"><\/span>\u015alusarz od zada\u0144 specjalnych<span class=\"ez-toc-section-end\"><\/span><\/h4>\n<p style=\"padding-left: 30px;\">Nasz zakres us\u0142ug jest niezwykle szeroki. Obejmuje przede wszystkim:<\/p>\n<ul>\n<li><em>Awaryjne otwieranie<\/em><\/li>\n<li><em>Mieszka\u0144 (naprawa i regulacja drzwi)<\/em><\/li>\n<li><em>Samochod\u00f3w (r\u00f3wnie\u017c odblokowywanie zaci\u0119tych stacyjek)<\/em><\/li>\n<li><em>Sejf\u00f3w (naprawa i wymiana zamk\u00f3w sejfowych)<\/em><\/li>\n<li><em>Monta\u017c, naprawa i otwieranie zamk\u00f3w<\/em><\/li>\n<li><em>Konserwacja<\/em><\/li>\n<li><em>Naprawa<\/em><\/li>\n<li><em>Monta\u017c<\/em><\/li>\n<li><em>Naprawy pow\u0142amaniowe<\/em><\/li>\n<li><em>Systemy zamkni\u0119\u0107 MASTER KEY<\/em><\/li>\n<li><em>Naprawy spawalnicze<\/em><\/li>\n<\/ul>\n<p style=\"padding-left: 30px;\">G\u0142\u00f3wnym obszarem naszej dzia\u0142alno\u015bci w ramach awaryjnego otwierania zamk\u00f3w, sejf\u00f3w, kas pancernych i innych jest Haga \/ Den Haag. Dysponujemy profesjonalnymi narz\u0119dziami i wykwalifikowan\u0105 ekip\u0105, co pozwala nam prowadzi\u0107 serwis zamk\u00f3w na najlepszym poziomie. Nam mo\u017cesz zaufa\u0107! Gwarantujemy pe\u0142n\u0105 poufno\u015b\u0107 i profesjonalizm na najwy\u017cszym poziomie.<\/p>\n<h4><span class=\"ez-toc-section\" id=\"Serdecznie_zapraszamy_do_skorzystania_z_naszych_uslug_Nasza_firme_wyroznia_przede_wszystkim\"><\/span>Serdecznie zapraszamy do skorzystania z naszych us\u0142ug. Nasz\u0105 firm\u0119 wyr\u00f3\u017cnia przede wszystkim:<span class=\"ez-toc-section-end\"><\/span><\/h4>\n<ul>\n<li><em>Wykwalifikowana kadra z ca\u0142ym baga\u017cem do\u015bwiadcze\u0144 i wiedzy zdobytej podczas prac \u015blusarskich<\/em><\/li>\n<li><em>Sprz\u0119t umo\u017cliwiaj\u0105cy realizacj\u0119 nawet najbardziej skomplikowanych przedsi\u0119wzi\u0119\u0107<\/em><\/li>\n<li><em>Awaryjne otwieranie sejf\u00f3w oparte na ca\u0142kowitym bezpiecze\u0144stwie i poufno\u015bci<\/em><\/li>\n<li><em>Dost\u0119pno\u015b\u0107 ca\u0142y rok przez ca\u0142\u0105 dob\u0119<\/em><\/li>\n<li><em>Mo\u017cliwo\u015b\u0107 dojazdu w dowolne miejsce Hagy w ramach us\u0142ugi<\/em><\/li>\n<li><em>Ceny na ka\u017cd\u0105 kiesze\u0144 nie rujnuj\u0105ce portfela<\/em><\/li>\n<\/ul>\n<p style=\"padding-left: 30px;\">Opr\u00f3cz awaryjnego otwierania sejf\u00f3w proponujemy pe\u0142en zakres us\u0142ug \u015blusarskich, a tak\u017ce pomoc w zabezpieczeniu mienia przez niepo\u017c\u0105danymi go\u015b\u0107mi. Z przyjemno\u015bci\u0105 wykorzystamy nasze umiej\u0119tno\u015bci, by pom\u00f3c Pa\u0144stwu w nieprzewidzianych sytuacjach. Serdecznie zapraszamy!<\/p>\n<div id=\"ez-toc-container\" class=\"ez-toc-v2_0_76 counter-hierarchy ez-toc-counter ez-toc-grey ez-toc-container-direction\">\n<div class=\"ez-toc-title-container\">\n<p class=\"ez-toc-title\" style=\"cursor:inherit\">Inhoudsopgave<\/p>\n<span class=\"ez-toc-title-toggle\"><a href=\"#\" class=\"ez-toc-pull-right ez-toc-btn ez-toc-btn-xs ez-toc-btn-default ez-toc-toggle\" aria-label=\"Prze\u0142\u0105cznik Spisu Tre\u015bci\"><span class=\"ez-toc-js-icon-con\"><span class=\"\"><span class=\"eztoc-hide\" style=\"display:none;\">Toggle<\/span><span class=\"ez-toc-icon-toggle-span\"><svg style=\"fill: #999;color:#999\" xmlns=\"http:\/\/www.w3.org\/2000\/svg\" class=\"list-377408\" width=\"20px\" height=\"20px\" viewBox=\"0 0 24 24\" fill=\"none\"><path d=\"M6 6H4v2h2V6zm14 0H8v2h12V6zM4 11h2v2H4v-2zm16 0H8v2h12v-2zM4 16h2v2H4v-2zm16 0H8v2h12v-2z\" fill=\"currentColor\"><\/path><\/svg><svg style=\"fill: #999;color:#999\" class=\"arrow-unsorted-368013\" xmlns=\"http:\/\/www.w3.org\/2000\/svg\" width=\"10px\" height=\"10px\" viewBox=\"0 0 24 24\" version=\"1.2\" baseProfile=\"tiny\"><path d=\"M18.2 9.3l-6.2-6.3-6.2 6.3c-.2.2-.3.4-.3.7s.1.5.3.7c.2.2.4.3.7.3h11c.3 0 .5-.1.7-.3.2-.2.3-.5.3-.7s-.1-.5-.3-.7zM5.8 14.7l6.2 6.3 6.2-6.3c.2-.2.3-.5.3-.7s-.1-.5-.3-.7c-.2-.2-.4-.3-.7-.3h-11c-.3 0-.5.1-.7.3-.2.2-.3.5-.3.7s.1.5.3.7z\"\/><\/svg><\/span><\/span><\/span><\/a><\/span><\/div>\n<nav><ul class='ez-toc-list ez-toc-list-level-1 eztoc-toggle-hide-by-default' ><li class='ez-toc-page-1 ez-toc-heading-level-2'><a class=\"ez-toc-link ez-toc-heading-1\" href=\"https:\/\/slotenmaker-denhaag.nl\/pl\/uslugi-slusarz-haga\/#Calodobowe_uslugi_typu_awaryjnego_otwarcia_mieszkan_firm_samochodow_kas_pancernych_naprawy_powlamaniowe\" >Ca\u0142odobowe us\u0142ugi typu awaryjnego otwarcia mieszka\u0144, firm, samochod\u00f3w, kas pancernych naprawy pow\u0142amaniowe<\/a><ul class='ez-toc-list-level-3' ><li class='ez-toc-heading-level-3'><a class=\"ez-toc-link ez-toc-heading-2\" href=\"https:\/\/slotenmaker-denhaag.nl\/pl\/uslugi-slusarz-haga\/#Jestesmy_do_Panstwa_dyspozycji_24h_%E2%80%93_7_dni_w_tygodniu\" >Jeste\u015bmy do Pa\u0144stwa dyspozycji 24h \u2013 7 dni w tygodniu<\/a><ul class='ez-toc-list-level-4' ><li class='ez-toc-heading-level-4'><a class=\"ez-toc-link ez-toc-heading-3\" href=\"https:\/\/slotenmaker-denhaag.nl\/pl\/uslugi-slusarz-haga\/#Zadzwon_aby_uzyskac_wiecej_informacji\" >Zadzwo\u0144 aby uzyska\u0107 wi\u0119cej informacji:<\/a><\/li><li class='ez-toc-page-1 ez-toc-heading-level-4'><a class=\"ez-toc-link ez-toc-heading-4\" href=\"https:\/\/slotenmaker-denhaag.nl\/pl\/uslugi-slusarz-haga\/#Wyslij_do_nas_e-mail_lub_skorzystac_z_formularza_kontaktowego\" >Wy\u015blij do nas e-mail lub skorzysta\u0107 z formularza kontaktowego:<\/a><\/li><li class='ez-toc-page-1 ez-toc-heading-level-4'><a class=\"ez-toc-link ez-toc-heading-5\" href=\"https:\/\/slotenmaker-denhaag.nl\/pl\/uslugi-slusarz-haga\/#Awaryjne_otwieranie_sejfow_%E2%80%93_Haga_Den_Haag\" >Awaryjne otwieranie sejf\u00f3w &#8211; Haga \/ Den Haag<\/a><\/li><li class='ez-toc-page-1 ez-toc-heading-level-4'><a class=\"ez-toc-link ez-toc-heading-6\" href=\"https:\/\/slotenmaker-denhaag.nl\/pl\/uslugi-slusarz-haga\/#Bezpieczenstwo_i_poufnosc\" >Bezpiecze\u0144stwo i poufno\u015b\u0107<\/a><\/li><li class='ez-toc-page-1 ez-toc-heading-level-4'><a class=\"ez-toc-link ez-toc-heading-7\" href=\"https:\/\/slotenmaker-denhaag.nl\/pl\/uslugi-slusarz-haga\/#Kompleksowe_uslugi_slusarskie\" >Kompleksowe us\u0142ugi \u015blusarskie<\/a><\/li><li class='ez-toc-page-1 ez-toc-heading-level-4'><a class=\"ez-toc-link ez-toc-heading-8\" href=\"https:\/\/slotenmaker-denhaag.nl\/pl\/uslugi-slusarz-haga\/#Wykwalifikowana_ekipa_profesjonalny_sprzet\" >Wykwalifikowana ekipa, profesjonalny sprz\u0119t<\/a><\/li><li class='ez-toc-page-1 ez-toc-heading-level-4'><a class=\"ez-toc-link ez-toc-heading-9\" href=\"https:\/\/slotenmaker-denhaag.nl\/pl\/uslugi-slusarz-haga\/#Slusarz_od_zadan_specjalnych\" >\u015alusarz od zada\u0144 specjalnych<\/a><\/li><li class='ez-toc-page-1 ez-toc-heading-level-4'><a class=\"ez-toc-link ez-toc-heading-10\" href=\"https:\/\/slotenmaker-denhaag.nl\/pl\/uslugi-slusarz-haga\/#Serdecznie_zapraszamy_do_skorzystania_z_naszych_uslug_Nasza_firme_wyroznia_przede_wszystkim\" >Serdecznie zapraszamy do skorzystania z naszych us\u0142ug. Nasz\u0105 firm\u0119 wyr\u00f3\u017cnia przede wszystkim:<\/a><\/li><\/ul><\/li><\/ul><\/li><\/ul><\/nav><\/div>\n","protected":false},"excerpt":{"rendered":"<p>Ca\u0142odobowe us\u0142ugi typu awaryjnego otwarcia mieszka\u0144, firm, samochod\u00f3w, kas pancernych naprawy pow\u0142amaniowe Us\u0142ugi | Serwis Zamk\u00f3w Hag | \u015alusarz Haga | Slotenmaker Den Haag Jeste\u015bmy do Pa\u0144stwa dyspozycji 24h \u2013 7 dni w tygodniu 24\/7 pogotowie zamkowe \u2013 Haga\/Den Haag 24h Serwis drzwi antyw\u0142amaniowych Naprawa zamk\u00f3w 24h 24h monta\u017c zamk\u00f3w Wymiana zamk\u00f3w 24h 24h naprawy [&hellip;]<\/p>\n","protected":false},"author":12,"featured_media":0,"parent":0,"menu_order":0,"comment_status":"closed","ping_status":"closed","template":"","meta":{"_acf_changed":false,"om_disable_all_campaigns":false,"footnotes":"","_wordproof_timestamp":false},"class_list":["post-747","page","type-page","status-publish","hentry"],"acf":[],"_links":{"self":[{"href":"https:\/\/slotenmaker-denhaag.nl\/pl\/wp-json\/wp\/v2\/pages\/747","targetHints":{"allow":["GET"]}}],"collection":[{"href":"https:\/\/slotenmaker-denhaag.nl\/pl\/wp-json\/wp\/v2\/pages"}],"about":[{"href":"https:\/\/slotenmaker-denhaag.nl\/pl\/wp-json\/wp\/v2\/types\/page"}],"author":[{"embeddable":true,"href":"https:\/\/slotenmaker-denhaag.nl\/pl\/wp-json\/wp\/v2\/users\/12"}],"replies":[{"embeddable":true,"href":"https:\/\/slotenmaker-denhaag.nl\/pl\/wp-json\/wp\/v2\/comments?post=747"}],"version-history":[{"count":0,"href":"https:\/\/slotenmaker-denhaag.nl\/pl\/wp-json\/wp\/v2\/pages\/747\/revisions"}],"wp:attachment":[{"href":"https:\/\/slotenmaker-denhaag.nl\/pl\/wp-json\/wp\/v2\/media?parent=747"}],"curies":[{"name":"wp","href":"https:\/\/api.w.org\/{rel}","templated":true}]}}