{"id":4253,"date":"2016-06-24T13:31:21","date_gmt":"2016-06-24T13:31:21","guid":{"rendered":"https:\/\/slotenmaker-denhaag.nl\/pt-pt\/bedrijfsgegevens\/"},"modified":"2023-01-25T15:59:20","modified_gmt":"2023-01-25T14:59:20","slug":"empresa","status":"publish","type":"page","link":"https:\/\/slotenmaker-denhaag.nl\/pt-pt\/empresa\/","title":{"rendered":"Empresa"},"content":{"rendered":"<div class=\"contact_info\">\n<div class=\"contact_info_item icon-zins-telephone\">\n<p><strong>Telefone<\/strong><\/p>\n<div class=\"contact_info_phone\"><a href=\"tel:0652333817\">06 52 333 817<\/a><\/div>\n<\/div>\n<div class=\"contact_info_item icon-mail\">\n<p><strong>Email &amp; Web<\/strong><\/p>\n<p><span style=\"color: #ffffff;\"><strong>info@slotenmaker-denhaag.nl<\/strong><br \/>\n<a style=\"color: #ffffff;\" href=\"https:\/\/slotenmaker-denhaag.nl\/\">www.slotenmaker-denhaag.nl<\/a><\/span><\/p>\n<\/div>\n<div class=\"contact_info_item icon-zins-location\"><strong>Endere\u00e7o profissional<\/strong><\/p>\n<p>Mient 66<br \/>\n2564KP Den Haag<\/p>\n<\/div>\n<div class=\"contact_info_item\"><strong>Dados banc\u00e1rios &amp; Tax<\/strong><\/p>\n<p>Bank: IBAN NL04KNAB0256980381<br \/>\nK.v.k: 65587537<br \/>\nBTW nr: NL002440902B30<\/p>\n<\/div>\n<div class=\"contact_info_item\"><span style=\"color: #ffffff;\"><a style=\"color: #ffffff;\" href=\"https:\/\/slotenmaker-denhaag.nl\/wp-content\/uploads\/Slotenmaker-Den-Haag-SDH.vcf\">Download vCard e nos adicionar aos seus contatos<\/a><\/span><br \/>\n<strong><span style=\"color: #ffffff;\"><a style=\"color: #ffffff;\" href=\"https:\/\/slotenmaker-denhaag.nl\/algemene-voorwaarden\/\">Termos &amp; Condi\u00e7\u00f5es<br \/>\n<\/a><a style=\"color: #ffffff;\" href=\"https:\/\/slotenmaker-denhaag.nl\/contact\/\"><br \/>\nFormul\u00e1rio de Contato<br \/>\n<\/a><a style=\"color: #ffffff;\" href=\"https:\/\/slotenmaker-denhaag.nl\/opdracht-bevestiging\/\"><br \/>\nFormul\u00e1rio de Pedido<\/a><\/span><\/strong><\/p>\n<p><em>Todas as informa\u00e7\u00f5es corretas a partir de 25 Maio, 2016<\/em><\/p>\n<\/div>\n<\/div>\n","protected":false},"excerpt":{"rendered":"<p>Telefone 06 52 333 817 Email &amp; Web info@slotenmaker-denhaag.nl www.slotenmaker-denhaag.nl Endere\u00e7o profissional Mient 66 2564KP Den Haag Dados banc\u00e1rios &amp; Tax Bank: IBAN NL04KNAB0256980381 K.v.k: 65587537 BTW nr: NL002440902B30 Download vCard e nos adicionar aos seus contatos Termos &amp; Condi\u00e7\u00f5es Formul\u00e1rio de Contato Formul\u00e1rio de Pedido Todas as informa\u00e7\u00f5es corretas a partir de 25 Maio, [&hellip;]<\/p>\n","protected":false},"author":12,"featured_media":0,"parent":0,"menu_order":0,"comment_status":"closed","ping_status":"closed","template":"","meta":{"_acf_changed":false,"om_disable_all_campaigns":false,"footnotes":"","_wordproof_timestamp":false},"class_list":["post-4253","page","type-page","status-publish","hentry"],"acf":[],"_links":{"self":[{"href":"https:\/\/slotenmaker-denhaag.nl\/pt-pt\/wp-json\/wp\/v2\/pages\/4253","targetHints":{"allow":["GET"]}}],"collection":[{"href":"https:\/\/slotenmaker-denhaag.nl\/pt-pt\/wp-json\/wp\/v2\/pages"}],"about":[{"href":"https:\/\/slotenmaker-denhaag.nl\/pt-pt\/wp-json\/wp\/v2\/types\/page"}],"author":[{"embeddable":true,"href":"https:\/\/slotenmaker-denhaag.nl\/pt-pt\/wp-json\/wp\/v2\/users\/12"}],"replies":[{"embeddable":true,"href":"https:\/\/slotenmaker-denhaag.nl\/pt-pt\/wp-json\/wp\/v2\/comments?post=4253"}],"version-history":[{"count":3,"href":"https:\/\/slotenmaker-denhaag.nl\/pt-pt\/wp-json\/wp\/v2\/pages\/4253\/revisions"}],"predecessor-version":[{"id":30295,"href":"https:\/\/slotenmaker-denhaag.nl\/pt-pt\/wp-json\/wp\/v2\/pages\/4253\/revisions\/30295"}],"wp:attachment":[{"href":"https:\/\/slotenmaker-denhaag.nl\/pt-pt\/wp-json\/wp\/v2\/media?parent=4253"}],"curies":[{"name":"wp","href":"https:\/\/api.w.org\/{rel}","templated":true}]}}