{"id":877,"date":"2016-04-19T11:26:42","date_gmt":"2016-04-19T11:26:42","guid":{"rendered":"https:\/\/slotenmaker-denhaag.nl\/pt-pt\/locked-out-burglary-repairs-or-other-security-issues\/"},"modified":"2020-03-29T21:19:40","modified_gmt":"2020-03-29T19:19:40","slug":"abertura-porta-trancada-estragada","status":"publish","type":"page","link":"https:\/\/slotenmaker-denhaag.nl\/pt-pt\/","title":{"rendered":"Abertura de porta? Porta trancada ou fechadura estragada? Arrombamento?"},"content":{"rendered":"<h2><span class=\"ez-toc-section\" id=\"Slotenmaker_Den_Haag_SDH_%E2%80%93_Serralheiro_Haia_Mais_rapido_do_que_qualquer_outro_servico_em_Den_Haag\"><\/span><span style=\"color: #ff6600;\"><strong><em>Slotenmaker Den Haag (SDH) &#8211; Serralheiro Haia:<br \/>\nMais r\u00e1pido do que qualquer outro servi\u00e7o em Den Haag!<br \/>\n<\/em><\/strong><\/span><span class=\"ez-toc-section-end\"><\/span><\/h2>\n<h3><span class=\"ez-toc-section\" id=\"Bloqueio_Porta_trancada_ou_fechadura_estragada_Sem_problemas_Nos_estaremos_la_em_30_minutos_%E2%80%A6\"><\/span><span style=\"color: #ff6600;\"><strong>Bloqueio? Porta trancada ou fechadura estragada? Sem problemas! N\u00f3s estaremos l\u00e1 em 30 minutos &#8230;<em><br \/>\n<\/em><\/strong><\/span><span class=\"ez-toc-section-end\"><\/span><\/h3>\n<p>Abertura? Provavelmente todos n\u00f3s j\u00e1 experimentamos alguns problemas de uma porta que n\u00e3o abre ou fechadura estragada. Frustrante, n\u00e3o \u00e9? A boa not\u00edcia \u00e9 que n\u00e3o tem que ser assim. O nosso servi\u00e7o de abertura de portas de emerg\u00eancia est\u00e1 aqui para voc\u00ea 24h\/7 dias e cobrimos todo Den Haag e munic\u00edpios vizinhos.<\/p>\n<p>Basta ligar para <a href=\"tel:0652333817\">06 52 333 817<\/a> e a ajuda estar\u00e1 a caminho. A nossa equipa de escrit\u00f3rio ir\u00e1 diagnosticar os seus problemas por telefone, dar-lhe uma estimativa do custo, e despachar um t\u00e9cnico serralheiro ao seu servi\u00e7o imediatamente. Assim telefone se estiver com pressa.<\/p>\n<h4><span class=\"ez-toc-section\" id=\"Quais_sao_os_problemas_mais_comuns_de_reparacao_de_fechaduras_que_o_nosso_servico_de_chaveiro_pode_resolver_para_voce\"><\/span>Quais s\u00e3o os problemas mais comuns de repara\u00e7\u00e3o de fechaduras que o nosso servi\u00e7o de chaveiro pode resolver para voc\u00ea?<span class=\"ez-toc-section-end\"><\/span><\/h4>\n<ul>\n<li><em>Abrir a porta quando voc\u00ea est\u00e1 trancado para fora<\/em><\/li>\n<li><em>Reparando fechaduras quebradas<\/em><\/li>\n<li><em>Substituindo bloqueios e cilindros<\/em><\/li>\n<li><em>Reparos ap\u00f3s roubo<\/em><\/li>\n<li><em>Medidas preventivas<\/em><\/li>\n<li><em>Conselhos de seguran\u00e7a<\/em><\/li>\n<li><em>Abrindo cofres fortes<\/em><\/li>\n<li><em>Duplica\u00e7\u00e3o de chaves<\/em><\/li>\n<\/ul>\n<h3><span class=\"ez-toc-section\" id=\"Necessita_de_uma_abertura_de_porta_Tem_a_porta_trancada_ou_a_fechadura_estragada_Ficou_fora_de_casa_Ligue-nos_agora\"><\/span><strong>Necessita de uma abertura de porta? Tem a porta trancada ou a fechadura estragada? Ficou fora de casa? Ligue-nos agora!<\/strong><span class=\"ez-toc-section-end\"><\/span><\/h3>\n<h6><span class=\"ez-toc-section\" id=\"celular_06_52_333_817\"><\/span><span style=\"color: #000000;\"><strong>celular: <\/strong><\/span><span style=\"color: #ff6600;\"><a style=\"color: #ff6600;\" href=\"tel:0652333817\">06 52 333 817<\/a><\/span><span class=\"ez-toc-section-end\"><\/span><\/h6>\n<h6><span class=\"ez-toc-section\" id=\"fixo_070-2603817\"><\/span><span style=\"color: #000000;\"><strong>fixo: <\/strong><\/span><span style=\"color: #ff6600;\"><a style=\"color: #ff6600;\" href=\"tel:0702603817\">070-2603817<\/a><\/span><span class=\"ez-toc-section-end\"><\/span><\/h6>\n<h4><span class=\"ez-toc-section\" id=\"Abertura_de_Portas_no_Haia_Den_Haag\"><\/span><strong>Abertura de Portas no Haia (Den Haag)<\/strong><span class=\"ez-toc-section-end\"><\/span><\/h4>\n<p><a href=\"https:\/\/slotenmaker-denhaag.nl\/wp-content\/uploads\/2016\/06\/Buitengesloten-buitensluiting-Slotenmaker-Den-Haag.jpg\"><img decoding=\"async\" class=\"responsive alignleft wp-image-2174 size-medium\" style=\"border: 2px solid #ff5206;\" src=\"https:\/\/slotenmaker-denhaag.nl\/wp-content\/uploads\/2016\/06\/Buitengesloten-buitensluiting-Slotenmaker-Den-Haag-300x245.jpg\" alt=\"Abertura de Porta em Haia \/ Den Haag? Slotenmaker Den Haag !\" width=\"300\" height=\"245\" title=\"slotenmaker den haag\" srcset=\"https:\/\/slotenmaker-denhaag.nl\/wp-content\/uploads\/2016\/06\/Buitengesloten-buitensluiting-Slotenmaker-Den-Haag-300x245.jpg 300w, https:\/\/slotenmaker-denhaag.nl\/wp-content\/uploads\/2016\/06\/Buitengesloten-buitensluiting-Slotenmaker-Den-Haag.jpg 490w\" sizes=\"(max-width: 300px) 100vw, 300px\" \/><\/a>O muito comum \u201cporta-fechada\u201d com a chave dentro. A situa\u00e7\u00e3o da \u201cporta-fechada\u201d com a chave dentro, segundo algumas estimativas, ocorre cerca de 300 vezes \/ dia apenas no Den Haag! Na maioria dos casos, o nosso serralheiro consegue abrir a porta sem danificar fechadura. Pode tentar abrir a porta voc\u00ea mesmo, usando para o efeito um peda\u00e7o de pl\u00e1stico com que pode empurrar o trinco, ou se disponivel usar a abertura da caixa de correio para abrir a porta. Mas isso pode ser muito mais complicado do que parece. Ligue-nos pelo&nbsp;<a href=\"tel:0652333817\">06 52 333 817<\/a> para obter assist\u00eancia.<\/p>\n<h4><span class=\"ez-toc-section\" id=\"Reparacoes_pos_Assaltos_Arrombamentos\"><\/span><strong>Repara\u00e7\u00f5es p\u00f3s Assaltos \/ Arrombamentos<\/strong><span class=\"ez-toc-section-end\"><\/span><\/h4>\n<p>Se voc\u00ea j\u00e1 foi a infeliz v\u00edtima de um assalto h\u00e1 uma sequ\u00eancia de passos que voc\u00ea deve tomar. Estas medidas devem ser tomadas antes de nos pedir ajuda e s\u00e3o os seguintes: Primeiro chame a Pol\u00edcia visto deverem ser os primeiros a chegar na cena do crime para recolher qualquer evid\u00eancia forense. Ligue para sua companhia de seguros para inform\u00e1-los sobre o assalto e inicie o seu processo de reivindica\u00e7\u00e3o de seguro.<br \/>\nE por \u00faltimo mas n\u00e3o menos importante, ligue-nos para o <a href=\"tel:0652333817\">06 52 333 817<\/a><\/p>\n<p>Seremos capazes de atender a situa\u00e7\u00e3o rapidamente tornando o local seguro. O arco da porta ser\u00e1 reparado ou substitu\u00eddo e as fechaduras ser\u00e3o substitu\u00eddas ou atualizadas. Se necess\u00e1rio, tamb\u00e9m substitu\u00edmos a porta.<\/p>\n<h4><span class=\"ez-toc-section\" id=\"Perdeu_ou_roubaram-lhe_as_chaves\"><\/span><strong>Perdeu ou roubaram-lhe as chaves?<\/strong><span class=\"ez-toc-section-end\"><\/span><\/h4>\n<p>Ao contr\u00e1rio da situa\u00e7\u00e3o da \u201cporta -fechada\u201d, aqui nenhuma solu\u00e7\u00e3o de auto-ajuda vai ajud\u00e1-lo, especialmente se a porta estava devidamente trancada com um ou mais giros da chave. Chame-nos com informa\u00e7\u00f5es sobre como a porta estava trancada, e como o \u00faltimo utilizador a deixou para nos permitir aconselh\u00e1-lo corretamente. O serralheiro pode precisar de perfurar a fechadura na porta para abri-la o que pode significar que ter\u00e1 de substituir a fechadura. Ligue-nos pelo <a href=\"tel:0652333817\">06 52 333 817<\/a> para que o aconselhemos.<\/p>\n<h4><span class=\"ez-toc-section\" id=\"A_chave_nao_vira_na_fechadura\"><\/span><strong>A chave n\u00e3o vira na fechadura? <\/strong><span class=\"ez-toc-section-end\"><\/span><\/h4>\n<p>\u00c0s vezes, a chave n\u00e3o vira na fechadura. H\u00e1 v\u00e1rias raz\u00f5es poss\u00edveis:<\/p>\n<ul>\n<li><em>\u00c9 a chave errada<\/em><\/li>\n<li><em>O canh\u00e3o da fechadura precisa de lubrifica\u00e7\u00e3o<\/em><\/li>\n<li><em>A porta est\u00e1 a entortar, impedindo assim a chave de rodar<\/em><\/li>\n<\/ul>\n<p>No caso de um fechadura de estilo de Yale, o bot\u00e3o (trinco) no lado de dentro pode estar na posi\u00e7\u00e3o errada, bloqueando assim a fechadura completamente. Nalguns casos tamb\u00e9m poder\u00e1 haver uma chave presa no outro lado da fechadura. Isso vai impedir que a chave usada no exterior rode e por vezes at\u00e9 parte completamente. O canh\u00e3o da fechadura pode estar partido devido a desgaste, mau uso, ou simplesmente azar! O nosso t\u00e9cnico ser\u00e1 capaz de resolver qualquer dessas situa\u00e7\u00f5es problem\u00e1ticas.<\/p>\n<h4><span class=\"ez-toc-section\" id=\"Preciso_de_um_novo_canhao_de_porta\"><\/span><strong>Preciso de um novo canh\u00e3o de porta? <\/strong><span class=\"ez-toc-section-end\"><\/span><\/h4>\n<p>Quer as suas chaves tenham sido roubadas, tenha sofrido um assalto, uma separa\u00e7\u00e3o, ou simplesmente est\u00e1 se mudando para novas instala\u00e7\u00f5es comerciais ou residencia, voc\u00ea vai precisar de um novo canh\u00e3o de seguran\u00e7a. Os canh\u00f5es podem ser alterados sem a interven\u00e7\u00e3o de um serralheiro \u2013 a maioria dos canh\u00f5es s\u00e3o vendidos com instru\u00e7\u00f5es de montagem. No entanto, \u00e9 importante escolher o canh\u00e3o certo e que o mesmo fique bem montado. Ao substituir fechaduras o novo canh\u00e3o deve ser id\u00eantico ao antigo. Caso contr\u00e1rio, um trabalho simples pode se transformar-se num pesadelo muito demorado. Em outras palavras, se precisa ser feito corretamente o nosso serralheiro normalmente \u00e9 a melhor escolha para o servi\u00e7o.<\/p>\n<h4><span class=\"ez-toc-section\" id=\"Quanto_tempo_levara_para_que_o_tecnico_chegar\"><\/span>Quanto tempo levar\u00e1 para que o t\u00e9cnico chegar?<span class=\"ez-toc-section-end\"><\/span><\/h4>\n<p>Em caso de bloqueio nosso t\u00e9cnico pode chegar em 30 minutos ou menos! Precisam de n\u00f3s para vir imediatamente? Chamar-nos directamente ou utilize nosso <a href=\"https:\/\/slotenmaker-denhaag.nl\/pt-pt\/contatar\/\">formul\u00e1rio de contato<\/a>.<\/p>\n<p>O nosso n\u00famero de servi\u00e7o \u00e9: <a href=\"tel:0652333817\">06 52 333 817<\/a> ou ligue para <span class=\"\">nossa oficina: <a href=\"tel:0702603817\">070-2603817<\/a><\/span><\/p>\n<h4><span class=\"ez-toc-section\" id=\"Serralheiro_Haia\"><\/span><strong>Serralheiro Haia<\/strong><span class=\"ez-toc-section-end\"><\/span><\/h4>\n<ul>\n<li><em>Aberto 7 dias por semana, 24\/7<\/em><\/li>\n<li><em>Servi\u00e7o muito r\u00e1pido e sem custo para chamadas!<\/em><\/li>\n<li><em>N\u00f3s oferecemos pre\u00e7os e taxas claras<\/em><\/li>\n<li><em>Sem custos adicionais para noites, fins de semana ou feriados!<\/em><\/li>\n<li><em>Voc\u00ea pode pagar em dinheiro ou usar seu cart\u00e3o de cr\u00e9dito<\/em><\/li>\n<li><em>Abertura de Portas mais rapido em Den Haag<\/em><\/li>\n<li><em>No caso de nossos t\u00e9cnicos n\u00e3o conseguem abrir a porta ou reparar uma fechadura, n\u00e3o vamos cobrar-lhe!<\/em><\/li>\n<li><em>5 anos, 100% garantia em todos os produtos e servi\u00e7os.<\/em><\/li>\n<li><em>Envie-nos uma (texto) mensagem: <a href=\"tel:0652333817\">06 52 333 817<\/a><br \/>\n<\/em><\/li>\n<li><em>Fala-nos directamente: <a href=\"tel:0652333817\">06 52 333 817<\/a><br \/>\n<\/em><\/li>\n<li><em>Contacte-nos atrav\u00e9s <span style=\"color: #99cc00;\">whatsapp &#8230;<\/span><\/em><\/li>\n<li><em>Utilize o nosso formul\u00e1rio de contato para enviar fotos ou fazer uma nomea\u00e7\u00e3o<\/em><\/li>\n<\/ul>\n<p>&nbsp;<\/p>\n<div id=\"ez-toc-container\" class=\"ez-toc-v2_0_76 counter-hierarchy ez-toc-counter ez-toc-grey ez-toc-container-direction\">\n<div class=\"ez-toc-title-container\">\n<p class=\"ez-toc-title\" style=\"cursor:inherit\">Inhoudsopgave<\/p>\n<span class=\"ez-toc-title-toggle\"><a href=\"#\" class=\"ez-toc-pull-right ez-toc-btn ez-toc-btn-xs ez-toc-btn-default ez-toc-toggle\" aria-label=\"Toggle Table of Content\"><span class=\"ez-toc-js-icon-con\"><span class=\"\"><span class=\"eztoc-hide\" style=\"display:none;\">Toggle<\/span><span class=\"ez-toc-icon-toggle-span\"><svg style=\"fill: #999;color:#999\" xmlns=\"http:\/\/www.w3.org\/2000\/svg\" class=\"list-377408\" width=\"20px\" height=\"20px\" viewBox=\"0 0 24 24\" fill=\"none\"><path d=\"M6 6H4v2h2V6zm14 0H8v2h12V6zM4 11h2v2H4v-2zm16 0H8v2h12v-2zM4 16h2v2H4v-2zm16 0H8v2h12v-2z\" fill=\"currentColor\"><\/path><\/svg><svg style=\"fill: #999;color:#999\" class=\"arrow-unsorted-368013\" xmlns=\"http:\/\/www.w3.org\/2000\/svg\" width=\"10px\" height=\"10px\" viewBox=\"0 0 24 24\" version=\"1.2\" baseProfile=\"tiny\"><path d=\"M18.2 9.3l-6.2-6.3-6.2 6.3c-.2.2-.3.4-.3.7s.1.5.3.7c.2.2.4.3.7.3h11c.3 0 .5-.1.7-.3.2-.2.3-.5.3-.7s-.1-.5-.3-.7zM5.8 14.7l6.2 6.3 6.2-6.3c.2-.2.3-.5.3-.7s-.1-.5-.3-.7c-.2-.2-.4-.3-.7-.3h-11c-.3 0-.5.1-.7.3-.2.2-.3.5-.3.7s.1.5.3.7z\"\/><\/svg><\/span><\/span><\/span><\/a><\/span><\/div>\n<nav><ul class='ez-toc-list ez-toc-list-level-1 eztoc-toggle-hide-by-default' ><li class='ez-toc-page-1 ez-toc-heading-level-2'><a class=\"ez-toc-link ez-toc-heading-1\" href=\"https:\/\/slotenmaker-denhaag.nl\/pt-pt\/#Slotenmaker_Den_Haag_SDH_%E2%80%93_Serralheiro_Haia_Mais_rapido_do_que_qualquer_outro_servico_em_Den_Haag\" >Slotenmaker Den Haag (SDH) &#8211; Serralheiro Haia: \nMais r\u00e1pido do que qualquer outro servi\u00e7o em Den Haag!<\/a><ul class='ez-toc-list-level-3' ><li class='ez-toc-heading-level-3'><a class=\"ez-toc-link ez-toc-heading-2\" href=\"https:\/\/slotenmaker-denhaag.nl\/pt-pt\/#Bloqueio_Porta_trancada_ou_fechadura_estragada_Sem_problemas_Nos_estaremos_la_em_30_minutos_%E2%80%A6\" >Bloqueio? Porta trancada ou fechadura estragada? Sem problemas! N\u00f3s estaremos l\u00e1 em 30 minutos &#8230;<\/a><ul class='ez-toc-list-level-4' ><li class='ez-toc-heading-level-4'><a class=\"ez-toc-link ez-toc-heading-3\" href=\"https:\/\/slotenmaker-denhaag.nl\/pt-pt\/#Quais_sao_os_problemas_mais_comuns_de_reparacao_de_fechaduras_que_o_nosso_servico_de_chaveiro_pode_resolver_para_voce\" >Quais s\u00e3o os problemas mais comuns de repara\u00e7\u00e3o de fechaduras que o nosso servi\u00e7o de chaveiro pode resolver para voc\u00ea?<\/a><\/li><\/ul><\/li><li class='ez-toc-page-1 ez-toc-heading-level-3'><a class=\"ez-toc-link ez-toc-heading-4\" href=\"https:\/\/slotenmaker-denhaag.nl\/pt-pt\/#Necessita_de_uma_abertura_de_porta_Tem_a_porta_trancada_ou_a_fechadura_estragada_Ficou_fora_de_casa_Ligue-nos_agora\" >Necessita de uma abertura de porta? Tem a porta trancada ou a fechadura estragada? Ficou fora de casa? Ligue-nos agora!<\/a><ul class='ez-toc-list-level-6' ><li class='ez-toc-heading-level-6'><ul class='ez-toc-list-level-6' ><li class='ez-toc-heading-level-6'><ul class='ez-toc-list-level-6' ><li class='ez-toc-heading-level-6'><a class=\"ez-toc-link ez-toc-heading-5\" href=\"https:\/\/slotenmaker-denhaag.nl\/pt-pt\/#celular_06_52_333_817\" >celular: 06 52 333 817<\/a><\/li><li class='ez-toc-page-1 ez-toc-heading-level-6'><a class=\"ez-toc-link ez-toc-heading-6\" href=\"https:\/\/slotenmaker-denhaag.nl\/pt-pt\/#fixo_070-2603817\" >fixo: 070-2603817<\/a><\/li><\/ul><\/li><\/ul><\/li><li class='ez-toc-page-1 ez-toc-heading-level-4'><a class=\"ez-toc-link ez-toc-heading-7\" href=\"https:\/\/slotenmaker-denhaag.nl\/pt-pt\/#Abertura_de_Portas_no_Haia_Den_Haag\" >Abertura de Portas no Haia (Den Haag)<\/a><\/li><li class='ez-toc-page-1 ez-toc-heading-level-4'><a class=\"ez-toc-link ez-toc-heading-8\" href=\"https:\/\/slotenmaker-denhaag.nl\/pt-pt\/#Reparacoes_pos_Assaltos_Arrombamentos\" >Repara\u00e7\u00f5es p\u00f3s Assaltos \/ Arrombamentos<\/a><\/li><li class='ez-toc-page-1 ez-toc-heading-level-4'><a class=\"ez-toc-link ez-toc-heading-9\" href=\"https:\/\/slotenmaker-denhaag.nl\/pt-pt\/#Perdeu_ou_roubaram-lhe_as_chaves\" >Perdeu ou roubaram-lhe as chaves?<\/a><\/li><li class='ez-toc-page-1 ez-toc-heading-level-4'><a class=\"ez-toc-link ez-toc-heading-10\" href=\"https:\/\/slotenmaker-denhaag.nl\/pt-pt\/#A_chave_nao_vira_na_fechadura\" >A chave n\u00e3o vira na fechadura?<\/a><\/li><li class='ez-toc-page-1 ez-toc-heading-level-4'><a class=\"ez-toc-link ez-toc-heading-11\" href=\"https:\/\/slotenmaker-denhaag.nl\/pt-pt\/#Preciso_de_um_novo_canhao_de_porta\" >Preciso de um novo canh\u00e3o de porta?<\/a><\/li><li class='ez-toc-page-1 ez-toc-heading-level-4'><a class=\"ez-toc-link ez-toc-heading-12\" href=\"https:\/\/slotenmaker-denhaag.nl\/pt-pt\/#Quanto_tempo_levara_para_que_o_tecnico_chegar\" >Quanto tempo levar\u00e1 para que o t\u00e9cnico chegar?<\/a><\/li><li class='ez-toc-page-1 ez-toc-heading-level-4'><a class=\"ez-toc-link ez-toc-heading-13\" href=\"https:\/\/slotenmaker-denhaag.nl\/pt-pt\/#Serralheiro_Haia\" >Serralheiro Haia<\/a><\/li><\/ul><\/li><\/ul><\/li><\/ul><\/nav><\/div>\n","protected":false},"excerpt":{"rendered":"<p>Slotenmaker Den Haag (SDH) &#8211; Serralheiro Haia: Mais r\u00e1pido do que qualquer outro servi\u00e7o em Den Haag! Bloqueio? Porta trancada ou fechadura estragada? Sem problemas! N\u00f3s estaremos l\u00e1 em 30 minutos &#8230; Abertura? Provavelmente todos n\u00f3s j\u00e1 experimentamos alguns problemas de uma porta que n\u00e3o abre ou fechadura estragada. Frustrante, n\u00e3o \u00e9? A boa not\u00edcia [&hellip;]<\/p>\n","protected":false},"author":12,"featured_media":0,"parent":0,"menu_order":1,"comment_status":"closed","ping_status":"closed","template":"","meta":{"_acf_changed":false,"om_disable_all_campaigns":false,"footnotes":"","_wordproof_timestamp":false},"class_list":["post-877","page","type-page","status-publish","hentry"],"acf":[],"_links":{"self":[{"href":"https:\/\/slotenmaker-denhaag.nl\/pt-pt\/wp-json\/wp\/v2\/pages\/877","targetHints":{"allow":["GET"]}}],"collection":[{"href":"https:\/\/slotenmaker-denhaag.nl\/pt-pt\/wp-json\/wp\/v2\/pages"}],"about":[{"href":"https:\/\/slotenmaker-denhaag.nl\/pt-pt\/wp-json\/wp\/v2\/types\/page"}],"author":[{"embeddable":true,"href":"https:\/\/slotenmaker-denhaag.nl\/pt-pt\/wp-json\/wp\/v2\/users\/12"}],"replies":[{"embeddable":true,"href":"https:\/\/slotenmaker-denhaag.nl\/pt-pt\/wp-json\/wp\/v2\/comments?post=877"}],"version-history":[{"count":0,"href":"https:\/\/slotenmaker-denhaag.nl\/pt-pt\/wp-json\/wp\/v2\/pages\/877\/revisions"}],"wp:attachment":[{"href":"https:\/\/slotenmaker-denhaag.nl\/pt-pt\/wp-json\/wp\/v2\/media?parent=877"}],"curies":[{"name":"wp","href":"https:\/\/api.w.org\/{rel}","templated":true}]}}