{"id":4254,"date":"2016-06-24T13:31:21","date_gmt":"2016-06-24T13:31:21","guid":{"rendered":"https:\/\/slotenmaker-denhaag.nl\/tr\/bedrijfsgegevens\/"},"modified":"2023-01-25T15:45:15","modified_gmt":"2023-01-25T14:45:15","slug":"is-bilgileri","status":"publish","type":"page","link":"https:\/\/slotenmaker-denhaag.nl\/tr\/is-bilgileri\/","title":{"rendered":"\u0130\u015f Bilgileri | \u00c7ilingir Lahey | Slotenmaker Den Haag"},"content":{"rendered":"<div class=\"contact_info\">\n<div class=\"contact_info_item icon-zins-telephone\"><strong>Telefon<\/strong><\/p>\n<div class=\"contact_info_phone\"><a href=\"tel:0652333817\">06 52 333 817<\/a><\/div>\n<\/div>\n<div class=\"contact_info_item icon-mail\"><strong>E-posta ve Web Sitesi<\/strong><\/p>\n<p><span style=\"color: #ffffff;\"><strong>info@slotenmaker-denhaag.nl<\/strong><br \/>\n<a style=\"color: #ffffff;\" href=\"https:\/\/slotenmaker-denhaag.nl\/\">www.slotenmaker-denhaag.nl<\/a><\/span><\/p>\n<\/div>\n<div class=\"contact_info_item icon-zins-location\"><strong>Adres<\/strong><\/p>\n<p>Mient 66<br \/>\n2564KP Den Haag<\/p>\n<\/div>\n<div class=\"contact_info_item\"><strong>Finansal Detaylar<\/strong><\/p>\n<p>Bank: IBAN NL04KNAB0256980381<br \/>\nK.v.k: 65587537<br \/>\nBTW nr: NL002440902B30<\/p>\n<\/div>\n<div class=\"contact_info_item\"><span style=\"color: #ffffff;\"><a style=\"color: #ffffff;\" href=\"https:\/\/slotenmaker-denhaag.nl\/wp-content\/uploads\/Slotenmaker-Den-Haag-SDH.vcf\">vCard indir ve bizi ki\u015filerinize eklemek<\/a><\/span><\/p>\n<p><strong><span style=\"color: #ffffff;\"><a style=\"color: #ffffff;\" href=\"https:\/\/slotenmaker-denhaag.nl\/algemene-voorwaarden\/\">\u015eartlar ve Ko\u015fullar<br \/>\n<\/a><a style=\"color: #ffffff;\" href=\"https:\/\/slotenmaker-denhaag.nl\/contact\/\">\u0130leti\u015fim Formu<br \/>\n<\/a><a style=\"color: #ffffff;\" href=\"https:\/\/slotenmaker-denhaag.nl\/opdracht-bevestiging\/\">Sipari\u015f formu<\/a><\/span><\/strong><\/p>\n<p><strong><br \/>\n<\/strong><strong><\/strong><em>At\u00fcm bilgiler g\u00fcncelleme 25, 2016 May\u0131s.<\/em><\/p>\n<\/div>\n<\/div>\n","protected":false},"excerpt":{"rendered":"<p>Telefon 06 52 333 817 E-posta ve Web Sitesi info@slotenmaker-denhaag.nl www.slotenmaker-denhaag.nl Adres Mient 66 2564KP Den Haag Finansal Detaylar Bank: IBAN NL04KNAB0256980381 K.v.k: 65587537 BTW nr: NL002440902B30 vCard indir ve bizi ki\u015filerinize eklemek \u015eartlar ve Ko\u015fullar \u0130leti\u015fim Formu Sipari\u015f formu At\u00fcm bilgiler g\u00fcncelleme 25, 2016 May\u0131s.<\/p>\n","protected":false},"author":12,"featured_media":0,"parent":0,"menu_order":0,"comment_status":"closed","ping_status":"closed","template":"","meta":{"_acf_changed":false,"om_disable_all_campaigns":false,"footnotes":"","_wordproof_timestamp":false},"class_list":["post-4254","page","type-page","status-publish","hentry"],"acf":[],"_links":{"self":[{"href":"https:\/\/slotenmaker-denhaag.nl\/tr\/wp-json\/wp\/v2\/pages\/4254","targetHints":{"allow":["GET"]}}],"collection":[{"href":"https:\/\/slotenmaker-denhaag.nl\/tr\/wp-json\/wp\/v2\/pages"}],"about":[{"href":"https:\/\/slotenmaker-denhaag.nl\/tr\/wp-json\/wp\/v2\/types\/page"}],"author":[{"embeddable":true,"href":"https:\/\/slotenmaker-denhaag.nl\/tr\/wp-json\/wp\/v2\/users\/12"}],"replies":[{"embeddable":true,"href":"https:\/\/slotenmaker-denhaag.nl\/tr\/wp-json\/wp\/v2\/comments?post=4254"}],"version-history":[{"count":4,"href":"https:\/\/slotenmaker-denhaag.nl\/tr\/wp-json\/wp\/v2\/pages\/4254\/revisions"}],"predecessor-version":[{"id":30283,"href":"https:\/\/slotenmaker-denhaag.nl\/tr\/wp-json\/wp\/v2\/pages\/4254\/revisions\/30283"}],"wp:attachment":[{"href":"https:\/\/slotenmaker-denhaag.nl\/tr\/wp-json\/wp\/v2\/media?parent=4254"}],"curies":[{"name":"wp","href":"https:\/\/api.w.org\/{rel}","templated":true}]}}