{"id":4613,"date":"2016-05-02T11:16:34","date_gmt":"2016-05-02T11:16:34","guid":{"rendered":"https:\/\/slotenmaker-denhaag.nl\/tr\/tarieven-prijzen\/"},"modified":"2017-10-24T07:49:49","modified_gmt":"2017-10-24T07:49:49","slug":"fiyatlar","status":"publish","type":"page","link":"https:\/\/slotenmaker-denhaag.nl\/tr\/fiyatlar\/","title":{"rendered":"Fiyatlar | \u00c7ilingir Lahey | Slotenmaker Den Haag (SDH)"},"content":{"rendered":"<h2><span class=\"ez-toc-section\" id=\"Fiyatlar_Cilingir_Lahey_Slotenmaker_Den_Haag_SDH\"><\/span>Fiyatlar | \u00c7ilingir Lahey | Slotenmaker Den Haag (SDH)<span class=\"ez-toc-section-end\"><\/span><\/h2>\n<p style=\"padding-left: 30px;\"><strong>Fiyatlar:<\/strong> Kap\u0131 a\u00e7\u0131m\u0131, onar\u0131m, kilit ve silindirlerin de\u011fi\u015ftirilmesi ve montaj\u0131 i\u00e7in verilen fiyatlar farkl\u0131 \u00e7ilingirler aras\u0131nda \u00f6nemli \u00f6l\u00e7\u00fcde de\u011fi\u015febilir. Bu sayfada fiyatlar\u0131m\u0131z\u0131 nas\u0131l belirledi\u011fimizi ve en yayg\u0131n i\u015f t\u00fcrleri i\u00e7in ne \u00fccret ald\u0131\u011f\u0131m\u0131z\u0131 a\u00e7\u0131kl\u0131yoruz.<\/p>\n<h3><span class=\"ez-toc-section\" id=\"Fiyatlarimiz\"><\/span>Fiyatlar\u0131m\u0131z<span class=\"ez-toc-section-end\"><\/span><\/h3>\n<table class=\"blue\">\n<thead>\n<tr>\n<th>H\u0130ZMET<\/th>\n<th>\u00b1 ORTALAMA F\u0130YAT<\/th>\n<\/tr>\n<\/thead>\n<tbody>\n<tr>\n<td>Kap\u0131 A\u00e7ma<\/td>\n<td>\u20ac 85.- \/ \u20ac 105.-<\/td>\n<\/tr>\n<tr>\n<td>Yeni Silindir<\/td>\n<td>\u20ac 45.- \/ \u20ac 125.- (boyut ve de\u011fer SKG ba\u011fl\u0131 olarak)<\/td>\n<\/tr>\n<tr>\n<td>YALE Kilit<\/td>\n<td>\u20ac 125.- \/ \u20ac 145.- (daha fazla ihtiyac\u0131 durumun iyile\u015ftirilmesi)<\/td>\n<\/tr>\n<tr>\n<td>LIPS Kilit<\/td>\n<td>\u20ac 245.- \/ \u20ac 295.-<\/td>\n<\/tr>\n<tr>\n<td>Penslot De\u011fi\u015ftirme<\/td>\n<td>\u20ac 45.- tanesi<\/td>\n<\/tr>\n<tr>\n<td>Penslot Montaj (Yeni)<\/td>\n<td>\u20ac 85.-<\/td>\n<\/tr>\n<tr>\n<td>Ziyaret Masraflar\u0131*<\/td>\n<td>\u20ac 65.- (\u015eartlar ve ko\u015fullar\u0131m\u0131za bkz)<\/td>\n<\/tr>\n<tr>\n<td>Yerinde Onar\u0131m<\/td>\n<td>\u20ac 65.- \/ \u20ac 85.-<\/td>\n<\/tr>\n<tr>\n<td>Kerntrekbeveiliging SKG<\/td>\n<td>\u20ac 65.- \/ \u20ac 95.- (\u00f6zel modeller daha pahal\u0131)<\/td>\n<\/tr>\n<tr>\n<td>De Sluitkom\u2122<\/td>\n<td>\u20ac 225.- \u20ac 245 (duruma ba\u011fl\u0131 olarak)<\/td>\n<\/tr>\n<tr>\n<td>Bisiklet Kilidi A\u00e7ma<\/td>\n<td>\u20ac 45.- (merkezi ya da yak\u0131n)<\/td>\n<\/tr>\n<tr>\n<td colspan=\"2\">\n<h5><span class=\"ez-toc-section\" id=\"Bu_websitedeki_soz_konusu_fiyatlar_sadece_gosterge_niteligindedir_Fiyatlar_uzerinden_hak_elde_edilemez_Fiyatlar_yerel_duruma_bagli_olarak_degisebilir_Teknisyenin_takdirine_baglidir_Her_halukarda_tablodaki_fiyatlarimizi_uygulamak_icin_elimizden_geleni_yapacagiz_Tum_fiyatlara_KDV_21_ve_5_yil_garanti_dahildir\"><\/span><strong>Bu websitedeki s\u00f6z konusu fiyatlar sadece g\u00f6sterge niteli\u011findedir. Fiyatlar \u00fczerinden hak elde edilemez! Fiyatlar yerel duruma ba\u011fl\u0131 olarak de\u011fi\u015febilir. Teknisyenin takdirine ba\u011fl\u0131d\u0131r. Her hal\u00fckarda tablodaki fiyatlar\u0131m\u0131z\u0131 uygulamak i\u00e7in elimizden geleni yapaca\u011f\u0131z. T\u00fcm fiyatlara KDV (% 21) ve 5 y\u0131l garanti dahildir.<\/strong><span class=\"ez-toc-section-end\"><\/span><\/h5>\n<\/td>\n<\/tr>\n<\/tbody>\n<\/table>\n<h4><span class=\"ez-toc-section\" id=\"Mesafe_ve_Zaman\"><\/span>Mesafe ve Zaman<span class=\"ez-toc-section-end\"><\/span><\/h4>\n<p style=\"padding-left: 30px;\"><a href=\"https:\/\/slotenmaker-denhaag.nl\/wp-content\/uploads\/Slotenmaker-Den-Haag-SDH-Honda-Zoomer.jpg\"><img decoding=\"async\" class=\"responsive alignleft wp-image-6036 size-medium\" src=\"https:\/\/slotenmaker-denhaag.nl\/wp-content\/uploads\/Slotenmaker-Den-Haag-SDH-Honda-Zoomer-300x282.jpg\" alt=\"Fiyatlar \u00c7ilingir Den Haag&#039;daki Lahey en iyi hizmeti\" width=\"20%\" title=\"slotenmaker den haag\" srcset=\"https:\/\/slotenmaker-denhaag.nl\/wp-content\/uploads\/Slotenmaker-Den-Haag-SDH-Honda-Zoomer-300x282.jpg 300w, https:\/\/slotenmaker-denhaag.nl\/wp-content\/uploads\/Slotenmaker-Den-Haag-SDH-Honda-Zoomer-768x723.jpg 768w, https:\/\/slotenmaker-denhaag.nl\/wp-content\/uploads\/Slotenmaker-Den-Haag-SDH-Honda-Zoomer.jpg 800w\" sizes=\"(max-width: 300px) 100vw, 300px\" \/><\/a>Fiyatlar, teknisyenin size ula\u015fmas\u0131 gereken mesafeye ve ula\u015fmas\u0131 i\u00e7in ge\u00e7en zamana ba\u011fl\u0131 olarak de\u011fi\u015febilir. \u00c7ilingirler yo\u011fun trafik, yol \u00e7al\u0131\u015fmalar\u0131 ve otopark problemleriyle m\u00fccadele etmek zorundalar. Bunlar\u0131n hepsi vaat edilen s\u00fcre 30 dakika i\u00e7erisinde size ula\u015fmay\u0131 zorla\u015ft\u0131rabilir. Lahey&#8217;deki \u00e7ilingirlerin \u00e7o\u011fu bunu yapam\u0131yor. biz yap\u0131yoruz ve yapaca\u011f\u0131z. <span id=\"result_box\" class=\"\" lang=\"tr\" tabindex=\"-1\">\u00c7ok h\u0131zl\u0131 scooter&#8217;lar\u0131m\u0131z ile di\u011fer \u00e7ilingir hizmetlerinden daha h\u0131zl\u0131 bir \u015fekilde size ula\u015faca\u011f\u0131z. Ve scooter kulland\u0131\u011f\u0131m\u0131z i\u00e7in, bu \u015fehirde bulunan di\u011fer \u00e7ilingirlerden \u00f6nemli \u00f6l\u00e7\u00fcde daha h\u0131zl\u0131 ve daha ucuzuz.<em> Kesinlikle!<\/em><\/span><\/p>\n<p>&nbsp;<\/p>\n<table class=\"standaard\">\n<tbody>\n<tr>\n<th style=\"text-align: center;\" colspan=\"2\"><strong>Bu b\u00f6lgelerde % 15&#8217;e varan indirim sunuyoruz \u2026<\/strong><\/th>\n<\/tr>\n<tr>\n<td style=\"text-align: center;\"><a href=\"https:\/\/www.google.com\/maps\/place\/Archipelbuurt,+Den+Haag,+The+Netherlands\/@52.0924694,4.303229,15z\/data=!3m1!4b1!4m2!3m1!1s0x47c5b749f629e043:0x6b1987da69c97021?dg=dbrw&amp;newdg=1\" target=\"_blank\" rel=\"noopener\">Archipelbuurt<\/a><\/td>\n<td style=\"text-align: center;\"><a title=\"Regentessekwartier\" href=\"https:\/\/www.google.com\/maps\/search\/Regentessekwartier,+Den+Haag\/@52.074813,4.2973885,15z\/data=!3m1!4b1?dg=dbrw&amp;newdg=1\" target=\"_blank\" rel=\"noopener\">Regentessekwartier<\/a><\/td>\n<\/tr>\n<tr>\n<td style=\"text-align: center;\"><a title=\"Bomenbuurt\" href=\"https:\/\/www.google.com\/maps\/place\/Bomenbuurt,+Den+Haag,+The+Netherlands\/@52.0804555,4.2712969,16z\/data=!3m1!4b1!4m2!3m1!1s0x47c5b0dd1a408e13:0x8fea6e538eb18249?dg=dbrw&amp;newdg=1\" target=\"_blank\" rel=\"noopener\">Bomenbuurt<\/a><\/td>\n<td style=\"text-align: center;\"><a title=\"Valkenboskwartier\" href=\"https:\/\/www.google.com\/maps\/place\/Valkenboskwartier,+Den+Haag,+The+Netherlands\/@52.0736899,4.276357,15z\/data=!3m1!4b1!4m2!3m1!1s0x47c5b0d8e3f94d71:0x422c4290490653c5?dg=dbrw&amp;newdg=1\" target=\"_blank\" rel=\"noopener\">Valkenboskwartier<\/a><\/td>\n<\/tr>\n<tr>\n<td style=\"text-align: center;\"><a title=\"Bloemenbuurt\" href=\"https:\/\/www.google.com\/maps\/place\/Bloemenbuurt-Oost,+Den+Haag,+The+Netherlands\/@52.077486,4.260968,15z\/data=!3m1!4b1!4m2!3m1!1s0x47c5b0e39ad7c867:0xfe53c7029d50327?dg=dbrw&amp;newdg=1\" target=\"_blank\" rel=\"noopener\">Bloemenbuurt<\/a><\/td>\n<td style=\"text-align: center;\"><a title=\"Vruchtenbuurt\" href=\"https:\/\/www.google.com\/maps\/place\/Vruchtenbuurt,+2564+Den+Haag,+The+Netherlands\/@52.069051,4.2555609,16z\/data=!3m1!4b1!4m2!3m1!1s0x47c5b11cf491328f:0xbd6bd92c482a6642?dg=dbrw&amp;newdg=1\" target=\"_blank\" rel=\"noopener\">Vruchtenbuurt<\/a><\/td>\n<\/tr>\n<tr>\n<td style=\"text-align: center;\"><a title=\"Den Haag Centrum\" href=\"https:\/\/www.google.com\/maps\/place\/The+Hague+Center,+The+Hague,+The+Netherlands\/@52.076598,4.3106734,13z\/data=!3m1!4b1!4m2!3m1!1s0x47c5b72c4e1fc797:0x3187c309df606953?dg=dbrw&amp;newdg=1\" target=\"_blank\" rel=\"noopener\">Centrum<\/a><\/td>\n<td style=\"text-align: center;\"><a title=\"Willemspark\" href=\"https:\/\/www.google.com\/maps\/place\/Willemspark,+Den+Haag,+The+Netherlands\/@52.0868189,4.308377,16z\/data=!3m1!4b1!4m2!3m1!1s0x47c5b731213e81c9:0xa7b212303542b7c?dg=dbrw&amp;newdg=1\" target=\"_blank\" rel=\"noopener\">Willemspark<\/a><\/td>\n<\/tr>\n<tr>\n<td style=\"text-align: center;\"><a title=\"Duinoord\" href=\"https:\/\/www.google.com\/maps\/place\/Duinoord,+Den+Haag,+The+Netherlands\/@52.0832789,4.2836446,16z\/data=!3m1!4b1!4m2!3m1!1s0x47c5b0cf9447852f:0xf7a773f5dff88805?dg=dbrw&amp;newdg=1\" target=\"_blank\" rel=\"noopener\">Duinoord<\/a><\/td>\n<td style=\"text-align: center;\"><a title=\"Zeeheldenkwartier\" href=\"https:\/\/www.google.com\/maps\/place\/Zeeheldenkwartier,+Den+Haag,+The+Netherlands\/@52.0815759,4.2959465,15z\/data=!3m1!4b1!4m2!3m1!1s0x47c5b732a674cd11:0x2f60dc6190f0d0?dg=dbrw&amp;newdg=1\" target=\"_blank\" rel=\"noopener\">Zeeheldenkwartier<\/a><\/td>\n<\/tr>\n<tr>\n<td style=\"text-align: center;\"><a title=\"Houtwijk\" href=\"https:\/\/www.google.nl\/maps\/place\/Houtwijk,+The+Hague\/@52.0532542,4.2330419,14z\/data=!3m1!4b1!4m5!3m4!1s0x47c5b10d09c2a6a5:0x6b726c3a79147064!8m2!3d52.0550363!4d4.2503105?hl=en&amp;shorturl=1&amp;dg=dbrw&amp;newdg=1\" target=\"_blank\" rel=\"noopener\">Houtwijk<\/a><\/td>\n<td style=\"text-align: center;\"><a title=\"Zorgvliet\" href=\"https:\/\/www.google.com\/maps\/place\/Zorgvliet\/@52.0862924,4.2895832,15z\/data=!4m2!3m1!1s0x47c5b0c999788aed:0x1800612dede09607?dg=dbrw&amp;newdg=1\" target=\"_blank\" rel=\"noopener\">Zorgvliet<\/a><\/td>\n<\/tr>\n<tr>\n<td colspan=\"2\">\n<h5><span class=\"ez-toc-section\" id=\"Onemli_Yukaridaki_alanlarda_indirimler_sunarak_yerel_patronaj_tesvik_etmeyi_umuyoruz_Boylece_bizim_teknisyenler_tarafindan_ortulu_mesafeleri_kisaltmak_Boylece_cevre_kaydetmek_Biz_de_aanrijd_surelerini_kisaltmak_Bizim_cevre_politikasi_icin_buraya_bakiniz\"><\/span><span style=\"color: #ff6600;\"><strong>\u00d6nemli: <\/strong><a style=\"color: #ff6600;\" href=\"https:\/\/slotenmaker-denhaag.nl\/milieu-recycling-hergebruik\/\"><em>Yukar\u0131daki alanlarda indirimler sunarak, yerel patronaj te\u015fvik etmeyi umuyoruz. B\u00f6ylece, bizim teknisyenler taraf\u0131ndan \u00f6rt\u00fcl\u00fc mesafeleri k\u0131saltmak. B\u00f6ylece \u00e7evre kaydetmek. Biz de aanrijd s\u00fcrelerini k\u0131saltmak. Bizim \u00e7evre politikas\u0131 i\u00e7in buraya bak\u0131n\u0131z.<\/em><\/a><\/span><span class=\"ez-toc-section-end\"><\/span><\/h5>\n<\/td>\n<\/tr>\n<\/tbody>\n<\/table>\n<h4><span class=\"ez-toc-section\" id=\"Malzemelerin_Kalitesi\"><\/span>Malzemelerin Kalitesi<span class=\"ez-toc-section-end\"><\/span><\/h4>\n<p style=\"padding-left: 30px;\">Malzemelerin fiyat\u0131 kalite ve g\u00f6r\u00fcn\u00fcm (\u00f6rn anodize kap\u0131 par\u00e7alar\u0131 \/ paslanmaz \u00e7elik \/ pirin\u00e7) ba\u011fl\u0131 olarak b\u00fcy\u00fck \u00f6l\u00e7\u00fcde de\u011fi\u015febilir. SKG profil silindirler \u00e7e\u015fitli uzunlukta ve (SKG *, **, *** g\u00f6sterilir) kalitede mevcuttur onaylanm\u0131\u015f ve ayn\u0131 zamanda biz anahtarlar\u0131 yaln\u0131zca kart sahibi taraf\u0131ndan kopyalanabilir sertifikal\u0131 silindir sa\u011flayabilir.<\/p>\n<p style=\"padding-left: 30px;\">Standart SKG ** silindir \u20ac35.- ba\u015flar, &#8211; (DOM Oxloc) ve Assa-Abloy, ortalama \u20ac285.- maliyeti bir sertifika silindir. M\u00fc\u015fterilerin onlar\u0131 ihalelerde b\u00fcy\u00fck farkl\u0131l\u0131klar\u0131 g\u00f6rmek \u015fa\u015f\u0131rt\u0131c\u0131 de\u011fildir farkl\u0131 \u00e7ilingir olsun. Bu a\u011fa\u00e7lar i\u00e7in m\u00fc\u015fterilerin orman g\u00f6rmek i\u00e7in \u00e7ok fazla se\u00e7enek oldu\u011funu sinir bozucu.<\/p>\n<h4><span class=\"ez-toc-section\" id=\"Her_zaman_icin_bir_onceden_fiyat_sormak\"><\/span>Her zaman i\u00e7in bir \u00f6nceden fiyat sormak!<span class=\"ez-toc-section-end\"><\/span><\/h4>\n<p style=\"padding-left: 30px;\">Teknisyenlerimiz size \u00f6nceden tahmini bir fiyat vereceklerdir. Kilit \/ silindir \/ kap\u0131 tipi ve t\u00fcm durum hakk\u0131nda bize net bir bilgi sa\u011flayabilirseniz, size ortalama bir fiyat vermemiz \u00e7ok daha kolay. Foto\u011fraf temelinde daha iyi ve daha h\u0131zl\u0131 sen ve biz sizin i\u00e7in ne yapabilirim, nerede ne gerek net bir resim olu\u015fturabilir. \u0130leti\u015fim formu&#8217;nu kullanabilirsiniz.<\/p>\n<h4><span class=\"ez-toc-section\" id=\"Onemli\"><\/span><strong>\u00d6nemli<\/strong><span class=\"ez-toc-section-end\"><\/span><\/h4>\n<ul>\n<li><span style=\"color: #ff6600;\"><em><strong>\u00c7ok acil durumlarda ve yo\u011funlukta fiyatlar y\u00fckselebilir. Bu a\u00e7\u0131k\u00e7a teknisyen taraf\u0131ndan \u00f6nceden belirtilmi\u015ftir.<\/strong><\/em><\/span><\/li>\n<li><span style=\"color: #ff6600;\"><em><strong>B\u00fct\u00fcn toplant\u0131lar, telefon \u00fczerinden s\u00f6zl\u00fc anla\u015fmalar, ge\u00e7erli ve ba\u011flay\u0131c\u0131d\u0131r.<\/strong><\/em><\/span><\/li>\n<li><span style=\"color: #ff6600;\"><em><strong>\u0130ptal edilebilir ancak en az 30 dakika \u00f6nceden bildirilmelidir aksi takdirde %75 \u00e7a\u011fr\u0131 \u00fccreti al\u0131nmaktad\u0131r. (bununla ilgili, \u015fartlar ve ko\u015fullar bkz.)*<br \/>\n<\/strong><\/em><\/span><\/li>\n<li><span style=\"color: #ff6600;\"><em><strong>T\u00fcm fiyatlara KDV (% 21) ve 5 y\u0131ll\u0131k garanti dahildir. Hatta garanti s\u00fcresinin bitiminden sonra da ortaya \u00e7\u0131kan sorunlarla ilgili size yard\u0131mc\u0131 olmak i\u00e7in elimizden geleni yapaca\u011f\u0131z!<\/strong><\/em><\/span><\/li>\n<\/ul>\n<p>&nbsp;<\/p>\n<div id=\"ez-toc-container\" class=\"ez-toc-v2_0_76 counter-hierarchy ez-toc-counter ez-toc-grey ez-toc-container-direction\">\n<div class=\"ez-toc-title-container\">\n<p class=\"ez-toc-title\" style=\"cursor:inherit\">Inhoudsopgave<\/p>\n<span class=\"ez-toc-title-toggle\"><a href=\"#\" class=\"ez-toc-pull-right ez-toc-btn ez-toc-btn-xs ez-toc-btn-default ez-toc-toggle\" aria-label=\"Toggle Table of Content\"><span class=\"ez-toc-js-icon-con\"><span class=\"\"><span class=\"eztoc-hide\" style=\"display:none;\">Toggle<\/span><span class=\"ez-toc-icon-toggle-span\"><svg style=\"fill: #999;color:#999\" xmlns=\"http:\/\/www.w3.org\/2000\/svg\" class=\"list-377408\" width=\"20px\" height=\"20px\" viewBox=\"0 0 24 24\" fill=\"none\"><path d=\"M6 6H4v2h2V6zm14 0H8v2h12V6zM4 11h2v2H4v-2zm16 0H8v2h12v-2zM4 16h2v2H4v-2zm16 0H8v2h12v-2z\" fill=\"currentColor\"><\/path><\/svg><svg style=\"fill: #999;color:#999\" class=\"arrow-unsorted-368013\" xmlns=\"http:\/\/www.w3.org\/2000\/svg\" width=\"10px\" height=\"10px\" viewBox=\"0 0 24 24\" version=\"1.2\" baseProfile=\"tiny\"><path d=\"M18.2 9.3l-6.2-6.3-6.2 6.3c-.2.2-.3.4-.3.7s.1.5.3.7c.2.2.4.3.7.3h11c.3 0 .5-.1.7-.3.2-.2.3-.5.3-.7s-.1-.5-.3-.7zM5.8 14.7l6.2 6.3 6.2-6.3c.2-.2.3-.5.3-.7s-.1-.5-.3-.7c-.2-.2-.4-.3-.7-.3h-11c-.3 0-.5.1-.7.3-.2.2-.3.5-.3.7s.1.5.3.7z\"\/><\/svg><\/span><\/span><\/span><\/a><\/span><\/div>\n<nav><ul class='ez-toc-list ez-toc-list-level-1 eztoc-toggle-hide-by-default' ><li class='ez-toc-page-1 ez-toc-heading-level-2'><a class=\"ez-toc-link ez-toc-heading-1\" href=\"https:\/\/slotenmaker-denhaag.nl\/tr\/fiyatlar\/#Fiyatlar_Cilingir_Lahey_Slotenmaker_Den_Haag_SDH\" >Fiyatlar | \u00c7ilingir Lahey | Slotenmaker Den Haag (SDH)<\/a><ul class='ez-toc-list-level-3' ><li class='ez-toc-heading-level-3'><a class=\"ez-toc-link ez-toc-heading-2\" href=\"https:\/\/slotenmaker-denhaag.nl\/tr\/fiyatlar\/#Fiyatlarimiz\" >Fiyatlar\u0131m\u0131z<\/a><ul class='ez-toc-list-level-5' ><li class='ez-toc-heading-level-5'><ul class='ez-toc-list-level-5' ><li class='ez-toc-heading-level-5'><a class=\"ez-toc-link ez-toc-heading-3\" href=\"https:\/\/slotenmaker-denhaag.nl\/tr\/fiyatlar\/#Bu_websitedeki_soz_konusu_fiyatlar_sadece_gosterge_niteligindedir_Fiyatlar_uzerinden_hak_elde_edilemez_Fiyatlar_yerel_duruma_bagli_olarak_degisebilir_Teknisyenin_takdirine_baglidir_Her_halukarda_tablodaki_fiyatlarimizi_uygulamak_icin_elimizden_geleni_yapacagiz_Tum_fiyatlara_KDV_21_ve_5_yil_garanti_dahildir\" >Bu websitedeki s\u00f6z konusu fiyatlar sadece g\u00f6sterge niteli\u011findedir. Fiyatlar \u00fczerinden hak elde edilemez! Fiyatlar yerel duruma ba\u011fl\u0131 olarak de\u011fi\u015febilir. Teknisyenin takdirine ba\u011fl\u0131d\u0131r. Her hal\u00fckarda tablodaki fiyatlar\u0131m\u0131z\u0131 uygulamak i\u00e7in elimizden geleni yapaca\u011f\u0131z. T\u00fcm fiyatlara KDV (% 21) ve 5 y\u0131l garanti dahildir.<\/a><\/li><\/ul><\/li><li class='ez-toc-page-1 ez-toc-heading-level-4'><a class=\"ez-toc-link ez-toc-heading-4\" href=\"https:\/\/slotenmaker-denhaag.nl\/tr\/fiyatlar\/#Mesafe_ve_Zaman\" >Mesafe ve Zaman<\/a><ul class='ez-toc-list-level-5' ><li class='ez-toc-heading-level-5'><a class=\"ez-toc-link ez-toc-heading-5\" href=\"https:\/\/slotenmaker-denhaag.nl\/tr\/fiyatlar\/#Onemli_Yukaridaki_alanlarda_indirimler_sunarak_yerel_patronaj_tesvik_etmeyi_umuyoruz_Boylece_bizim_teknisyenler_tarafindan_ortulu_mesafeleri_kisaltmak_Boylece_cevre_kaydetmek_Biz_de_aanrijd_surelerini_kisaltmak_Bizim_cevre_politikasi_icin_buraya_bakiniz\" >\u00d6nemli: Yukar\u0131daki alanlarda indirimler sunarak, yerel patronaj te\u015fvik etmeyi umuyoruz. B\u00f6ylece, bizim teknisyenler taraf\u0131ndan \u00f6rt\u00fcl\u00fc mesafeleri k\u0131saltmak. B\u00f6ylece \u00e7evre kaydetmek. Biz de aanrijd s\u00fcrelerini k\u0131saltmak. Bizim \u00e7evre politikas\u0131 i\u00e7in buraya bak\u0131n\u0131z.<\/a><\/li><\/ul><\/li><li class='ez-toc-page-1 ez-toc-heading-level-4'><a class=\"ez-toc-link ez-toc-heading-6\" href=\"https:\/\/slotenmaker-denhaag.nl\/tr\/fiyatlar\/#Malzemelerin_Kalitesi\" >Malzemelerin Kalitesi<\/a><\/li><li class='ez-toc-page-1 ez-toc-heading-level-4'><a class=\"ez-toc-link ez-toc-heading-7\" href=\"https:\/\/slotenmaker-denhaag.nl\/tr\/fiyatlar\/#Her_zaman_icin_bir_onceden_fiyat_sormak\" >Her zaman i\u00e7in bir \u00f6nceden fiyat sormak!<\/a><\/li><li class='ez-toc-page-1 ez-toc-heading-level-4'><a class=\"ez-toc-link ez-toc-heading-8\" href=\"https:\/\/slotenmaker-denhaag.nl\/tr\/fiyatlar\/#Onemli\" >\u00d6nemli<\/a><\/li><\/ul><\/li><\/ul><\/li><\/ul><\/nav><\/div>\n","protected":false},"excerpt":{"rendered":"<p>Fiyatlar | \u00c7ilingir Lahey | Slotenmaker Den Haag (SDH) Fiyatlar: Kap\u0131 a\u00e7\u0131m\u0131, onar\u0131m, kilit ve silindirlerin de\u011fi\u015ftirilmesi ve montaj\u0131 i\u00e7in verilen fiyatlar farkl\u0131 \u00e7ilingirler aras\u0131nda \u00f6nemli \u00f6l\u00e7\u00fcde de\u011fi\u015febilir. Bu sayfada fiyatlar\u0131m\u0131z\u0131 nas\u0131l belirledi\u011fimizi ve en yayg\u0131n i\u015f t\u00fcrleri i\u00e7in ne \u00fccret ald\u0131\u011f\u0131m\u0131z\u0131 a\u00e7\u0131kl\u0131yoruz. Fiyatlar\u0131m\u0131z H\u0130ZMET \u00b1 ORTALAMA F\u0130YAT Kap\u0131 A\u00e7ma \u20ac 85.- \/ \u20ac 105.- [&hellip;]<\/p>\n","protected":false},"author":12,"featured_media":0,"parent":0,"menu_order":0,"comment_status":"closed","ping_status":"closed","template":"","meta":{"_acf_changed":false,"om_disable_all_campaigns":false,"footnotes":"","_wordproof_timestamp":false},"class_list":["post-4613","page","type-page","status-publish","hentry"],"acf":[],"_links":{"self":[{"href":"https:\/\/slotenmaker-denhaag.nl\/tr\/wp-json\/wp\/v2\/pages\/4613","targetHints":{"allow":["GET"]}}],"collection":[{"href":"https:\/\/slotenmaker-denhaag.nl\/tr\/wp-json\/wp\/v2\/pages"}],"about":[{"href":"https:\/\/slotenmaker-denhaag.nl\/tr\/wp-json\/wp\/v2\/types\/page"}],"author":[{"embeddable":true,"href":"https:\/\/slotenmaker-denhaag.nl\/tr\/wp-json\/wp\/v2\/users\/12"}],"replies":[{"embeddable":true,"href":"https:\/\/slotenmaker-denhaag.nl\/tr\/wp-json\/wp\/v2\/comments?post=4613"}],"version-history":[{"count":0,"href":"https:\/\/slotenmaker-denhaag.nl\/tr\/wp-json\/wp\/v2\/pages\/4613\/revisions"}],"wp:attachment":[{"href":"https:\/\/slotenmaker-denhaag.nl\/tr\/wp-json\/wp\/v2\/media?parent=4613"}],"curies":[{"name":"wp","href":"https:\/\/api.w.org\/{rel}","templated":true}]}}