{"id":5319,"date":"2016-11-04T09:05:02","date_gmt":"2016-11-04T09:05:02","guid":{"rendered":"https:\/\/slotenmaker-denhaag.nl\/tr\/recensies\/"},"modified":"2017-10-20T13:34:55","modified_gmt":"2017-10-20T13:34:55","slug":"elestiri","status":"publish","type":"page","link":"https:\/\/slotenmaker-denhaag.nl\/tr\/elestiri\/","title":{"rendered":"Ele\u015ftiri Google+ | \u00c7ilingir Lahey | Slotenmaker Den Haag"},"content":{"rendered":"<h2><span class=\"ez-toc-section\" id=\"Google_%E2%80%98da_Inceleme_elestiri_Slotenmaker_Den_Haag_Cilingir_Lahey\"><\/span>Google+ &#8216;da \u0130nceleme (ele\u015ftiri) Slotenmaker Den Haag (\u00c7ilingir Lahey)<span class=\"ez-toc-section-end\"><\/span><\/h2>\n<p>K\u00fc\u00e7\u00fck yerel \u015firketler Google iyi de\u011ferlendirmeleri b\u00fcy\u00fck \u00f6l\u00e7\u00fcde yararlanabilir. Bize bir ele\u015ftiri verin.<\/p>\n<h3><span class=\"ez-toc-section\" id=\"Iyi_degerlendirmeleri_bazi_faydalari\"><\/span><strong>Iyi de\u011ferlendirmeleri baz\u0131 faydalar\u0131:<\/strong><span class=\"ez-toc-section-end\"><\/span><\/h3>\n<ul>\n<li><em>Google ve Yahoo gibi arama motorlar\u0131nda geli\u015ftirilmi\u015f g\u00f6r\u00fcn\u00fcrl\u00fck<\/em><\/li>\n<li><em>Kamu Bizim performans\u0131 hakk\u0131nda bilgi<\/em><\/li>\n<li><em>M\u00fc\u015fterilerin profesyonel olarak tedavi edilip bir fikir edinmek<\/em><\/li>\n<li><em>\u015eirketlerin kelime onur olmad\u0131\u011f\u0131n\u0131 g\u00f6rebileceklerini<\/em><\/li>\n<li><em>Olmad\u0131\u011f\u0131n\u0131 garantiler sa\u011flan\u0131r<\/em><\/li>\n<li><em>Teknisyenleri zaman\u0131nda varmak ister (30 dakika i\u00e7inde)<\/em><\/li>\n<li><em>Ister iyi kaliteli malzemeler kullan\u0131lmaktad\u0131r<\/em><\/li>\n<li><em>Olmad\u0131\u011f\u0131n\u0131 fiyatlar\u0131 makul<\/em><\/li>\n<\/ul>\n<p>K\u0131sacas\u0131, <strong>Google+<\/strong> &#8216;daki yorum bir b\u00fcy\u00fck bir fark yaratabilir. bize bir inceleme yazmak i\u00e7in a\u015fa\u011f\u0131daki ba\u011flant\u0131y\u0131 kullan\u0131n.<\/p>\n<p><strong>Dikkat:<\/strong><em> \u0130lk Google hesab\u0131n\u0131za giri\u015f yapman\u0131z gerekebilir!<\/em><\/p>\n<p><a href=\"https:\/\/www.google.com.tr\/search?source=hp&amp;q=Slotenmaker%20den%20haag&amp;oq=Slotenmaker+den+haag&amp;gs_l=psy-ab.3..0i19k1j0i22i30i19k1l9.2181.6331.0.6781.20.20.0.0.0.0.104.1299.19j1.20.0....0...1.1.64.psy-ab..0.20.1296...0j0i131k1j0i10k1.0.Y6ISuBH_Lgw&amp;npsic=0&amp;rflfq=1&amp;rlha=0&amp;rllag=52071565,4300631,1133&amp;tbm=lcl&amp;rldimm=18317472283228005463&amp;ved=0ahUKEwiXgMm9p__WAhWGZ1AKHRL2AHMQvS4IUjAA&amp;rldoc=1&amp;tbs=lrf:!2m1!1e2!2m1!1e3!3sIAE,lf:1,lf_ui:2#lrd=0x47c5b726c9e6573d:0xfe34bbfdd0de6457,3,,&amp;rldoc=1&amp;rlfi=hd:;si:18317472283228005463;mv:!1m3!1d21155.970663805932!2d4.2947457!3d52.06395925!2m3!1f0!2f0!3f0!3m2!1i672!2i414!4f13.1;tbs:lrf:!2m1!1e2!2m1!1e3!3sIAE,lf:1,lf_ui:2\" target=\"_blank\" rel=\"noopener\"><img decoding=\"async\" class=\"alignleft wp-image-9292 size-full\" src=\"https:\/\/slotenmaker-denhaag.nl\/wp-content\/uploads\/Slotenmaker-Den-Haag-\u00c7ilingir-La-Hey-Puan-veya-yorum-ekle.png\" alt=\"Slotenmaker Den Haag \u00c7ilingir La Hey Puan veya yorum ekle\" width=\"20%\" title=\"slotenmaker den haag\" srcset=\"https:\/\/slotenmaker-denhaag.nl\/wp-content\/uploads\/Slotenmaker-Den-Haag-\u00c7ilingir-La-Hey-Puan-veya-yorum-ekle.png 540w, https:\/\/slotenmaker-denhaag.nl\/wp-content\/uploads\/Slotenmaker-Den-Haag-\u00c7ilingir-La-Hey-Puan-veya-yorum-ekle-300x91.png 300w\" sizes=\"(max-width: 540px) 100vw, 540px\" \/><\/a><\/p>\n<div class=\"google-maps\"><iframe style=\"border: 0;\" src=\"https:\/\/www.google.com\/maps\/embed?pb=!1m18!1m12!1m3!1d2907.9025009626635!2d2!3d3!2m3!1f0!2f0!3f0!3m2!1i1024!2i768!4f13.1!3m3!1m2!1s0x0%3A0xfe34bbfdd0de6457!2z0J_QmNCm0JjQmtCQ0KLQng!5e0!3m2!1sbg!2sus!4v1448115192914\" width=\"600\" height=\"450\" frameborder=\"0\" allowfullscreen=\"allowfullscreen\"><\/iframe><\/div>\n<p>&nbsp;<\/p>\n<div id=\"ez-toc-container\" class=\"ez-toc-v2_0_76 counter-hierarchy ez-toc-counter ez-toc-grey ez-toc-container-direction\">\n<div class=\"ez-toc-title-container\">\n<p class=\"ez-toc-title\" style=\"cursor:inherit\">Inhoudsopgave<\/p>\n<span class=\"ez-toc-title-toggle\"><a href=\"#\" class=\"ez-toc-pull-right ez-toc-btn ez-toc-btn-xs ez-toc-btn-default ez-toc-toggle\" aria-label=\"Toggle Table of Content\"><span class=\"ez-toc-js-icon-con\"><span class=\"\"><span class=\"eztoc-hide\" style=\"display:none;\">Toggle<\/span><span class=\"ez-toc-icon-toggle-span\"><svg style=\"fill: #999;color:#999\" xmlns=\"http:\/\/www.w3.org\/2000\/svg\" class=\"list-377408\" width=\"20px\" height=\"20px\" viewBox=\"0 0 24 24\" fill=\"none\"><path d=\"M6 6H4v2h2V6zm14 0H8v2h12V6zM4 11h2v2H4v-2zm16 0H8v2h12v-2zM4 16h2v2H4v-2zm16 0H8v2h12v-2z\" fill=\"currentColor\"><\/path><\/svg><svg style=\"fill: #999;color:#999\" class=\"arrow-unsorted-368013\" xmlns=\"http:\/\/www.w3.org\/2000\/svg\" width=\"10px\" height=\"10px\" viewBox=\"0 0 24 24\" version=\"1.2\" baseProfile=\"tiny\"><path d=\"M18.2 9.3l-6.2-6.3-6.2 6.3c-.2.2-.3.4-.3.7s.1.5.3.7c.2.2.4.3.7.3h11c.3 0 .5-.1.7-.3.2-.2.3-.5.3-.7s-.1-.5-.3-.7zM5.8 14.7l6.2 6.3 6.2-6.3c.2-.2.3-.5.3-.7s-.1-.5-.3-.7c-.2-.2-.4-.3-.7-.3h-11c-.3 0-.5.1-.7.3-.2.2-.3.5-.3.7s.1.5.3.7z\"\/><\/svg><\/span><\/span><\/span><\/a><\/span><\/div>\n<nav><ul class='ez-toc-list ez-toc-list-level-1 eztoc-toggle-hide-by-default' ><li class='ez-toc-page-1 ez-toc-heading-level-2'><a class=\"ez-toc-link ez-toc-heading-1\" href=\"https:\/\/slotenmaker-denhaag.nl\/tr\/elestiri\/#Google_%E2%80%98da_Inceleme_elestiri_Slotenmaker_Den_Haag_Cilingir_Lahey\" >Google+ &#8216;da \u0130nceleme (ele\u015ftiri) Slotenmaker Den Haag (\u00c7ilingir Lahey)<\/a><ul class='ez-toc-list-level-3' ><li class='ez-toc-heading-level-3'><a class=\"ez-toc-link ez-toc-heading-2\" href=\"https:\/\/slotenmaker-denhaag.nl\/tr\/elestiri\/#Iyi_degerlendirmeleri_bazi_faydalari\" >Iyi de\u011ferlendirmeleri baz\u0131 faydalar\u0131:<\/a><\/li><\/ul><\/li><\/ul><\/nav><\/div>\n","protected":false},"excerpt":{"rendered":"<p>Google+ &#8216;da \u0130nceleme (ele\u015ftiri) Slotenmaker Den Haag (\u00c7ilingir Lahey) K\u00fc\u00e7\u00fck yerel \u015firketler Google iyi de\u011ferlendirmeleri b\u00fcy\u00fck \u00f6l\u00e7\u00fcde yararlanabilir. Bize bir ele\u015ftiri verin. Iyi de\u011ferlendirmeleri baz\u0131 faydalar\u0131: Google ve Yahoo gibi arama motorlar\u0131nda geli\u015ftirilmi\u015f g\u00f6r\u00fcn\u00fcrl\u00fck Kamu Bizim performans\u0131 hakk\u0131nda bilgi M\u00fc\u015fterilerin profesyonel olarak tedavi edilip bir fikir edinmek \u015eirketlerin kelime onur olmad\u0131\u011f\u0131n\u0131 g\u00f6rebileceklerini Olmad\u0131\u011f\u0131n\u0131 garantiler sa\u011flan\u0131r [&hellip;]<\/p>\n","protected":false},"author":12,"featured_media":0,"parent":0,"menu_order":0,"comment_status":"closed","ping_status":"closed","template":"","meta":{"_acf_changed":false,"om_disable_all_campaigns":false,"footnotes":"","_wordproof_timestamp":false},"class_list":["post-5319","page","type-page","status-publish","hentry"],"acf":[],"_links":{"self":[{"href":"https:\/\/slotenmaker-denhaag.nl\/tr\/wp-json\/wp\/v2\/pages\/5319","targetHints":{"allow":["GET"]}}],"collection":[{"href":"https:\/\/slotenmaker-denhaag.nl\/tr\/wp-json\/wp\/v2\/pages"}],"about":[{"href":"https:\/\/slotenmaker-denhaag.nl\/tr\/wp-json\/wp\/v2\/types\/page"}],"author":[{"embeddable":true,"href":"https:\/\/slotenmaker-denhaag.nl\/tr\/wp-json\/wp\/v2\/users\/12"}],"replies":[{"embeddable":true,"href":"https:\/\/slotenmaker-denhaag.nl\/tr\/wp-json\/wp\/v2\/comments?post=5319"}],"version-history":[{"count":0,"href":"https:\/\/slotenmaker-denhaag.nl\/tr\/wp-json\/wp\/v2\/pages\/5319\/revisions"}],"wp:attachment":[{"href":"https:\/\/slotenmaker-denhaag.nl\/tr\/wp-json\/wp\/v2\/media?parent=5319"}],"curies":[{"name":"wp","href":"https:\/\/api.w.org\/{rel}","templated":true}]}}