{"id":700,"date":"2016-05-02T12:51:56","date_gmt":"2016-05-02T12:51:56","guid":{"rendered":"https:\/\/slotenmaker-denhaag.nl\/tr\/?page_id=700"},"modified":"2025-04-04T09:22:10","modified_gmt":"2025-04-04T07:22:10","slug":"kapi-kilitli","status":"publish","type":"page","link":"https:\/\/slotenmaker-denhaag.nl\/tr\/kapi-kilitli\/","title":{"rendered":"E\u011fer kilitli? Evinizden kilitlendi mi? \u00c7ilingir Lahey!"},"content":{"rendered":"<h2><span class=\"ez-toc-section\" id=\"Kirik_kilit_Kayip_anahtarlar_Kapi_kilitli_Ne_yapabilirim\"><\/span>K\u0131r\u0131k kilit? Kay\u0131p anahtarlar? Kap\u0131 kilitli? Ne yapabilirim?<span class=\"ez-toc-section-end\"><\/span><\/h2>\n<p style=\"padding-left: 30px;\">Kap\u0131 kilitli? E\u011fer evdenve kap\u0131y\u0131 kapatt\u0131, ve bunu kapan\u0131\u015f yaparken, sen i\u00e7eride anahtarlar\u0131n\u0131 unutmu\u015f ger\u00e7ekle\u015ftirmek: Bu herkesin ba\u015f\u0131na gelebilir. Merak etmeyin, yard\u0131m eli oldu\u011funu! Teknisyenlerimiz yak\u0131nda sizinle olacak! Biz sadece Lahey&#8217;de ya\u015fayan \u00e7ilingir ile \u00e7al\u0131\u015f\u0131r. Onlar \u015fehir iyi biliyorum ve \u00e7evresindeki t\u00fcm tek y\u00f6n sokaklar\u0131 ve akdedilmektedir alabilirsiniz. Bizim scooter biz 30 dakika i\u00e7inde size ula\u015fabilir.<\/p>\n<h3><span class=\"ez-toc-section\" id=\"Ne_kadar_zaman_kapiyi_acmak_icin_bir_cilingir_icin_alacak_ve_ne_kadara_mal_olacak\"><\/span>Ne kadar zaman kap\u0131y\u0131 a\u00e7mak i\u00e7in bir \u00e7ilingir i\u00e7in alacak ve ne kadara mal olacak?<span class=\"ez-toc-section-end\"><\/span><\/h3>\n<p style=\"padding-left: 30px;\"><a href=\"https:\/\/slotenmaker-denhaag.nl\/wp-content\/uploads\/Airbnb-buitengesloten-Slotenmaker-Den-Haag.jpg\"><img decoding=\"async\" class=\"responsive alignleft wp-image-5473 size-medium\" src=\"https:\/\/slotenmaker-denhaag.nl\/wp-content\/uploads\/Airbnb-buitengesloten-Slotenmaker-Den-Haag-300x225.jpg\" alt=\"Kap\u0131 kilitli? \u00c7ilingir Lahey Den Haag Servis 24 Saat tel: 0652333817\" width=\"300\" height=\"225\" title=\"slotenmaker den haag\" srcset=\"https:\/\/slotenmaker-denhaag.nl\/wp-content\/uploads\/Airbnb-buitengesloten-Slotenmaker-Den-Haag-300x225.jpg 300w, https:\/\/slotenmaker-denhaag.nl\/wp-content\/uploads\/Airbnb-buitengesloten-Slotenmaker-Den-Haag-768x576.jpg 768w, https:\/\/slotenmaker-denhaag.nl\/wp-content\/uploads\/Airbnb-buitengesloten-Slotenmaker-Den-Haag-1024x768.jpg 1024w, https:\/\/slotenmaker-denhaag.nl\/wp-content\/uploads\/Airbnb-buitengesloten-Slotenmaker-Den-Haag.jpg 800w\" sizes=\"(max-width: 300px) 100vw, 300px\" \/><\/a>Rakiplerimizin \u00e7o\u011fu\u00a0<strong>\u00c7ilingir Lahey<\/strong> arama terimi <strong>Slotenmaker Den Haag<\/strong> ya da kullan\u0131n ama biz sadece bir en bu adla Ticaret Odas\u0131na kay\u0131tl\u0131 bulunmaktad\u0131r. <a title=\"Ticaret Odas\u0131\" href=\"https:\/\/www.kvk.nl\/bestellen\/#\/65587537000034298509?origin=search\" target=\"_blank\" rel=\"noopener\"> Kendiniz g\u00f6r\u00fcn!<\/a> Rakiplerimizin \u00e7o\u011fu \u015fehir d\u0131\u015f\u0131ndan geliyor. S\u00f6zlerinde do\u011fru tutmaz 30 dakika i\u00e7inde size yard\u0131mc\u0131 olmak i\u00e7in nedeni budur.<\/p>\n<h4 style=\"padding-left: 30px;\"><span class=\"ez-toc-section\" id=\"Ne_bir_kilit_zaman_kapiyi_acmak_veya_degistirmek_mal_olacak_30_dakika_icinde_sizinle\"><\/span><strong>Ne bir kilit zaman kap\u0131y\u0131 a\u00e7mak veya de\u011fi\u015ftirmek mal olacak?<br \/>\n30 dakika i\u00e7inde sizinle!<\/strong><span class=\"ez-toc-section-end\"><\/span><\/h4>\n<p style=\"padding-left: 30px;\">Teknisyenlerimiz scooter \u00fczerinde \u015fehir etraf\u0131nda kendi yollar\u0131n\u0131 yapmak. Biz araba ya da kamyonet kullanmay\u0131n ve biz 30 dakika i\u00e7inde t\u00fcm Lahey alan\u0131nda hizmet nas\u0131l. Araba ya da ara\u00e7lar kullan\u0131rlar Lahey bile \u00c7ilingirler o kadar h\u0131zl\u0131 size ula\u015fam\u0131yor: her zaman kapanan yollar, tek y\u00f6nl\u00fc sokaklar ve park alan\u0131 eksikli\u011fi ile m\u00fccadele zaman kaybetmeyin. Biz 30 dakika i\u00e7inde ula\u015fabilir tek firmay\u0131z!<\/p>\n<h4><span class=\"ez-toc-section\" id=\"Acil_servis_hirsizlik_sonrasi_15_indirim_kadar_asagidaki_ilcelerde\"><\/span>Acil servis h\u0131rs\u0131zl\u0131k sonras\u0131. 15% indirim kadar a\u015fa\u011f\u0131daki il\u00e7elerde:<span class=\"ez-toc-section-end\"><\/span><\/h4>\n<table class=\"standaard\">\n<tbody>\n<tr>\n<th style=\"text-align: center;\" colspan=\"2\"><strong>Bu b\u00f6lgelerde % 15&#8217;e varan indirim sunuyoruz \u2026<\/strong><\/th>\n<\/tr>\n<tr>\n<td style=\"text-align: center;\"><a href=\"https:\/\/www.google.com\/maps\/place\/Archipelbuurt,+Den+Haag,+The+Netherlands\/@52.0924694,4.303229,15z\/data=!3m1!4b1!4m2!3m1!1s0x47c5b749f629e043:0x6b1987da69c97021?dg=dbrw&amp;newdg=1\" target=\"_blank\" rel=\"noopener\">Archipelbuurt<\/a><\/td>\n<td style=\"text-align: center;\"><a title=\"Regentessekwartier\" href=\"https:\/\/www.google.com\/maps\/search\/Regentessekwartier,+Den+Haag\/@52.074813,4.2973885,15z\/data=!3m1!4b1?dg=dbrw&amp;newdg=1\" target=\"_blank\" rel=\"noopener\">Regentessekwartier<\/a><\/td>\n<\/tr>\n<tr>\n<td style=\"text-align: center;\"><a title=\"Bomenbuurt\" href=\"https:\/\/www.google.com\/maps\/place\/Bomenbuurt,+Den+Haag,+The+Netherlands\/@52.0804555,4.2712969,16z\/data=!3m1!4b1!4m2!3m1!1s0x47c5b0dd1a408e13:0x8fea6e538eb18249?dg=dbrw&amp;newdg=1\" target=\"_blank\" rel=\"noopener\">Bomenbuurt<\/a><\/td>\n<td style=\"text-align: center;\"><a title=\"Valkenboskwartier\" href=\"https:\/\/www.google.com\/maps\/place\/Valkenboskwartier,+Den+Haag,+The+Netherlands\/@52.0736899,4.276357,15z\/data=!3m1!4b1!4m2!3m1!1s0x47c5b0d8e3f94d71:0x422c4290490653c5?dg=dbrw&amp;newdg=1\" target=\"_blank\" rel=\"noopener\">Valkenboskwartier<\/a><\/td>\n<\/tr>\n<tr>\n<td style=\"text-align: center;\"><a title=\"Bloemenbuurt\" href=\"https:\/\/www.google.com\/maps\/place\/Bloemenbuurt-Oost,+Den+Haag,+The+Netherlands\/@52.077486,4.260968,15z\/data=!3m1!4b1!4m2!3m1!1s0x47c5b0e39ad7c867:0xfe53c7029d50327?dg=dbrw&amp;newdg=1\" target=\"_blank\" rel=\"noopener\">Bloemenbuurt<\/a><\/td>\n<td style=\"text-align: center;\"><a title=\"Vruchtenbuurt\" href=\"https:\/\/www.google.com\/maps\/place\/Vruchtenbuurt,+2564+Den+Haag,+The+Netherlands\/@52.069051,4.2555609,16z\/data=!3m1!4b1!4m2!3m1!1s0x47c5b11cf491328f:0xbd6bd92c482a6642?dg=dbrw&amp;newdg=1\" target=\"_blank\" rel=\"noopener\">Vruchtenbuurt<\/a><\/td>\n<\/tr>\n<tr>\n<td style=\"text-align: center;\"><a title=\"Den Haag Centrum\" href=\"https:\/\/www.google.com\/maps\/place\/The+Hague+Center,+The+Hague,+The+Netherlands\/@52.076598,4.3106734,13z\/data=!3m1!4b1!4m2!3m1!1s0x47c5b72c4e1fc797:0x3187c309df606953?dg=dbrw&amp;newdg=1\" target=\"_blank\" rel=\"noopener\">Centrum<\/a><\/td>\n<td style=\"text-align: center;\"><a title=\"Willemspark\" href=\"https:\/\/www.google.com\/maps\/place\/Willemspark,+Den+Haag,+The+Netherlands\/@52.0868189,4.308377,16z\/data=!3m1!4b1!4m2!3m1!1s0x47c5b731213e81c9:0xa7b212303542b7c?dg=dbrw&amp;newdg=1\" target=\"_blank\" rel=\"noopener\">Willemspark<\/a><\/td>\n<\/tr>\n<tr>\n<td style=\"text-align: center;\"><a title=\"Duinoord\" href=\"https:\/\/www.google.com\/maps\/place\/Duinoord,+Den+Haag,+The+Netherlands\/@52.0832789,4.2836446,16z\/data=!3m1!4b1!4m2!3m1!1s0x47c5b0cf9447852f:0xf7a773f5dff88805?dg=dbrw&amp;newdg=1\" target=\"_blank\" rel=\"noopener\">Duinoord<\/a><\/td>\n<td style=\"text-align: center;\"><a title=\"Zeeheldenkwartier\" href=\"https:\/\/www.google.com\/maps\/place\/Zeeheldenkwartier,+Den+Haag,+The+Netherlands\/@52.0815759,4.2959465,15z\/data=!3m1!4b1!4m2!3m1!1s0x47c5b732a674cd11:0x2f60dc6190f0d0?dg=dbrw&amp;newdg=1\" target=\"_blank\" rel=\"noopener\">Zeeheldenkwartier<\/a><\/td>\n<\/tr>\n<tr>\n<td style=\"text-align: center;\"><a title=\"Houtwijk\" href=\"https:\/\/www.google.nl\/maps\/place\/Houtwijk,+The+Hague\/@52.0532542,4.2330419,14z\/data=!3m1!4b1!4m5!3m4!1s0x47c5b10d09c2a6a5:0x6b726c3a79147064!8m2!3d52.0550363!4d4.2503105?hl=en&amp;shorturl=1&amp;dg=dbrw&amp;newdg=1\" target=\"_blank\" rel=\"noopener\">Houtwijk<\/a><\/td>\n<td style=\"text-align: center;\"><a title=\"Zorgvliet\" href=\"https:\/\/www.google.com\/maps\/place\/Zorgvliet\/@52.0862924,4.2895832,15z\/data=!4m2!3m1!1s0x47c5b0c999788aed:0x1800612dede09607?dg=dbrw&amp;newdg=1\" target=\"_blank\" rel=\"noopener\">Zorgvliet<\/a><\/td>\n<\/tr>\n<tr>\n<td colspan=\"2\">\n<h5><span class=\"ez-toc-section\" id=\"Onemli_Yukaridaki_alanlarda_indirimler_sunarak_yerel_patronaj_tesvik_etmeyi_umuyoruz_Boylece_bizim_teknisyenler_tarafindan_ortulu_mesafeleri_kisaltmak_Boylece_cevre_kaydetmek_Biz_de_aanrijd_surelerini_kisaltmak_Bizim_cevre_politikasi_icin_buraya_bakiniz\"><\/span><span style=\"color: #ff6600;\"><strong>\u00d6nemli: <\/strong><a style=\"color: #ff6600;\" href=\"https:\/\/slotenmaker-denhaag.nl\/milieu-recycling-hergebruik\/\"><em>Yukar\u0131daki alanlarda indirimler sunarak, yerel patronaj te\u015fvik etmeyi umuyoruz. B\u00f6ylece, bizim teknisyenler taraf\u0131ndan \u00f6rt\u00fcl\u00fc mesafeleri k\u0131saltmak. B\u00f6ylece \u00e7evre kaydetmek. Biz de aanrijd s\u00fcrelerini k\u0131saltmak. Bizim \u00e7evre politikas\u0131 i\u00e7in buraya bak\u0131n\u0131z.<\/em><\/a><\/span><span class=\"ez-toc-section-end\"><\/span><\/h5>\n<\/td>\n<\/tr>\n<\/tbody>\n<\/table>\n<h4><span class=\"ez-toc-section\" id=\"Lahey_En_Buyuk_Cilingir_Firmasina_Hosgeldiniz\"><\/span>Lahey En B\u00fcy\u00fck \u00c7ilingir Firmas\u0131na Ho\u015fgeldiniz<span class=\"ez-toc-section-end\"><\/span><\/h4>\n<p style=\"padding-left: 30px;\">Ya\u015fam alanlar\u0131n\u0131 ve kamusal binalar\u0131n vazge\u00e7ilmezg\u00fcvenlik sistemlerinden biri olan anahtarlar\u0131n ve kilit sistemlerinin sat\u0131\u015f, yetkili servis, \u00e7ilingir ve yedekleme i\u015flerini uzun y\u0131llard\u0131r ba\u015far\u0131 ileger\u00e7ekle\u015ftiriyoruz. Ba\u015fta Kale Kilit olmak \u00fczere, Multilock Kilit, Keso Kilit, Desi Kilit sistemlerini Bayili\u011fini Lahey yakas\u0131nda yer alan il\u00e7e vesemtlere sunan firmam\u0131z bunu yan\u0131 s\u0131ra bu markalar\u0131n yetkili servisi olarak\u00e7ilingir ve \u00e7o\u011faltma i\u015flemlerini g\u00fcvenli bir \u015fekilde yapmaktad\u0131r.<\/p>\n<p style=\"padding-left: 30px;\">Ayr\u0131ca hermarkadan; kaybolan, k\u0131r\u0131lan ve \u00e7al\u0131nan kilitlerin yerine yenilerini yapankurulu\u015fumuz, kilit \u015fifre \u00e7\u00f6z\u00fcmleme, oto immobilizer anahtar yap\u0131m\u0131, parmak izlianahtar servisi hizmetleri gibi profesyonellik ve teknolojik donan\u0131m gerektireni\u015fleri ba\u015far\u0131 ile ger\u00e7ekle\u015ftiren \u015firketimiz; her marak ve model arac\u0131nimmobilizer sistemlerine \u00e7\u00f6z\u00fcmler getirmektedir!<\/p>\n<p style=\"padding-left: 30px;\">Uzun y\u0131llard\u0131r bu sekt\u00f6rde hizmet veren, teknolojikgeli\u015fmeleri g\u00fcn\u00fc g\u00fcn\u00fcne takip eden firmam\u0131z, her marka kilit ve anahtarsistemlerinin; sat\u0131\u015f, tamir, \u00e7ilingir, \u00e7o\u011faltma ve yedekleme i\u015flerini yapanender firmalardan bir tanesidir. \u00c7ilingir Fiyatlar\u0131, \u0130mmobilizer anahtar. Fiyatlar\u0131, Anahtar Teknik Servis Fiyatlar\u0131 ile rakiplerine g\u00f6re daha ekonomik\u00e7\u00f6z\u00fcmler sunan firmam\u0131z, m\u00fc\u015fteri memnuniyeti odakl\u0131 misyonu ve ki\u015fiye \u00f6zelsundu\u011fu \u00e7\u00f6z\u00fcmlerle rakiplerinden hep bir ad\u0131m \u00f6nde yer almaktad\u0131r.<\/p>\n<p>&nbsp;<\/p>\n<div id=\"ez-toc-container\" class=\"ez-toc-v2_0_76 counter-hierarchy ez-toc-counter ez-toc-grey ez-toc-container-direction\">\n<div class=\"ez-toc-title-container\">\n<p class=\"ez-toc-title\" style=\"cursor:inherit\">Inhoudsopgave<\/p>\n<span class=\"ez-toc-title-toggle\"><a href=\"#\" class=\"ez-toc-pull-right ez-toc-btn ez-toc-btn-xs ez-toc-btn-default ez-toc-toggle\" aria-label=\"Toggle Table of Content\"><span class=\"ez-toc-js-icon-con\"><span class=\"\"><span class=\"eztoc-hide\" style=\"display:none;\">Toggle<\/span><span class=\"ez-toc-icon-toggle-span\"><svg style=\"fill: #999;color:#999\" xmlns=\"http:\/\/www.w3.org\/2000\/svg\" class=\"list-377408\" width=\"20px\" height=\"20px\" viewBox=\"0 0 24 24\" fill=\"none\"><path d=\"M6 6H4v2h2V6zm14 0H8v2h12V6zM4 11h2v2H4v-2zm16 0H8v2h12v-2zM4 16h2v2H4v-2zm16 0H8v2h12v-2z\" fill=\"currentColor\"><\/path><\/svg><svg style=\"fill: #999;color:#999\" class=\"arrow-unsorted-368013\" xmlns=\"http:\/\/www.w3.org\/2000\/svg\" width=\"10px\" height=\"10px\" viewBox=\"0 0 24 24\" version=\"1.2\" baseProfile=\"tiny\"><path d=\"M18.2 9.3l-6.2-6.3-6.2 6.3c-.2.2-.3.4-.3.7s.1.5.3.7c.2.2.4.3.7.3h11c.3 0 .5-.1.7-.3.2-.2.3-.5.3-.7s-.1-.5-.3-.7zM5.8 14.7l6.2 6.3 6.2-6.3c.2-.2.3-.5.3-.7s-.1-.5-.3-.7c-.2-.2-.4-.3-.7-.3h-11c-.3 0-.5.1-.7.3-.2.2-.3.5-.3.7s.1.5.3.7z\"\/><\/svg><\/span><\/span><\/span><\/a><\/span><\/div>\n<nav><ul class='ez-toc-list ez-toc-list-level-1 eztoc-toggle-hide-by-default' ><li class='ez-toc-page-1 ez-toc-heading-level-2'><a class=\"ez-toc-link ez-toc-heading-1\" href=\"https:\/\/slotenmaker-denhaag.nl\/tr\/kapi-kilitli\/#Kirik_kilit_Kayip_anahtarlar_Kapi_kilitli_Ne_yapabilirim\" >K\u0131r\u0131k kilit? Kay\u0131p anahtarlar? Kap\u0131 kilitli? Ne yapabilirim?<\/a><ul class='ez-toc-list-level-3' ><li class='ez-toc-heading-level-3'><a class=\"ez-toc-link ez-toc-heading-2\" href=\"https:\/\/slotenmaker-denhaag.nl\/tr\/kapi-kilitli\/#Ne_kadar_zaman_kapiyi_acmak_icin_bir_cilingir_icin_alacak_ve_ne_kadara_mal_olacak\" >Ne kadar zaman kap\u0131y\u0131 a\u00e7mak i\u00e7in bir \u00e7ilingir i\u00e7in alacak ve ne kadara mal olacak?<\/a><ul class='ez-toc-list-level-4' ><li class='ez-toc-heading-level-4'><a class=\"ez-toc-link ez-toc-heading-3\" href=\"https:\/\/slotenmaker-denhaag.nl\/tr\/kapi-kilitli\/#Ne_bir_kilit_zaman_kapiyi_acmak_veya_degistirmek_mal_olacak_30_dakika_icinde_sizinle\" >Ne bir kilit zaman kap\u0131y\u0131 a\u00e7mak veya de\u011fi\u015ftirmek mal olacak? \n30 dakika i\u00e7inde sizinle!<\/a><\/li><li class='ez-toc-page-1 ez-toc-heading-level-4'><a class=\"ez-toc-link ez-toc-heading-4\" href=\"https:\/\/slotenmaker-denhaag.nl\/tr\/kapi-kilitli\/#Acil_servis_hirsizlik_sonrasi_15_indirim_kadar_asagidaki_ilcelerde\" >Acil servis h\u0131rs\u0131zl\u0131k sonras\u0131. 15% indirim kadar a\u015fa\u011f\u0131daki il\u00e7elerde:<\/a><ul class='ez-toc-list-level-5' ><li class='ez-toc-heading-level-5'><a class=\"ez-toc-link ez-toc-heading-5\" href=\"https:\/\/slotenmaker-denhaag.nl\/tr\/kapi-kilitli\/#Onemli_Yukaridaki_alanlarda_indirimler_sunarak_yerel_patronaj_tesvik_etmeyi_umuyoruz_Boylece_bizim_teknisyenler_tarafindan_ortulu_mesafeleri_kisaltmak_Boylece_cevre_kaydetmek_Biz_de_aanrijd_surelerini_kisaltmak_Bizim_cevre_politikasi_icin_buraya_bakiniz\" >\u00d6nemli: Yukar\u0131daki alanlarda indirimler sunarak, yerel patronaj te\u015fvik etmeyi umuyoruz. B\u00f6ylece, bizim teknisyenler taraf\u0131ndan \u00f6rt\u00fcl\u00fc mesafeleri k\u0131saltmak. B\u00f6ylece \u00e7evre kaydetmek. Biz de aanrijd s\u00fcrelerini k\u0131saltmak. Bizim \u00e7evre politikas\u0131 i\u00e7in buraya bak\u0131n\u0131z.<\/a><\/li><\/ul><\/li><li class='ez-toc-page-1 ez-toc-heading-level-4'><a class=\"ez-toc-link ez-toc-heading-6\" href=\"https:\/\/slotenmaker-denhaag.nl\/tr\/kapi-kilitli\/#Lahey_En_Buyuk_Cilingir_Firmasina_Hosgeldiniz\" >Lahey En B\u00fcy\u00fck \u00c7ilingir Firmas\u0131na Ho\u015fgeldiniz<\/a><\/li><\/ul><\/li><\/ul><\/li><\/ul><\/nav><\/div>\n","protected":false},"excerpt":{"rendered":"<p>K\u0131r\u0131k kilit? Kay\u0131p anahtarlar? Kap\u0131 kilitli? Ne yapabilirim? Kap\u0131 kilitli? E\u011fer evdenve kap\u0131y\u0131 kapatt\u0131, ve bunu kapan\u0131\u015f yaparken, sen i\u00e7eride anahtarlar\u0131n\u0131 unutmu\u015f ger\u00e7ekle\u015ftirmek: Bu herkesin ba\u015f\u0131na gelebilir. Merak etmeyin, yard\u0131m eli oldu\u011funu! Teknisyenlerimiz yak\u0131nda sizinle olacak! Biz sadece Lahey&#8217;de ya\u015fayan \u00e7ilingir ile \u00e7al\u0131\u015f\u0131r. Onlar \u015fehir iyi biliyorum ve \u00e7evresindeki t\u00fcm tek y\u00f6n sokaklar\u0131 ve akdedilmektedir [&hellip;]<\/p>\n","protected":false},"author":12,"featured_media":0,"parent":0,"menu_order":0,"comment_status":"closed","ping_status":"closed","template":"","meta":{"_acf_changed":false,"om_disable_all_campaigns":false,"footnotes":"","_wordproof_timestamp":false},"class_list":["post-700","page","type-page","status-publish","hentry"],"acf":[],"_links":{"self":[{"href":"https:\/\/slotenmaker-denhaag.nl\/tr\/wp-json\/wp\/v2\/pages\/700","targetHints":{"allow":["GET"]}}],"collection":[{"href":"https:\/\/slotenmaker-denhaag.nl\/tr\/wp-json\/wp\/v2\/pages"}],"about":[{"href":"https:\/\/slotenmaker-denhaag.nl\/tr\/wp-json\/wp\/v2\/types\/page"}],"author":[{"embeddable":true,"href":"https:\/\/slotenmaker-denhaag.nl\/tr\/wp-json\/wp\/v2\/users\/12"}],"replies":[{"embeddable":true,"href":"https:\/\/slotenmaker-denhaag.nl\/tr\/wp-json\/wp\/v2\/comments?post=700"}],"version-history":[{"count":1,"href":"https:\/\/slotenmaker-denhaag.nl\/tr\/wp-json\/wp\/v2\/pages\/700\/revisions"}],"predecessor-version":[{"id":31252,"href":"https:\/\/slotenmaker-denhaag.nl\/tr\/wp-json\/wp\/v2\/pages\/700\/revisions\/31252"}],"wp:attachment":[{"href":"https:\/\/slotenmaker-denhaag.nl\/tr\/wp-json\/wp\/v2\/media?parent=700"}],"curies":[{"name":"wp","href":"https:\/\/api.w.org\/{rel}","templated":true}]}}