{"id":842,"date":"2016-05-02T08:18:35","date_gmt":"2016-05-02T08:18:35","guid":{"rendered":"https:\/\/slotenmaker-denhaag.nl\/tr\/cookies-policy\/"},"modified":"2017-04-14T12:10:55","modified_gmt":"2017-04-14T12:10:55","slug":"cookies-politikasi","status":"publish","type":"page","link":"https:\/\/slotenmaker-denhaag.nl\/tr\/cookies-politikasi\/","title":{"rendered":"Cookies Politikas\u0131"},"content":{"rendered":"<h2><span class=\"ez-toc-section\" id=\"Cookies_Politikasi_Cilingir_Lahey_Slotenmaker_Den_Haag\"><\/span>Cookies Politikas\u0131 | \u00c7ilingir Lahey | Slotenmaker Den Haag:<span class=\"ez-toc-section-end\"><\/span><\/h2>\n<p style=\"padding-left: 30px;\"><strong>Cookies Politikas\u0131:<\/strong> This website collects an absolute minimum of data to enhance user experience. As a company promoting security we feel it is inappropriate to cache or make use of data without user&#8217;s consent. We have taken precautions to prevent or minimize such activity. Third-party plug-ins such as <a href=\"https:\/\/wpml.org\/\" target=\"_blank\" rel=\"noopener\">WPML<\/a> enable us to translate the website into different languages and display them correctly based on your browser preferences. For this reason, we cannot completely avoid storing a minimum of data.<\/p>\n<p style=\"padding-left: 30px;\">We also collect data using the <a href=\"https:\/\/wordpress.org\/plugins\/counterize\/\" target=\"_blank\" rel=\"noopener\">counterize<\/a> plug-in, which saves time stamps, visited URL, referring URL, IP addresses, operating systems and browser information. All this information is cached in a database. This allows us to monitor the total hits, unique hits and other statistics relevant to activity on our pages. This information provides insight into the functionality of the website and user&#8217;s preferences. We do not store (long-term) or use IP addresses. Neither do we provide information on user&#8217;s activity to third-parties. (We could be obliged to do so within the terms of the law).<\/p>\n<h3><span class=\"ez-toc-section\" id=\"Blocking_Cookies\"><\/span>Blocking Cookies<span class=\"ez-toc-section-end\"><\/span><\/h3>\n<p style=\"padding-left: 30px;\">We remind users that blocking cookies may affect the functionality of the website. Adoption of a cookie policy is in response to ever increasing demands by Google and other search engines. The aim is ensure user privacy and safety. Please feel free to <a href=\"https:\/\/slotenmaker-denhaag.nl\/tr\/iletisim\/\">contact us<\/a> should you at any time discover anything objectionable or suspicious about this website.<\/p>\n<p style=\"padding-left: 30px;\">For more information about our company and\/or our <a href=\"https:\/\/slotenmaker-denhaag.nl\/tr\/sartlar-kosullar\/\">General Conditions<\/a> please visit the relevant pages. In addition, you may download copies of our Conditions. If you have any questions concerning the security of this website please use our contact form. Please also alert us to anything concerning privacy or security. We are continuously monitoring this website for security breaches and will do our best to ensure both a safe and a pleasant user experience.<\/p>\n<p><a href=\"https:\/\/slotenmaker-denhaag.nl\/wp-content\/uploads\/white.png\"><img decoding=\"async\" class=\"alignleft wp-image-6538 size-full\" src=\"https:\/\/slotenmaker-denhaag.nl\/wp-content\/uploads\/white.png\" alt=\"Cookies Politikas\u0131 | \u00c7ilingir Lahey | Slotenmaker Den Haag\" width=\"42\" height=\"42\" title=\"slotenmaker den haag\"><\/a><\/p>\n<div id=\"ez-toc-container\" class=\"ez-toc-v2_0_76 counter-hierarchy ez-toc-counter ez-toc-grey ez-toc-container-direction\">\n<div class=\"ez-toc-title-container\">\n<p class=\"ez-toc-title\" style=\"cursor:inherit\">Inhoudsopgave<\/p>\n<span class=\"ez-toc-title-toggle\"><a href=\"#\" class=\"ez-toc-pull-right ez-toc-btn ez-toc-btn-xs ez-toc-btn-default ez-toc-toggle\" aria-label=\"Toggle Table of Content\"><span class=\"ez-toc-js-icon-con\"><span class=\"\"><span class=\"eztoc-hide\" style=\"display:none;\">Toggle<\/span><span class=\"ez-toc-icon-toggle-span\"><svg style=\"fill: #999;color:#999\" xmlns=\"http:\/\/www.w3.org\/2000\/svg\" class=\"list-377408\" width=\"20px\" height=\"20px\" viewBox=\"0 0 24 24\" fill=\"none\"><path d=\"M6 6H4v2h2V6zm14 0H8v2h12V6zM4 11h2v2H4v-2zm16 0H8v2h12v-2zM4 16h2v2H4v-2zm16 0H8v2h12v-2z\" fill=\"currentColor\"><\/path><\/svg><svg style=\"fill: #999;color:#999\" class=\"arrow-unsorted-368013\" xmlns=\"http:\/\/www.w3.org\/2000\/svg\" width=\"10px\" height=\"10px\" viewBox=\"0 0 24 24\" version=\"1.2\" baseProfile=\"tiny\"><path d=\"M18.2 9.3l-6.2-6.3-6.2 6.3c-.2.2-.3.4-.3.7s.1.5.3.7c.2.2.4.3.7.3h11c.3 0 .5-.1.7-.3.2-.2.3-.5.3-.7s-.1-.5-.3-.7zM5.8 14.7l6.2 6.3 6.2-6.3c.2-.2.3-.5.3-.7s-.1-.5-.3-.7c-.2-.2-.4-.3-.7-.3h-11c-.3 0-.5.1-.7.3-.2.2-.3.5-.3.7s.1.5.3.7z\"\/><\/svg><\/span><\/span><\/span><\/a><\/span><\/div>\n<nav><ul class='ez-toc-list ez-toc-list-level-1 eztoc-toggle-hide-by-default' ><li class='ez-toc-page-1 ez-toc-heading-level-2'><a class=\"ez-toc-link ez-toc-heading-1\" href=\"https:\/\/slotenmaker-denhaag.nl\/tr\/cookies-politikasi\/#Cookies_Politikasi_Cilingir_Lahey_Slotenmaker_Den_Haag\" >Cookies Politikas\u0131 | \u00c7ilingir Lahey | Slotenmaker Den Haag:<\/a><ul class='ez-toc-list-level-3' ><li class='ez-toc-heading-level-3'><a class=\"ez-toc-link ez-toc-heading-2\" href=\"https:\/\/slotenmaker-denhaag.nl\/tr\/cookies-politikasi\/#Blocking_Cookies\" >Blocking Cookies<\/a><\/li><\/ul><\/li><\/ul><\/nav><\/div>\n","protected":false},"excerpt":{"rendered":"<p>Cookies Politikas\u0131 | \u00c7ilingir Lahey | Slotenmaker Den Haag: Cookies Politikas\u0131: This website collects an absolute minimum of data to enhance user experience. As a company promoting security we feel it is inappropriate to cache or make use of data without user&#8217;s consent. We have taken precautions to prevent or minimize such activity. Third-party plug-ins [&hellip;]<\/p>\n","protected":false},"author":12,"featured_media":0,"parent":0,"menu_order":0,"comment_status":"closed","ping_status":"closed","template":"","meta":{"_acf_changed":false,"om_disable_all_campaigns":false,"footnotes":"","_wordproof_timestamp":false},"class_list":["post-842","page","type-page","status-publish","hentry"],"acf":[],"_links":{"self":[{"href":"https:\/\/slotenmaker-denhaag.nl\/tr\/wp-json\/wp\/v2\/pages\/842","targetHints":{"allow":["GET"]}}],"collection":[{"href":"https:\/\/slotenmaker-denhaag.nl\/tr\/wp-json\/wp\/v2\/pages"}],"about":[{"href":"https:\/\/slotenmaker-denhaag.nl\/tr\/wp-json\/wp\/v2\/types\/page"}],"author":[{"embeddable":true,"href":"https:\/\/slotenmaker-denhaag.nl\/tr\/wp-json\/wp\/v2\/users\/12"}],"replies":[{"embeddable":true,"href":"https:\/\/slotenmaker-denhaag.nl\/tr\/wp-json\/wp\/v2\/comments?post=842"}],"version-history":[{"count":0,"href":"https:\/\/slotenmaker-denhaag.nl\/tr\/wp-json\/wp\/v2\/pages\/842\/revisions"}],"wp:attachment":[{"href":"https:\/\/slotenmaker-denhaag.nl\/tr\/wp-json\/wp\/v2\/media?parent=842"}],"curies":[{"name":"wp","href":"https:\/\/api.w.org\/{rel}","templated":true}]}}